{"id":92,"date":"2014-02-20T14:41:44","date_gmt":"2014-02-20T14:41:44","guid":{"rendered":"http:\/\/www.bcnweddingplanners.com\/rus\/?page_id=92"},"modified":"2014-11-28T11:11:33","modified_gmt":"2014-11-28T11:11:33","slug":"%d0%be%d1%87%d0%bd%d1%8b%d0%b5-%d0%ba%d1%83%d1%80%d1%81%d1%8b","status":"publish","type":"page","link":"https:\/\/www.bcnweddingplanners.com\/rus\/%d0%be%d1%87%d0%bd%d1%8b%d0%b5-%d0%ba%d1%83%d1%80%d1%81%d1%8b\/","title":{"rendered":"\u041e\u0447\u043d\u044b\u0435 \u043a\u0443\u0440\u0441\u044b"},"content":{"rendered":"<p>[et_pb_section fullwidth=&#187;on&#187; specialty=&#187;off&#187;][et_pb_fullwidth_slider admin_label=&#187;Fullwidth Slider&#187; show_arrows=&#187;on&#187; show_pagination=&#187;on&#187; auto=&#187;on&#187; parallax=&#187;off&#187; parallax_method=&#187;off&#187; auto_speed=&#187;3000&#8243;][et_pb_slide background_image=&#187;http:\/\/www.bcnweddingplanners.com\/rus\/wp-content\/uploads\/sites\/6\/2014\/02\/cursos_wedding_planners_01.png&#187; background_color=&#187;#ffffff&#187; alignment=&#187;center&#187; background_layout=&#187;dark&#187; \/][et_pb_slide background_image=&#187;http:\/\/www.bcnweddingplanners.com\/rus\/wp-content\/uploads\/sites\/6\/2014\/02\/cursos_wedding_planners_02.png&#187; background_color=&#187;#ffffff&#187; alignment=&#187;center&#187; background_layout=&#187;dark&#187; \/][\/et_pb_fullwidth_slider][\/et_pb_section][et_pb_section][et_pb_row][et_pb_column type=&#187;4_4&#8243;][et_pb_text admin_label=&#187;Text&#187; background_layout=&#187;light&#187; text_orientation=&#187;left&#187;]<\/p>\n<p style=\"text-align: justify;\"><span style=\"font-size: 18pt;\"><strong>\u041e\u0447\u043d\u044b\u0435 \u043a\u0443\u0440\u0441\u044b<\/strong><\/span><\/p>\n<p>\u0421 \u043f\u043e\u043c\u043e\u0449\u044c\u044e \u043a\u0443\u0440\u0441\u043e\u0432 \u043c\u044b \u043f\u0435\u0440\u0435\u0434\u0430\u0435\u043c \u043d\u0430\u0448 \u043e\u043f\u044b\u0442 \u043d\u0430\u0448\u0435\u0433\u043e \u0441\u0432\u0430\u0434\u0435\u0431\u043d\u043e\u0433\u043e \u044d\u043a\u0441\u043f\u0435\u0440\u0442\u0430<strong> \u041c\u0430\u0440\u0442\u044b \u041f\u0440\u0438\u0443<\/strong> \u0432 \u0441\u0444\u0435\u0440\u0435 \u0441\u0432\u0430\u0434\u0435\u0431\u043d\u043e\u0433\u043e \u043f\u043b\u0430\u043d\u0438\u0440\u043e\u0432\u0430\u043d\u0438\u044f \u043d\u0430\u0448\u0438\u043c \u0443\u0447\u0435\u043d\u0438\u043a\u0430\u043c, \u043a\u043e\u0442\u043e\u0440\u044b\u043c \u0442\u0440\u0435\u0431\u0443\u0435\u0442\u0441\u044f \u0443\u0437\u043d\u0430\u0442\u044c \u0432\u0441\u0435 \u0434\u043b\u044f \u0442\u043e\u0433\u043e \u0447\u0442\u043e\u0431\u044b \u0441\u0442\u0430\u0442\u044c \u043f\u0440\u043e\u0444\u0435\u0441\u0441\u0438\u043e\u043d\u0430\u043b\u044c\u043d\u044b\u043c\u0438 \u043e\u0440\u0433\u0430\u043d\u0438\u0437\u0430\u0442\u043e\u0440\u0430\u043c\u0438 \u0438 \u0434\u0438\u0437\u0430\u0439\u043d\u0435\u0440\u0430\u043c\u0438 \u0441\u0432\u0430\u0434\u0435\u0431.<\/p>\n<p>\u0417\u0430 \u043d\u0435\u0441\u043a\u043e\u043b\u044c\u043a\u043e \u0434\u043d\u0435\u0439\u00a0 \u0438\u043d\u0442\u0435\u043d\u0441\u0438\u0432\u043d\u043e\u0433\u043e \u043a\u0443\u0440\u0441\u0430 \u043d\u0430\u0448\u0438 \u0443\u0447\u0435\u043d\u0438\u043a\u0438 \u0443\u0437\u043d\u0430\u044e\u0442 \u043d\u0435 \u0442\u043e\u043b\u044c\u043a\u043e \u043e\u0431\u0449\u0438\u0435 \u0441\u0432\u0435\u0434\u0435\u043d\u0438\u044f \u043e \u0438\u0441\u043f\u0430\u043d\u0441\u043a\u043e\u043c \u0438 \u043c\u0435\u0436\u0434\u0443\u043d\u0430\u0440\u043e\u0434\u043d\u043e\u043c \u0441\u0432\u0430\u0434\u0435\u0431\u043d\u043e\u043c \u0440\u044b\u043d\u043a\u0435, \u043d\u043e \u0438 \u0442\u043e\u043d\u043a\u043e\u0441\u0442\u0438 \u043e\u0440\u0433\u0430\u043d\u0438\u0437\u0430\u0446\u0438\u0438, \u0434\u0438\u0437\u0430\u0439\u043d\u0430 \u0438 \u043f\u0440\u043e\u0432\u0435\u0434\u0435\u043d\u0438\u044f \u0441\u0432\u0430\u0434\u044c\u0431\u044b.<\/p>\n<p><strong><span style=\"text-decoration: underline;\">\u041d\u0435\u043a\u043e\u0442\u043e\u0440\u044b\u0435 \u0438\u0437 \u0432\u043e\u043f\u0440\u043e\u0441\u043e\u0432, \u043d\u0430 \u043a\u043e\u0442\u043e\u0440\u044b\u0435 \u043c\u044b \u043e\u0442\u0432\u0435\u0447\u0430\u0435\u043c \u043d\u0430 \u043a\u0443\u0440\u0441\u0430\u0445 \u0441\u0432\u0430\u0434\u0435\u0431\u043d\u043e\u0439 \u043e\u0440\u0433\u0430\u043d\u0438\u0437\u0430\u0446\u0438\u0438:<\/span><\/strong><br \/>\n\u041a\u0430\u043a \u043f\u0440\u0438\u0432\u043b\u0435\u0447\u044c \u043a\u043b\u0438\u0435\u043d\u0442\u043e\u0432? \u041a\u0430\u043a \u0440\u0430\u0437\u0440\u0430\u0431\u043e\u0442\u0430\u0442\u044c \u0431\u044e\u0434\u0436\u0435\u0442? \u041a\u0430\u043a \u0440\u0430\u0437\u0440\u0430\u0431\u043e\u0442\u0430\u0442\u044c \u0434\u0438\u0437\u0430\u0439\u043d? \u0418\u0437 \u043a\u0430\u043a\u0438\u0445 \u044d\u0442\u0430\u043f\u043e\u0432 \u0441\u043e\u0441\u0442\u043e\u0438\u0442 \u043f\u043b\u0430\u043d\u0438\u0440\u043e\u0432\u0430\u043d\u0438\u0435 \u0441\u0432\u0430\u0434\u044c\u0431\u044b? \u041a\u0430\u043a \u0432\u044b\u0441\u0442\u0440\u043e\u0438\u0442\u044c \u043e\u0442\u043d\u043e\u0448\u0435\u043d\u0438\u044f \u0441 \u043f\u043e\u0441\u0442\u0430\u0432\u0449\u0438\u043a\u0430\u043c\u0438? \u041a\u0430\u043a\u0438\u0435 \u043c\u0435\u043b\u043e\u0447\u0438 \u043d\u0443\u0436\u043d\u043e \u0434\u0435\u0440\u0436\u0430\u0442\u044c \u0432\u043e \u0432\u043d\u0438\u043c\u0430\u043d\u0438\u0438? \u0427\u0442\u043e \u0434\u0435\u043b\u0430\u0442\u044c \u0435\u0441\u043b\u0438\u2026?<\/p>\n<p>\u041e\u0441\u043d\u043e\u0432\u044b\u0432\u0430\u044f\u0441\u044c \u043d\u0430 \u043f\u0440\u0438\u043c\u0435\u0440\u0430\u0445 \u0438 \u0441\u043b\u0443\u0447\u0430\u044f\u0445 \u0438\u0437 \u0440\u0435\u0430\u043b\u044c\u043d\u043e\u0439 \u0436\u0438\u0437\u043d\u0438, \u043c\u044b \u0434\u0435\u043b\u0438\u043c\u0441\u044f \u043e\u043f\u044b\u0442\u043e\u043c \u0438 \u043f\u0440\u043e\u0431\u043b\u0435\u043c\u0430\u043c\u0438, \u0441 \u043a\u043e\u0442\u043e\u0440\u044b\u043c\u0438 \u043d\u0430\u043c \u043f\u0440\u0438\u0448\u043b\u043e\u0441\u044c \u0441\u0442\u043e\u043b\u043a\u043d\u0443\u0442\u044c\u0441\u044f \u0432\u043e \u0432\u0440\u0435\u043c\u044f \u043e\u0440\u0433\u0430\u043d\u0438\u0437\u0430\u0446\u0438\u0438 \u0442\u043e\u0439 \u0438\u043b\u0438 \u0438\u043d\u043e\u0439 \u0441\u0432\u0430\u0434\u044c\u0431\u044b, \u043e\u0442 \u0441\u0430\u043c\u044b\u0445 \u0441\u043f\u043e\u043a\u043e\u0439\u043d\u044b\u0445, \u0434\u043e \u0442\u044f\u0436\u0435\u043b\u044b\u0445 \u0432 \u043f\u0440\u043e\u0432\u0435\u0434\u0435\u043d\u0438\u0438.<\/p>\n<p>\u0417\u0430 \u043e\u0434\u043d\u0438 \u0432\u044b\u0445\u043e\u0434\u043d\u044b\u0435 \u0443\u0441\u0435\u0440\u0434\u043d\u043e\u0439 \u0440\u0430\u0431\u043e\u0442\u044b \u043d\u0430\u0448\u0438 \u0443\u0447\u0435\u043d\u0438\u043a\u0438 \u043f\u043e\u043b\u0443\u0447\u0430\u044e\u0442 \u0437\u043d\u0430\u043d\u0438\u044f, \u043a\u043e\u0442\u043e\u0440\u044b\u0435 \u043a\u043e\u043c\u043f\u0430\u043d\u0438\u044f <strong>Bcn Wedding Planners<\/strong> \u043d\u0430\u043a\u0430\u043f\u043b\u0438\u0432\u0430\u043b\u0430 \u0433\u043e\u0434\u0430\u043c\u0438.<\/p>\n<p>\u041c\u044b \u0431\u0443\u0434\u0435\u043c \u0440\u0430\u0434\u044b \u043e\u0442\u0432\u0435\u0442\u0438\u0442\u044c \u043d\u0430 \u043b\u044e\u0431\u044b\u0435 \u0432\u043e\u043f\u0440\u043e\u0441\u044b \u0441\u0432\u044f\u0437\u0430\u043d\u043d\u044b\u0435 \u0441 \u0442\u0435\u043c\u0430\u043c\u0438, \u043f\u0440\u043e\u0433\u0440\u0430\u043c\u043c\u043e\u0439 \u0438 \u0446\u0435\u043d\u0430\u043c\u0438 \u043a\u0443\u0440\u0441\u043e\u0432 \u0441\u0432\u0430\u0434\u0435\u0431\u043d\u043e\u0439 \u043e\u0440\u0433\u0430\u043d\u0438\u0437\u0430\u0446\u0438\u0438.<\/p>\n<p style=\"text-align: justify;\"><strong><a href=\"mailto:cursos@bcnweddingplanners.com\">cursos@bcnweddingplanners.com<\/a><\/strong><\/p>\n<p>[\/et_pb_text][\/et_pb_column][\/et_pb_row][\/et_pb_section]<\/p>\n","protected":false},"excerpt":{"rendered":"<p><div class=\"et_pb_section et_pb_section_0 et_section_regular\" >\n\t\t\t\t\n\t\t\t\t\n\t\t\t\t\n\t\t\t\t\n\t\t\t\t\n\t\t\t\t\n\t\t\t\t\n\t\t\t\t\n\t\t\t\t\n\t\t\t<\/div><div class=\"et_pb_row et_pb_row_0 et_pb_row_empty\">\n\t\t\t\t\n\t\t\t\t\n\t\t\t\t\n\t\t\t\t\n\t\t\t\t\n\t\t\t<\/div> \u041e\u0447\u043d\u044b\u0435 \u043a\u0443\u0440\u0441\u044b \u0421 \u043f\u043e\u043c\u043e\u0449\u044c\u044e \u043a\u0443\u0440\u0441\u043e\u0432 \u043c\u044b \u043f\u0435\u0440\u0435\u0434\u0430\u0435\u043c \u043d\u0430\u0448 \u043e\u043f\u044b\u0442 \u043d\u0430\u0448\u0435\u0433\u043e \u0441\u0432\u0430\u0434\u0435\u0431\u043d\u043e\u0433\u043e \u044d\u043a\u0441\u043f\u0435\u0440\u0442\u0430 \u041c\u0430\u0440\u0442\u044b \u041f\u0440\u0438\u0443 \u0432 \u0441\u0444\u0435\u0440\u0435 \u0441\u0432\u0430\u0434\u0435\u0431\u043d\u043e\u0433\u043e \u043f\u043b\u0430\u043d\u0438\u0440\u043e\u0432\u0430\u043d\u0438\u044f \u043d\u0430\u0448\u0438\u043c \u0443\u0447\u0435\u043d\u0438\u043a\u0430\u043c, \u043a\u043e\u0442\u043e\u0440\u044b\u043c \u0442\u0440\u0435\u0431\u0443\u0435\u0442\u0441\u044f \u0443\u0437\u043d\u0430\u0442\u044c \u0432\u0441\u0435 \u0434\u043b\u044f \u0442\u043e\u0433\u043e \u0447\u0442\u043e\u0431\u044b \u0441\u0442\u0430\u0442\u044c \u043f\u0440\u043e\u0444\u0435\u0441\u0441\u0438\u043e\u043d\u0430\u043b\u044c\u043d\u044b\u043c\u0438 \u043e\u0440\u0433\u0430\u043d\u0438\u0437\u0430\u0442\u043e\u0440\u0430\u043c\u0438 \u0438 \u0434\u0438\u0437\u0430\u0439\u043d\u0435\u0440\u0430\u043c\u0438 \u0441\u0432\u0430\u0434\u0435\u0431. \u0417\u0430 \u043d\u0435\u0441\u043a\u043e\u043b\u044c\u043a\u043e \u0434\u043d\u0435\u0439\u00a0 \u0438\u043d\u0442\u0435\u043d\u0441\u0438\u0432\u043d\u043e\u0433\u043e \u043a\u0443\u0440\u0441\u0430 \u043d\u0430\u0448\u0438 \u0443\u0447\u0435\u043d\u0438\u043a\u0438 \u0443\u0437\u043d\u0430\u044e\u0442 \u043d\u0435 \u0442\u043e\u043b\u044c\u043a\u043e \u043e\u0431\u0449\u0438\u0435 \u0441\u0432\u0435\u0434\u0435\u043d\u0438\u044f \u043e \u0438\u0441\u043f\u0430\u043d\u0441\u043a\u043e\u043c \u0438 \u043c\u0435\u0436\u0434\u0443\u043d\u0430\u0440\u043e\u0434\u043d\u043e\u043c \u0441\u0432\u0430\u0434\u0435\u0431\u043d\u043e\u043c \u0440\u044b\u043d\u043a\u0435, \u043d\u043e \u0438 \u0442\u043e\u043d\u043a\u043e\u0441\u0442\u0438 [&hellip;]<\/p>\n","protected":false},"author":1,"featured_media":0,"parent":0,"menu_order":2,"comment_status":"open","ping_status":"open","template":"","meta":{"_et_pb_use_builder":"on","_et_pb_old_content":"<p style=\"text-align: justify;\">Nuestra experiencia tambi\u00e9n es transmitida a trav\u00e9s de<strong> los cursos de Wedding Planner impartidos por Marta Priu<\/strong>, nuestra Wedding Expert, donde los participantes adquieren los conocimientos necesarios para entender la figura del Wedding Planner & Designer profesional.<\/p><p>En tres d\u00edas de formaci\u00f3n, se contextualiza al participante en el sector nupcial espa\u00f1ol e internacional, en las nuevas tendencias y en los gur\u00fas de esta profesi\u00f3n fuera de nuestras fronteras. Adem\u00e1s, se explica al detalle c\u00f3mo organizar y producir una boda.<\/p><p>Algunas de las preguntas que resolveremos en los cursos de Wedding Planner son:<\/p><p style=\"text-align: justify;\">\u00bfC\u00f3mo captar a los clientes? \u00bfC\u00f3mo desarrollar un presupuesto? \u00bfC\u00f3mo dise\u00f1ar la boda? \u00bfQu\u00e9 pasos se deben seguir a la hora de organizar una boda? \u00bfC\u00f3mo enfocar cada fase en la organizaci\u00f3n? \u00bfQu\u00e9 relaci\u00f3n establecer con los proveedores? \u00bfQu\u00e9 se debe tener en cuenta? \u00bfC\u00f3mo organizarse? \u00bfQu\u00e9 hacer si...?<\/p><p style=\"text-align: justify;\"><strong>A trav\u00e9s de ejemplos y casos pr\u00e1cticos reales<\/strong>, desde una boda muy sencilla a una boda mucho m\u00e1s compleja se ver\u00e1n las dificultades a las que nos hemos enfrentado y las dificultades que conlleva dise\u00f1ar y organizar una boda.<\/p><p style=\"text-align: justify;\">En nuestros cursos aprender\u00e1s, en un fin de semana intensivo, lo que en <strong>Spain Wedding Planners<\/strong> hemos aprendido a lo largo de muchos a\u00f1os de trabajo y experiencia.<\/p><p style=\"text-align: justify;\">Contacta con nosotros para obtener mayor detalle sobre el temario, programaci\u00f3n y precios de los <strong>cursos de Wedding Planner.<\/strong><\/p><p style=\"text-align: justify;\">\u00a0<\/p>","_et_gb_content_width":""},"_links":{"self":[{"href":"https:\/\/www.bcnweddingplanners.com\/rus\/wp-json\/wp\/v2\/pages\/92"}],"collection":[{"href":"https:\/\/www.bcnweddingplanners.com\/rus\/wp-json\/wp\/v2\/pages"}],"about":[{"href":"https:\/\/www.bcnweddingplanners.com\/rus\/wp-json\/wp\/v2\/types\/page"}],"author":[{"embeddable":true,"href":"https:\/\/www.bcnweddingplanners.com\/rus\/wp-json\/wp\/v2\/users\/1"}],"replies":[{"embeddable":true,"href":"https:\/\/www.bcnweddingplanners.com\/rus\/wp-json\/wp\/v2\/comments?post=92"}],"version-history":[{"count":23,"href":"https:\/\/www.bcnweddingplanners.com\/rus\/wp-json\/wp\/v2\/pages\/92\/revisions"}],"predecessor-version":[{"id":3945,"href":"https:\/\/www.bcnweddingplanners.com\/rus\/wp-json\/wp\/v2\/pages\/92\/revisions\/3945"}],"wp:attachment":[{"href":"https:\/\/www.bcnweddingplanners.com\/rus\/wp-json\/wp\/v2\/media?parent=92"}],"curies":[{"name":"wp","href":"https:\/\/api.w.org\/{rel}","templated":true}]}}