{"id":55,"date":"2014-02-20T14:29:17","date_gmt":"2014-02-20T14:29:17","guid":{"rendered":"http:\/\/www.bcnweddingplanners.com\/rus\/?page_id=55"},"modified":"2014-11-28T11:14:20","modified_gmt":"2014-11-28T11:14:20","slug":"%d1%81%d0%b2%d0%b0%d0%b4%d0%b5%d0%b1%d0%bd%d0%b0%d1%8f-%d0%ba%d0%be%d0%bd%d1%81%d1%83%d0%bb%d1%8c%d1%82%d0%b0%d1%86%d0%b8%d1%8f","status":"publish","type":"page","link":"https:\/\/www.bcnweddingplanners.com\/rus\/%d1%81%d0%b2%d0%b0%d0%b4%d0%b5%d0%b1%d0%bd%d0%b0%d1%8f-%d0%ba%d0%be%d0%bd%d1%81%d1%83%d0%bb%d1%8c%d1%82%d0%b0%d1%86%d0%b8%d1%8f\/","title":{"rendered":"\u0421\u0432\u0430\u0434\u0435\u0431\u043d\u0430\u044f \u043a\u043e\u043d\u0441\u0443\u043b\u044c\u0442\u0430\u0446\u0438\u044f"},"content":{"rendered":"<p>[et_pb_section][et_pb_row][et_pb_column type=&#187;4_4&#8243;][et_pb_text admin_label=&#187;Text&#187; background_layout=&#187;light&#187; text_orientation=&#187;left&#187;]<\/p>\n<p style=\"text-align: justify;\"><span style=\"font-size: 24pt;\"><strong>\u0421\u0432\u0430\u0434\u0435\u0431\u043d\u0430\u044f \u043a\u043e\u043d\u0441\u0443\u043b\u044c\u0442\u0430\u0446\u0438\u044f<img decoding=\"async\" loading=\"lazy\" class=\"alignright wp-image-3665 \" style=\"margin-left: 5px;\" src=\"http:\/\/www.bcnweddingplanners.com\/rus\/wp-content\/uploads\/sites\/6\/2014\/02\/Weeding_coaching_marta_priu.png\" alt=\"Weeding_coaching_marta_priu\" width=\"286\" height=\"269\" \/><\/strong><\/span><\/p>\n<p>&nbsp;<\/p>\n<p>\u042d\u0442\u0430 \u0443\u0441\u043b\u0443\u0433\u0430 \u043f\u043e \u043a\u043e\u043d\u0441\u0443\u043b\u044c\u0442\u0430\u0446\u0438\u0438 \u0442\u0435\u0442-\u0430-\u0442\u0435\u0442 \u0441 \u041c\u0430\u0440\u0442\u043e\u0439 \u041f\u0440\u0438\u0443 \u0434\u043b\u044f \u043f\u0430\u0440, \u043a\u043e\u0442\u043e\u0440\u044b\u043c \u043d\u0435 \u043d\u0443\u0436\u043d\u044b \u0443\u0441\u043b\u0443\u0433\u0438 \u043f\u043e \u0434\u0438\u0437\u0430\u0439\u043d\u0443 \u0438\u043b\u0438 \u043e\u0440\u0433\u0430\u043d\u0438\u0437\u0430\u0446\u0438\u0438 \u0441\u0432\u0430\u0434\u044c\u0431\u044b, \u0430 \u043d\u0443\u0436\u0435\u043d \u0441\u043e\u0432\u0435\u0442 \u043d\u0430 \u043a\u0430\u043a\u0443\u044e-\u0442\u043e \u043e\u043f\u0440\u0435\u0434\u0435\u043b\u0451\u043d\u043d\u0443\u044e \u0442\u0435\u043c\u0443.<\/p>\n<p>\u041a\u043e\u043d\u0441\u0443\u043b\u044c\u0442\u0430\u0446\u0438\u044f \u0442\u0430\u043a\u043e\u0433\u043e \u0440\u043e\u0434\u0430 \u043d\u0430\u0446\u0435\u043b\u0435\u043d\u0430 \u043d\u0430 \u043f\u043e\u043c\u043e\u0449\u044c \u043f\u0430\u0440\u0430\u043c, \u043a\u043e\u0442\u043e\u0440\u044b\u0435 \u0441\u0430\u043c\u0438 \u043e\u0440\u0433\u0430\u043d\u0438\u0437\u0443\u044e\u0442 \u0441\u0432\u043e\u044e \u0441\u0432\u0430\u0434\u044c\u0431\u0443, \u043d\u043e \u043a\u043e\u0442\u043e\u0440\u044b\u0445 \u0438\u043d\u0442\u0435\u0440\u0435\u0441\u0443\u044e\u0442 \u0432\u043e\u043f\u0440\u043e\u0441\u044b \u0434\u0438\u0437\u0430\u0439\u043d\u0430, \u0431\u044e\u0434\u0436\u0435\u0442\u0430 \u0438\u043b\u0438 \u0441\u043e\u0437\u0434\u0430\u043d\u0438\u044f \u0441\u0432\u0430\u0434\u044c\u0431\u044b \u0432 \u0446\u0435\u043b\u043e\u043c. \u042d\u0442\u0430 \u0443\u0441\u043b\u0443\u0433\u0430 \u043f\u043e\u043c\u043e\u0436\u0435\u0442 \u043a\u0430\u043a \u043f\u0430\u0440\u0430\u043c, \u043a\u043e\u0442\u043e\u0440\u044b\u0435 \u043f\u0440\u0430\u043a\u0442\u0438\u0447\u0435\u0441\u043a\u0438 \u0441\u043e\u0437\u0434\u0430\u043b\u0438 \u0441\u0432\u0430\u0434\u044c\u0431\u0443 \u0441\u0432\u043e\u0435\u0439 \u043c\u0435\u0447\u0442\u044b, \u043d\u043e \u043d\u0443\u0436\u0434\u0430\u044e\u0442\u0441\u044f \u0432 \u043c\u043d\u0435\u043d\u0438\u0438 \u043f\u0440\u043e\u0444\u0435\u0441\u0441\u0438\u043e\u043d\u0430\u043b\u0430.<\/p>\n<p>&nbsp;<\/p>\n<p>&nbsp;<\/p>\n<p>[\/et_pb_text][\/et_pb_column][\/et_pb_row][\/et_pb_section]<\/p>\n","protected":false},"excerpt":{"rendered":"<p><div class=\"et_pb_section et_pb_section_0 et_section_regular\" >\n\t\t\t\t\n\t\t\t\t\n\t\t\t\t\n\t\t\t\t\n\t\t\t\t\n\t\t\t\t\n\t\t\t\t\n\t\t\t\t\n\t\t\t\t\n\t\t\t<\/div><div class=\"et_pb_row et_pb_row_0 et_pb_row_empty\">\n\t\t\t\t\n\t\t\t\t\n\t\t\t\t\n\t\t\t\t\n\t\t\t\t\n\t\t\t<\/div> \u0421\u0432\u0430\u0434\u0435\u0431\u043d\u0430\u044f \u043a\u043e\u043d\u0441\u0443\u043b\u044c\u0442\u0430\u0446\u0438\u044f &nbsp; \u042d\u0442\u0430 \u0443\u0441\u043b\u0443\u0433\u0430 \u043f\u043e \u043a\u043e\u043d\u0441\u0443\u043b\u044c\u0442\u0430\u0446\u0438\u0438 \u0442\u0435\u0442-\u0430-\u0442\u0435\u0442 \u0441 \u041c\u0430\u0440\u0442\u043e\u0439 \u041f\u0440\u0438\u0443 \u0434\u043b\u044f \u043f\u0430\u0440, \u043a\u043e\u0442\u043e\u0440\u044b\u043c \u043d\u0435 \u043d\u0443\u0436\u043d\u044b \u0443\u0441\u043b\u0443\u0433\u0438 \u043f\u043e \u0434\u0438\u0437\u0430\u0439\u043d\u0443 \u0438\u043b\u0438 \u043e\u0440\u0433\u0430\u043d\u0438\u0437\u0430\u0446\u0438\u0438 \u0441\u0432\u0430\u0434\u044c\u0431\u044b, \u0430 \u043d\u0443\u0436\u0435\u043d \u0441\u043e\u0432\u0435\u0442 \u043d\u0430 \u043a\u0430\u043a\u0443\u044e-\u0442\u043e \u043e\u043f\u0440\u0435\u0434\u0435\u043b\u0451\u043d\u043d\u0443\u044e \u0442\u0435\u043c\u0443. \u041a\u043e\u043d\u0441\u0443\u043b\u044c\u0442\u0430\u0446\u0438\u044f \u0442\u0430\u043a\u043e\u0433\u043e \u0440\u043e\u0434\u0430 \u043d\u0430\u0446\u0435\u043b\u0435\u043d\u0430 \u043d\u0430 \u043f\u043e\u043c\u043e\u0449\u044c \u043f\u0430\u0440\u0430\u043c, \u043a\u043e\u0442\u043e\u0440\u044b\u0435 \u0441\u0430\u043c\u0438 \u043e\u0440\u0433\u0430\u043d\u0438\u0437\u0443\u044e\u0442 \u0441\u0432\u043e\u044e \u0441\u0432\u0430\u0434\u044c\u0431\u0443, \u043d\u043e \u043a\u043e\u0442\u043e\u0440\u044b\u0445 \u0438\u043d\u0442\u0435\u0440\u0435\u0441\u0443\u044e\u0442 \u0432\u043e\u043f\u0440\u043e\u0441\u044b \u0434\u0438\u0437\u0430\u0439\u043d\u0430, \u0431\u044e\u0434\u0436\u0435\u0442\u0430 \u0438\u043b\u0438 \u0441\u043e\u0437\u0434\u0430\u043d\u0438\u044f \u0441\u0432\u0430\u0434\u044c\u0431\u044b \u0432 \u0446\u0435\u043b\u043e\u043c. \u042d\u0442\u0430 \u0443\u0441\u043b\u0443\u0433\u0430 [&hellip;]<\/p>\n","protected":false},"author":1,"featured_media":0,"parent":0,"menu_order":4,"comment_status":"open","ping_status":"open","template":"","meta":{"_et_pb_use_builder":"on","_et_pb_old_content":"<p style=\"text-align: justify;\">Este es un <strong>servicio de consultas de boda, un \u201cuno-a-uno\u201d con Marta Priu<\/strong>. Va dirigido a aquellas parejas que no est\u00e1n buscando un servicio de dise\u00f1o y organizaci\u00f3n de la boda completa sino que buscan la asesor\u00eda ya sea desde una perspectiva general o, en uno o varios temas en concreto.<\/p><p>Esta <strong>consultor\u00eda o Wedding Planner Coaching<\/strong> tiene como fin <strong>asesorar y guiar a las parejas en la organizaci\u00f3n de su boda<\/strong> en cuestiones como de decoraci\u00f3n, de viabilidad, de presupuesto, de necesidades o de coordinaci\u00f3n general. Es un servicio tanto para aquellas parejas que no tienen nada, como a las que ya han planificado su boda, pero que les gustar\u00eda contar con la opini\u00f3n de un profesional.<\/p>","_et_gb_content_width":""},"_links":{"self":[{"href":"https:\/\/www.bcnweddingplanners.com\/rus\/wp-json\/wp\/v2\/pages\/55"}],"collection":[{"href":"https:\/\/www.bcnweddingplanners.com\/rus\/wp-json\/wp\/v2\/pages"}],"about":[{"href":"https:\/\/www.bcnweddingplanners.com\/rus\/wp-json\/wp\/v2\/types\/page"}],"author":[{"embeddable":true,"href":"https:\/\/www.bcnweddingplanners.com\/rus\/wp-json\/wp\/v2\/users\/1"}],"replies":[{"embeddable":true,"href":"https:\/\/www.bcnweddingplanners.com\/rus\/wp-json\/wp\/v2\/comments?post=55"}],"version-history":[{"count":22,"href":"https:\/\/www.bcnweddingplanners.com\/rus\/wp-json\/wp\/v2\/pages\/55\/revisions"}],"predecessor-version":[{"id":3946,"href":"https:\/\/www.bcnweddingplanners.com\/rus\/wp-json\/wp\/v2\/pages\/55\/revisions\/3946"}],"wp:attachment":[{"href":"https:\/\/www.bcnweddingplanners.com\/rus\/wp-json\/wp\/v2\/media?parent=55"}],"curies":[{"name":"wp","href":"https:\/\/api.w.org\/{rel}","templated":true}]}}