{"id":49,"date":"2014-02-20T14:27:56","date_gmt":"2014-02-20T14:27:56","guid":{"rendered":"http:\/\/www.bcnweddingplanners.com\/rus\/?page_id=49"},"modified":"2020-02-01T12:46:12","modified_gmt":"2020-02-01T11:46:12","slug":"%d1%81%d0%b2%d0%b0%d0%b4%d0%b5%d0%b1%d0%bd%d1%8b%d0%b9-%d0%be%d1%80%d0%b3%d0%b0%d0%bd%d0%b8%d0%b7%d0%b0%d1%82%d0%be%d1%80-%d0%b8-%d0%b4%d0%b8%d0%b7%d0%b0%d0%b9%d0%bd%d0%b5%d1%80","status":"publish","type":"page","link":"https:\/\/www.bcnweddingplanners.com\/rus\/%d1%81%d0%b2%d0%b0%d0%b4%d0%b5%d0%b1%d0%bd%d1%8b%d0%b9-%d0%be%d1%80%d0%b3%d0%b0%d0%bd%d0%b8%d0%b7%d0%b0%d1%82%d0%be%d1%80-%d0%b8-%d0%b4%d0%b8%d0%b7%d0%b0%d0%b9%d0%bd%d0%b5%d1%80\/","title":{"rendered":"\u0421\u0432\u0430\u0434\u0435\u0431\u043d\u044b\u0439 \u043e\u0440\u0433\u0430\u043d\u0438\u0437\u0430\u0442\u043e\u0440 \u0438 \u0434\u0438\u0437\u0430\u0439\u043d\u0435\u0440"},"content":{"rendered":"<p>[et_pb_section fb_built=&#187;1&#8243; fullwidth=&#187;on&#187; _builder_version=&#187;3.22&#8243;][et_pb_fullwidth_slider admin_label=&#187;Fullwidth Slider&#187; _builder_version=&#187;3.16&#8243; custom_padding=&#187;|||&#187; custom_padding_tablet=&#187;|||&#187; custom_padding_phone=&#187;|||&#187; auto=&#187;on&#187; auto_speed=&#187;5000&#8243; box_shadow_style=&#187;preset6&#8243; box_shadow_blur=&#187;10px&#187; box_shadow_color=&#187;rgba(0,0,0,0.1)&#187; show_inner_shadow=&#187;on&#187; button_text_size__hover_enabled=&#187;off&#187; button_one_text_size__hover_enabled=&#187;off&#187; button_two_text_size__hover_enabled=&#187;off&#187; button_text_color__hover_enabled=&#187;off&#187; button_one_text_color__hover_enabled=&#187;off&#187; button_two_text_color__hover_enabled=&#187;off&#187; button_border_width__hover_enabled=&#187;off&#187; button_one_border_width__hover_enabled=&#187;off&#187; button_two_border_width__hover_enabled=&#187;off&#187; button_border_color__hover_enabled=&#187;off&#187; button_one_border_color__hover_enabled=&#187;off&#187; button_two_border_color__hover_enabled=&#187;off&#187; button_border_radius__hover_enabled=&#187;off&#187; button_one_border_radius__hover_enabled=&#187;off&#187; button_two_border_radius__hover_enabled=&#187;off&#187; button_letter_spacing__hover_enabled=&#187;off&#187; button_one_letter_spacing__hover_enabled=&#187;off&#187; button_two_letter_spacing__hover_enabled=&#187;off&#187; button_bg_color__hover_enabled=&#187;off&#187; button_one_bg_color__hover_enabled=&#187;off&#187; button_two_bg_color__hover_enabled=&#187;off&#187;][et_pb_slide _builder_version=&#187;3.16&#8243; background_color=&#187;#ffffff&#187; background_image=&#187;http:\/\/www.bcnweddingplanners.com\/rus\/wp-content\/uploads\/sites\/6\/2014\/02\/1.jpg&#187; button_text_size__hover_enabled=&#187;off&#187; button_one_text_size__hover_enabled=&#187;off&#187; button_two_text_size__hover_enabled=&#187;off&#187; button_text_color__hover_enabled=&#187;off&#187; button_one_text_color__hover_enabled=&#187;off&#187; button_two_text_color__hover_enabled=&#187;off&#187; button_border_width__hover_enabled=&#187;off&#187; button_one_border_width__hover_enabled=&#187;off&#187; button_two_border_width__hover_enabled=&#187;off&#187; button_border_color__hover_enabled=&#187;off&#187; button_one_border_color__hover_enabled=&#187;off&#187; button_two_border_color__hover_enabled=&#187;off&#187; button_border_radius__hover_enabled=&#187;off&#187; button_one_border_radius__hover_enabled=&#187;off&#187; button_two_border_radius__hover_enabled=&#187;off&#187; button_letter_spacing__hover_enabled=&#187;off&#187; button_one_letter_spacing__hover_enabled=&#187;off&#187; button_two_letter_spacing__hover_enabled=&#187;off&#187; button_bg_color__hover_enabled=&#187;off&#187; button_one_bg_color__hover_enabled=&#187;off&#187; button_two_bg_color__hover_enabled=&#187;off&#187;][\/et_pb_slide][et_pb_slide _builder_version=&#187;3.16&#8243; background_color=&#187;#ffffff&#187; background_image=&#187;http:\/\/www.bcnweddingplanners.com\/rus\/wp-content\/uploads\/sites\/6\/2014\/02\/2.jpg&#187; button_text_size__hover_enabled=&#187;off&#187; button_one_text_size__hover_enabled=&#187;off&#187; button_two_text_size__hover_enabled=&#187;off&#187; button_text_color__hover_enabled=&#187;off&#187; button_one_text_color__hover_enabled=&#187;off&#187; button_two_text_color__hover_enabled=&#187;off&#187; button_border_width__hover_enabled=&#187;off&#187; button_one_border_width__hover_enabled=&#187;off&#187; button_two_border_width__hover_enabled=&#187;off&#187; button_border_color__hover_enabled=&#187;off&#187; button_one_border_color__hover_enabled=&#187;off&#187; button_two_border_color__hover_enabled=&#187;off&#187; button_border_radius__hover_enabled=&#187;off&#187; button_one_border_radius__hover_enabled=&#187;off&#187; button_two_border_radius__hover_enabled=&#187;off&#187; button_letter_spacing__hover_enabled=&#187;off&#187; button_one_letter_spacing__hover_enabled=&#187;off&#187; button_two_letter_spacing__hover_enabled=&#187;off&#187; button_bg_color__hover_enabled=&#187;off&#187; button_one_bg_color__hover_enabled=&#187;off&#187; button_two_bg_color__hover_enabled=&#187;off&#187;][\/et_pb_slide][et_pb_slide _builder_version=&#187;3.16&#8243; background_color=&#187;#ffffff&#187; background_image=&#187;http:\/\/www.bcnweddingplanners.com\/rus\/wp-content\/uploads\/sites\/6\/2014\/02\/3.jpg&#187; button_text_size__hover_enabled=&#187;off&#187; button_one_text_size__hover_enabled=&#187;off&#187; button_two_text_size__hover_enabled=&#187;off&#187; button_text_color__hover_enabled=&#187;off&#187; button_one_text_color__hover_enabled=&#187;off&#187; button_two_text_color__hover_enabled=&#187;off&#187; button_border_width__hover_enabled=&#187;off&#187; button_one_border_width__hover_enabled=&#187;off&#187; button_two_border_width__hover_enabled=&#187;off&#187; button_border_color__hover_enabled=&#187;off&#187; button_one_border_color__hover_enabled=&#187;off&#187; button_two_border_color__hover_enabled=&#187;off&#187; button_border_radius__hover_enabled=&#187;off&#187; button_one_border_radius__hover_enabled=&#187;off&#187; button_two_border_radius__hover_enabled=&#187;off&#187; button_letter_spacing__hover_enabled=&#187;off&#187; button_one_letter_spacing__hover_enabled=&#187;off&#187; button_two_letter_spacing__hover_enabled=&#187;off&#187; button_bg_color__hover_enabled=&#187;off&#187; button_one_bg_color__hover_enabled=&#187;off&#187; button_two_bg_color__hover_enabled=&#187;off&#187;][\/et_pb_slide][et_pb_slide _builder_version=&#187;3.16&#8243; background_color=&#187;#ffffff&#187; background_image=&#187;http:\/\/www.bcnweddingplanners.com\/rus\/wp-content\/uploads\/sites\/6\/2014\/02\/4.jpg&#187; button_text_size__hover_enabled=&#187;off&#187; button_one_text_size__hover_enabled=&#187;off&#187; button_two_text_size__hover_enabled=&#187;off&#187; button_text_color__hover_enabled=&#187;off&#187; button_one_text_color__hover_enabled=&#187;off&#187; button_two_text_color__hover_enabled=&#187;off&#187; button_border_width__hover_enabled=&#187;off&#187; button_one_border_width__hover_enabled=&#187;off&#187; button_two_border_width__hover_enabled=&#187;off&#187; button_border_color__hover_enabled=&#187;off&#187; button_one_border_color__hover_enabled=&#187;off&#187; button_two_border_color__hover_enabled=&#187;off&#187; button_border_radius__hover_enabled=&#187;off&#187; button_one_border_radius__hover_enabled=&#187;off&#187; button_two_border_radius__hover_enabled=&#187;off&#187; button_letter_spacing__hover_enabled=&#187;off&#187; button_one_letter_spacing__hover_enabled=&#187;off&#187; button_two_letter_spacing__hover_enabled=&#187;off&#187; button_bg_color__hover_enabled=&#187;off&#187; button_one_bg_color__hover_enabled=&#187;off&#187; button_two_bg_color__hover_enabled=&#187;off&#187;][\/et_pb_slide][et_pb_slide _builder_version=&#187;3.16&#8243; background_color=&#187;#ffffff&#187; background_image=&#187;http:\/\/www.bcnweddingplanners.com\/rus\/wp-content\/uploads\/sites\/6\/2014\/02\/5.jpg&#187; button_text_size__hover_enabled=&#187;off&#187; button_one_text_size__hover_enabled=&#187;off&#187; button_two_text_size__hover_enabled=&#187;off&#187; button_text_color__hover_enabled=&#187;off&#187; button_one_text_color__hover_enabled=&#187;off&#187; button_two_text_color__hover_enabled=&#187;off&#187; button_border_width__hover_enabled=&#187;off&#187; button_one_border_width__hover_enabled=&#187;off&#187; button_two_border_width__hover_enabled=&#187;off&#187; button_border_color__hover_enabled=&#187;off&#187; button_one_border_color__hover_enabled=&#187;off&#187; button_two_border_color__hover_enabled=&#187;off&#187; button_border_radius__hover_enabled=&#187;off&#187; button_one_border_radius__hover_enabled=&#187;off&#187; button_two_border_radius__hover_enabled=&#187;off&#187; button_letter_spacing__hover_enabled=&#187;off&#187; button_one_letter_spacing__hover_enabled=&#187;off&#187; button_two_letter_spacing__hover_enabled=&#187;off&#187; button_bg_color__hover_enabled=&#187;off&#187; button_one_bg_color__hover_enabled=&#187;off&#187; button_two_bg_color__hover_enabled=&#187;off&#187;][\/et_pb_slide][et_pb_slide _builder_version=&#187;3.16&#8243; background_color=&#187;#ffffff&#187; background_image=&#187;http:\/\/www.bcnweddingplanners.com\/rus\/wp-content\/uploads\/sites\/6\/2014\/02\/6.jpg&#187; button_text_size__hover_enabled=&#187;off&#187; button_one_text_size__hover_enabled=&#187;off&#187; button_two_text_size__hover_enabled=&#187;off&#187; button_text_color__hover_enabled=&#187;off&#187; button_one_text_color__hover_enabled=&#187;off&#187; button_two_text_color__hover_enabled=&#187;off&#187; button_border_width__hover_enabled=&#187;off&#187; button_one_border_width__hover_enabled=&#187;off&#187; button_two_border_width__hover_enabled=&#187;off&#187; button_border_color__hover_enabled=&#187;off&#187; button_one_border_color__hover_enabled=&#187;off&#187; button_two_border_color__hover_enabled=&#187;off&#187; button_border_radius__hover_enabled=&#187;off&#187; button_one_border_radius__hover_enabled=&#187;off&#187; button_two_border_radius__hover_enabled=&#187;off&#187; button_letter_spacing__hover_enabled=&#187;off&#187; button_one_letter_spacing__hover_enabled=&#187;off&#187; button_two_letter_spacing__hover_enabled=&#187;off&#187; button_bg_color__hover_enabled=&#187;off&#187; button_one_bg_color__hover_enabled=&#187;off&#187; button_two_bg_color__hover_enabled=&#187;off&#187;][\/et_pb_slide][et_pb_slide _builder_version=&#187;3.16&#8243; background_color=&#187;#ffffff&#187; background_image=&#187;http:\/\/www.bcnweddingplanners.com\/rus\/wp-content\/uploads\/sites\/6\/2014\/02\/7.jpg&#187; button_text_size__hover_enabled=&#187;off&#187; button_one_text_size__hover_enabled=&#187;off&#187; button_two_text_size__hover_enabled=&#187;off&#187; button_text_color__hover_enabled=&#187;off&#187; button_one_text_color__hover_enabled=&#187;off&#187; button_two_text_color__hover_enabled=&#187;off&#187; button_border_width__hover_enabled=&#187;off&#187; button_one_border_width__hover_enabled=&#187;off&#187; button_two_border_width__hover_enabled=&#187;off&#187; button_border_color__hover_enabled=&#187;off&#187; button_one_border_color__hover_enabled=&#187;off&#187; button_two_border_color__hover_enabled=&#187;off&#187; button_border_radius__hover_enabled=&#187;off&#187; button_one_border_radius__hover_enabled=&#187;off&#187; button_two_border_radius__hover_enabled=&#187;off&#187; button_letter_spacing__hover_enabled=&#187;off&#187; button_one_letter_spacing__hover_enabled=&#187;off&#187; button_two_letter_spacing__hover_enabled=&#187;off&#187; button_bg_color__hover_enabled=&#187;off&#187; button_one_bg_color__hover_enabled=&#187;off&#187; button_two_bg_color__hover_enabled=&#187;off&#187;][\/et_pb_slide][et_pb_slide _builder_version=&#187;3.16&#8243; background_color=&#187;#ffffff&#187; background_image=&#187;http:\/\/www.bcnweddingplanners.com\/rus\/wp-content\/uploads\/sites\/6\/2014\/02\/8.jpg&#187; button_text_size__hover_enabled=&#187;off&#187; button_one_text_size__hover_enabled=&#187;off&#187; button_two_text_size__hover_enabled=&#187;off&#187; button_text_color__hover_enabled=&#187;off&#187; button_one_text_color__hover_enabled=&#187;off&#187; button_two_text_color__hover_enabled=&#187;off&#187; button_border_width__hover_enabled=&#187;off&#187; button_one_border_width__hover_enabled=&#187;off&#187; button_two_border_width__hover_enabled=&#187;off&#187; button_border_color__hover_enabled=&#187;off&#187; button_one_border_color__hover_enabled=&#187;off&#187; button_two_border_color__hover_enabled=&#187;off&#187; button_border_radius__hover_enabled=&#187;off&#187; button_one_border_radius__hover_enabled=&#187;off&#187; button_two_border_radius__hover_enabled=&#187;off&#187; button_letter_spacing__hover_enabled=&#187;off&#187; button_one_letter_spacing__hover_enabled=&#187;off&#187; button_two_letter_spacing__hover_enabled=&#187;off&#187; button_bg_color__hover_enabled=&#187;off&#187; button_one_bg_color__hover_enabled=&#187;off&#187; button_two_bg_color__hover_enabled=&#187;off&#187;][\/et_pb_slide][et_pb_slide _builder_version=&#187;3.16&#8243; background_color=&#187;#ffffff&#187; background_image=&#187;http:\/\/www.bcnweddingplanners.com\/rus\/wp-content\/uploads\/sites\/6\/2014\/02\/9.jpg&#187; button_text_size__hover_enabled=&#187;off&#187; button_one_text_size__hover_enabled=&#187;off&#187; button_two_text_size__hover_enabled=&#187;off&#187; button_text_color__hover_enabled=&#187;off&#187; button_one_text_color__hover_enabled=&#187;off&#187; button_two_text_color__hover_enabled=&#187;off&#187; button_border_width__hover_enabled=&#187;off&#187; button_one_border_width__hover_enabled=&#187;off&#187; button_two_border_width__hover_enabled=&#187;off&#187; button_border_color__hover_enabled=&#187;off&#187; button_one_border_color__hover_enabled=&#187;off&#187; button_two_border_color__hover_enabled=&#187;off&#187; button_border_radius__hover_enabled=&#187;off&#187; button_one_border_radius__hover_enabled=&#187;off&#187; button_two_border_radius__hover_enabled=&#187;off&#187; button_letter_spacing__hover_enabled=&#187;off&#187; button_one_letter_spacing__hover_enabled=&#187;off&#187; button_two_letter_spacing__hover_enabled=&#187;off&#187; button_bg_color__hover_enabled=&#187;off&#187; button_one_bg_color__hover_enabled=&#187;off&#187; button_two_bg_color__hover_enabled=&#187;off&#187;][\/et_pb_slide][et_pb_slide _builder_version=&#187;3.16&#8243; background_color=&#187;#ffffff&#187; background_image=&#187;http:\/\/www.bcnweddingplanners.com\/rus\/wp-content\/uploads\/sites\/6\/2014\/02\/10.jpg&#187; button_text_size__hover_enabled=&#187;off&#187; button_one_text_size__hover_enabled=&#187;off&#187; button_two_text_size__hover_enabled=&#187;off&#187; button_text_color__hover_enabled=&#187;off&#187; button_one_text_color__hover_enabled=&#187;off&#187; button_two_text_color__hover_enabled=&#187;off&#187; button_border_width__hover_enabled=&#187;off&#187; button_one_border_width__hover_enabled=&#187;off&#187; button_two_border_width__hover_enabled=&#187;off&#187; button_border_color__hover_enabled=&#187;off&#187; button_one_border_color__hover_enabled=&#187;off&#187; button_two_border_color__hover_enabled=&#187;off&#187; button_border_radius__hover_enabled=&#187;off&#187; button_one_border_radius__hover_enabled=&#187;off&#187; button_two_border_radius__hover_enabled=&#187;off&#187; button_letter_spacing__hover_enabled=&#187;off&#187; button_one_letter_spacing__hover_enabled=&#187;off&#187; button_two_letter_spacing__hover_enabled=&#187;off&#187; button_bg_color__hover_enabled=&#187;off&#187; button_one_bg_color__hover_enabled=&#187;off&#187; button_two_bg_color__hover_enabled=&#187;off&#187;][\/et_pb_slide][et_pb_slide _builder_version=&#187;3.16&#8243; background_color=&#187;#ffffff&#187; background_image=&#187;http:\/\/www.bcnweddingplanners.com\/rus\/wp-content\/uploads\/sites\/6\/2014\/02\/11.jpg&#187; button_text_size__hover_enabled=&#187;off&#187; button_one_text_size__hover_enabled=&#187;off&#187; button_two_text_size__hover_enabled=&#187;off&#187; button_text_color__hover_enabled=&#187;off&#187; button_one_text_color__hover_enabled=&#187;off&#187; button_two_text_color__hover_enabled=&#187;off&#187; button_border_width__hover_enabled=&#187;off&#187; button_one_border_width__hover_enabled=&#187;off&#187; button_two_border_width__hover_enabled=&#187;off&#187; button_border_color__hover_enabled=&#187;off&#187; button_one_border_color__hover_enabled=&#187;off&#187; button_two_border_color__hover_enabled=&#187;off&#187; button_border_radius__hover_enabled=&#187;off&#187; button_one_border_radius__hover_enabled=&#187;off&#187; button_two_border_radius__hover_enabled=&#187;off&#187; button_letter_spacing__hover_enabled=&#187;off&#187; button_one_letter_spacing__hover_enabled=&#187;off&#187; button_two_letter_spacing__hover_enabled=&#187;off&#187; button_bg_color__hover_enabled=&#187;off&#187; button_one_bg_color__hover_enabled=&#187;off&#187; button_two_bg_color__hover_enabled=&#187;off&#187;][\/et_pb_slide][et_pb_slide _builder_version=&#187;3.16&#8243; background_color=&#187;#ffffff&#187; background_image=&#187;http:\/\/www.bcnweddingplanners.com\/rus\/wp-content\/uploads\/sites\/6\/2014\/02\/12.jpg&#187; button_text_size__hover_enabled=&#187;off&#187; button_one_text_size__hover_enabled=&#187;off&#187; button_two_text_size__hover_enabled=&#187;off&#187; button_text_color__hover_enabled=&#187;off&#187; button_one_text_color__hover_enabled=&#187;off&#187; button_two_text_color__hover_enabled=&#187;off&#187; button_border_width__hover_enabled=&#187;off&#187; button_one_border_width__hover_enabled=&#187;off&#187; button_two_border_width__hover_enabled=&#187;off&#187; button_border_color__hover_enabled=&#187;off&#187; button_one_border_color__hover_enabled=&#187;off&#187; button_two_border_color__hover_enabled=&#187;off&#187; button_border_radius__hover_enabled=&#187;off&#187; button_one_border_radius__hover_enabled=&#187;off&#187; button_two_border_radius__hover_enabled=&#187;off&#187; button_letter_spacing__hover_enabled=&#187;off&#187; button_one_letter_spacing__hover_enabled=&#187;off&#187; button_two_letter_spacing__hover_enabled=&#187;off&#187; button_bg_color__hover_enabled=&#187;off&#187; button_one_bg_color__hover_enabled=&#187;off&#187; button_two_bg_color__hover_enabled=&#187;off&#187;][\/et_pb_slide][\/et_pb_fullwidth_slider][\/et_pb_section][et_pb_section fb_built=&#187;1&#8243; _builder_version=&#187;3.22&#8243;][et_pb_row _builder_version=&#187;3.25&#8243; background_size=&#187;initial&#187; background_position=&#187;top_left&#187; background_repeat=&#187;repeat&#187;][et_pb_column type=&#187;4_4&#8243; _builder_version=&#187;3.25&#8243; custom_padding=&#187;|||&#187; custom_padding__hover=&#187;|||&#187;][et_pb_text admin_label=&#187;Text&#187; _builder_version=&#187;3.27.4&#8243; background_size=&#187;initial&#187; background_position=&#187;top_left&#187; background_repeat=&#187;repeat&#187;]<\/p>\n<p style=\"text-align: justify;\"><span style=\"font-size: 24pt;\"><strong>\u0421\u0432\u0430\u0434\u0435\u0431\u043d\u044b\u0439 \u043e\u0440\u0433\u0430\u043d\u0438\u0437\u0430\u0442\u043e\u0440 \u0438 \u0434\u0438\u0437\u0430\u0439\u043d\u0435\u0440<\/strong><\/span><\/p>\n<p style=\"text-align: justify;\">\u0423\u0441\u043b\u0443\u0433\u0430 \u0441\u0432\u0430\u0434\u0435\u0431\u043d\u043e\u0433\u043e \u0434\u0438\u0437\u0430\u0439\u043d\u0435\u0440\u0430 \u0438 \u043e\u0440\u0433\u0430\u043d\u0438\u0437\u0430\u0442\u043e\u0440\u0430 \u0441\u043e\u0441\u0442\u043e\u0438\u0442 \u0432 \u043f\u043e\u043b\u043d\u043e\u0439 \u043f\u0440\u043e\u0444\u0435\u0441\u0441\u0438\u043e\u043d\u0430\u043b\u044c\u043d\u043e\u0439 \u0440\u0430\u0437\u0440\u0430\u0431\u043e\u0442\u043a\u0435 \u0441\u0432\u0430\u0434\u044c\u0431\u044b, \u0441 \u0446\u0435\u043b\u044c\u044e \u043f\u043e\u043c\u043e\u0447\u044c \u043f\u0430\u0440\u0435 \u0441\u043e\u0437\u0434\u0430\u0442\u044c \u0441\u0432\u0430\u0434\u044c\u0431\u0443, \u043c\u0430\u043a\u0441\u0438\u043c\u0430\u043b\u044c\u043d\u043e \u043f\u043e\u0434\u0447\u0435\u0440\u043a\u0438\u0432\u0430\u044e\u0449\u0443\u044e \u0435\u0435 \u0441\u0442\u0438\u043b\u044c.<\/p>\n<p style=\"text-align: justify;\">\u041f\u043e\u0441\u043b\u0435 \u0442\u043e\u0433\u043e \u043a\u0430\u043a \u043f\u0430\u0440\u0430 \u0441\u0432\u044f\u0437\u044b\u0432\u0430\u0435\u0442\u0441\u044f \u0441 \u043d\u0430\u043c\u0438, \u043c\u044b \u043d\u0430\u0447\u0438\u043d\u0430\u0435\u043c \u043f\u043e\u0438\u0441\u043a\u0438 \u0438\u0434\u0435\u0430\u043b\u044c\u043d\u043e\u0433\u043e \u043c\u0435\u0441\u0442\u0430 \u0434\u043b\u044f \u043f\u0440\u043e\u0432\u0435\u0434\u0435\u043d\u0438\u044f \u0441\u0432\u0430\u0434\u044c\u0431\u044b. \u041f\u043e\u0441\u043b\u0435 \u0442\u043e\u0433\u043e, \u043a\u0430\u043a \u043c\u044b \u043d\u0430\u0448\u043b\u0438 \u0435\u0433\u043e \u2013 \u0432\u043c\u0435\u0441\u0442\u0435 \u0441 \u043c\u043e\u043b\u043e\u0434\u043e\u0436\u0435\u043d\u0430\u043c\u0438 \u043c\u044b \u043d\u0430\u0447\u0438\u043d\u0430\u0435\u043c \u0440\u0430\u0437\u0440\u0430\u0431\u043e\u0442\u043a\u0443 \u0434\u0438\u0437\u0430\u0439\u043d\u0430, \u043f\u0440\u0435\u0434\u043b\u0430\u0433\u0430\u044f \u0431\u043e\u043b\u044c\u0448\u043e\u0439 \u0432\u044b\u0431\u043e\u0440 \u0440\u0430\u0437\u043b\u0438\u0447\u043d\u044b\u0445 \u0432\u0430\u0440\u0438\u0430\u043d\u0442\u043e\u0432 \u0438 \u043f\u043e\u0441\u0442\u0430\u0432\u0449\u0438\u043a\u043e\u0432, \u0438\u0437 \u043a\u043e\u0442\u043e\u0440\u044b\u0445 \u043c\u043e\u043b\u043e\u0434\u043e\u0436\u0435\u043d\u044b \u0432\u044b\u0431\u0438\u0440\u0430\u044e\u0442 \u043d\u0430\u0438\u0431\u043e\u043b\u0435\u0435 \u043f\u043e\u043d\u0440\u0430\u0432\u0438\u0432\u0448\u0438\u0445\u0441\u044f, \u043a\u043e\u0442\u043e\u0440\u044b\u0435 \u0443\u0434\u043e\u0432\u043b\u0435\u0442\u0432\u043e\u0440\u044f\u044e\u0442 \u0438\u0445 \u0432\u043a\u0443\u0441\u0430\u043c \u0438 \u0442\u0440\u0435\u0431\u043e\u0432\u0430\u043d\u0438\u044f. \u0428\u0430\u0433 \u0437\u0430 \u0448\u0430\u0433\u043e\u043c \u043c\u044b \u0441\u043e\u0437\u0434\u0430\u0435\u043c \u0441\u0432\u0430\u0434\u044c\u0431\u0443 \u043c\u0435\u0447\u0442\u044b. \u041c\u044b \u0433\u0430\u0440\u0430\u043d\u0442\u0438\u0440\u0443\u0435\u043c, \u0447\u0442\u043e \u043d\u0430\u0448\u0438 \u043f\u0440\u0435\u0434\u043b\u043e\u0436\u0435\u043d\u0438\u044f \u0432\u0441\u0435\u0433\u0434\u0430 \u0441\u043e\u043e\u0442\u0432\u0435\u0442\u0441\u0442\u0432\u0443\u044e\u0442 \u0436\u0435\u043b\u0430\u0435\u043c\u043e\u043c\u0443 \u0442\u0438\u043f\u0443 \u0441\u0432\u0430\u0434\u044c\u0431\u044b \u0438 \u0432\u0441\u0435\u0433\u0434\u0430 \u0432\u043f\u0438\u0441\u044b\u0432\u0430\u044e\u0442\u0441\u044f \u0432 \u0431\u044e\u0434\u0436\u0435\u0442.<\/p>\n<p>[\/et_pb_text][et_pb_video src=&#187;https:\/\/youtu.be\/AOxt6vsn7z4&#8243; _builder_version=&#187;3.8&#8243;][\/et_pb_video][\/et_pb_column][\/et_pb_row][et_pb_row _builder_version=&#187;4.2.2&#8243;][et_pb_column _builder_version=&#187;4.2.2&#8243; type=&#187;4_4&#8243;][et_pb_video src=&#187;http:\/\/www.youtube.com\/watch?v=sXYIvUyHKD8&#8243; _builder_version=&#187;4.2.2&#8243; hover_enabled=&#187;0&#8243;][\/et_pb_video][\/et_pb_column][\/et_pb_row][\/et_pb_section]<\/p>\n","protected":false},"excerpt":{"rendered":"<p>\u0421\u0432\u0430\u0434\u0435\u0431\u043d\u044b\u0439 \u043e\u0440\u0433\u0430\u043d\u0438\u0437\u0430\u0442\u043e\u0440 \u0438 \u0434\u0438\u0437\u0430\u0439\u043d\u0435\u0440 \u0423\u0441\u043b\u0443\u0433\u0430 \u0441\u0432\u0430\u0434\u0435\u0431\u043d\u043e\u0433\u043e \u0434\u0438\u0437\u0430\u0439\u043d\u0435\u0440\u0430 \u0438 \u043e\u0440\u0433\u0430\u043d\u0438\u0437\u0430\u0442\u043e\u0440\u0430 \u0441\u043e\u0441\u0442\u043e\u0438\u0442 \u0432 \u043f\u043e\u043b\u043d\u043e\u0439 \u043f\u0440\u043e\u0444\u0435\u0441\u0441\u0438\u043e\u043d\u0430\u043b\u044c\u043d\u043e\u0439 \u0440\u0430\u0437\u0440\u0430\u0431\u043e\u0442\u043a\u0435 \u0441\u0432\u0430\u0434\u044c\u0431\u044b, \u0441 \u0446\u0435\u043b\u044c\u044e \u043f\u043e\u043c\u043e\u0447\u044c \u043f\u0430\u0440\u0435 \u0441\u043e\u0437\u0434\u0430\u0442\u044c \u0441\u0432\u0430\u0434\u044c\u0431\u0443, \u043c\u0430\u043a\u0441\u0438\u043c\u0430\u043b\u044c\u043d\u043e \u043f\u043e\u0434\u0447\u0435\u0440\u043a\u0438\u0432\u0430\u044e\u0449\u0443\u044e \u0435\u0435 \u0441\u0442\u0438\u043b\u044c. \u041f\u043e\u0441\u043b\u0435 \u0442\u043e\u0433\u043e \u043a\u0430\u043a \u043f\u0430\u0440\u0430 \u0441\u0432\u044f\u0437\u044b\u0432\u0430\u0435\u0442\u0441\u044f \u0441 \u043d\u0430\u043c\u0438, \u043c\u044b \u043d\u0430\u0447\u0438\u043d\u0430\u0435\u043c \u043f\u043e\u0438\u0441\u043a\u0438 \u0438\u0434\u0435\u0430\u043b\u044c\u043d\u043e\u0433\u043e \u043c\u0435\u0441\u0442\u0430 \u0434\u043b\u044f \u043f\u0440\u043e\u0432\u0435\u0434\u0435\u043d\u0438\u044f \u0441\u0432\u0430\u0434\u044c\u0431\u044b. \u041f\u043e\u0441\u043b\u0435 \u0442\u043e\u0433\u043e, \u043a\u0430\u043a \u043c\u044b \u043d\u0430\u0448\u043b\u0438 \u0435\u0433\u043e \u2013 \u0432\u043c\u0435\u0441\u0442\u0435 \u0441 \u043c\u043e\u043b\u043e\u0434\u043e\u0436\u0435\u043d\u0430\u043c\u0438 \u043c\u044b \u043d\u0430\u0447\u0438\u043d\u0430\u0435\u043c \u0440\u0430\u0437\u0440\u0430\u0431\u043e\u0442\u043a\u0443 \u0434\u0438\u0437\u0430\u0439\u043d\u0430, \u043f\u0440\u0435\u0434\u043b\u0430\u0433\u0430\u044f [&hellip;]<\/p>\n","protected":false},"author":1,"featured_media":0,"parent":0,"menu_order":0,"comment_status":"open","ping_status":"open","template":"","meta":{"_et_pb_use_builder":"on","_et_pb_old_content":"<p style=\"text-align: justify;\">El servicio de <strong>Wedding Planner & Designer<\/strong> consiste en la <strong>organizaci\u00f3n integral de la boda<\/strong> por parte de un profesional, que ayudar\u00e1 a la pareja a dise\u00f1ar y a producir la boda de manera totalmente personalizada en todo momento, aun si es requerida su atenci\u00f3n fuera de horarios laborales o durante los fines de semana.<\/p>\r\n<p style=\"text-align: justify;\">Desde que los novios nos contratan iniciamos la <strong>b\u00fasqueda del espacio ideal<\/strong> para la boda. Una vez lo encontramos, empezamos a dise\u00f1ar el enlace de manera conjunta con ellos, ofreci\u00e9ndoles un gran abanico de propuestas y proveedores donde tienen la posibilidad de elegir lo que mejor se adapte a sus necesidades, gustos y preferencias. Poco a poco iremos construyendo y creando la boda de sus sue\u00f1os. Nos aseguraremos de que todo lo que les ofrezcamos refleje el tipo de celebraci\u00f3n que quieren y siempre dentro de su presupuesto.<\/p>","_et_gb_content_width":""},"_links":{"self":[{"href":"https:\/\/www.bcnweddingplanners.com\/rus\/wp-json\/wp\/v2\/pages\/49"}],"collection":[{"href":"https:\/\/www.bcnweddingplanners.com\/rus\/wp-json\/wp\/v2\/pages"}],"about":[{"href":"https:\/\/www.bcnweddingplanners.com\/rus\/wp-json\/wp\/v2\/types\/page"}],"author":[{"embeddable":true,"href":"https:\/\/www.bcnweddingplanners.com\/rus\/wp-json\/wp\/v2\/users\/1"}],"replies":[{"embeddable":true,"href":"https:\/\/www.bcnweddingplanners.com\/rus\/wp-json\/wp\/v2\/comments?post=49"}],"version-history":[{"count":25,"href":"https:\/\/www.bcnweddingplanners.com\/rus\/wp-json\/wp\/v2\/pages\/49\/revisions"}],"predecessor-version":[{"id":4103,"href":"https:\/\/www.bcnweddingplanners.com\/rus\/wp-json\/wp\/v2\/pages\/49\/revisions\/4103"}],"wp:attachment":[{"href":"https:\/\/www.bcnweddingplanners.com\/rus\/wp-json\/wp\/v2\/media?parent=49"}],"curies":[{"name":"wp","href":"https:\/\/api.w.org\/{rel}","templated":true}]}}