{"id":33,"date":"2014-02-20T14:19:31","date_gmt":"2014-02-20T14:19:31","guid":{"rendered":"http:\/\/www.bcnweddingplanners.com\/rus\/?page_id=33"},"modified":"2014-11-26T14:04:43","modified_gmt":"2014-11-26T14:04:43","slug":"%d0%bf%d1%80%d0%be%d1%86%d0%b5%d1%81%d1%81","status":"publish","type":"page","link":"https:\/\/www.bcnweddingplanners.com\/rus\/%d0%bf%d1%80%d0%be%d1%86%d0%b5%d1%81%d1%81\/","title":{"rendered":"\u041f\u0440\u043e\u0446\u0435\u0441\u0441"},"content":{"rendered":"<p>[et_pb_section fullwidth=&#187;on&#187; specialty=&#187;off&#187;][et_pb_fullwidth_slider admin_label=&#187;Fullwidth Slider&#187; show_arrows=&#187;on&#187; show_pagination=&#187;on&#187; auto=&#187;on&#187; parallax=&#187;off&#187; auto_speed=&#187;5000&#8243; parallax_method=&#187;off&#187;][et_pb_slide background_image=&#187;http:\/\/www.bcnweddingplanners.com\/rus\/wp-content\/uploads\/sites\/6\/2014\/02\/14.jpg&#187; background_color=&#187;#ffffff&#187; alignment=&#187;center&#187; background_layout=&#187;dark&#187; \/][et_pb_slide background_image=&#187;http:\/\/www.bcnweddingplanners.com\/rus\/wp-content\/uploads\/sites\/6\/2014\/02\/22.jpg&#187; background_color=&#187;#ffffff&#187; alignment=&#187;center&#187; background_layout=&#187;dark&#187; \/][et_pb_slide background_image=&#187;http:\/\/www.bcnweddingplanners.com\/rus\/wp-content\/uploads\/sites\/6\/2014\/02\/32.jpg&#187; background_color=&#187;#ffffff&#187; alignment=&#187;center&#187; background_layout=&#187;dark&#187; \/][et_pb_slide background_image=&#187;http:\/\/www.bcnweddingplanners.com\/rus\/wp-content\/uploads\/sites\/6\/2014\/02\/42.jpg&#187; background_color=&#187;#ffffff&#187; alignment=&#187;center&#187; background_layout=&#187;dark&#187; \/][et_pb_slide background_image=&#187;http:\/\/www.bcnweddingplanners.com\/rus\/wp-content\/uploads\/sites\/6\/2014\/02\/52.jpg&#187; background_color=&#187;#ffffff&#187; alignment=&#187;center&#187; background_layout=&#187;dark&#187; \/][et_pb_slide background_image=&#187;http:\/\/www.bcnweddingplanners.com\/rus\/wp-content\/uploads\/sites\/6\/2014\/02\/62.jpg&#187; background_color=&#187;#ffffff&#187; alignment=&#187;center&#187; background_layout=&#187;dark&#187; \/][et_pb_slide background_image=&#187;http:\/\/www.bcnweddingplanners.com\/rus\/wp-content\/uploads\/sites\/6\/2014\/02\/73.jpg&#187; background_color=&#187;#ffffff&#187; alignment=&#187;center&#187; background_layout=&#187;dark&#187; \/][et_pb_slide background_image=&#187;http:\/\/www.bcnweddingplanners.com\/rus\/wp-content\/uploads\/sites\/6\/2014\/02\/82.jpg&#187; background_color=&#187;#ffffff&#187; alignment=&#187;center&#187; background_layout=&#187;dark&#187; \/][\/et_pb_fullwidth_slider][\/et_pb_section][et_pb_section][et_pb_row][et_pb_column type=&#187;4_4&#8243;][et_pb_text admin_label=&#187;Text&#187; background_layout=&#187;light&#187; text_orientation=&#187;left&#187;]<\/p>\n<p style=\"text-align: justify\">\u041a\u043e\u043c\u0430\u043d\u0434\u0430 \u043a\u043e\u043c\u043f\u0430\u043d\u0438\u0438 <strong>Bcn\u00a0Wedding Planners<\/strong> \u0440\u0430\u0431\u043e\u0442\u0430\u0435\u0442 \u043a\u0430\u043a \u0441 \u043e\u0440\u0433\u0430\u043d\u0438\u0437\u0430\u0446\u0438\u0435\u0439, \u0442\u0430\u043a \u0438 \u0441 \u0434\u0438\u0437\u0430\u0439\u043d\u043e\u043c \u0438 \u0434\u0435\u043a\u043e\u0440\u0438\u0440\u043e\u0432\u0430\u043d\u0438\u0435\u043c \u0441\u0432\u0430\u0434\u0435\u0431 \u0438 \u043a\u043e\u0440\u043f\u043e\u0440\u0430\u0442\u0438\u0432\u043d\u044b\u0445 \u043c\u0435\u0440\u043e\u043f\u0440\u0438\u044f\u0442\u0438\u0439 \u043d\u0430 \u043f\u0440\u043e\u0442\u044f\u0436\u0435\u043d\u0438\u0438 \u043c\u043d\u043e\u0433\u0438\u0445\u00a0\u043b\u0435\u0442.<\/p>\n<p style=\"text-align: justify\">\u0411\u043b\u0430\u0433\u043e\u0434\u0430\u0440\u044f \u043f\u043e\u043c\u043e\u0449\u0438 \u0438 \u0441\u043e\u0442\u0440\u0443\u0434\u043d\u0438\u0447\u0435\u0441\u0442\u0432\u0443 \u043b\u0443\u0447\u0448\u0438\u0445 \u043f\u0440\u043e\u0444\u0435\u0441\u0441\u0438\u043e\u043d\u0430\u043b\u043e\u0432 \u0441\u0432\u0430\u0434\u0435\u0431\u043d\u043e\u0433\u043e \u0441\u0435\u043a\u0442\u043e\u0440\u0430, \u043c\u044b \u043f\u0440\u0435\u0432\u0440\u0430\u0449\u0430\u0435\u043c \u043a\u0430\u0436\u0434\u0443\u044e \u0441\u0432\u0430\u0434\u044c\u0431\u0443 \u0432 \u043c\u0435\u0447\u0442\u0443, \u0441\u0442\u0430\u0432\u0448\u0443\u044e \u0440\u0435\u0430\u043b\u044c\u043d\u043e\u0441\u0442\u044c\u044e, \u0434\u043b\u044f \u043f\u0430\u0440, \u043a\u043e\u0442\u043e\u0440\u044b\u0435 \u0434\u043e\u0432\u0435\u0440\u0438\u043b\u0438\u0441\u044c \u043d\u0430\u043c.<\/p>\n<p style=\"text-align: center\"><strong>\u0412\u0441\u0435 \u0447\u043b\u0435\u043d\u044b \u043a\u043e\u043c\u0430\u043d\u0434\u044b \u0440\u0430\u0431\u043e\u0442\u0430\u044e\u0442 \u043f\u043e\u0434 \u0440\u0443\u043a\u043e\u0432\u043e\u0434\u0441\u0442\u0432\u043e\u043c \u043e\u0434\u043d\u043e\u0433\u043e \u0447\u0435\u043b\u043e\u0432\u0435\u043a\u0430, \u0434\u0438\u0440\u0435\u043a\u0442\u043e\u0440\u0430. \u0412\u0441\u0435 \u0432\u043c\u0435\u0441\u0442\u0435 \u043c\u044b \u0434\u043e\u0431\u0438\u0432\u0430\u0435\u043c\u0441\u044f \u0442\u043e\u0433\u043e, \u0447\u0442\u043e \u0441\u0432\u0430\u0434\u044c\u0431\u044b, \u043e\u0440\u0433\u0430\u043d\u0438\u0437\u043e\u0432\u0430\u043d\u043d\u044b\u0435 \u043d\u0430\u043c\u0438, \u044f\u0432\u043b\u044f\u044e\u0442\u0441\u044f \u043e\u0431\u0440\u0430\u0437\u0446\u043e\u043c \u0434\u043b\u044f \u043f\u043e\u0434\u0440\u0430\u0436\u0430\u043d\u0438\u044f.<\/strong><\/p>\n<p>[\/et_pb_text][\/et_pb_column][\/et_pb_row][\/et_pb_section]<\/p>\n","protected":false},"excerpt":{"rendered":"<p><div class=\"et_pb_section et_pb_section_0 et_section_regular\" >\n\t\t\t\t\n\t\t\t\t\n\t\t\t\t\n\t\t\t\t\n\t\t\t\t\n\t\t\t\t\n\t\t\t\t\n\t\t\t\t\n\t\t\t\t\n\t\t\t<\/div><div class=\"et_pb_row et_pb_row_0 et_pb_row_empty\">\n\t\t\t\t\n\t\t\t\t\n\t\t\t\t\n\t\t\t\t\n\t\t\t\t\n\t\t\t<\/div> \u041a\u043e\u043c\u0430\u043d\u0434\u0430 \u043a\u043e\u043c\u043f\u0430\u043d\u0438\u0438 Bcn\u00a0Wedding Planners \u0440\u0430\u0431\u043e\u0442\u0430\u0435\u0442 \u043a\u0430\u043a \u0441 \u043e\u0440\u0433\u0430\u043d\u0438\u0437\u0430\u0446\u0438\u0435\u0439, \u0442\u0430\u043a \u0438 \u0441 \u0434\u0438\u0437\u0430\u0439\u043d\u043e\u043c \u0438 \u0434\u0435\u043a\u043e\u0440\u0438\u0440\u043e\u0432\u0430\u043d\u0438\u0435\u043c \u0441\u0432\u0430\u0434\u0435\u0431 \u0438 \u043a\u043e\u0440\u043f\u043e\u0440\u0430\u0442\u0438\u0432\u043d\u044b\u0445 \u043c\u0435\u0440\u043e\u043f\u0440\u0438\u044f\u0442\u0438\u0439 \u043d\u0430 \u043f\u0440\u043e\u0442\u044f\u0436\u0435\u043d\u0438\u0438 \u043c\u043d\u043e\u0433\u0438\u0445\u00a0\u043b\u0435\u0442. \u0411\u043b\u0430\u0433\u043e\u0434\u0430\u0440\u044f \u043f\u043e\u043c\u043e\u0449\u0438 \u0438 \u0441\u043e\u0442\u0440\u0443\u0434\u043d\u0438\u0447\u0435\u0441\u0442\u0432\u0443 \u043b\u0443\u0447\u0448\u0438\u0445 \u043f\u0440\u043e\u0444\u0435\u0441\u0441\u0438\u043e\u043d\u0430\u043b\u043e\u0432 \u0441\u0432\u0430\u0434\u0435\u0431\u043d\u043e\u0433\u043e \u0441\u0435\u043a\u0442\u043e\u0440\u0430, \u043c\u044b \u043f\u0440\u0435\u0432\u0440\u0430\u0449\u0430\u0435\u043c \u043a\u0430\u0436\u0434\u0443\u044e \u0441\u0432\u0430\u0434\u044c\u0431\u0443 \u0432 \u043c\u0435\u0447\u0442\u0443, \u0441\u0442\u0430\u0432\u0448\u0443\u044e \u0440\u0435\u0430\u043b\u044c\u043d\u043e\u0441\u0442\u044c\u044e, \u0434\u043b\u044f \u043f\u0430\u0440, \u043a\u043e\u0442\u043e\u0440\u044b\u0435 \u0434\u043e\u0432\u0435\u0440\u0438\u043b\u0438\u0441\u044c \u043d\u0430\u043c. \u0412\u0441\u0435 \u0447\u043b\u0435\u043d\u044b \u043a\u043e\u043c\u0430\u043d\u0434\u044b \u0440\u0430\u0431\u043e\u0442\u0430\u044e\u0442 \u043f\u043e\u0434 \u0440\u0443\u043a\u043e\u0432\u043e\u0434\u0441\u0442\u0432\u043e\u043c \u043e\u0434\u043d\u043e\u0433\u043e \u0447\u0435\u043b\u043e\u0432\u0435\u043a\u0430, \u0434\u0438\u0440\u0435\u043a\u0442\u043e\u0440\u0430. \u0412\u0441\u0435 \u0432\u043c\u0435\u0441\u0442\u0435 \u043c\u044b [&hellip;]<\/p>\n","protected":false},"author":1,"featured_media":0,"parent":0,"menu_order":5,"comment_status":"open","ping_status":"open","template":"","meta":{"_et_pb_use_builder":"on","_et_pb_old_content":"<p style=\"text-align: justify;\">El equipo de <strong>Spain Wedding Planners<\/strong> trabaja de manera conjunta en el dise\u00f1o y organizaci\u00f3n de bodas y eventos corporativos desde hace muchos a\u00f1os.<br \/> Con ayuda de los <strong>mejores profesionales del sector<\/strong>, especialmente seleccionados, logramos que cada boda sea un sue\u00f1o hecho realidad para las parejas que han confiado en nosotros.<br \/> Nuestro equipo trabaja en una misma direcci\u00f3n, bajo una misma directriz.<\/p><p style=\"text-align: center;\"><span style=\"font-size: 12pt;\"><strong>Todos juntos hacemos posible que las bodas que organizamos consigan el \u00e9xito que nos define.<\/strong> <\/span><\/p>","_et_gb_content_width":""},"_links":{"self":[{"href":"https:\/\/www.bcnweddingplanners.com\/rus\/wp-json\/wp\/v2\/pages\/33"}],"collection":[{"href":"https:\/\/www.bcnweddingplanners.com\/rus\/wp-json\/wp\/v2\/pages"}],"about":[{"href":"https:\/\/www.bcnweddingplanners.com\/rus\/wp-json\/wp\/v2\/types\/page"}],"author":[{"embeddable":true,"href":"https:\/\/www.bcnweddingplanners.com\/rus\/wp-json\/wp\/v2\/users\/1"}],"replies":[{"embeddable":true,"href":"https:\/\/www.bcnweddingplanners.com\/rus\/wp-json\/wp\/v2\/comments?post=33"}],"version-history":[{"count":14,"href":"https:\/\/www.bcnweddingplanners.com\/rus\/wp-json\/wp\/v2\/pages\/33\/revisions"}],"predecessor-version":[{"id":3890,"href":"https:\/\/www.bcnweddingplanners.com\/rus\/wp-json\/wp\/v2\/pages\/33\/revisions\/3890"}],"wp:attachment":[{"href":"https:\/\/www.bcnweddingplanners.com\/rus\/wp-json\/wp\/v2\/media?parent=33"}],"curies":[{"name":"wp","href":"https:\/\/api.w.org\/{rel}","templated":true}]}}