{"id":24,"date":"2014-02-20T14:14:01","date_gmt":"2014-02-20T14:14:01","guid":{"rendered":"http:\/\/www.bcnweddingplanners.com\/rus\/?page_id=24"},"modified":"2014-11-22T16:36:19","modified_gmt":"2014-11-22T16:36:19","slug":"%d0%ba%d0%be%d0%bc%d0%bf%d0%b0%d0%bd%d0%b8%d1%8f","status":"publish","type":"page","link":"https:\/\/www.bcnweddingplanners.com\/rus\/%d0%ba%d0%be%d0%bc%d0%bf%d0%b0%d0%bd%d0%b8%d1%8f\/","title":{"rendered":"\u041a\u043e\u043c\u043f\u0430\u043d\u0438\u044f"},"content":{"rendered":"<p>[et_pb_section fullwidth=&#187;on&#187; specialty=&#187;off&#187;][et_pb_fullwidth_slider admin_label=&#187;Fullwidth Slider&#187; show_arrows=&#187;on&#187; show_pagination=&#187;on&#187; auto=&#187;off&#187; parallax=&#187;off&#187; parallax_method=&#187;off&#187;][et_pb_slide background_image=&#187;http:\/\/www.bcnweddingplanners.com\/rus\/wp-content\/uploads\/sites\/6\/2014\/02\/superior-empresa.png&#187; background_color=&#187;#ffffff&#187; alignment=&#187;center&#187; background_layout=&#187;dark&#187; \/][\/et_pb_fullwidth_slider][\/et_pb_section][et_pb_section][et_pb_row][et_pb_column type=&#187;4_4&#8243;][et_pb_text admin_label=&#187;Text&#187; background_layout=&#187;light&#187; text_orientation=&#187;left&#187;]<\/p>\n<p style=\"text-align: justify;\"><span style=\"font-size: 24pt;\"><strong>\u041a\u043e\u043c\u043f\u0430\u043d\u0438\u044f<\/strong><\/span><\/p>\n<p style=\"text-align: justify;\"><strong>Bcn Wedding Planners<\/strong> \u0440\u043e\u0434\u0438\u043b\u0430\u0441\u044c \u043f\u043e\u0434 \u0440\u0443\u043a\u043e\u0432\u043e\u0434\u0441\u0442\u0432\u043e\u043c \u043f\u0440\u0435\u0441\u0442\u0438\u0436\u043d\u043e\u0433\u043e \u0438\u0441\u043f\u0430\u043d\u0441\u043a\u043e\u0433\u043e \u0441\u0432\u0430\u0434\u0435\u0431\u043d\u043e\u0433\u043e \u0434\u0438\u0437\u0430\u0439\u043d\u0435\u0440\u0430 \u0438 \u043e\u0440\u0433\u0430\u043d\u0438\u0437\u0430\u0442\u043e\u0440\u0430 <strong>\u041c\u0430\u0440\u0442\u044b \u041f\u0440\u0438\u0443<\/strong>, \u0442\u0430\u043a\u0436\u0435 \u043e\u0441\u043d\u043e\u0432\u0430\u0442\u0435\u043b\u044c\u043d\u0438\u0446\u044b \u0438 \u0434\u0438\u0440\u0435\u043a\u0442\u043e\u0440\u0430 \u0442\u0430\u043a\u0438\u0445 \u043a\u043e\u043c\u043f\u0430\u043d\u0438\u0439 \u043a\u0430\u043a\u00a0 <strong>Bcn Wedding Planners y Bcn Event Planners<\/strong>.<\/p>\n<p style=\"text-align: justify;\">\u041d\u0430 \u0441\u0447\u0435\u0442\u0443 \u043a\u043e\u043c\u043f\u0430\u043d\u0438\u0438 \u2013 \u043c\u043d\u043e\u0433\u043e\u043b\u0435\u0442\u043d\u0438\u0439 \u043e\u043f\u044b\u0442 \u0432 \u0441\u0432\u0430\u0434\u0435\u0431\u043d\u043e\u043c \u0441\u0435\u043a\u0442\u043e\u0440\u0435, \u0431\u043e\u043b\u044c\u0448\u043e\u0435 \u043a\u043e\u043b\u0438\u0447\u0435\u0441\u0442\u0432\u043e \u043f\u0440\u043e\u0432\u0435\u0434\u0435\u043d\u043d\u044b\u0445 \u0441\u0432\u0430\u0434\u0435\u0431 \u0432\u043e \u0432\u0441\u0435\u0432\u043e\u0437\u043c\u043e\u0436\u043d\u044b\u0445 \u0441\u0442\u0438\u043b\u044f\u0445, \u043f\u0440\u0438\u0437\u043d\u0430\u043d\u0438\u0435 \u0432 \u0438\u0441\u043f\u0430\u043d\u0441\u043a\u043e\u043c \u0441\u0435\u043a\u0442\u043e\u0440\u0435 \u043e\u0440\u0433\u0430\u043d\u0438\u0437\u0430\u0446\u0438\u0438 \u0441\u0432\u0430\u0434\u0435\u0431. \u0422\u0435\u043f\u0435\u0440\u044c \u041c\u0430\u0440\u0442\u0430 \u041f\u0440\u0438\u0443 \u043e\u0431\u044a\u0435\u0434\u0438\u043d\u0438\u043b\u0430 \u0434\u0432\u0435 \u043a\u043e\u043c\u043f\u0430\u043d\u0438\u0438 \u043f\u043e\u0434 \u043e\u0434\u043d\u043e\u0439 \u043c\u0430\u0440\u043a\u043e\u0439\u00a0<strong>Bcn Wedding Planners<\/strong> <strong>by Marta Priu<\/strong>, \u0441\u043e\u0445\u0440\u0430\u043d\u0438\u0432 \u0444\u0438\u043b\u043e\u0441\u043e\u0444\u0438\u044e \u0438 \u043f\u043e\u0434\u0445\u043e\u0434 \u043a \u0440\u0430\u0431\u043e\u0442\u0435.<\/p>\n<p style=\"text-align: justify;\">\u041a\u0430\u0436\u0434\u044b\u0439 \u0441\u0432\u0430\u0434\u0435\u0431\u043d\u044b\u0439 \u043e\u0440\u0433\u0430\u043d\u0438\u0437\u0430\u0442\u043e\u0440 \u0438 \u0434\u0438\u0437\u0430\u0439\u043d\u0435\u0440 \u0432 \u043d\u0430\u0448\u0435\u0439 \u043a\u043e\u043c\u0430\u043d\u0434\u0435 \u0441\u043f\u0435\u0446\u0438\u0430\u043b\u0438\u0437\u0438\u0440\u0443\u0435\u0442\u0441\u044f \u043d\u0430 \u043e\u043f\u0440\u0435\u0434\u0435\u043b\u0435\u043d\u043d\u043e\u043c \u0440\u0430\u0439\u043e\u043d\u0435 \u0418\u0441\u043f\u0430\u043d\u0438\u0438, \u0433\u0434\u0435 \u043e\u043d \u0440\u0430\u0431\u043e\u0442\u0430\u0435\u0442 \u0441 \u0442\u043e\u043b\u044c\u043a\u043e \u0441 \u043f\u0440\u043e\u0432\u0435\u0440\u0435\u043d\u043d\u044b\u043c\u0438 \u0438 \u043a\u0430\u0447\u0435\u0441\u0442\u0432\u0435\u043d\u043d\u044b\u043c\u0438 \u043f\u043e\u0441\u0442\u0430\u0432\u0449\u0438\u043a\u0430\u043c\u0438. \u0411\u043b\u0430\u0433\u043e\u0434\u0430\u0440\u044f \u0434\u0430\u043d\u043d\u043e\u043c\u0443 \u043f\u043e\u0434\u0445\u043e\u0434\u0443 \u043a\u043e\u043c\u043f\u0430\u043d\u0438\u044f bcn wedding planners \u0433\u0430\u0440\u0430\u043d\u0442\u0438\u0440\u0443\u0435\u0442 \u0443\u0441\u043b\u0443\u0433\u0438 \u043a\u043b\u0430\u0441\u0441\u0430 \u041f\u0440\u0435\u043c\u0438\u0443\u043c, \u043f\u0440\u043e\u0444\u0435\u0441\u0441\u0438\u043e\u043d\u0430\u043b\u0438\u0437\u043c \u0438 \u0443\u0441\u043f\u0435\u0445 \u043a\u0430\u0436\u0434\u043e\u0439 \u0441\u0432\u0430\u0434\u044c\u0431\u044b, \u043a\u043e\u0442\u043e\u0440\u0443\u044e \u043e\u043d\u0430 \u043e\u0440\u0433\u0430\u043d\u0438\u0437\u043e\u0432\u044b\u0432\u0430\u0435\u0442 \u0432 \u043b\u044e\u0431\u043e\u0439 \u0442\u043e\u0447\u043a\u0435 \u0418\u0441\u043f\u0430\u043d\u0438\u0438 \u0438\u043b\u0438 \u043b\u044e\u0431\u043e\u0439 \u0434\u0440\u0443\u0433\u043e\u0439 \u0441\u0442\u0440\u0430\u043d\u044b.<\/p>\n<p style=\"text-align: justify;\">\u041c\u043d\u043e\u0433\u0438\u0435 \u043f\u0430\u0440\u044b \u0443\u0436\u0435 \u0434\u043e\u0432\u0435\u0440\u0438\u043b\u0438\u0441\u044c \u043d\u0430\u0448\u0435\u043c\u0443 \u043e\u043f\u044b\u0442\u0443 \u0438 \u043f\u0440\u043e\u0444\u0435\u0441\u0441\u0438\u043e\u043d\u0430\u043b\u0438\u0437\u043c\u0443 \u0432 \u0441\u0444\u0435\u0440\u0435 \u043e\u0440\u0433\u0430\u043d\u0438\u0437\u0430\u0446\u0438\u0438 \u0441\u0432\u0430\u0434\u0435\u0431. \u0421\u0440\u0435\u0434\u0438 \u043d\u0430\u0448\u0438\u0445 \u043a\u043b\u0438\u0435\u043d\u0442\u043e\u0432 \u0435\u0441\u0442\u044c \u0438\u0437\u0432\u0435\u0441\u0442\u043d\u044b\u0435 \u0438\u0433\u0440\u043e\u043a\u0438 NBA, \u0444\u0443\u0442\u0431\u043e\u043b\u044c\u043d\u043e\u0433\u043e \u043a\u043b\u0443\u0431\u0430 \u0411\u0430\u0440\u0441\u0435\u043b\u043e\u043d\u0430, \u043f\u043e\u043b\u0438\u0442\u0438\u043a\u0438, \u0437\u0432\u0435\u0437\u0434\u044b \u0418\u0441\u043f\u0430\u043d\u0438\u0438 \u0438 \u043c\u0438\u0440\u043e\u0432\u043e\u0433\u043e \u043c\u0430\u0441\u0448\u0442\u0430\u0431\u0430 \u0438 \u0434\u0440\u0443\u0433\u0438\u0435 \u0438\u0437\u0432\u0435\u0441\u0442\u043d\u044b\u0435 \u043b\u0438\u0447\u043d\u043e\u0441\u0442\u0438.<\/p>\n<p style=\"text-align: justify;\">\u041d\u0430\u0448\u0430 \u0446\u0435\u043b\u044c \u2013 \u0432\u043e\u043f\u043b\u043e\u0449\u0430\u0442\u044c \u0432 \u0436\u0438\u0437\u043d\u044c \u043c\u0435\u0447\u0442\u044b \u0438 \u0434\u0430\u0436\u0435 \u043f\u0440\u0435\u0432\u043e\u0441\u0445\u043e\u0434\u0438\u0442\u044c \u043e\u0436\u0438\u0434\u0430\u043d\u0438\u044f \u043f\u0430\u0440, \u043a\u043e\u0442\u043e\u0440\u044b\u0435 \u0434\u043e\u0432\u0435\u0440\u0438\u043b\u0438\u0441\u044c <strong>Bcn Wedding Planners<\/strong>, \u0434\u043e\u0431\u0438\u0432\u0430\u044f\u0441\u044c \u044d\u0444\u0444\u0435\u043a\u0442\u0430 \u00ab\u0412\u0430\u0443!\u00bb \u043f\u0443\u0442\u0435\u043c \u0438\u043d\u0434\u0438\u0432\u0438\u0434\u0443\u0430\u043b\u044c\u043d\u043e\u0433\u043e \u043f\u043e\u0434\u0445\u043e\u0434\u0430 \u0438 \u0432\u043d\u0438\u043c\u0430\u043d\u0438\u044f \u043a \u043c\u0435\u043b\u044c\u0447\u0430\u0439\u0448\u0438\u043c \u0434\u0435\u0442\u0430\u043b\u044f\u043c.<\/p>\n<p style=\"text-align: justify;\"><strong>\u0426\u0435\u043d\u043d\u043e\u0441\u0442\u0438 \u043d\u0430\u0448\u0435\u0439 \u043a\u043e\u043c\u043f\u0430\u043d\u0438\u0438:<\/strong><\/p>\n<p style=\"text-align: justify;\">\u2022 <strong>\u042d\u043a\u0441\u043a\u043b\u044e\u0437\u0438\u0432\u043d\u043e\u0441\u0442\u044c:<\/strong> \u041c\u044b \u043e\u0440\u0433\u0430\u043d\u0438\u0437\u043e\u0432\u044b\u0432\u0430\u0435\u043c \u0443\u043d\u0438\u043a\u0430\u043b\u044c\u043d\u044b\u0435 \u0441\u0432\u0430\u0434\u044c\u0431\u044b, \u043e\u0442\u043b\u0438\u0447\u0430\u044e\u0449\u0438\u0435\u0441\u044f \u0441\u0432\u043e\u0438\u043c \u0441\u0442\u0438\u043b\u0435\u043c \u0438 \u0441\u043f\u043e\u0441\u043e\u0431\u043d\u044b\u0435 \u0443\u0434\u043e\u0432\u043b\u0435\u0442\u0432\u043e\u0440\u0438\u0442\u044c \u0434\u0430\u0436\u0435 \u0441\u0430\u043c\u044b\u0445 \u0432\u0437\u044b\u0441\u043a\u0430\u0442\u0435\u043b\u044c\u043d\u044b\u0445 \u043a\u043b\u0438\u0435\u043d\u0442\u043e\u0432.<\/p>\n<p style=\"text-align: justify;\">\u2022 <strong>\u041e\u043f\u044b\u0442:<\/strong> \u041c\u044b \u0440\u0430\u0441\u043f\u043e\u043b\u0430\u0433\u0430\u0435\u043c \u043a\u043e\u043c\u0430\u043d\u0434\u043e\u0439 \u0441\u0432\u0430\u0434\u0435\u0431\u043d\u044b\u0445 \u0434\u0438\u0437\u0430\u0439\u043d\u0435\u0440\u043e\u0432 \u0438 \u043e\u0440\u0433\u0430\u043d\u0438\u0437\u0430\u0442\u043e\u0440\u043e\u0432, \u044d\u043a\u0441\u043f\u0435\u0440\u0442\u043e\u0432 \u0432 \u043e\u0431\u043b\u0430\u0441\u0442\u0438 \u043e\u0440\u0433\u0430\u043d\u0438\u0437\u0430\u0446\u0438\u0438 \u0441\u0432\u0430\u0434\u0435\u0431 \u043d\u0430 \u043d\u0430\u0446\u0438\u043e\u043d\u0430\u043b\u044c\u043d\u043e\u043c \u0438 \u043c\u0435\u0436\u0434\u0443\u043d\u0430\u0440\u043e\u0434\u043d\u043e\u043c \u0443\u0440\u043e\u0432\u043d\u0435, \u0447\u0435\u0439 \u043e\u043f\u044b\u0442 \u043e\u0447\u0435\u043d\u044c \u0432\u0430\u0436\u0435\u043d \u0434\u043b\u044f \u043e\u0440\u0433\u0430\u043d\u0438\u0437\u0430\u0446\u0438\u0438 \u043a\u0430\u0436\u0434\u043e\u0439 \u0438\u0437 \u0441\u0432\u0430\u0434\u0435\u0431.<\/p>\n<p style=\"text-align: justify;\">\u2022 <strong>\u041f\u0435\u0440\u0441\u043e\u043d\u0430\u043b\u0438\u0437\u0430\u0446\u0438\u044f<\/strong>: \u041c\u044b \u0444\u043e\u043a\u0443\u0441\u0438\u0440\u0443\u0435\u043c \u043d\u0430\u0448 \u043f\u043e\u0434\u0445\u043e\u0434 \u043d\u0430 \u0443\u043d\u0438\u043a\u0430\u043b\u044c\u043d\u043e\u0441\u0442\u0438, \u043a\u0430\u0436\u0434\u0430\u044f \u0441\u0432\u0430\u0434\u0435\u0431\u043d\u0430\u044f \u0434\u0435\u0442\u0430\u043b\u044c \u043f\u0440\u043e\u0434\u0443\u043c\u044b\u0432\u0430\u0435\u0442\u0441\u044f \u0442\u0430\u043a, \u0447\u0442\u043e\u0431\u044b \u043d\u0430\u0438\u043b\u0443\u0447\u0448\u0435\u043c \u043e\u0431\u0440\u0430\u0437\u043e\u043c \u043e\u0442\u0440\u0430\u0437\u0438\u0442\u044c \u0441\u0443\u0449\u043d\u043e\u0441\u0442\u044c \u043f\u0430\u0440\u044b.<\/p>\n<p style=\"text-align: justify;\">\u2022 <strong>\u041f\u0440\u043e\u0444\u0435\u0441\u0441\u0438\u043e\u043d\u0430\u043b\u0438\u0437\u043c<\/strong>: \u041c\u044b \u0440\u0430\u0431\u043e\u0442\u0430\u0435\u043c \u0441\u043e \u0441\u0442\u0440\u0430\u0441\u0442\u044c\u044e, \u0442\u0449\u0430\u0442\u0435\u043b\u044c\u043d\u043e \u0441\u043b\u0435\u0434\u0438\u043c \u0437\u0430 \u043a\u0430\u0447\u0435\u0441\u0442\u0432\u043e\u043c, \u0441\u0442\u0430\u0440\u0430\u044f\u0441\u044c \u043a\u0430\u043a \u043c\u043e\u0436\u043d\u043e \u043b\u0443\u0447\u0448\u0435 \u0443\u0434\u043e\u0432\u043b\u0435\u0442\u0432\u043e\u0440\u0438\u0442\u044c \u043f\u043e\u0442\u0440\u0435\u0431\u043d\u043e\u0441\u0442\u0438 \u043f\u0430\u0440, \u043a\u043e\u0442\u043e\u0440\u044b\u0435 \u0434\u043e\u0432\u0435\u0440\u0438\u043b\u0438\u0441\u044c \u043d\u0430\u043c.<\/p>\n<p style=\"text-align: justify;\">\u2022 <strong>\u041e\u0431\u044f\u0437\u0430\u0442\u0435\u043b\u044c\u0441\u0442\u0432\u043e \u043f\u0435\u0440\u0435\u0434 \u043a\u043b\u0438\u0435\u043d\u0442\u0430\u043c\u0438<\/strong>: \u0414\u043b\u044f \u043d\u0430\u0441 \u0432\u0430\u0436\u043d\u043e \u043f\u0440\u0435\u0432\u0437\u043e\u0439\u0442\u0438 \u043e\u0436\u0438\u0434\u0430\u043d\u0438\u044f \u043d\u0430\u0448\u0438\u0445 \u043a\u043b\u0438\u0435\u043d\u0442\u043e\u0432.<\/p>\n<p>[\/et_pb_text][\/et_pb_column][\/et_pb_row][\/et_pb_section]<\/p>\n","protected":false},"excerpt":{"rendered":"<p><div class=\"et_pb_section et_pb_section_0 et_section_regular\" >\n\t\t\t\t\n\t\t\t\t\n\t\t\t\t\n\t\t\t\t\n\t\t\t\t\n\t\t\t\t\n\t\t\t\t\n\t\t\t\t\n\t\t\t\t\n\t\t\t<\/div><div class=\"et_pb_row et_pb_row_0 et_pb_row_empty\">\n\t\t\t\t\n\t\t\t\t\n\t\t\t\t\n\t\t\t\t\n\t\t\t\t\n\t\t\t<\/div> \u041a\u043e\u043c\u043f\u0430\u043d\u0438\u044f Bcn Wedding Planners \u0440\u043e\u0434\u0438\u043b\u0430\u0441\u044c \u043f\u043e\u0434 \u0440\u0443\u043a\u043e\u0432\u043e\u0434\u0441\u0442\u0432\u043e\u043c \u043f\u0440\u0435\u0441\u0442\u0438\u0436\u043d\u043e\u0433\u043e \u0438\u0441\u043f\u0430\u043d\u0441\u043a\u043e\u0433\u043e \u0441\u0432\u0430\u0434\u0435\u0431\u043d\u043e\u0433\u043e \u0434\u0438\u0437\u0430\u0439\u043d\u0435\u0440\u0430 \u0438 \u043e\u0440\u0433\u0430\u043d\u0438\u0437\u0430\u0442\u043e\u0440\u0430 \u041c\u0430\u0440\u0442\u044b \u041f\u0440\u0438\u0443, \u0442\u0430\u043a\u0436\u0435 \u043e\u0441\u043d\u043e\u0432\u0430\u0442\u0435\u043b\u044c\u043d\u0438\u0446\u044b \u0438 \u0434\u0438\u0440\u0435\u043a\u0442\u043e\u0440\u0430 \u0442\u0430\u043a\u0438\u0445 \u043a\u043e\u043c\u043f\u0430\u043d\u0438\u0439 \u043a\u0430\u043a\u00a0 Bcn Wedding Planners y Bcn Event Planners. \u041d\u0430 \u0441\u0447\u0435\u0442\u0443 \u043a\u043e\u043c\u043f\u0430\u043d\u0438\u0438 \u2013 \u043c\u043d\u043e\u0433\u043e\u043b\u0435\u0442\u043d\u0438\u0439 \u043e\u043f\u044b\u0442 \u0432 \u0441\u0432\u0430\u0434\u0435\u0431\u043d\u043e\u043c \u0441\u0435\u043a\u0442\u043e\u0440\u0435, \u0431\u043e\u043b\u044c\u0448\u043e\u0435 \u043a\u043e\u043b\u0438\u0447\u0435\u0441\u0442\u0432\u043e \u043f\u0440\u043e\u0432\u0435\u0434\u0435\u043d\u043d\u044b\u0445 \u0441\u0432\u0430\u0434\u0435\u0431 \u0432\u043e \u0432\u0441\u0435\u0432\u043e\u0437\u043c\u043e\u0436\u043d\u044b\u0445 \u0441\u0442\u0438\u043b\u044f\u0445, \u043f\u0440\u0438\u0437\u043d\u0430\u043d\u0438\u0435 \u0432 \u0438\u0441\u043f\u0430\u043d\u0441\u043a\u043e\u043c \u0441\u0435\u043a\u0442\u043e\u0440\u0435 \u043e\u0440\u0433\u0430\u043d\u0438\u0437\u0430\u0446\u0438\u0438 \u0441\u0432\u0430\u0434\u0435\u0431. \u0422\u0435\u043f\u0435\u0440\u044c \u041c\u0430\u0440\u0442\u0430 \u041f\u0440\u0438\u0443 [&hellip;]<\/p>\n","protected":false},"author":1,"featured_media":0,"parent":0,"menu_order":1,"comment_status":"open","ping_status":"open","template":"","meta":{"_et_pb_use_builder":"on","_et_pb_old_content":"<p style=\"text-align: justify;\"><strong>Bcn Wedding Planners<\/strong> nace de la mano de <strong>Marta Priu<\/strong>, prestigiosa <strong>Wedding Planner & Designer espa\u00f1ola<\/strong>, fundadora y directora de <strong>Bcn Wedding Planners<\/strong> y <strong><a href=\"http:\/\/www.bcneventplanners.com\">Bcn Event Planners<\/a><\/strong>.<\/p><p style=\"text-align: justify;\">Despu\u00e9s de una larga trayectoria en el sector nupcial, de dise\u00f1ar y organizar un gran n\u00famero de bodas de diferentes estilos y de adquirir un alto conocimiento del mercado nupcial espa\u00f1ol, Marta Priu decide agrupar, bajo una misma marca, filosof\u00eda y entendimiento del dise\u00f1o y la organizaci\u00f3n de las bodas, al conjunto de Wedding Planners & Designers que hoy en d\u00eda forman parte del grupo<strong> P\u0443\u0441\u0441\u043a\u0438\u0439 Bcn Wedding Planners by Marta Priu<\/strong>.<\/p><p style=\"text-align: justify;\">Cada una de nuestras Wedding Planners & Designers est\u00e1 especializada en su propia zona de actuaci\u00f3n dentro del territorio espa\u00f1ol, donde trabaja con proveedores altamente cualificados. Es as\u00ed, como <strong>Bcn Wedding Planners<\/strong>\u00a0<strong>by Marta Priu<\/strong> garantiza un servicio <strong><em>Premium<\/em><\/strong>\u00a0en cualquier punto de la geograf\u00eda Nacional e Internacional.<\/p><p style=\"text-align: justify;\">Son muchos los novios que han confiado en nuestra experiencia y profesionalidad a la hora de organizar su boda. Entre nuestros clientes figuran jugadores de gran prestigio y reconocimiento Internacional de la NBA, del F.C. Barcelona, personalidades del mundo social, celebridades espa\u00f1olas y extranjeras, entre muchos otros clientes.<\/p><p style=\"text-align: justify;\">Nuestro objetivo es cumplir los sue\u00f1os y superar las expectativas de las parejas que han confiado en <strong>P\u0443\u0441\u0441\u043a\u0438\u0439 Bcn Wedding Planners by Marta Priu<\/strong>, ofreci\u00e9ndoles el factor \u201cWow!\u201d a trav\u00e9s de bodas trabajadas de manera particular y personalizadas hasta el m\u00e1s m\u00ednimo detalle, sin dejar nada al azar.<\/p><p style=\"text-align: justify;\"><strong>Nuestros valores como grupo son:<\/strong><\/p><ul style=\"text-align: justify;\"><li><strong>Exclusividad:<\/strong> Organizamos bodas \u00fanicas, bodas exquisitas y bodas elegantes para novios exigentes.<\/li><li><strong>Experiencia:<\/strong>\u00a0M\u00e1s de una d\u00e9cada nos avala como dise\u00f1adores y organizadores de bodas. Transmitimos esa experiencia en todo lo que hacemos.<\/li><li><strong>Personalizaci\u00f3n:<\/strong> Nuestro servicio tiene un enfoque personal, cada detalle de las bodas que organizamos est\u00e1 pensado cuidadosamente para reflejar la esencia de los novios.<\/li><li><strong>Profesionalidad:<\/strong> Trabajamos con integridad, pasi\u00f3n y calidad, siempre concentr\u00e1ndonos en atender de la mejor manera las necesidades de las parejas que conf\u00edan en nosotros.<\/li><li><strong>Compromiso con el cliente:<\/strong> Para nosotros, nada es m\u00e1s importante que superar las expectativas de nuestros clientes.<\/li><\/ul><p style=\"text-align: justify;\">Como parte de <strong>nuestra filosof\u00eda<\/strong>, trabajamos al lado de las empresas m\u00e1s respetadas en el sector de las bodas, que comparten con nosotros la misma pasi\u00f3n, el compromiso, el alto nivel de servicio, la excelencia y la atenci\u00f3n al detalle, para juntos, lograr bodas inolvidables.<\/p><p style=\"text-align: justify;\">\u00a0<\/p>","_et_gb_content_width":""},"_links":{"self":[{"href":"https:\/\/www.bcnweddingplanners.com\/rus\/wp-json\/wp\/v2\/pages\/24"}],"collection":[{"href":"https:\/\/www.bcnweddingplanners.com\/rus\/wp-json\/wp\/v2\/pages"}],"about":[{"href":"https:\/\/www.bcnweddingplanners.com\/rus\/wp-json\/wp\/v2\/types\/page"}],"author":[{"embeddable":true,"href":"https:\/\/www.bcnweddingplanners.com\/rus\/wp-json\/wp\/v2\/users\/1"}],"replies":[{"embeddable":true,"href":"https:\/\/www.bcnweddingplanners.com\/rus\/wp-json\/wp\/v2\/comments?post=24"}],"version-history":[{"count":30,"href":"https:\/\/www.bcnweddingplanners.com\/rus\/wp-json\/wp\/v2\/pages\/24\/revisions"}],"predecessor-version":[{"id":3786,"href":"https:\/\/www.bcnweddingplanners.com\/rus\/wp-json\/wp\/v2\/pages\/24\/revisions\/3786"}],"wp:attachment":[{"href":"https:\/\/www.bcnweddingplanners.com\/rus\/wp-json\/wp\/v2\/media?parent=24"}],"curies":[{"name":"wp","href":"https:\/\/api.w.org\/{rel}","templated":true}]}}