{"id":2219,"date":"2014-07-24T08:37:54","date_gmt":"2014-07-24T08:37:54","guid":{"rendered":"http:\/\/www.bcnweddingplanners.com\/rus\/?page_id=2219"},"modified":"2014-11-25T12:33:32","modified_gmt":"2014-11-25T12:33:32","slug":"%d1%81%d0%b2%d0%b0%d0%b4%d0%b5%d0%b1%d0%bd%d1%8b%d0%b9-%d1%8d%d0%ba%d1%81%d0%bf%d0%b5%d1%80%d1%82-%d0%ba%d0%bb%d0%b0%d1%81%d1%81%d0%b0-%d0%bb%d1%8e%d0%ba%d1%81","status":"publish","type":"page","link":"https:\/\/www.bcnweddingplanners.com\/rus\/%d1%81%d0%b2%d0%b0%d0%b4%d0%b5%d0%b1%d0%bd%d1%8b%d0%b9-%d1%8d%d0%ba%d1%81%d0%bf%d0%b5%d1%80%d1%82-%d0%ba%d0%bb%d0%b0%d1%81%d1%81%d0%b0-%d0%bb%d1%8e%d0%ba%d1%81\/","title":{"rendered":"\u0421\u0432\u0430\u0434\u0435\u0431\u043d\u044b\u0439 \u044d\u043a\u0441\u043f\u0435\u0440\u0442 \u043a\u043b\u0430\u0441\u0441\u0430 \u043b\u044e\u043a\u0441"},"content":{"rendered":"<p>[et_pb_section][et_pb_row][et_pb_column type=&#187;4_4&#8243;][et_pb_text admin_label=&#187;Text&#187; background_layout=&#187;light&#187; text_orientation=&#187;left&#187;]<\/p>\n<p style=\"text-align: justify\"><a href=\"http:\/\/www.bcnweddingplanners.com\/rus\/wp-content\/uploads\/sites\/6\/2014\/07\/wedding-expert_marta_priu.png\"><img decoding=\"async\" loading=\"lazy\" class=\"alignright wp-image-3528 size-full\" style=\"margin-left: 5px\" src=\"http:\/\/www.bcnweddingplanners.com\/rus\/wp-content\/uploads\/sites\/6\/2014\/07\/wedding-expert_marta_priu.png\" alt=\"wedding-expert_marta_priu\" width=\"450\" height=\"320\" srcset=\"https:\/\/www.bcnweddingplanners.com\/rus\/wp-content\/uploads\/sites\/6\/2014\/07\/wedding-expert_marta_priu.png 450w, https:\/\/www.bcnweddingplanners.com\/rus\/wp-content\/uploads\/sites\/6\/2014\/07\/wedding-expert_marta_priu-400x284.png 400w\" sizes=\"(max-width: 450px) 100vw, 450px\" \/><\/a><strong>\u041c\u0430\u0440\u0442\u0430 \u041f\u0440\u0438\u0443<\/strong> \u0437\u0430\u043a\u043e\u043d\u0447\u0438\u043b\u0430 \u0443\u043d\u0438\u0432\u0435\u0440\u0441\u0438\u0442\u0435\u0442 Abad Oliba \u043f\u043e \u043a\u0443\u0440\u0441\u0443 \u0436\u0443\u0440\u043d\u0430\u043b\u0438\u0437\u043c \u0438 \u043c\u0430\u0433\u0438\u0441\u0442\u0440\u0430\u0442\u0443\u0440\u0443 \u043f\u043e \u043a\u0443\u0440\u0441\u0443 \u043c\u0430\u0440\u043a\u0435\u0442\u0438\u043d\u0433 \u0438 \u043a\u043e\u043c\u043c\u0443\u043d\u0438\u043a\u0430\u0446\u0438\u0438 \u0432 \u0441\u0444\u0435\u0440\u0435 \u043c\u043e\u0434\u044b \u0438 \u0442\u043e\u0432\u0430\u0440\u043e\u0432 \u043a\u043b\u0430\u0441\u0441\u0430 \u043b\u044e\u043a\u0441 \u0443\u043d\u0438\u0432\u0435\u0440\u0441\u0438\u0442\u0435\u0442\u0430 Complutense de Madrid \u0438 \u0436\u0443\u0440\u043d\u0430\u043b\u0430 Elle.<\/p>\n<p style=\"text-align: justify\">\u041c\u0430\u0440\u0442\u0430 \u041f\u0440\u0438\u0443 \u043e\u0441\u043d\u0430\u0432\u0430\u043b\u0430 \u043a\u043e\u043c\u043f\u0430\u043d\u0438\u044e\u00a0 <strong>Bcn Wedding Planners<\/strong> \u0432 2005 \u0433\u043e\u0434\u0443, \u043a\u043e\u0442\u043e\u0440\u0430\u044f \u0441\u0442\u0430\u043b\u0430 \u043e\u0434\u043d\u043e\u0439 \u0438\u0437 \u043f\u0435\u0440\u0432\u044b\u0445 \u0430\u0433\u0435\u043d\u0442\u0441\u0442\u0432 \u0432 \u0418\u0441\u043f\u0430\u043d\u0438\u0438, \u0433\u0434\u0435 \u043e\u0440\u0433\u0430\u043d\u0438\u0437\u0430\u0446\u0438\u044f \u0438 \u0434\u0438\u0437\u0430\u0439\u043d \u0441\u0432\u0430\u0434\u0435\u0431 \u0441\u0442\u0430\u043b\u0438 \u043f\u0440\u0438\u0437\u043d\u0430\u043d\u043d\u043e\u0439 \u043f\u0440\u043e\u0444\u0435\u0441\u0441\u0438\u0435\u0439 \u0441\u0432\u0430\u0434\u0435\u0431\u043d\u043e\u0433\u043e \u0441\u0435\u043a\u0442\u043e\u0440\u0430.<\/p>\n<p style=\"text-align: justify\">\u0421\u0435\u0439\u0447\u0430\u0441 \u041c\u0430\u0440\u0442\u0430 \u041f\u0440\u0438\u0443 \u043f\u0440\u0435\u0441\u0442\u0438\u0436\u043d\u044b\u0439 \u0441\u0432\u0430\u0434\u0435\u0431\u043d\u044b\u0439 \u0434\u0438\u0437\u0430\u0439\u043d\u0435\u0440 \u0438 \u043e\u0440\u0433\u0430\u043d\u0438\u0437\u0430\u0442\u043e\u0440. \u0412 2007 \u0433\u043e\u0434\u0443 \u043e\u043d\u0430 \u043e\u0441\u043d\u043e\u0432\u0430\u043b\u0430 \u043a\u043e\u043c\u043f\u0430\u043d\u0438\u044e\u00a0 Bcn Event Planners (\u0430\u0433\u0435\u043d\u0441\u0442\u0432\u043e \u043f\u043e \u043e\u0440\u0433\u0430\u043d\u0438\u0437\u0430\u0446\u0438\u0438 \u0438 \u0434\u0438\u0437\u0430\u0439\u043d\u0443 \u043a\u043e\u0440\u043f\u043e\u0440\u0430\u0442\u0438\u0432\u043d\u044b\u0445 \u043c\u0435\u0440\u043e\u043f\u0440\u0438\u044f\u0442\u0438\u0439), \u0441\u0440\u0435\u0434\u0438 \u043a\u043b\u0438\u0435\u043d\u0442\u043e\u0432 \u043a\u043e\u0442\u043e\u0440\u043e\u0439 \u0435\u0441\u0442\u044c \u0442\u0430\u043a\u0438\u0435 \u043d\u0430\u0446\u0438\u043e\u043d\u0430\u043b\u044c\u043d\u044b\u0435 \u0438 \u0438\u043d\u0442\u0435\u0440\u043d\u0430\u0446\u0438\u043e\u043d\u0430\u043b\u044c\u043d\u044b\u0435 \u043a\u043e\u043c\u043f\u0430\u043d\u0438\u0438, \u043a\u0430\u043a\u00a0 <strong>HP<\/strong>, <strong>Softonic<\/strong>, <strong>Swarovski<\/strong>, <strong>Prudential<\/strong>, <strong>Laboratorios Menarini<\/strong>, <strong>Privalia<\/strong>, <strong>Unicredit<\/strong>&#8230;<\/p>\n<p style=\"text-align: justify\">\u0422\u0430\u043a \u0436\u0435 \u043e\u043d\u0430 \u044f\u0432\u043b\u044f\u0435\u0442\u0441\u044f\u00a0 \u043f\u0440\u0435\u0437\u0438\u0434\u0435\u043d\u0442\u043e\u043c \u0438 \u0441\u043e\u043e\u0441\u043d\u043e\u0432\u0430\u0442\u0435\u043b\u0435\u043c \u0418\u0441\u043f\u0430\u043d\u0441\u043a\u043e\u0439 \u0410\u0441\u0441\u043e\u0446\u0438\u0430\u0446\u0438\u0438 \u0421\u0432\u0430\u0434\u0435\u0431\u043d\u044b\u0439 \u041e\u0440\u0433\u0430\u043d\u0438\u0437\u0430\u0442\u043e\u0440\u043e\u0432 \u0438 \u0414\u0438\u0437\u0430\u0439\u043d\u0435\u0440\u043e\u0432 <strong>(AEWP)<\/strong>, \u0447\u043b\u0435\u043d \u041d\u0435\u0437\u0430\u0432\u0438\u0441\u0438\u043c\u043e\u0439 \u0410\u0441\u0441\u043e\u0446\u0438\u0430\u0446\u0438\u0438 \u041c\u043e\u043b\u043e\u0434\u044b\u0445 \u043f\u0440\u0435\u0434\u043f\u0440\u0438\u043d\u0438\u043c\u0430\u0442\u0435\u043b\u0435\u0439 \u041a\u0430\u0442\u0430\u043b\u043e\u043d\u0438\u0438<strong> (AIJEC)<\/strong>, \u043f\u0440\u0435\u043f\u043e\u0434\u0430\u0432\u0430\u0442\u0435\u043b\u044c\u043d\u0438\u0446\u0430 \u043a\u0443\u0440\u0441\u043e\u0432 \u043f\u043e \u0441\u0432\u0430\u0434\u0435\u0431\u043d\u043e\u0439 \u043e\u0440\u0433\u0430\u043d\u0438\u0437\u0430\u0446\u0438\u0438 <strong>(\u0431\u043e\u043b\u0435\u0435 100 \u0443\u0447\u0435\u043d\u0438\u0446 \u0438\u0437 \u0440\u0430\u0437\u043b\u0438\u0447\u043d\u044b\u0445 \u0441\u0442\u0440\u0430\u043d)<\/strong>.<\/p>\n<p style=\"text-align: justify\">\u0418\u043d\u0442\u0435\u0440\u0432\u044c\u044e \u041c\u0430\u0440\u0442\u044b \u041f\u0440\u0438\u0443 \u043f\u0443\u0431\u043b\u0438\u043a\u043e\u0432\u0430\u043b\u0438\u0441\u044c \u0432 \u0442\u0430\u043a\u0438\u0445 \u043f\u0440\u0435\u0441\u0442\u0438\u0436\u043d\u044b\u0445 \u0438\u0441\u043f\u0430\u043d\u0441\u043a\u0438\u0445 \u0438\u0437\u0434\u0430\u043d\u0438\u044f\u0445 \u043a\u0430\u043a , \u201c<strong>El Mundo<\/strong>\u201d, \u201c<strong>La Vanguardia<\/strong>\u201d, \u201c<strong>El Peri\u00f3dico<\/strong>\u201d, \u201c<strong>RTVE<\/strong>\u201d, \u201c<strong>TV3<\/strong>\u201d. \u0422\u0430\u043a \u0436\u0435 \u043e\u043d\u0430 \u0443\u0447\u0430\u0441\u0442\u0432\u043e\u0432\u0430\u043b\u0430 \u0432 \u0431\u043e\u043b\u044c\u0448\u043e\u043c \u043a\u043e\u043b\u0438\u0447\u0435\u0441\u0442\u0432\u0435 \u043a\u0440\u0443\u0433\u043b\u044b\u0445 \u0441\u0442\u043e\u043b\u043e\u0432 \u0438 \u043a\u043e\u043d\u0444\u0435\u0440\u0435\u043d\u0446\u0438\u0439 \u043f\u043e\u0441\u0432\u044f\u0449\u0435\u043d\u043d\u044b\u0445 \u0441\u0432\u0430\u0434\u0435\u0431\u043d\u043e\u0439 \u043e\u0440\u0433\u0430\u043d\u0438\u0437\u0430\u0446\u0438\u0438 \u0438 \u0434\u0438\u0437\u0430\u0439\u043d\u0443.<\/p>\n<p style=\"text-align: justify\">\u0420\u0435\u0448\u0435\u043d\u0438\u0435 \u043d\u0430\u0447\u0430\u0442\u044c \u0440\u0430\u0431\u043e\u0442\u0443 \u043d\u0430\u0434 \u043f\u0440\u043e\u0435\u043a\u0442\u043e\u043c \u041c\u0430\u0440\u0442\u0430 \u041f\u0440\u0438\u0443 \u043f\u0440\u0438\u043d\u044f\u043b\u0430\u00a0 \u0432 2014 \u0438 \u043f\u0440\u043e\u0435\u043a\u0442 \u0443\u0436\u0435 \u0432\u044b\u0448\u0435\u043b \u043d\u0430 \u043d\u0430\u0446\u0438\u043e\u043d\u0430\u043b\u044c\u043d\u044b\u0439 \u0443\u0440\u043e\u0432\u0435\u043d\u044c \u0441 \u0441\u0435\u0440\u0432\u0438\u0441\u043e\u043c \u043f\u0440\u0435\u043c\u0438\u0443\u043c-\u043a\u043b\u0430\u0441\u0441\u0430 \u0434\u043b\u044f \u043d\u0430\u0438\u0431\u043e\u043b\u0435\u0435 \u044d\u043a\u0441\u043a\u043b\u044e\u0437\u0438\u0432\u043d\u044b\u0445 \u0438 \u0432\u0437\u044b\u0441\u043a\u0430\u0442\u0435\u043b\u044c\u043d\u044b\u0445 \u043a\u043b\u0438\u0435\u043d\u0442\u043e\u0432.<\/p>\n<p>&nbsp;<\/p>\n<p>&nbsp;<\/p>\n<p>[\/et_pb_text][\/et_pb_column][\/et_pb_row][\/et_pb_section]<\/p>\n","protected":false},"excerpt":{"rendered":"<p><div class=\"et_pb_section et_pb_section_0 et_section_regular\" >\n\t\t\t\t\n\t\t\t\t\n\t\t\t\t\n\t\t\t\t\n\t\t\t\t\n\t\t\t\t\n\t\t\t\t\n\t\t\t\t\n\t\t\t\t\n\t\t\t<\/div><div class=\"et_pb_row et_pb_row_0 et_pb_row_empty\">\n\t\t\t\t\n\t\t\t\t\n\t\t\t\t\n\t\t\t\t\n\t\t\t\t\n\t\t\t<\/div> \u041c\u0430\u0440\u0442\u0430 \u041f\u0440\u0438\u0443 \u0437\u0430\u043a\u043e\u043d\u0447\u0438\u043b\u0430 \u0443\u043d\u0438\u0432\u0435\u0440\u0441\u0438\u0442\u0435\u0442 Abad Oliba \u043f\u043e \u043a\u0443\u0440\u0441\u0443 \u0436\u0443\u0440\u043d\u0430\u043b\u0438\u0437\u043c \u0438 \u043c\u0430\u0433\u0438\u0441\u0442\u0440\u0430\u0442\u0443\u0440\u0443 \u043f\u043e \u043a\u0443\u0440\u0441\u0443 \u043c\u0430\u0440\u043a\u0435\u0442\u0438\u043d\u0433 \u0438 \u043a\u043e\u043c\u043c\u0443\u043d\u0438\u043a\u0430\u0446\u0438\u0438 \u0432 \u0441\u0444\u0435\u0440\u0435 \u043c\u043e\u0434\u044b \u0438 \u0442\u043e\u0432\u0430\u0440\u043e\u0432 \u043a\u043b\u0430\u0441\u0441\u0430 \u043b\u044e\u043a\u0441 \u0443\u043d\u0438\u0432\u0435\u0440\u0441\u0438\u0442\u0435\u0442\u0430 Complutense de Madrid \u0438 \u0436\u0443\u0440\u043d\u0430\u043b\u0430 Elle. \u041c\u0430\u0440\u0442\u0430 \u041f\u0440\u0438\u0443 \u043e\u0441\u043d\u0430\u0432\u0430\u043b\u0430 \u043a\u043e\u043c\u043f\u0430\u043d\u0438\u044e\u00a0 Bcn Wedding Planners \u0432 2005 \u0433\u043e\u0434\u0443, \u043a\u043e\u0442\u043e\u0440\u0430\u044f \u0441\u0442\u0430\u043b\u0430 \u043e\u0434\u043d\u043e\u0439 \u0438\u0437 \u043f\u0435\u0440\u0432\u044b\u0445 \u0430\u0433\u0435\u043d\u0442\u0441\u0442\u0432 \u0432 \u0418\u0441\u043f\u0430\u043d\u0438\u0438, \u0433\u0434\u0435 \u043e\u0440\u0433\u0430\u043d\u0438\u0437\u0430\u0446\u0438\u044f \u0438 \u0434\u0438\u0437\u0430\u0439\u043d \u0441\u0432\u0430\u0434\u0435\u0431 \u0441\u0442\u0430\u043b\u0438 [&hellip;]<\/p>\n","protected":false},"author":1,"featured_media":0,"parent":0,"menu_order":0,"comment_status":"open","ping_status":"open","template":"","meta":{"_et_pb_use_builder":"on","_et_pb_old_content":"<p style=\"text-align: justify;\"><strong>Marta Priu<\/strong> es Publicista por la <strong>Universidad Abad Oliba<\/strong> con un M\u00e1ster\u00a0en M\u00e1rketing y Comunicaci\u00f3n del sector de la Moda y del Lujo impartido por la <strong>Universidad Complutense de Madrid<\/strong> y la <strong>revista ELLE<\/strong>.<\/p><p style=\"text-align: justify;\">Fund\u00f3<strong> Bcn Wedding Planners<\/strong> en 2005 siendo una de las agencias pioneras en introducir en Espa\u00f1a el concepto del wedding planner, como profesional del dise\u00f1o y de la organizaci\u00f3n de bodas. <strong>Marta Priu<\/strong> es, en la actualidad, una <strong>Wedding Planner & Designer<\/strong> de reconocido prestigio en Espa\u00f1a.<\/p><p style=\"text-align: justify;\">En el a\u00f1o 2007 fund\u00f3 <strong><a href=\"http:\/\/www.bcneventplanners.com\">Bcn Event Planners<\/a>, <\/strong>una\u00a0agencia de dise\u00f1o y de organizaci\u00f3n de eventos corporativos, entre cuyos clientes se encuentran empresas de gran renombre Nacional e Internacional como<strong> HP, Swarovski, Prudential, Unicredit, Laboratorios Menarini, Privalia, Softonic...<\/strong><\/p><p style=\"text-align: justify;\"><strong>Marta,\u00a0<\/strong>es miembro de la \"<em><strong>Associaci\u00f3 Independent de Joves Empresaris de Catalunya<\/strong><\/em>\" (AIJEC) y, profesora en activo de cursos de wedding planner (formaci\u00f3n propia, con ense\u00f1anza a m\u00e1s de 100 alumnas de diferentes pa\u00edses).<\/p><p><strong>Marta Priu<\/strong> ha sido entrevistada por los medios de comunicaci\u00f3n m\u00e1s prestigiosos de Espa\u00f1a, tales como \u201c<a title=\"El mundo\" href=\"http:\/\/www.bcnweddingplanners.com\/rus\/medios\/prensa\/\"><strong>El Mundo<\/strong><\/a>\u201d, \u201c<a title=\"La vanguardia\" href=\"http:\/\/www.bcnweddingplanners.com\/rus\/medios\/prensa\/\"><strong>La Vanguardia<\/strong><\/a>\u201d, \u201c<a title=\"El peri\u00f3dico\" href=\"http:\/\/www.bcnweddingplanners.com\/rus\/medios\/prensa\/\"><strong>El Peri\u00f3dico<\/strong><\/a>\u201d, \u201c<a title=\"TVE\" href=\"http:\/\/www.bcnweddingplanners.com\/rus\/medios\/radio-%C2%ADtv\/\"><strong>RTVE<\/strong><\/a>\u201d, \u201c<a title=\"TV3\" href=\"http:\/\/www.bcnweddingplanners.com\/rus\/medios\/radio-%C2%ADtv\/\"><strong>TV3<\/strong><\/a>\u201d\u2026, y ha participado en multitud de tertulias como experta Wedding Planner & Designer.<\/p><p><strong>Marta,\u00a0<\/strong>decide en 2010, empezar a gestar lo que en 2014 ha dado a luz, un proyecto a nivel Nacional, un servicio<em><strong> first class<\/strong><\/em> para los clientes m\u00e1s exclusivos y exigentes.<\/p><p>\u00a0<\/p>","_et_gb_content_width":""},"_links":{"self":[{"href":"https:\/\/www.bcnweddingplanners.com\/rus\/wp-json\/wp\/v2\/pages\/2219"}],"collection":[{"href":"https:\/\/www.bcnweddingplanners.com\/rus\/wp-json\/wp\/v2\/pages"}],"about":[{"href":"https:\/\/www.bcnweddingplanners.com\/rus\/wp-json\/wp\/v2\/types\/page"}],"author":[{"embeddable":true,"href":"https:\/\/www.bcnweddingplanners.com\/rus\/wp-json\/wp\/v2\/users\/1"}],"replies":[{"embeddable":true,"href":"https:\/\/www.bcnweddingplanners.com\/rus\/wp-json\/wp\/v2\/comments?post=2219"}],"version-history":[{"count":28,"href":"https:\/\/www.bcnweddingplanners.com\/rus\/wp-json\/wp\/v2\/pages\/2219\/revisions"}],"predecessor-version":[{"id":3874,"href":"https:\/\/www.bcnweddingplanners.com\/rus\/wp-json\/wp\/v2\/pages\/2219\/revisions\/3874"}],"wp:attachment":[{"href":"https:\/\/www.bcnweddingplanners.com\/rus\/wp-json\/wp\/v2\/media?parent=2219"}],"curies":[{"name":"wp","href":"https:\/\/api.w.org\/{rel}","templated":true}]}}