{"id":1343,"date":"2014-10-19T09:58:50","date_gmt":"2014-10-19T09:58:50","guid":{"rendered":"http:\/\/www.bcnweddingplanners.com\/rus\/?page_id=1343"},"modified":"2016-12-14T21:18:04","modified_gmt":"2016-12-14T20:18:04","slug":"%d0%b1%d0%b0%d0%bb%d0%b5%d0%b0%d1%80%d1%81%d0%ba%d0%b8%d0%b5-%d0%be%d1%81%d1%82%d1%80%d0%be%d0%b2%d0%b0","status":"publish","type":"page","link":"https:\/\/www.bcnweddingplanners.com\/rus\/%d0%b1%d0%b0%d0%bb%d0%b5%d0%b0%d1%80%d1%81%d0%ba%d0%b8%d0%b5-%d0%be%d1%81%d1%82%d1%80%d0%be%d0%b2%d0%b0\/","title":{"rendered":"\u0411\u0430\u043b\u0435\u0430\u0440\u0441\u043a\u0438\u0435 \u043e\u0441\u0442\u0440\u043e\u0432\u0430"},"content":{"rendered":"<p>[et_pb_section admin_label=&#187;section&#187; fullwidth=&#187;on&#187; specialty=&#187;off&#187;][et_pb_fullwidth_slider admin_label=&#187;Fullwidth Slider&#187; show_arrows=&#187;on&#187; show_pagination=&#187;on&#187; auto=&#187;off&#187; parallax=&#187;off&#187;] [et_pb_slide background_image=&#187;http:\/\/www.bcnweddingplanners.com\/rus\/wp-content\/uploads\/sites\/6\/2014\/05\/ibiza_wedding.jpg&#187; background_color=&#187;#ffffff&#187; alignment=&#187;center&#187; background_layout=&#187;dark&#187; \/] [\/et_pb_fullwidth_slider][\/et_pb_section][et_pb_section admin_label=&#187;section&#187;][et_pb_row admin_label=&#187;row&#187;][et_pb_column type=&#187;4_4&#8243;][et_pb_text admin_label=&#187;Text&#187; background_layout=&#187;light&#187; text_orientation=&#187;left&#187; use_border_color=&#187;off&#187; border_color=&#187;#ffffff&#187; border_style=&#187;solid&#187;]<\/p>\n<p style=\"text-align: justify;\"><strong>\u0411\u0430\u043b\u0435\u0430\u0440\u0441\u043a\u0438\u0435 \u043e\u0441\u0442\u0440\u043e\u0432\u0430<\/strong><\/p>\n<p>\u0411\u0430\u043b\u0435\u0430\u0440\u0441\u043a\u0438\u0435 \u043e\u0441\u0442\u0440\u043e\u0432\u0430 \u2013 \u044d\u0442\u043e \u043e\u0434\u0438\u043d \u0438\u0437 \u0440\u0435\u0433\u0438\u043e\u043d\u043e\u0432 \u0418\u0441\u043f\u0430\u043d\u0438\u0438, \u0437\u043d\u0430\u043c\u0435\u043d\u0438\u0442\u044b\u0439 \u0441\u0432\u043e\u0438\u043c\u0438 \u043f\u0440\u0435\u043a\u0440\u0430\u0441\u043d\u044b\u043c\u0438 \u043f\u0435\u0439\u0437\u0430\u0436\u0430\u043c\u0438, \u0441\u043e\u0437\u0434\u0430\u043d\u043d\u044b\u043c\u0438 \u0421\u0440\u0435\u0434\u0438\u0437\u0435\u043c\u043d\u044b\u043c \u041c\u043e\u0440\u0435\u043c. \u0412 \u0441\u043e\u0441\u0442\u0430\u0432 \u0430\u0440\u0445\u0438\u043f\u0435\u043b\u0430\u0433\u0430 \u0432\u0445\u043e\u0434\u044f\u0442 \u043e\u0441\u0442\u0440\u043e\u0432\u0430 \u041c\u0430\u0439\u043e\u0440\u043a\u0430, \u041c\u0435\u043d\u043e\u0440\u043a\u0430, \u0418\u0431\u0438\u0446\u0430 \u0438 \u0424\u043e\u0440\u043c\u0435\u043d\u0442\u0435\u0440\u0430. \u041e\u0441\u0442\u0440\u043e\u0432\u0430 \u043e\u0442\u043b\u0438\u0447\u0430\u044e\u0442\u0441\u044f \u043c\u044f\u0433\u043a\u0438\u043c \u043a\u043b\u0438\u043c\u0430\u0442\u043e\u043c \u0438 \u043d\u0430 \u041c\u0430\u0439\u043e\u0440\u043a\u0435 \u0432\u044b \u043c\u043e\u0436\u0435\u0442\u0435 \u043d\u0430\u0441\u043b\u0430\u0436\u0434\u0430\u0442\u044c\u0441\u044f 300 \u0441\u043e\u043b\u043d\u0435\u0447\u043d\u044b\u043c\u0438 \u0434\u043d\u044f\u043c\u0438 \u0432 \u0433\u043e\u0434. \u0411\u043b\u0430\u0433\u043e\u0434\u0430\u0440\u044f \u0441\u0432\u043e\u0438\u043c \u043f\u043b\u044f\u0436\u0430\u043c, \u0438\u0437\u044b\u0441\u043a\u0430\u043d\u043d\u043e\u0439 \u043a\u0443\u0445\u043d\u0435, \u043b\u044e\u0434\u044f\u043c \u0438 \u0445\u043e\u0440\u043e\u0448\u0435\u0439 \u0430\u0442\u043c\u043e\u0441\u0444\u0435\u0440\u0435, \u044d\u0442\u0438 \u043e\u0441\u0442\u0440\u043e\u0432\u0430 \u044f\u0432\u043b\u044f\u044e\u0442\u0441\u044f \u043f\u0440\u0435\u043a\u0440\u0430\u0441\u043d\u044b\u043c \u043c\u0435\u0441\u0442\u043e\u043c \u0434\u043b\u044f \u043f\u0440\u043e\u0432\u0435\u0434\u0435\u043d\u0438\u044f \u0442\u0430\u043a\u043e\u0433\u043e \u0432\u0430\u0436\u043d\u043e\u0433\u043e \u043c\u0435\u0440\u043e\u043f\u0440\u0438\u044f\u0442\u0438\u044f, \u043a\u0430\u043a \u0441\u0432\u0430\u0434\u044c\u0431\u0430.<\/p>\n<p><strong>\u0418\u0431\u0438\u0446\u0430<\/strong><\/p>\n<p>\u042d\u0442\u043e\u0442 \u043e\u0441\u0442\u0440\u043e\u0432 \u0437\u043d\u0430\u043c\u0435\u043d\u0438\u0442 \u0441\u0432\u043e\u0435\u0439 \u043d\u0435\u0443\u0434\u0435\u0440\u0436\u0438\u043c\u043e\u0439 \u044d\u043d\u0435\u0440\u0433\u0438\u0435\u0439, \u043a\u0443\u0445\u043d\u0435\u0439, \u0442\u0440\u0430\u0434\u0438\u0446\u0438\u044f\u043c\u0438, \u0437\u0435\u043b\u0435\u043d\u044b\u043c\u0438 \u0433\u043e\u0440\u0430\u043c\u0438 \u0438 \u0431\u043e\u0433\u0430\u0442\u044b\u043c \u0438\u0441\u0442\u043e\u0440\u0438\u0447\u0435\u0441\u043a\u0438\u043c \u0438 \u043a\u0443\u043b\u044c\u0442\u0443\u0440\u043d\u044b\u043c \u043d\u0430\u0441\u043b\u0435\u0434\u0438\u0435\u043c.\u0415\u0441\u043b\u0438 \u0432\u044b \u0445\u043e\u0442\u0438\u0442\u0435 \u043e\u0442\u043f\u0440\u0430\u0437\u0434\u043d\u043e\u0432\u0430\u0442\u044c \u0441\u0432\u0430\u0434\u044c\u0431\u0443 \u043d\u0430 \u0444\u043e\u043d\u0435 \u0437\u0430\u043a\u0430\u0442\u0430, \u0433\u0434\u0435 \u043c\u0430\u0433\u0438\u044f \u0441\u0432\u0435\u0442\u0430 \u0438 \u043a\u0440\u0430\u0441\u043e\u0442\u0430 \u043f\u0435\u0439\u0437\u0430\u0436\u0435\u0439 \u0441\u0434\u0435\u043b\u0430\u044e\u0442 \u0434\u0435\u043d\u044c \u0432\u0430\u0448\u0435\u0439 \u0441\u0432\u0430\u0434\u044c\u0431\u044b \u043d\u0435\u0437\u0430\u0431\u044b\u0432\u0430\u0435\u043c\u044b\u043c.\u0418\u0437\u044b\u0441\u043a\u0430\u043d\u043d\u043e\u0441\u0442\u044c \u0438 \u043d\u0430\u0442\u0443\u0440\u0430\u043b\u044c\u043d\u043e\u0441\u0442\u044c \u0441\u0442\u0438\u043b\u044f \u044d\u0442\u043e\u0433\u043e \u043e\u0441\u0442\u0440\u043e\u0432\u0430 \u0437\u0430\u0441\u0442\u0430\u0432\u043b\u044f\u0435\u0442 \u043b\u044e\u0434\u0435\u0439 \u0432\u043e\u0437\u0432\u0440\u0430\u0449\u0430\u0442\u044c\u0441\u044f \u0442\u0443\u0434\u0430 \u0441\u043d\u043e\u0432\u0430 \u0438 \u0441\u043d\u043e\u0432\u0430.<\/p>\n<p><strong>\u0424\u043e\u0440\u043c\u0435\u043d\u0442\u0435\u0440\u0430<\/strong><\/p>\n<p>\u041e\u0434\u0438\u043d \u0438\u0437 \u0441\u0430\u043c\u044b\u0445 \u043d\u0435\u0442\u0440\u043e\u043d\u0443\u0442\u044b\u0445 \u043e\u0441\u0442\u0440\u043e\u0432\u043e\u0432 \u0432 \u0421\u0440\u0435\u0434\u0438\u0437\u0435\u043c\u043d\u043e\u043c \u043c\u043e\u0440\u0435, \u0424\u043e\u0440\u043c\u0435\u043d\u0442\u0435\u0440\u0430 \u0441\u043e\u0445\u0440\u0430\u043d\u0438\u043b\u0430 \u043c\u0430\u0433\u0438\u044e \u0441\u0432\u043e\u0438\u0445 \u0447\u0438\u0441\u0442\u044b\u0445 \u0432\u043e\u0434 \u0438 \u043f\u043b\u044f\u0436\u0435\u0439, \u0441\u043f\u043e\u043a\u043e\u0439\u043d\u043e\u0439 \u0438 \u043d\u0430\u0442\u0443\u0440\u0430\u043b\u044c\u043d\u043e\u0439 \u0430\u0442\u043c\u043e\u0441\u0444\u0435\u0440\u044b.\u041d\u0435\u0434\u043e\u0441\u0442\u0443\u043f\u043d\u043e\u0441\u0442\u044c \u043e\u0441\u0442\u0440\u043e\u0432\u0430 \u0434\u0435\u043b\u0430\u0435\u0442 \u0435\u0433\u043e \u043f\u0440\u0435\u0432\u043e\u0441\u0445\u043e\u0434\u043d\u044b\u043c \u043c\u0435\u0441\u0442\u043e\u043c \u0434\u043b\u044f \u0443\u0435\u0434\u0438\u043d\u0435\u043d\u043d\u043e\u0439 \u0438 \u0440\u043e\u043c\u0430\u043d\u0442\u0438\u0447\u043d\u043e\u0439 \u0441\u0432\u0430\u0434\u044c\u0431\u044b.\u041d\u0430 \u043e\u0441\u0442\u0440\u043e\u0432\u0435 \u043c\u043d\u043e\u0433\u043e \u0443\u043d\u0438\u043a\u0430\u043b\u044c\u043d\u044b\u0445 \u043c\u0435\u0441\u0442 \u0434\u043b\u044f \u0446\u0435\u0440\u0435\u043c\u043e\u043d\u0438\u0438 \u0438 \u0431\u0430\u043d\u043a\u0435\u0442\u0430, \u043a\u043e\u0442\u043e\u0440\u044b\u0435 \u043c\u043e\u0436\u043d\u043e \u043f\u0440\u043e\u0432\u0435\u0441\u0442\u0438 \u043d\u0430 \u0444\u043e\u043d\u0435 \u043d\u0435\u043e\u0431\u044b\u043a\u043d\u043e\u0432\u0435\u043d\u043d\u044b\u0445 \u0437\u0430\u043a\u0430\u0442\u043e\u0432, \u043d\u0430 \u043c\u043e\u0440\u0441\u043a\u043e\u043c \u0431\u0435\u0440\u0435\u0433\u0443 \u0441 \u043b\u0435\u0433\u043a\u0438\u043c \u0431\u0440\u0438\u0437\u043e\u043c.<\/p>\n<p><strong>\u041c\u0430\u0439\u043e\u0440\u043a\u0430<\/strong><\/p>\n<p>\u041c\u0430\u0439\u043e\u0440\u043a\u0430 \u044f\u0432\u043b\u044f\u0435\u0442\u0441\u044f \u0441\u0442\u043e\u043b\u0438\u0446\u0435\u0439 \u0411\u0430\u043b\u0435\u0430\u0440\u0441\u043a\u0438\u0445 \u043e\u0441\u0442\u0440\u043e\u0432\u043e\u0432. \u042d\u0442\u043e \u043c\u0435\u0441\u0442\u043e \u0431\u043e\u0433\u0430\u0442\u043e \u0441\u0432\u043e\u0438\u043c\u0438 \u043f\u0435\u0439\u0437\u0430\u0436\u0430\u043c\u0438 \u0438 \u0430\u0440\u0445\u0438\u0442\u0435\u043a\u0442\u0443\u0440\u043e\u0439 \u0441 \u044f\u0440\u043a\u043e \u0432\u044b\u0440\u0430\u0436\u0435\u043d\u043d\u044b\u043c \u0432\u043b\u0438\u044f\u043d\u0438\u0435\u043c \u0420\u0438\u043c\u0441\u043a\u043e\u0433\u043e \u043f\u0435\u0440\u0438\u043e\u0434\u0430.\u041d\u0430 \u043e\u0441\u0442\u0440\u043e\u0432\u0435 \u043f\u0440\u0438\u0441\u0443\u0442\u0441\u0442\u0432\u0443\u0435\u0442 \u0448\u0438\u0440\u043e\u0447\u0430\u0439\u0448\u0438\u0439 \u0432\u044b\u0431\u043e\u0440 \u0443\u043d\u0438\u043a\u0430\u043b\u044c\u043d\u044b\u0445 \u043c\u0435\u0441\u0442 \u0434\u043b\u044f \u043f\u0440\u043e\u0432\u0435\u0434\u0435\u043d\u0438\u044f \u0441\u0432\u0430\u0434\u044c\u0431\u044b \u2013 \u043e\u0442\u0435\u043b\u0438 \u043a\u043b\u0430\u0441\u0441\u0430 \u043b\u044e\u043a\u0441 \u043d\u0430 \u0431\u0435\u0440\u0435\u0433\u043e\u0432\u043e\u0439 \u043b\u0438\u043d\u0438\u0438, \u0437\u0430\u0433\u043e\u0440\u043e\u0434\u043d\u044b\u0435 \u0432\u0438\u043b\u043b\u044b, \u0441\u0430\u0434\u044b, \u0437\u0430\u043c\u043a\u0438\u2026\u041b\u0435\u0433\u043a\u0430\u044f \u0442\u0440\u0430\u043d\u0441\u043f\u043e\u0440\u0442\u043d\u0430\u044f \u0434\u043e\u0441\u0442\u0443\u043f\u043d\u043e\u0441\u0442\u044c \u0438 \u043e\u0440\u0438\u0433\u0438\u043d\u0430\u043b\u044c\u043d\u0430\u044f \u043a\u0443\u0445\u043d\u044f \u0434\u0435\u043b\u0430\u044e\u0442 \u044d\u0442\u043e\u0442 \u043e\u0441\u0442\u0440\u043e\u0432 \u0438\u0434\u0435\u0430\u043b\u044c\u043d\u044b\u043c \u043c\u0435\u0441\u0442\u043e\u043c \u0434\u043b\u044f \u043f\u0440\u043e\u0432\u0435\u0434\u0435\u043d\u0438\u044f \u0441\u0432\u0430\u0434\u044c\u0431\u044b.<\/p>\n<p><a href=\"mailto:baleares@bcnweddingplanners.com\"><strong>baleares@bcnweddingplanners.com<\/strong><\/a><\/p>\n<p><iframe loading=\"lazy\" src=\"\/\/www.youtube.com\/embed\/k6J8Ev8zE_s\" width=\"560\" height=\"314\" allowfullscreen=\"allowfullscreen\"><\/iframe><\/p>\n<p>[\/et_pb_text][\/et_pb_column][\/et_pb_row][\/et_pb_section]<\/p>\n","protected":false},"excerpt":{"rendered":"<p>\u0411\u0430\u043b\u0435\u0430\u0440\u0441\u043a\u0438\u0435 \u043e\u0441\u0442\u0440\u043e\u0432\u0430 \u0411\u0430\u043b\u0435\u0430\u0440\u0441\u043a\u0438\u0435 \u043e\u0441\u0442\u0440\u043e\u0432\u0430 \u2013 \u044d\u0442\u043e \u043e\u0434\u0438\u043d \u0438\u0437 \u0440\u0435\u0433\u0438\u043e\u043d\u043e\u0432 \u0418\u0441\u043f\u0430\u043d\u0438\u0438, \u0437\u043d\u0430\u043c\u0435\u043d\u0438\u0442\u044b\u0439 \u0441\u0432\u043e\u0438\u043c\u0438 \u043f\u0440\u0435\u043a\u0440\u0430\u0441\u043d\u044b\u043c\u0438 \u043f\u0435\u0439\u0437\u0430\u0436\u0430\u043c\u0438, \u0441\u043e\u0437\u0434\u0430\u043d\u043d\u044b\u043c\u0438 \u0421\u0440\u0435\u0434\u0438\u0437\u0435\u043c\u043d\u044b\u043c \u041c\u043e\u0440\u0435\u043c. \u0412 \u0441\u043e\u0441\u0442\u0430\u0432 \u0430\u0440\u0445\u0438\u043f\u0435\u043b\u0430\u0433\u0430 \u0432\u0445\u043e\u0434\u044f\u0442 \u043e\u0441\u0442\u0440\u043e\u0432\u0430 \u041c\u0430\u0439\u043e\u0440\u043a\u0430, \u041c\u0435\u043d\u043e\u0440\u043a\u0430, \u0418\u0431\u0438\u0446\u0430 \u0438 \u0424\u043e\u0440\u043c\u0435\u043d\u0442\u0435\u0440\u0430. \u041e\u0441\u0442\u0440\u043e\u0432\u0430 \u043e\u0442\u043b\u0438\u0447\u0430\u044e\u0442\u0441\u044f \u043c\u044f\u0433\u043a\u0438\u043c \u043a\u043b\u0438\u043c\u0430\u0442\u043e\u043c \u0438 \u043d\u0430 \u041c\u0430\u0439\u043e\u0440\u043a\u0435 \u0432\u044b \u043c\u043e\u0436\u0435\u0442\u0435 \u043d\u0430\u0441\u043b\u0430\u0436\u0434\u0430\u0442\u044c\u0441\u044f 300 \u0441\u043e\u043b\u043d\u0435\u0447\u043d\u044b\u043c\u0438 \u0434\u043d\u044f\u043c\u0438 \u0432 \u0433\u043e\u0434. \u0411\u043b\u0430\u0433\u043e\u0434\u0430\u0440\u044f \u0441\u0432\u043e\u0438\u043c \u043f\u043b\u044f\u0436\u0430\u043c, \u0438\u0437\u044b\u0441\u043a\u0430\u043d\u043d\u043e\u0439 \u043a\u0443\u0445\u043d\u0435, \u043b\u044e\u0434\u044f\u043c \u0438 \u0445\u043e\u0440\u043e\u0448\u0435\u0439 \u0430\u0442\u043c\u043e\u0441\u0444\u0435\u0440\u0435, \u044d\u0442\u0438 \u043e\u0441\u0442\u0440\u043e\u0432\u0430 \u044f\u0432\u043b\u044f\u044e\u0442\u0441\u044f \u043f\u0440\u0435\u043a\u0440\u0430\u0441\u043d\u044b\u043c [&hellip;]<\/p>\n","protected":false},"author":1,"featured_media":0,"parent":0,"menu_order":0,"comment_status":"open","ping_status":"open","template":"","meta":{"_et_pb_use_builder":"on","_et_pb_old_content":"<p>LAS ISLAS BALEARES <br \/><br \/>Las Islas Baleares son una de las comunidades aut\u00f3nomas de Espa\u00f1a donde el Mar Mediterr\u00e1neo deja sus mejores paisajes.<br \/><br \/>Es un archipi\u00e9lago formado por las islas de Mallorca, Menorca, Ibiza y Formentera.<br \/><br \/>El clima es suave y en Mallorca se goza de m\u00e1s de 300 d\u00edas de sol al a\u00f1o.<br \/><br \/>Sus playas, su gastronom\u00eda, sus gentes y su buena energ\u00eda hacen de estas islas un lugar perfecto para la celebraci\u00f3n de importantes celebraciones como las bodas.<br \/><br \/>IBIZA<br \/><br \/>Su energ\u00eda, su gastronom\u00eda, sus tradiciones, sus monta\u00f1as verdes y un rico patrimonio hist\u00f3rico y cultural son algunos de los regalos que esta isla nos ofrece.<br \/><br \/>Es el escenario perfecto para una boda al atardecer con la puesta de sol de fondo, donde la magia de su luz y sus paisajes har\u00e1n de el d\u00eda de su boda un d\u00eda \u00fanico. <br \/><br \/>Su estilo bohemio y natural hace que la gente que pisa la isla desee volver.<br \/><br \/>FORMENTERA<br \/><br \/>Una de las islas m\u00e1s v\u00edrgenes habitadas del Mediterr\u00e1neo. Conserva la magia de sus playas de aguas cristalinas\u00a0 y un ambiente tranquilo y natural.<br \/><br \/>Su acceso limitado, hace de este paraje un lugar id\u00edlico para la celebraci\u00f3n de bodas \u00edntimas y de aire personal. <br \/><br \/>Goza de lugares \u00fanicos para ceremonias y banquetes, sin duda el escenario m\u00e1s m\u00e1gico para una boda al aire libre acompa\u00f1ada por la brisa del mar y las puestas de sol.<br \/><br \/><br \/>MALLORCA<br \/><br \/>Mallorca es la capital de las Islas Baleares.<br \/><br \/>Un lugar con gran riqueza paisaj\u00edstica y una clara influencia de la \u00e9poca romana en sus arquitectura.<br \/><br \/>Gran variedad de lugares \u00fanicos y pintorescos para la celebraci\u00f3n de una boda; hoteles de lujo, a la orilla del mar, casas en el campo, jardines, castillos\u2026<br \/><br \/>Su gastronom\u00eda y su accesibilidad hacen de \u00e9sta isla un lugar perfecto para celebraciones de boda.<br \/><br \/>MENORCA<br \/><br \/>Una de las islas con las mejores playas y calas de Espa\u00f1a. <br \/><br \/>Goza de lugares \u00fanicos a la orilla del mar ideales para bodas al atardecer con aire elegante y desenfadadas. <br \/><br \/>Sus paisajes id\u00edlicos, sus ermitas en color blanco, sus aguas cristalinas junto a su gastronom\u00eda, ser\u00e1n caracter\u00edsticos de su boda. <br \/><br \/><\/p>","_et_gb_content_width":""},"_links":{"self":[{"href":"https:\/\/www.bcnweddingplanners.com\/rus\/wp-json\/wp\/v2\/pages\/1343"}],"collection":[{"href":"https:\/\/www.bcnweddingplanners.com\/rus\/wp-json\/wp\/v2\/pages"}],"about":[{"href":"https:\/\/www.bcnweddingplanners.com\/rus\/wp-json\/wp\/v2\/types\/page"}],"author":[{"embeddable":true,"href":"https:\/\/www.bcnweddingplanners.com\/rus\/wp-json\/wp\/v2\/users\/1"}],"replies":[{"embeddable":true,"href":"https:\/\/www.bcnweddingplanners.com\/rus\/wp-json\/wp\/v2\/comments?post=1343"}],"version-history":[{"count":20,"href":"https:\/\/www.bcnweddingplanners.com\/rus\/wp-json\/wp\/v2\/pages\/1343\/revisions"}],"predecessor-version":[{"id":4052,"href":"https:\/\/www.bcnweddingplanners.com\/rus\/wp-json\/wp\/v2\/pages\/1343\/revisions\/4052"}],"wp:attachment":[{"href":"https:\/\/www.bcnweddingplanners.com\/rus\/wp-json\/wp\/v2\/media?parent=1343"}],"curies":[{"name":"wp","href":"https:\/\/api.w.org\/{rel}","templated":true}]}}