{"id":98,"date":"2014-10-21T14:43:43","date_gmt":"2014-10-21T14:43:43","guid":{"rendered":"http:\/\/www.bcnweddingplanners.com\/ita\/?page_id=98"},"modified":"2014-12-06T16:19:48","modified_gmt":"2014-12-06T16:19:48","slug":"barcellona","status":"publish","type":"page","link":"https:\/\/www.bcnweddingplanners.com\/ita\/barcellona\/","title":{"rendered":"Barcellona"},"content":{"rendered":"<p>[et_pb_section fullwidth=&#8221;on&#8221; specialty=&#8221;off&#8221;][et_pb_fullwidth_slider admin_label=&#8221;Fullwidth Slider&#8221; show_arrows=&#8221;on&#8221; show_pagination=&#8221;on&#8221; auto=&#8221;off&#8221; parallax=&#8221;off&#8221;][et_pb_slide background_color=&#8221;#ffffff&#8221; alignment=&#8221;center&#8221; background_layout=&#8221;dark&#8221; background_image=&#8221;http:\/\/www.bcnweddingplanners.com\/ita\/wp-content\/uploads\/sites\/8\/2014\/02\/Barcelona_wedding_2.png&#8221; \/][\/et_pb_fullwidth_slider][\/et_pb_section][et_pb_section fullwidth=&#8221;off&#8221; specialty=&#8221;off&#8221;][et_pb_row][et_pb_column type=&#8221;4_4&#8243;][et_pb_text admin_label=&#8221;Text&#8221; background_layout=&#8221;light&#8221; text_orientation=&#8221;left&#8221;]<\/p>\n<p style=\"text-align: justify;\"><b>DESTINATION WEDDINGS IN BARCELLONA, MATRIMONI A BARCELLONA<\/b><\/p>\n<p style=\"text-align: justify;\"><strong>Barcellona<\/strong> \u00e8 una citt\u00e0 cosmopolita situata in una zona privilegiata della Costa Mediterranea, bagnata dal mare e circondata da montagne, caratteristiche che le conferiscono un clima mite e molto gradevole tutto l&#8217;anno. <strong>Barcellona<\/strong> \u00e8 una citt\u00e0 multiculturale, all&#8217;avanguardia e ricca di storia, peculiarit\u00e0 che la convertono nella <strong>meta preferita di chi decide di sposarsi in Spagna<\/strong>, indipendentemente dal luogo di provenienza, dalla residenza o dalla nazionalit\u00e0 degli sposi.<\/p>\n<p style=\"text-align: justify;\">La citt\u00e0 comitale offre servizi di alta qualit\u00e0, nonch\u00e9 una variegata gastronomia, dalla cucina tradizionale a quella pi\u00f9 creativa fino alla fusion. Non a caso \u00e8 nota a livello mondiale per via di chef premiati con stelle Michelin, come i fratelli Roca, Ferr\u00e1n Adri\u00e0, Jordi Cruz, Carme Ruscalleda e Nandu Jubany, tra gli altri.<\/p>\n<p>Oggigiorno, <strong>Barcellona<\/strong> \u00e8 il cuore dell&#8217;avanguardia in termini di pensiero, scienza, tecnica e arte. Vanta un enorme retaggio culturale con elementi dell&#8217;epoca romana e gotica e una forte influenza modernista per mano del celebre Antoni Gaud\u00ed, come del resto si osserva in numerosi edifici, masserie, castelli, cantine e parchi, tutti scenari ideali per un Barcelona Destination Wedding.<\/p>\n<p style=\"text-align: justify;\"><strong>Bcn Wedding Planners by Marta Priu<\/strong>, azienda pioniera nell&#8217;organizzazione di matrimoni di lusso a Barcellona e in tutta la Spagna, sottolinea la crescita della citt\u00e0 comitale come &#8220;<strong>Wedding Destination<\/strong>&#8220;. Quando la &#8220;<strong>Wedding Destination<\/strong>&#8221; ovvero la location scelta per il matrimonio \u00e8 Barcellona vi si recano tutti i famigliari e gli amici degli sposi che, oltre a partecipare alle nozze, hanno la possibilit\u00e0 di godersi una mini-vacanza legata al matrimonio, per cui si tratta di un evento pi\u00f9 complesso in quanto a organizzazione e coordinamento.<\/p>\n<p style=\"text-align: justify;\">Da qui nasce la necessit\u00e0 di ingaggiare un<strong> wedding planner<\/strong> che gestisca e coordini tutti i dettagli del matrimonio.<\/p>\n<p style=\"text-align: justify;\">\n<p><iframe loading=\"lazy\" src=\"\/\/www.youtube.com\/embed\/tOOebCr5xJA\" width=\"560\" height=\"315\" frameborder=\"0\" allowfullscreen=\"allowfullscreen\"><\/iframe><\/p>\n<p>[\/et_pb_text][\/et_pb_column][\/et_pb_row][\/et_pb_section]<\/p>\n","protected":false},"excerpt":{"rendered":"<p><div class=\"et_pb_row et_pb_row_0 et_pb_row_empty\">\n\t\t\t\t\n\t\t\t\t\n\t\t\t\t\n\t\t\t\t\n\t\t\t\t\n\t\t\t<\/div> DESTINATION WEDDINGS IN BARCELLONA, MATRIMONI A BARCELLONA Barcellona \u00e8 una citt\u00e0 cosmopolita situata in una zona privilegiata della Costa Mediterranea, bagnata dal mare e circondata da montagne, caratteristiche che le conferiscono un clima mite e molto gradevole tutto l&#8217;anno. Barcellona \u00e8 una citt\u00e0 multiculturale, all&#8217;avanguardia e ricca di storia, peculiarit\u00e0 che la convertono nella [&hellip;]<\/p>\n","protected":false},"author":1,"featured_media":0,"parent":0,"menu_order":1,"comment_status":"open","ping_status":"open","template":"","meta":{"_et_pb_use_builder":"on","_et_pb_old_content":"","_et_gb_content_width":""},"_links":{"self":[{"href":"https:\/\/www.bcnweddingplanners.com\/ita\/wp-json\/wp\/v2\/pages\/98"}],"collection":[{"href":"https:\/\/www.bcnweddingplanners.com\/ita\/wp-json\/wp\/v2\/pages"}],"about":[{"href":"https:\/\/www.bcnweddingplanners.com\/ita\/wp-json\/wp\/v2\/types\/page"}],"author":[{"embeddable":true,"href":"https:\/\/www.bcnweddingplanners.com\/ita\/wp-json\/wp\/v2\/users\/1"}],"replies":[{"embeddable":true,"href":"https:\/\/www.bcnweddingplanners.com\/ita\/wp-json\/wp\/v2\/comments?post=98"}],"version-history":[{"count":20,"href":"https:\/\/www.bcnweddingplanners.com\/ita\/wp-json\/wp\/v2\/pages\/98\/revisions"}],"predecessor-version":[{"id":3819,"href":"https:\/\/www.bcnweddingplanners.com\/ita\/wp-json\/wp\/v2\/pages\/98\/revisions\/3819"}],"wp:attachment":[{"href":"https:\/\/www.bcnweddingplanners.com\/ita\/wp-json\/wp\/v2\/media?parent=98"}],"curies":[{"name":"wp","href":"https:\/\/api.w.org\/{rel}","templated":true}]}}