{"id":55,"date":"2014-02-20T14:29:17","date_gmt":"2014-02-20T14:29:17","guid":{"rendered":"http:\/\/www.bcnweddingplanners.com\/ita\/?page_id=55"},"modified":"2014-12-06T14:31:10","modified_gmt":"2014-12-06T14:31:10","slug":"wedding-coaching-consulenza","status":"publish","type":"page","link":"https:\/\/www.bcnweddingplanners.com\/ita\/wedding-coaching-consulenza\/","title":{"rendered":"Wedding Coaching \u2010 Consulenza"},"content":{"rendered":"<p>[et_pb_section][et_pb_row][et_pb_column type=&#8221;4_4&#8243;][et_pb_text admin_label=&#8221;Text&#8221; background_layout=&#8221;light&#8221; text_orientation=&#8221;left&#8221;]<\/p>\n<p style=\"text-align: justify;\"><span style=\"font-size: 24pt;\"><strong>Wedding Coaching \u2010 Consultor\u00eda<img decoding=\"async\" loading=\"lazy\" class=\"alignright wp-image-3665\" style=\"margin-left: 5px; margin-top: 15px;\" src=\"http:\/\/www.bcnweddingplanners.com\/ita\/wp-content\/uploads\/sites\/8\/2014\/02\/Weeding_coaching_marta_priu.png\" alt=\"Weeding_coaching_marta_priu\" width=\"286\" height=\"269\" \/><\/strong><\/span><\/p>\n<p>&nbsp;<\/p>\n<p>Questo \u00e8 un servizio di consulenza matrimoniale, <strong>un incontro t\u00eate-\u00e0-t\u00eate con Marta Priu<\/strong>. \u00c8 rivolto alle coppie che non sono alla ricerca di un servizio di progettazione e organizzazione dell&#8217;intero matrimonio ma che desiderano ricevere consulenza, sia essa generica o specifica in merito a uno o pi\u00f9 aspetti.<\/p>\n<p>Lo scopo di tale servizio di consulenza (<strong>Wedding Planner Coaching<\/strong>) \u00e8 quello di orientare e guidare le coppie nell&#8217;organizzazione del rispettivo matrimonio in merito a questioni come decorazione, viabilit\u00e0, preventivo, esigenze o coordinamento generale.<\/p>\n<p>\u00c8 un servizio rivolto sia alle coppie che non ancora non hanno fissato nulla che a coloro che hanno invece gi\u00e0 pianificato il matrimonio ma che sono comunque interessati a sentire l&#8217;opinione di un professionista.<\/p>\n<p>&nbsp;<\/p>\n<p>&nbsp;<\/p>\n<p>&nbsp;<\/p>\n<p>&nbsp;<\/p>\n<p>&nbsp;<\/p>\n<p>&nbsp;<\/p>\n<p>&nbsp;<\/p>\n<p>&nbsp;<\/p>\n<p>[\/et_pb_text][\/et_pb_column][\/et_pb_row][\/et_pb_section]<\/p>\n","protected":false},"excerpt":{"rendered":"<p><div class=\"et_pb_section et_pb_section_0 et_section_regular\" >\n\t\t\t\t\n\t\t\t\t\n\t\t\t\t\n\t\t\t\t\n\t\t\t\t\n\t\t\t\t\n\t\t\t\t\n\t\t\t\t\n\t\t\t\t\n\t\t\t<\/div><div class=\"et_pb_row et_pb_row_0 et_pb_row_empty\">\n\t\t\t\t\n\t\t\t\t\n\t\t\t\t\n\t\t\t\t\n\t\t\t\t\n\t\t\t<\/div> Wedding Coaching \u2010 Consultor\u00eda &nbsp; Questo \u00e8 un servizio di consulenza matrimoniale, un incontro t\u00eate-\u00e0-t\u00eate con Marta Priu. \u00c8 rivolto alle coppie che non sono alla ricerca di un servizio di progettazione e organizzazione dell&#8217;intero matrimonio ma che desiderano ricevere consulenza, sia essa generica o specifica in merito a uno o pi\u00f9 aspetti. Lo [&hellip;]<\/p>\n","protected":false},"author":1,"featured_media":0,"parent":0,"menu_order":4,"comment_status":"open","ping_status":"open","template":"","meta":{"_et_pb_use_builder":"on","_et_pb_old_content":"<p style=\"text-align: justify;\">Este es un <strong>servicio de consultas de boda, un \u201cuno-a-uno\u201d con Marta Priu<\/strong>. Va dirigido a aquellas parejas que no est\u00e1n buscando un servicio de dise\u00f1o y organizaci\u00f3n de la boda completa sino que buscan la asesor\u00eda ya sea desde una perspectiva general o, en uno o varios temas en concreto.<\/p><p>Esta <strong>consultor\u00eda o Wedding Planner Coaching<\/strong> tiene como fin <strong>asesorar y guiar a las parejas en la organizaci\u00f3n de su boda<\/strong> en cuestiones como de decoraci\u00f3n, de viabilidad, de presupuesto, de necesidades o de coordinaci\u00f3n general. Es un servicio tanto para aquellas parejas que no tienen nada, como a las que ya han planificado su boda, pero que les gustar\u00eda contar con la opini\u00f3n de un profesional.<\/p>","_et_gb_content_width":""},"_links":{"self":[{"href":"https:\/\/www.bcnweddingplanners.com\/ita\/wp-json\/wp\/v2\/pages\/55"}],"collection":[{"href":"https:\/\/www.bcnweddingplanners.com\/ita\/wp-json\/wp\/v2\/pages"}],"about":[{"href":"https:\/\/www.bcnweddingplanners.com\/ita\/wp-json\/wp\/v2\/types\/page"}],"author":[{"embeddable":true,"href":"https:\/\/www.bcnweddingplanners.com\/ita\/wp-json\/wp\/v2\/users\/1"}],"replies":[{"embeddable":true,"href":"https:\/\/www.bcnweddingplanners.com\/ita\/wp-json\/wp\/v2\/comments?post=55"}],"version-history":[{"count":22,"href":"https:\/\/www.bcnweddingplanners.com\/ita\/wp-json\/wp\/v2\/pages\/55\/revisions"}],"predecessor-version":[{"id":3790,"href":"https:\/\/www.bcnweddingplanners.com\/ita\/wp-json\/wp\/v2\/pages\/55\/revisions\/3790"}],"wp:attachment":[{"href":"https:\/\/www.bcnweddingplanners.com\/ita\/wp-json\/wp\/v2\/media?parent=55"}],"curies":[{"name":"wp","href":"https:\/\/api.w.org\/{rel}","templated":true}]}}