{"id":51,"date":"2014-02-20T14:28:28","date_gmt":"2014-02-20T14:28:28","guid":{"rendered":"http:\/\/www.bcnweddingplanners.com\/ita\/?page_id=51"},"modified":"2014-12-06T14:26:45","modified_gmt":"2014-12-06T14:26:45","slug":"wedding-planner-last-minute-management","status":"publish","type":"page","link":"https:\/\/www.bcnweddingplanners.com\/ita\/wedding-planner-last-minute-management\/","title":{"rendered":"Wedding Planner Last Minute Management"},"content":{"rendered":"<p>[et_pb_section fullwidth=&#8221;on&#8221; specialty=&#8221;off&#8221;][et_pb_fullwidth_slider admin_label=&#8221;Fullwidth Slider&#8221; show_arrows=&#8221;on&#8221; show_pagination=&#8221;on&#8221; auto=&#8221;on&#8221; parallax=&#8221;off&#8221; parallax_method=&#8221;off&#8221; auto_speed=&#8221;5000&#8243;][et_pb_slide background_image=&#8221;http:\/\/www.bcnweddingplanners.com\/ita\/wp-content\/uploads\/sites\/8\/2014\/02\/13.png&#8221; background_color=&#8221;#ffffff&#8221; alignment=&#8221;center&#8221; background_layout=&#8221;dark&#8221; \/][et_pb_slide background_image=&#8221;http:\/\/www.bcnweddingplanners.com\/ita\/wp-content\/uploads\/sites\/8\/2014\/02\/22.png&#8221; background_color=&#8221;#ffffff&#8221; alignment=&#8221;center&#8221; background_layout=&#8221;dark&#8221; \/][et_pb_slide background_image=&#8221;http:\/\/www.bcnweddingplanners.com\/ita\/wp-content\/uploads\/sites\/8\/2014\/02\/32.png&#8221; background_color=&#8221;#ffffff&#8221; alignment=&#8221;center&#8221; background_layout=&#8221;dark&#8221; \/][et_pb_slide background_image=&#8221;http:\/\/www.bcnweddingplanners.com\/ita\/wp-content\/uploads\/sites\/8\/2014\/02\/42.png&#8221; background_color=&#8221;#ffffff&#8221; alignment=&#8221;center&#8221; background_layout=&#8221;dark&#8221; \/][et_pb_slide background_image=&#8221;http:\/\/www.bcnweddingplanners.com\/ita\/wp-content\/uploads\/sites\/8\/2014\/02\/52.png&#8221; background_color=&#8221;#ffffff&#8221; alignment=&#8221;center&#8221; background_layout=&#8221;dark&#8221; \/][et_pb_slide background_image=&#8221;http:\/\/www.bcnweddingplanners.com\/ita\/wp-content\/uploads\/sites\/8\/2014\/02\/62.png&#8221; background_color=&#8221;#ffffff&#8221; alignment=&#8221;center&#8221; background_layout=&#8221;dark&#8221; \/][et_pb_slide background_image=&#8221;http:\/\/www.bcnweddingplanners.com\/ita\/wp-content\/uploads\/sites\/8\/2014\/02\/72.png&#8221; background_color=&#8221;#ffffff&#8221; alignment=&#8221;center&#8221; background_layout=&#8221;dark&#8221; \/][et_pb_slide background_image=&#8221;http:\/\/www.bcnweddingplanners.com\/ita\/wp-content\/uploads\/sites\/8\/2014\/02\/82.png&#8221; background_color=&#8221;#ffffff&#8221; alignment=&#8221;center&#8221; background_layout=&#8221;dark&#8221; \/][et_pb_slide background_image=&#8221;http:\/\/www.bcnweddingplanners.com\/ita\/wp-content\/uploads\/sites\/8\/2014\/02\/92.png&#8221; background_color=&#8221;#ffffff&#8221; alignment=&#8221;center&#8221; background_layout=&#8221;dark&#8221; \/][et_pb_slide background_image=&#8221;http:\/\/www.bcnweddingplanners.com\/ita\/wp-content\/uploads\/sites\/8\/2014\/02\/10.png&#8221; background_color=&#8221;#ffffff&#8221; alignment=&#8221;center&#8221; background_layout=&#8221;dark&#8221; \/][et_pb_slide background_image=&#8221;http:\/\/www.bcnweddingplanners.com\/ita\/wp-content\/uploads\/sites\/8\/2014\/02\/112.png&#8221; background_color=&#8221;#ffffff&#8221; alignment=&#8221;center&#8221; background_layout=&#8221;dark&#8221; \/][et_pb_slide background_image=&#8221;http:\/\/www.bcnweddingplanners.com\/ita\/wp-content\/uploads\/sites\/8\/2014\/02\/122.png&#8221; background_color=&#8221;#ffffff&#8221; alignment=&#8221;center&#8221; background_layout=&#8221;dark&#8221; \/][\/et_pb_fullwidth_slider][\/et_pb_section][et_pb_section][et_pb_row][et_pb_column type=&#8221;4_4&#8243;][et_pb_text admin_label=&#8221;Text&#8221; background_layout=&#8221;light&#8221; text_orientation=&#8221;left&#8221;]<\/p>\n<p style=\"text-align: justify;\"><strong><span style=\"font-size: 24pt;\">Wedding Planner Last Minute Management<\/span><\/strong><\/p>\n<p style=\"text-align: justify;\">Questo servizio \u00e8 <strong>rivolto alle coppie che hanno gi\u00e0 programmato tutto ma che all&#8217;ultimo hanno bisogno di un aiuto in pi\u00f9 per assicurarsi che il giorno del matrimonio tutto sia perfetto<\/strong>. Offriamo dunque il nostro sostegno durante il mese precedente, nonch\u00e9 il giorno stesso del matrimonio.<\/p>\n<p style=\"text-align: justify;\">Dopo aver ricevuto dagli sposi tutte le informazioni prendiamo in mano le redini del matrimonio e ci assicuriamo che tutto venga coordinato alla perfezione. Inoltre, <strong>offriamo consulenza e proponiamo delle soluzioni per i problemi eventualmente sorti<\/strong>.<\/p>\n<p style=\"text-align: justify;\">Arrivato il gran giorno siamo presenti sin dalle prime ore del mattino per coordinare e controllare tutti gli aspetti dell&#8217;organizzazione del matrimonio cosicch\u00e9 gli sposi e i familiari possano godersi ogni istante con la tranquillit\u00e0 di sapere che una <strong>Wedding Planner<\/strong> esperta del nostro team si sta occupando di tutto.<\/p>\n<p style=\"text-align: justify;\">\n<p>[\/et_pb_text][\/et_pb_column][\/et_pb_row][\/et_pb_section]<\/p>\n","protected":false},"excerpt":{"rendered":"<p><div class=\"et_pb_section et_pb_section_0 et_section_regular\" >\n\t\t\t\t\n\t\t\t\t\n\t\t\t\t\n\t\t\t\t\n\t\t\t\t\n\t\t\t\t\n\t\t\t\t\n\t\t\t\t\n\t\t\t\t\n\t\t\t<\/div><div class=\"et_pb_row et_pb_row_0 et_pb_row_empty\">\n\t\t\t\t\n\t\t\t\t\n\t\t\t\t\n\t\t\t\t\n\t\t\t\t\n\t\t\t<\/div> Wedding Planner Last Minute Management Questo servizio \u00e8 rivolto alle coppie che hanno gi\u00e0 programmato tutto ma che all&#8217;ultimo hanno bisogno di un aiuto in pi\u00f9 per assicurarsi che il giorno del matrimonio tutto sia perfetto. Offriamo dunque il nostro sostegno durante il mese precedente, nonch\u00e9 il giorno stesso del matrimonio. Dopo aver ricevuto [&hellip;]<\/p>\n","protected":false},"author":1,"featured_media":0,"parent":0,"menu_order":2,"comment_status":"open","ping_status":"open","template":"","meta":{"_et_pb_use_builder":"on","_et_pb_old_content":"<p style=\"text-align: justify;\">Este servicio va dirigido a aquellas <strong>parejas que tienen ya todo planeado pero necesitan ayuda extra de \u00faltimo momento<\/strong> para que todo salga perfecto el d\u00eda de la boda. Ofrecemos apoyo durante las tres semanas previas y asistencia el d\u00eda de la boda.<\/p><p style=\"text-align: justify;\">Una vez los novios nos traspasan la informaci\u00f3n, tomamos las riendas de la boda y nos <strong>aseguramos de que todo se coordine a la perfecci\u00f3n<\/strong>. Adem\u00e1s, ofrecemos asesoramiento y soluciones para los problemas que pudieran surgir.<\/p><p style=\"text-align: justify;\">Llegado el gran d\u00eda, estamos presentes desde primera hora para <strong>coordinar y supervisar todos los aspectos de la organizaci\u00f3n de la boda<\/strong> para que los novios y familiares puedan disfrutar de cada instante con la tranquilidad de saber que una Wedding Planner experta de nuestro equipo se est\u00e1 ocupando de todo.<\/p>","_et_gb_content_width":""},"_links":{"self":[{"href":"https:\/\/www.bcnweddingplanners.com\/ita\/wp-json\/wp\/v2\/pages\/51"}],"collection":[{"href":"https:\/\/www.bcnweddingplanners.com\/ita\/wp-json\/wp\/v2\/pages"}],"about":[{"href":"https:\/\/www.bcnweddingplanners.com\/ita\/wp-json\/wp\/v2\/types\/page"}],"author":[{"embeddable":true,"href":"https:\/\/www.bcnweddingplanners.com\/ita\/wp-json\/wp\/v2\/users\/1"}],"replies":[{"embeddable":true,"href":"https:\/\/www.bcnweddingplanners.com\/ita\/wp-json\/wp\/v2\/comments?post=51"}],"version-history":[{"count":12,"href":"https:\/\/www.bcnweddingplanners.com\/ita\/wp-json\/wp\/v2\/pages\/51\/revisions"}],"predecessor-version":[{"id":3787,"href":"https:\/\/www.bcnweddingplanners.com\/ita\/wp-json\/wp\/v2\/pages\/51\/revisions\/3787"}],"wp:attachment":[{"href":"https:\/\/www.bcnweddingplanners.com\/ita\/wp-json\/wp\/v2\/media?parent=51"}],"curies":[{"name":"wp","href":"https:\/\/api.w.org\/{rel}","templated":true}]}}