{"id":45,"date":"2014-02-20T14:26:34","date_gmt":"2014-02-20T14:26:34","guid":{"rendered":"http:\/\/www.bcnweddingplanners.com\/ita\/?page_id=45"},"modified":"2014-12-06T14:20:40","modified_gmt":"2014-12-06T14:20:40","slug":"bcn-weddings","status":"publish","type":"page","link":"https:\/\/www.bcnweddingplanners.com\/ita\/bcn-weddings\/","title":{"rendered":"Bcn Weddings"},"content":{"rendered":"<p>[et_pb_section fullwidth=&#8221;on&#8221; specialty=&#8221;off&#8221;][et_pb_fullwidth_slider admin_label=&#8221;Fullwidth Slider&#8221; show_arrows=&#8221;on&#8221; show_pagination=&#8221;on&#8221; auto=&#8221;on&#8221; parallax=&#8221;off&#8221; auto_speed=&#8221;5000&#8243; parallax_method=&#8221;off&#8221;][et_pb_slide background_image=&#8221;http:\/\/www.bcnweddingplanners.com\/ita\/wp-content\/uploads\/sites\/8\/2014\/02\/spain_wedding.png&#8221; background_color=&#8221;#ffffff&#8221; alignment=&#8221;center&#8221; background_layout=&#8221;dark&#8221; \/][et_pb_slide background_image=&#8221;http:\/\/www.bcnweddingplanners.com\/ita\/wp-content\/uploads\/sites\/8\/2014\/02\/Spain_Wedding_02.png&#8221; background_color=&#8221;#ffffff&#8221; alignment=&#8221;center&#8221; background_layout=&#8221;dark&#8221; \/][et_pb_slide background_image=&#8221;http:\/\/www.bcnweddingplanners.com\/ita\/wp-content\/uploads\/sites\/8\/2014\/02\/Spain_Wedding_03.png&#8221; background_color=&#8221;#ffffff&#8221; alignment=&#8221;center&#8221; background_layout=&#8221;dark&#8221; \/][et_pb_slide background_image=&#8221;http:\/\/www.bcnweddingplanners.com\/ita\/wp-content\/uploads\/sites\/8\/2014\/02\/Spain_Wedding_04.png&#8221; background_color=&#8221;#ffffff&#8221; alignment=&#8221;center&#8221; background_layout=&#8221;dark&#8221; \/][et_pb_slide background_image=&#8221;http:\/\/www.bcnweddingplanners.com\/ita\/wp-content\/uploads\/sites\/8\/2014\/02\/Spain_Wedding_05.png&#8221; background_color=&#8221;#ffffff&#8221; alignment=&#8221;center&#8221; background_layout=&#8221;dark&#8221; \/][et_pb_slide background_image=&#8221;http:\/\/www.bcnweddingplanners.com\/ita\/wp-content\/uploads\/sites\/8\/2014\/02\/Spain_Wedding_06.png&#8221; background_color=&#8221;#ffffff&#8221; alignment=&#8221;center&#8221; background_layout=&#8221;dark&#8221; \/][et_pb_slide background_image=&#8221;http:\/\/www.bcnweddingplanners.com\/ita\/wp-content\/uploads\/sites\/8\/2014\/02\/Spain_Wedding_07.png&#8221; background_color=&#8221;#ffffff&#8221; alignment=&#8221;center&#8221; background_layout=&#8221;dark&#8221; \/][et_pb_slide background_image=&#8221;http:\/\/www.bcnweddingplanners.com\/ita\/wp-content\/uploads\/sites\/8\/2014\/02\/Spain_Wedding_08.png&#8221; background_color=&#8221;#ffffff&#8221; alignment=&#8221;center&#8221; background_layout=&#8221;dark&#8221; \/][et_pb_slide background_image=&#8221;http:\/\/www.bcnweddingplanners.com\/ita\/wp-content\/uploads\/sites\/8\/2014\/02\/Spain_Wedding_09.png&#8221; background_color=&#8221;#ffffff&#8221; alignment=&#8221;center&#8221; background_layout=&#8221;dark&#8221; \/][et_pb_slide background_image=&#8221;http:\/\/www.bcnweddingplanners.com\/ita\/wp-content\/uploads\/sites\/8\/2014\/02\/Spain_Wedding_10.png&#8221; background_color=&#8221;#ffffff&#8221; alignment=&#8221;center&#8221; background_layout=&#8221;dark&#8221; \/][et_pb_slide background_image=&#8221;http:\/\/www.bcnweddingplanners.com\/ita\/wp-content\/uploads\/sites\/8\/2014\/02\/Spain_Wedding_11.png&#8221; background_color=&#8221;#ffffff&#8221; alignment=&#8221;center&#8221; background_layout=&#8221;dark&#8221; \/][\/et_pb_fullwidth_slider][\/et_pb_section][et_pb_section][et_pb_row][et_pb_column type=&#8221;4_4&#8243;][et_pb_text admin_label=&#8221;Text&#8221; background_layout=&#8221;light&#8221; text_orientation=&#8221;left&#8221;]<\/p>\n<p style=\"text-align: justify;\"><span style=\"font-size: 24pt;\"><strong>Bcn Weddings<\/strong><\/span><\/p>\n<p style=\"text-align: justify;\">In <strong>Bcn Wedding Planners by Marta Priu<\/strong> abbiamo il privilegio di lavorare in un mondo che ci appassiona. Non manca mai una buona dose di <strong>creativit\u00e0 e dedizione<\/strong> in modo tale che ogni matrimonio organizzato<strong> sia unico e rifletta l&#8217;essenza e la personalit\u00e0 di ogni coppia<\/strong>. Curiamo tutti gli elementi che ruotano intorno alle nozze, dalla scelta della <strong>location<\/strong> a <strong>disegno grafico<\/strong>, <strong>stile e decorazione<\/strong>, senza dimenticare <strong>abbigliamento<\/strong>, <strong>spettacoli<\/strong>,<strong> musica e fior<\/strong>i.<\/p>\n<p style=\"text-align: justify;\">I<strong> Bcn Weddings<\/strong> si organizzano da e in Spagna, Paese molto versatile e interessante per sposarsi. Noi di <strong>Bcn Wedding Planners<\/strong> lo sappiamo bene, ecco perch\u00e9 il nostro team di wedding planner e designer si occupa di <strong>matrimoni a Barcellona<\/strong>, nella<strong> Costa Brava<\/strong> e nelle <strong>Isole Baleari<\/strong>, sempre secondo la filosofia e gli standard di qualit\u00e0 del marchio <strong>Bcn Wedding Planners by Marta Priu<\/strong>.<\/p>\n<p style=\"text-align: justify;\">Nel caso dei <strong>Bcn Weddings<\/strong> ci assicuriamo di lavorare con i migliori fornitori di ciascuna zona in cui si celebra il matrimonio in modo tale da ottenere risultati eccellenti.<\/p>\n<p style=\"text-align: justify;\">In ciascun matrimonio il team specializzato di <strong>Bcn Wedding Planners by Marta Priu<\/strong> si occuper\u00e0 di tutto quanto inerente all&#8217;evento in modo tale che gli sposi possano godersi al massimo il giorno pi\u00f9 speciale della loro vita con la tranquillit\u00e0 che <strong>tutto filer\u00e0 alla perfezione.<\/strong><\/p>\n<p>&nbsp;<\/p>\n<p>&nbsp;<\/p>\n<p>[\/et_pb_text][\/et_pb_column][\/et_pb_row][et_pb_row][et_pb_column type=&#8221;1_3&#8243;][et_pb_blurb admin_label=&#8221;Blurb&#8221; title=&#8221;Matrimoni nella Costa Brava &#8221; url=&#8221;http:\/\/www.bcnweddingplanners.com\/ita\/costa-brava\/&#8221; url_new_window=&#8221;off&#8221; use_icon=&#8221;off&#8221; font_icon=&#8221;\ue081&#8221; icon_color=&#8221;#e30f8e&#8221; use_circle=&#8221;off&#8221; circle_color=&#8221;#e30f8e&#8221; use_circle_border=&#8221;off&#8221; circle_border_color=&#8221;#e30f8e&#8221; icon_placement=&#8221;top&#8221; animation=&#8221;top&#8221; background_layout=&#8221;light&#8221; text_orientation=&#8221;center&#8221; image=&#8221;http:\/\/www.bcnweddingplanners.com\/ita\/wp-content\/uploads\/sites\/8\/2014\/02\/costa_brava1.png&#8221; \/][\/et_pb_column][et_pb_column type=&#8221;1_3&#8243;][et_pb_blurb admin_label=&#8221;Blurb&#8221; title=&#8221;Matrimoni a Barcelona&#8221; url=&#8221;http:\/\/www.bcnweddingplanners.com\/ita\/barcelona\/&#8221; url_new_window=&#8221;off&#8221; use_icon=&#8221;off&#8221; font_icon=&#8221;\ue081&#8221; icon_color=&#8221;#e30f8e&#8221; use_circle=&#8221;off&#8221; circle_color=&#8221;#e30f8e&#8221; use_circle_border=&#8221;off&#8221; circle_border_color=&#8221;#e30f8e&#8221; icon_placement=&#8221;top&#8221; animation=&#8221;top&#8221; background_layout=&#8221;light&#8221; text_orientation=&#8221;center&#8221; image=&#8221;http:\/\/www.bcnweddingplanners.com\/ita\/wp-content\/uploads\/sites\/8\/2014\/02\/barcelona1.png&#8221; \/][\/et_pb_column][et_pb_column type=&#8221;1_3&#8243;][et_pb_blurb admin_label=&#8221;Blurb&#8221; title=&#8221;Matrimoni nelle Isole Baleari&#8221; url=&#8221;http:\/\/www.bcnweddingplanners.com\/ita\/baleares\/&#8221; url_new_window=&#8221;off&#8221; use_icon=&#8221;off&#8221; font_icon=&#8221;\ue081&#8221; icon_color=&#8221;#e30f8e&#8221; use_circle=&#8221;off&#8221; circle_color=&#8221;#e30f8e&#8221; use_circle_border=&#8221;off&#8221; circle_border_color=&#8221;#e30f8e&#8221; icon_placement=&#8221;top&#8221; animation=&#8221;top&#8221; background_layout=&#8221;light&#8221; text_orientation=&#8221;center&#8221; image=&#8221;http:\/\/www.bcnweddingplanners.com\/ita\/wp-content\/uploads\/sites\/8\/2014\/02\/ibida_circulo.png&#8221; \/][\/et_pb_column][\/et_pb_row][\/et_pb_section]<\/p>\n","protected":false},"excerpt":{"rendered":"<p><div class=\"et_pb_section et_pb_section_0 et_section_regular\" >\n\t\t\t\t\n\t\t\t\t\n\t\t\t\t\n\t\t\t\t\n\t\t\t\t\n\t\t\t\t\n\t\t\t\t\n\t\t\t\t\n\t\t\t\t\n\t\t\t<\/div><div class=\"et_pb_row et_pb_row_0 et_pb_row_empty\">\n\t\t\t\t\n\t\t\t\t\n\t\t\t\t\n\t\t\t\t\n\t\t\t\t\n\t\t\t<\/div> Bcn Weddings In Bcn Wedding Planners by Marta Priu abbiamo il privilegio di lavorare in un mondo che ci appassiona. Non manca mai una buona dose di creativit\u00e0 e dedizione in modo tale che ogni matrimonio organizzato sia unico e rifletta l&#8217;essenza e la personalit\u00e0 di ogni coppia. Curiamo tutti gli elementi che ruotano [&hellip;]<\/p>\n","protected":false},"author":1,"featured_media":0,"parent":0,"menu_order":0,"comment_status":"open","ping_status":"open","template":"","meta":{"_et_pb_use_builder":"on","_et_pb_old_content":"<p style=\"text-align: justify;\">En <strong>Spain Wedding Planners<\/strong> tenemos el privilegio de trabajar en un mundo que nos apasiona. Ponemos grandes dosis de <strong>creatividad y dedicaci\u00f3n<\/strong> para que cada boda que organizamos sea \u00fanica y refleje la esencia de cada pareja: desde el lugar de la <strong>celebraci\u00f3n<\/strong>, el <strong>dise\u00f1o gr\u00e1fico<\/strong>, el <strong>estilo<\/strong> y la <strong>decoraci\u00f3n<\/strong>, el <strong>vestuario<\/strong>, los <strong>espect\u00e1culos y m\u00fasica<\/strong>, hasta las <strong>flores<\/strong> y todos los dem\u00e1s elementos que rodean el enlace.<\/p><p>Las <strong>Spain Weddings<\/strong> se organizan desde y para Espa\u00f1a, un pa\u00eds muy vers\u00e1til e interesante para casarse. En <strong>Spain Wedding Planners<\/strong> somos conscientes de ello y por eso nuestro equipo de Wedding Planners & Designers trabaja <strong>Bodas en Barcelona, Bodas en Madrid y Bodas en las Baleares<\/strong>, siempre bajo la filosof\u00eda y est\u00e1ndares de calidad del grupo Spain Wedding Planners by Marta Priu.<\/p><p>En las <strong>Spain Weddings<\/strong>, nos aseguramos de trabajar con los mejores proveedores de cada zona en la que se va a celebrar la boda para conseguir excelentes resultados siempre dentro de los l\u00edmites del presupuesto fijado por los novios.<\/p><p>En cada boda el equipo especializado de Spain Wedding Planners estar\u00e1 pendiente de todo lo que concierne a ella, de manera que los novios se ocupen de disfrutar y relajarse en ese d\u00eda tan especial, ya que tendr\u00e1n la tranquilidad de que <strong>todo saldr\u00e1 a la perfecci\u00f3n<\/strong>.<\/p>","_et_gb_content_width":""},"_links":{"self":[{"href":"https:\/\/www.bcnweddingplanners.com\/ita\/wp-json\/wp\/v2\/pages\/45"}],"collection":[{"href":"https:\/\/www.bcnweddingplanners.com\/ita\/wp-json\/wp\/v2\/pages"}],"about":[{"href":"https:\/\/www.bcnweddingplanners.com\/ita\/wp-json\/wp\/v2\/types\/page"}],"author":[{"embeddable":true,"href":"https:\/\/www.bcnweddingplanners.com\/ita\/wp-json\/wp\/v2\/users\/1"}],"replies":[{"embeddable":true,"href":"https:\/\/www.bcnweddingplanners.com\/ita\/wp-json\/wp\/v2\/comments?post=45"}],"version-history":[{"count":35,"href":"https:\/\/www.bcnweddingplanners.com\/ita\/wp-json\/wp\/v2\/pages\/45\/revisions"}],"predecessor-version":[{"id":3783,"href":"https:\/\/www.bcnweddingplanners.com\/ita\/wp-json\/wp\/v2\/pages\/45\/revisions\/3783"}],"wp:attachment":[{"href":"https:\/\/www.bcnweddingplanners.com\/ita\/wp-json\/wp\/v2\/media?parent=45"}],"curies":[{"name":"wp","href":"https:\/\/api.w.org\/{rel}","templated":true}]}}