{"id":35,"date":"2014-02-20T14:19:54","date_gmt":"2014-02-20T14:19:54","guid":{"rendered":"http:\/\/www.bcnweddingplanners.com\/ita\/?page_id=35"},"modified":"2014-12-06T13:14:03","modified_gmt":"2014-12-06T13:14:03","slug":"collaboratori","status":"publish","type":"page","link":"https:\/\/www.bcnweddingplanners.com\/ita\/collaboratori\/","title":{"rendered":"Collaboratori"},"content":{"rendered":"<p>[et_pb_section fullwidth=&#8221;on&#8221; specialty=&#8221;off&#8221; background_image=&#8221;http:\/\/www.bcnweddingplanners.com\/ita\/wp-content\/uploads\/sites\/8\/2014\/02\/fondo_wedding.jpg&#8221; transparent_background=&#8221;off&#8221; background_color=&#8221;#ffffff&#8221; inner_shadow=&#8221;off&#8221; parallax=&#8221;off&#8221; parallax_method=&#8221;off&#8221;][et_pb_fullwidth_header admin_label=&#8221;Fullwidth Header&#8221; title=&#8221;Colaboradores&#8221; subhead=&#8221;Conozca los colaboradores de Bcn Wedding Planners&#8221; background_layout=&#8221;light&#8221; text_orientation=&#8221;left&#8221; \/][\/et_pb_section][et_pb_section][et_pb_row][et_pb_column type=&#8221;1_3&#8243;][et_pb_blurb admin_label=&#8221;Blurb&#8221; url_new_window=&#8221;on&#8221; use_icon=&#8221;off&#8221; icon_color=&#8221;#e60a81&#8243; use_circle=&#8221;off&#8221; circle_color=&#8221;#e60a81&#8243; use_circle_border=&#8221;off&#8221; circle_border_color=&#8221;#e60a81&#8243; image=&#8221;http:\/\/www.bcnweddingplanners.com\/ita\/wp-content\/uploads\/sites\/8\/2014\/02\/logo_aijec_ok.png&#8221; icon_placement=&#8221;top&#8221; animation=&#8221;off&#8221; background_layout=&#8221;light&#8221; text_orientation=&#8221;center&#8221; url=&#8221;http:\/\/www.aijec.es&#8221;]<\/p>\n<p style=\"text-align: center;\">La Asociaci\u00f3n Independiente de J\u00f3venes Empresarios de Catalu\u00f1a naci\u00f3 hace 25 a\u00f1os para defender los intereses espec\u00edficos del empresarios j\u00f3venes, tanto ante la sociedad como la administraci\u00f3n p\u00fablica. Actualmente la AIJEC representa 600 emprendedores y emprendedoras con empresa propia.<\/p>\n<p>[\/et_pb_blurb][\/et_pb_column][et_pb_column type=&#8221;1_3&#8243;][et_pb_blurb admin_label=&#8221;Blurb&#8221; url_new_window=&#8221;on&#8221; use_icon=&#8221;off&#8221; icon_color=&#8221;#e60a81&#8243; use_circle=&#8221;off&#8221; circle_color=&#8221;#e60a81&#8243; use_circle_border=&#8221;off&#8221; circle_border_color=&#8221;#e60a81&#8243; image=&#8221;http:\/\/www.bcnweddingplanners.com\/ita\/wp-content\/uploads\/sites\/8\/2014\/02\/logo_101_startup.png&#8221; icon_placement=&#8221;top&#8221; animation=&#8221;off&#8221; background_layout=&#8221;light&#8221; text_orientation=&#8221;center&#8221; url=&#8221;http:\/\/www.101startups.com\/&#8221;]<\/p>\n<p style=\"text-align: center;\">101 Startups es un fondo de inversi\u00f3n, iniciado por estudiantes del M\u00e1ster Internet Business, que tiene como objetivo invertir en empresas tecnol\u00f3gicas de internet en fase semilla. 101 Startups es la carretera que conecta San Francisco con Silicon Valley, donde est\u00e1n instaladas las empresas tecnol\u00f3gicas m\u00e1s importantes.<\/p>\n<p>[\/et_pb_blurb][\/et_pb_column][et_pb_column type=&#8221;1_3&#8243;][et_pb_blurb admin_label=&#8221;Blurb&#8221; url_new_window=&#8221;on&#8221; use_icon=&#8221;off&#8221; icon_color=&#8221;#e60a81&#8243; use_circle=&#8221;off&#8221; circle_color=&#8221;#e60a81&#8243; use_circle_border=&#8221;off&#8221; circle_border_color=&#8221;#e60a81&#8243; image=&#8221;http:\/\/www.bcnweddingplanners.com\/ita\/wp-content\/uploads\/sites\/8\/2014\/02\/teambox_01.png&#8221; icon_placement=&#8221;top&#8221; animation=&#8221;off&#8221; background_layout=&#8221;light&#8221; text_orientation=&#8221;center&#8221; url=&#8221;http:\/\/www.teambox.com&#8221;]<\/p>\n<p style=\"text-align: center;\">En Teambox son pioneros en la creaci\u00f3n de herramientas que solucionen las necesidades diarias en la gesti\u00f3n de proyectos y, adem\u00e1s, obtengan los beneficios que aportan hoy en d\u00eda las herramientas colaborativas de trabajo en equipo.<br \/>\nSencillez, Productividad y Diversi\u00f3n.<\/p>\n<p>[\/et_pb_blurb][\/et_pb_column][\/et_pb_row][\/et_pb_section]<\/p>\n","protected":false},"excerpt":{"rendered":"<p><div class=\"et_pb_section et_pb_section_0 et_section_regular\" >\n\t\t\t\t\n\t\t\t\t\n\t\t\t\t\n\t\t\t\t\n\t\t\t\t\n\t\t\t\t\n\t\t\t\t\n\t\t\t\t\n\t\t\t\t\n\t\t\t<\/div><div class=\"et_pb_row et_pb_row_0 et_pb_row_empty\">\n\t\t\t\t\n\t\t\t\t\n\t\t\t\t\n\t\t\t\t\n\t\t\t\t\n\t\t\t<\/div> La Asociaci\u00f3n Independiente de J\u00f3venes Empresarios de Catalu\u00f1a naci\u00f3 hace 25 a\u00f1os para defender los intereses espec\u00edficos del empresarios j\u00f3venes, tanto ante la sociedad como la administraci\u00f3n p\u00fablica. Actualmente la AIJEC representa 600 emprendedores y emprendedoras con empresa propia. 101 Startups es un fondo de inversi\u00f3n, iniciado por estudiantes del M\u00e1ster Internet Business, que [&hellip;]<\/p>\n","protected":false},"author":1,"featured_media":0,"parent":0,"menu_order":0,"comment_status":"open","ping_status":"open","template":"","meta":{"_et_pb_use_builder":"on","_et_pb_old_content":"","_et_gb_content_width":""},"_links":{"self":[{"href":"https:\/\/www.bcnweddingplanners.com\/ita\/wp-json\/wp\/v2\/pages\/35"}],"collection":[{"href":"https:\/\/www.bcnweddingplanners.com\/ita\/wp-json\/wp\/v2\/pages"}],"about":[{"href":"https:\/\/www.bcnweddingplanners.com\/ita\/wp-json\/wp\/v2\/types\/page"}],"author":[{"embeddable":true,"href":"https:\/\/www.bcnweddingplanners.com\/ita\/wp-json\/wp\/v2\/users\/1"}],"replies":[{"embeddable":true,"href":"https:\/\/www.bcnweddingplanners.com\/ita\/wp-json\/wp\/v2\/comments?post=35"}],"version-history":[{"count":22,"href":"https:\/\/www.bcnweddingplanners.com\/ita\/wp-json\/wp\/v2\/pages\/35\/revisions"}],"predecessor-version":[{"id":3772,"href":"https:\/\/www.bcnweddingplanners.com\/ita\/wp-json\/wp\/v2\/pages\/35\/revisions\/3772"}],"wp:attachment":[{"href":"https:\/\/www.bcnweddingplanners.com\/ita\/wp-json\/wp\/v2\/media?parent=35"}],"curies":[{"name":"wp","href":"https:\/\/api.w.org\/{rel}","templated":true}]}}