{"id":33,"date":"2014-02-20T14:19:31","date_gmt":"2014-02-20T14:19:31","guid":{"rendered":"http:\/\/www.bcnweddingplanners.com\/ita\/?page_id=33"},"modified":"2014-12-06T13:12:05","modified_gmt":"2014-12-06T13:12:05","slug":"produzione","status":"publish","type":"page","link":"https:\/\/www.bcnweddingplanners.com\/ita\/produzione\/","title":{"rendered":"Produzione"},"content":{"rendered":"<p>[et_pb_section fullwidth=&#8221;on&#8221; specialty=&#8221;off&#8221;][et_pb_fullwidth_slider admin_label=&#8221;Fullwidth Slider&#8221; show_arrows=&#8221;on&#8221; show_pagination=&#8221;on&#8221; auto=&#8221;on&#8221; parallax=&#8221;off&#8221; auto_speed=&#8221;5000&#8243; parallax_method=&#8221;off&#8221;][et_pb_slide background_image=&#8221;http:\/\/www.bcnweddingplanners.com\/ita\/wp-content\/uploads\/sites\/8\/2014\/02\/14.jpg&#8221; background_color=&#8221;#ffffff&#8221; alignment=&#8221;center&#8221; background_layout=&#8221;dark&#8221; \/][et_pb_slide background_image=&#8221;http:\/\/www.bcnweddingplanners.com\/ita\/wp-content\/uploads\/sites\/8\/2014\/02\/22.jpg&#8221; background_color=&#8221;#ffffff&#8221; alignment=&#8221;center&#8221; background_layout=&#8221;dark&#8221; \/][et_pb_slide background_image=&#8221;http:\/\/www.bcnweddingplanners.com\/ita\/wp-content\/uploads\/sites\/8\/2014\/02\/32.jpg&#8221; background_color=&#8221;#ffffff&#8221; alignment=&#8221;center&#8221; background_layout=&#8221;dark&#8221; \/][et_pb_slide background_image=&#8221;http:\/\/www.bcnweddingplanners.com\/ita\/wp-content\/uploads\/sites\/8\/2014\/02\/42.jpg&#8221; background_color=&#8221;#ffffff&#8221; alignment=&#8221;center&#8221; background_layout=&#8221;dark&#8221; \/][et_pb_slide background_image=&#8221;http:\/\/www.bcnweddingplanners.com\/ita\/wp-content\/uploads\/sites\/8\/2014\/02\/52.jpg&#8221; background_color=&#8221;#ffffff&#8221; alignment=&#8221;center&#8221; background_layout=&#8221;dark&#8221; \/][et_pb_slide background_image=&#8221;http:\/\/www.bcnweddingplanners.com\/ita\/wp-content\/uploads\/sites\/8\/2014\/02\/62.jpg&#8221; background_color=&#8221;#ffffff&#8221; alignment=&#8221;center&#8221; background_layout=&#8221;dark&#8221; \/][et_pb_slide background_image=&#8221;http:\/\/www.bcnweddingplanners.com\/ita\/wp-content\/uploads\/sites\/8\/2014\/02\/73.jpg&#8221; background_color=&#8221;#ffffff&#8221; alignment=&#8221;center&#8221; background_layout=&#8221;dark&#8221; \/][et_pb_slide background_image=&#8221;http:\/\/www.bcnweddingplanners.com\/ita\/wp-content\/uploads\/sites\/8\/2014\/02\/82.jpg&#8221; background_color=&#8221;#ffffff&#8221; alignment=&#8221;center&#8221; background_layout=&#8221;dark&#8221; \/][\/et_pb_fullwidth_slider][\/et_pb_section][et_pb_section][et_pb_row][et_pb_column type=&#8221;4_4&#8243;][et_pb_text admin_label=&#8221;Text&#8221; background_layout=&#8221;light&#8221; text_orientation=&#8221;left&#8221;]<\/p>\n<p style=\"text-align: justify;\">Ormai da molti anni il team di <strong>Bcn Wedding Planners by Marta Pri<\/strong>u lavora all&#8217;unisono per progettare e organizzare matrimoni ed eventi aziendali.<\/p>\n<p style=\"text-align: justify;\">Grazie all&#8217;intervento dei <strong>migliori professionisti del settore<\/strong> selezionati ad hoc ogni matrimonio \u00e8 una preziosa occasione per realizzare i sogni delle coppie che hanno depositato in noi la loro fiducia.<\/p>\n<p style=\"text-align: justify;\">Il nostro team lavora sempre nella stessa direzione e secondo le stesse linee guida.<\/p>\n<p style=\"text-align: center;\"><span style=\"font-size: 12pt;\"><strong>Tutti insieme facciamo s\u00ec che i matrimoni che organizziamo raggiungano il successo che ci contraddistingue.<\/strong> <\/span><\/p>\n<p>&nbsp;<\/p>\n<p>[\/et_pb_text][\/et_pb_column][\/et_pb_row][\/et_pb_section]<\/p>\n","protected":false},"excerpt":{"rendered":"<p><div class=\"et_pb_section et_pb_section_0 et_section_regular\" >\n\t\t\t\t\n\t\t\t\t\n\t\t\t\t\n\t\t\t\t\n\t\t\t\t\n\t\t\t\t\n\t\t\t\t\n\t\t\t\t\n\t\t\t\t\n\t\t\t<\/div><div class=\"et_pb_row et_pb_row_0 et_pb_row_empty\">\n\t\t\t\t\n\t\t\t\t\n\t\t\t\t\n\t\t\t\t\n\t\t\t\t\n\t\t\t<\/div> Ormai da molti anni il team di Bcn Wedding Planners by Marta Priu lavora all&#8217;unisono per progettare e organizzare matrimoni ed eventi aziendali. Grazie all&#8217;intervento dei migliori professionisti del settore selezionati ad hoc ogni matrimonio \u00e8 una preziosa occasione per realizzare i sogni delle coppie che hanno depositato in noi la loro fiducia. Il [&hellip;]<\/p>\n","protected":false},"author":1,"featured_media":0,"parent":0,"menu_order":5,"comment_status":"open","ping_status":"open","template":"","meta":{"_et_pb_use_builder":"on","_et_pb_old_content":"<p style=\"text-align: justify;\">El equipo de <strong>Spain Wedding Planners<\/strong> trabaja de manera conjunta en el dise\u00f1o y organizaci\u00f3n de bodas y eventos corporativos desde hace muchos a\u00f1os.<br \/> Con ayuda de los <strong>mejores profesionales del sector<\/strong>, especialmente seleccionados, logramos que cada boda sea un sue\u00f1o hecho realidad para las parejas que han confiado en nosotros.<br \/> Nuestro equipo trabaja en una misma direcci\u00f3n, bajo una misma directriz.<\/p><p style=\"text-align: center;\"><span style=\"font-size: 12pt;\"><strong>Todos juntos hacemos posible que las bodas que organizamos consigan el \u00e9xito que nos define.<\/strong> <\/span><\/p>","_et_gb_content_width":""},"_links":{"self":[{"href":"https:\/\/www.bcnweddingplanners.com\/ita\/wp-json\/wp\/v2\/pages\/33"}],"collection":[{"href":"https:\/\/www.bcnweddingplanners.com\/ita\/wp-json\/wp\/v2\/pages"}],"about":[{"href":"https:\/\/www.bcnweddingplanners.com\/ita\/wp-json\/wp\/v2\/types\/page"}],"author":[{"embeddable":true,"href":"https:\/\/www.bcnweddingplanners.com\/ita\/wp-json\/wp\/v2\/users\/1"}],"replies":[{"embeddable":true,"href":"https:\/\/www.bcnweddingplanners.com\/ita\/wp-json\/wp\/v2\/comments?post=33"}],"version-history":[{"count":11,"href":"https:\/\/www.bcnweddingplanners.com\/ita\/wp-json\/wp\/v2\/pages\/33\/revisions"}],"predecessor-version":[{"id":3771,"href":"https:\/\/www.bcnweddingplanners.com\/ita\/wp-json\/wp\/v2\/pages\/33\/revisions\/3771"}],"wp:attachment":[{"href":"https:\/\/www.bcnweddingplanners.com\/ita\/wp-json\/wp\/v2\/media?parent=33"}],"curies":[{"name":"wp","href":"https:\/\/api.w.org\/{rel}","templated":true}]}}