{"id":2668,"date":"2014-10-20T12:25:22","date_gmt":"2014-10-20T12:25:22","guid":{"rendered":"http:\/\/www.bcnweddingplanners.com\/ita\/?page_id=2668"},"modified":"2014-12-06T16:30:15","modified_gmt":"2014-12-06T16:30:15","slug":"costa-brava","status":"publish","type":"page","link":"https:\/\/www.bcnweddingplanners.com\/ita\/costa-brava\/","title":{"rendered":"Costa Brava"},"content":{"rendered":"<p>[et_pb_section fullwidth=&#8221;on&#8221; specialty=&#8221;off&#8221;][et_pb_fullwidth_slider admin_label=&#8221;Fullwidth Slider&#8221; show_arrows=&#8221;on&#8221; show_pagination=&#8221;on&#8221; auto=&#8221;off&#8221; parallax=&#8221;off&#8221; parallax_method=&#8221;off&#8221;][et_pb_slide background_image=&#8221;http:\/\/www.bcnweddingplanners.com\/ita\/wp-content\/uploads\/sites\/8\/2014\/10\/costa_brava_01.png&#8221; background_color=&#8221;#ffffff&#8221; alignment=&#8221;center&#8221; background_layout=&#8221;dark&#8221; \/][\/et_pb_fullwidth_slider][\/et_pb_section][et_pb_section][et_pb_row][et_pb_column type=&#8221;4_4&#8243;][et_pb_text admin_label=&#8221;Text&#8221; background_layout=&#8221;light&#8221; text_orientation=&#8221;left&#8221;]<\/p>\n<p style=\"text-align: justify;\"><strong>DESTINATION WEDDINGS IN COSTA BRAVA, MATRIMONI NELLE COSTA BRAVA<\/strong><\/p>\n<p style=\"text-align: justify;\"><strong>La Catalogna<\/strong>, la regione spagnola situata pi\u00f9 a est, gode di una posizione strategica tra il Mar Mediterraneo e i Pirenei, elementi naturali che garantiscono viste spettacolari in tutte le citt\u00e0, cittadine, localit\u00e0 e vallate.<\/p>\n<p style=\"text-align: justify;\">Una delle zone pi\u00f9 belle e apprezzate della Catalogna per l&#8217;organizzazione dei <strong>Destination Weddings<\/strong> \u00e8 la <strong>Costa Brava<\/strong>, dove nell&#8217;antichit\u00e0 si erano insediate numerose popolazioni di pescatori. Attualmente, \u00e8 una zona privilegiata con un&#8217;infinit\u00e0 di localit\u00e0 sorte sia in montagna che sulla costa, sempre bagnata dall&#8217;energia dei raggi solari e dalla brezza del mare.<\/p>\n<p>[\/et_pb_text][\/et_pb_column][\/et_pb_row][\/et_pb_section]<\/p>\n","protected":false},"excerpt":{"rendered":"<p><div class=\"et_pb_section et_pb_section_0 et_section_regular\" >\n\t\t\t\t\n\t\t\t\t\n\t\t\t\t\n\t\t\t\t\n\t\t\t\t\n\t\t\t\t\n\t\t\t\t\n\t\t\t\t\n\t\t\t\t\n\t\t\t<\/div><div class=\"et_pb_row et_pb_row_0 et_pb_row_empty\">\n\t\t\t\t\n\t\t\t\t\n\t\t\t\t\n\t\t\t\t\n\t\t\t\t\n\t\t\t<\/div> DESTINATION WEDDINGS IN COSTA BRAVA, MATRIMONI NELLE COSTA BRAVA La Catalogna, la regione spagnola situata pi\u00f9 a est, gode di una posizione strategica tra il Mar Mediterraneo e i Pirenei, elementi naturali che garantiscono viste spettacolari in tutte le citt\u00e0, cittadine, localit\u00e0 e vallate. Una delle zone pi\u00f9 belle e apprezzate della Catalogna per [&hellip;]<\/p>\n","protected":false},"author":1,"featured_media":0,"parent":0,"menu_order":0,"comment_status":"open","ping_status":"open","template":"","meta":{"_et_pb_use_builder":"on","_et_pb_old_content":"","_et_gb_content_width":""},"_links":{"self":[{"href":"https:\/\/www.bcnweddingplanners.com\/ita\/wp-json\/wp\/v2\/pages\/2668"}],"collection":[{"href":"https:\/\/www.bcnweddingplanners.com\/ita\/wp-json\/wp\/v2\/pages"}],"about":[{"href":"https:\/\/www.bcnweddingplanners.com\/ita\/wp-json\/wp\/v2\/types\/page"}],"author":[{"embeddable":true,"href":"https:\/\/www.bcnweddingplanners.com\/ita\/wp-json\/wp\/v2\/users\/1"}],"replies":[{"embeddable":true,"href":"https:\/\/www.bcnweddingplanners.com\/ita\/wp-json\/wp\/v2\/comments?post=2668"}],"version-history":[{"count":9,"href":"https:\/\/www.bcnweddingplanners.com\/ita\/wp-json\/wp\/v2\/pages\/2668\/revisions"}],"predecessor-version":[{"id":3822,"href":"https:\/\/www.bcnweddingplanners.com\/ita\/wp-json\/wp\/v2\/pages\/2668\/revisions\/3822"}],"wp:attachment":[{"href":"https:\/\/www.bcnweddingplanners.com\/ita\/wp-json\/wp\/v2\/media?parent=2668"}],"curies":[{"name":"wp","href":"https:\/\/api.w.org\/{rel}","templated":true}]}}