{"id":24,"date":"2014-02-20T14:14:01","date_gmt":"2014-02-20T14:14:01","guid":{"rendered":"http:\/\/www.bcnweddingplanners.com\/ita\/?page_id=24"},"modified":"2014-12-06T12:53:34","modified_gmt":"2014-12-06T12:53:34","slug":"azienda","status":"publish","type":"page","link":"https:\/\/www.bcnweddingplanners.com\/ita\/azienda\/","title":{"rendered":"Azienda"},"content":{"rendered":"<p>[et_pb_section fullwidth=&#8221;on&#8221; specialty=&#8221;off&#8221;][et_pb_fullwidth_slider admin_label=&#8221;Fullwidth Slider&#8221; show_arrows=&#8221;on&#8221; show_pagination=&#8221;on&#8221; auto=&#8221;off&#8221; parallax=&#8221;off&#8221; parallax_method=&#8221;off&#8221;][et_pb_slide background_image=&#8221;http:\/\/www.bcnweddingplanners.com\/ita\/wp-content\/uploads\/sites\/8\/2014\/02\/superior-empresa.png&#8221; background_color=&#8221;#ffffff&#8221; alignment=&#8221;center&#8221; background_layout=&#8221;dark&#8221; \/][\/et_pb_fullwidth_slider][\/et_pb_section][et_pb_section][et_pb_row][et_pb_column type=&#8221;4_4&#8243;][et_pb_text admin_label=&#8221;Text&#8221; background_layout=&#8221;light&#8221; text_orientation=&#8221;left&#8221;]<\/p>\n<p style=\"text-align: justify;\"><span style=\"font-size: 24pt;\"><strong>Azienda<\/strong><\/span><\/p>\n<p style=\"text-align: justify;\"><strong>Bcn Wedding Planners<\/strong> \u00e8 una creazione di Marta Priu, prestigiosa wedding planner e designer spagnola, fondatrice e direttrice di <strong>Bcn Wedding Planners e <a title=\"Event Planners\" href=\"http:\/\/www.bcneventplanners.com\/\" target=\"_blank\">Bcn Event Planners<\/a><\/strong>.<\/p>\n<p style=\"text-align: justify;\">Dopo una lunga esperienza maturata nel settore sposi progettando e organizzando tantissimi matrimoni negli stili pi\u00f9 diversi grazie alla quale ha acquisito un importante know-how sul mercato sposi spagnolo, Marta Priu decide di raggruppare in un&#8217;unica marca, filosofia e concezione di progettazione e organizzazione di matrimoni l&#8217;insieme di wedding planner e designer che oggigiorno compongono il gruppo <strong>Bcn Wedding Planners by Marta Priu.<\/strong><\/p>\n<p style=\"text-align: justify;\">Ognuna delle nostre wedding planner e designer \u00e8 specializzata nella propria area di azione all&#8217;interno del territorio spagnolo, dove collabora con fornitori altamente qualificati. In questo modo, bcn wedding planners garantisce un servizio Premium che si contraddistingue per la professionalit\u00e0 e il successo dei matrimoni che organizza in qualsiasi punto del territorio nazionale e internazionale.<\/p>\n<p style=\"text-align: justify;\">Sono molti gli sposi che per l&#8217;organizzazione del proprio matrimonio si sono affidati alla nostra esperienza e professionalit\u00e0. Tra i nostri numerosi clienti annoveriamo sportivi di primo livello noti a livello internazionale, ad es. giocatori dell&#8217;NBA o del Barcellona, politici, personaggi pubblici, star spagnole e straniere, ecc.<\/p>\n<p style=\"text-align: justify;\">Il nostro obiettivo \u00e8 quello di far avverare i sogni delle coppie che hanno fatto affidamento su Bcn Wedding Planners, superandone le aspettative e offrendo loro il tanto acclamato fattore &#8220;Wow!&#8221; grazie a matrimoni studiati nei minimi dettagli in maniera esclusiva e personalizzata, senza lasciare nulla al caso.<\/p>\n<p style=\"text-align: justify;\"><span style=\"text-decoration: underline;\"><strong>I valori del nostro gruppo sono:<\/strong><\/span><\/p>\n<ul>\n<li><strong>Esclusivit\u00e0<\/strong>: organizziamo matrimoni unici, raffinati ed eleganti per sposi esigenti.<\/li>\n<li><strong>Esperienza<\/strong>: vantiamo un team di wedding planner e designer esperto nell&#8217;organizzazione di matrimoni a livello nazionale e internazionale e capace di trasmettere la propria esperienza in tutto il suo operato.<\/li>\n<li><strong>Personalizzazione<\/strong>: il nostro servizio ha un orientamento personale, ogni singolo dettaglio dei matrimoni che organizziamo \u00e8 stato accuratamente ponderato in modo tale da riflettere l&#8217;essenza degli sposi.<\/li>\n<li><strong>Professionalit\u00e0<\/strong>: lavoriamo con integrit\u00e0, passione e qualit\u00e0, sforzandoci sempre al massimo per soddisfare al meglio le esigenze delle coppie che ripongono in noi la loro fiducia.<\/li>\n<li><strong>Impegno verso il cliente<\/strong>: la nostra assoluta priorit\u00e0 \u00e8 superare le aspettative dei nostri clienti.<\/li>\n<\/ul>\n<p style=\"text-align: justify;\">La <strong>nostra filosofia<\/strong> ci impone anche di lavorare con le aziende pi\u00f9 rispettate del settore sposi, con cui abbiamo molto in comune: la passione, l&#8217;impegno, l&#8217;alto livello del servizio, l&#8217;eccellenza e l&#8217;attenzione ai dettagli. Insieme creiamo dei matrimoni indimenticabili.<\/p>\n<p>[\/et_pb_text][\/et_pb_column][\/et_pb_row][\/et_pb_section]<\/p>\n","protected":false},"excerpt":{"rendered":"<p><div class=\"et_pb_section et_pb_section_0 et_section_regular\" >\n\t\t\t\t\n\t\t\t\t\n\t\t\t\t\n\t\t\t\t\n\t\t\t\t\n\t\t\t\t\n\t\t\t\t\n\t\t\t\t\n\t\t\t\t\n\t\t\t<\/div><div class=\"et_pb_row et_pb_row_0 et_pb_row_empty\">\n\t\t\t\t\n\t\t\t\t\n\t\t\t\t\n\t\t\t\t\n\t\t\t\t\n\t\t\t<\/div> Azienda Bcn Wedding Planners \u00e8 una creazione di Marta Priu, prestigiosa wedding planner e designer spagnola, fondatrice e direttrice di Bcn Wedding Planners e Bcn Event Planners. Dopo una lunga esperienza maturata nel settore sposi progettando e organizzando tantissimi matrimoni negli stili pi\u00f9 diversi grazie alla quale ha acquisito un importante know-how sul mercato [&hellip;]<\/p>\n","protected":false},"author":1,"featured_media":0,"parent":0,"menu_order":1,"comment_status":"open","ping_status":"open","template":"","meta":{"_et_pb_use_builder":"on","_et_pb_old_content":"<p style=\"text-align: justify;\"><strong>Bcn Wedding Planners<\/strong> nace de la mano de <strong>Marta Priu<\/strong>, prestigiosa <strong>Wedding Planner & Designer espa\u00f1ola<\/strong>, fundadora y directora de <strong>Bcn Wedding Planners<\/strong> y <strong><a href=\"http:\/\/www.bcneventplanners.com\">Bcn Event Planners<\/a><\/strong>.<\/p><p style=\"text-align: justify;\">Despu\u00e9s de una larga trayectoria en el sector nupcial, de dise\u00f1ar y organizar un gran n\u00famero de bodas de diferentes estilos y de adquirir un alto conocimiento del mercado nupcial espa\u00f1ol, Marta Priu decide agrupar, bajo una misma marca, filosof\u00eda y entendimiento del dise\u00f1o y la organizaci\u00f3n de las bodas, al conjunto de Wedding Planners & Designers que hoy en d\u00eda forman parte del grupo<strong> Ita Bcn Wedding Planners by Marta Priu<\/strong>.<\/p><p style=\"text-align: justify;\">Cada una de nuestras Wedding Planners & Designers est\u00e1 especializada en su propia zona de actuaci\u00f3n dentro del territorio espa\u00f1ol, donde trabaja con proveedores altamente cualificados. Es as\u00ed, como <strong>Bcn Wedding Planners<\/strong>\u00a0<strong>by Marta Priu<\/strong> garantiza un servicio <strong><em>Premium<\/em><\/strong>\u00a0en cualquier punto de la geograf\u00eda Nacional e Internacional.<\/p><p style=\"text-align: justify;\">Son muchos los novios que han confiado en nuestra experiencia y profesionalidad a la hora de organizar su boda. Entre nuestros clientes figuran jugadores de gran prestigio y reconocimiento Internacional de la NBA, del F.C. Barcelona, personalidades del mundo social, celebridades espa\u00f1olas y extranjeras, entre muchos otros clientes.<\/p><p style=\"text-align: justify;\">Nuestro objetivo es cumplir los sue\u00f1os y superar las expectativas de las parejas que han confiado en <strong>Ita Bcn Wedding Planners by Marta Priu<\/strong>, ofreci\u00e9ndoles el factor \u201cWow!\u201d a trav\u00e9s de bodas trabajadas de manera particular y personalizadas hasta el m\u00e1s m\u00ednimo detalle, sin dejar nada al azar.<\/p><p style=\"text-align: justify;\"><strong>Nuestros valores como grupo son:<\/strong><\/p><ul style=\"text-align: justify;\"><li><strong>Exclusividad:<\/strong> Organizamos bodas \u00fanicas, bodas exquisitas y bodas elegantes para novios exigentes.<\/li><li><strong>Experiencia:<\/strong>\u00a0M\u00e1s de una d\u00e9cada nos avala como dise\u00f1adores y organizadores de bodas. Transmitimos esa experiencia en todo lo que hacemos.<\/li><li><strong>Personalizaci\u00f3n:<\/strong> Nuestro servicio tiene un enfoque personal, cada detalle de las bodas que organizamos est\u00e1 pensado cuidadosamente para reflejar la esencia de los novios.<\/li><li><strong>Profesionalidad:<\/strong> Trabajamos con integridad, pasi\u00f3n y calidad, siempre concentr\u00e1ndonos en atender de la mejor manera las necesidades de las parejas que conf\u00edan en nosotros.<\/li><li><strong>Compromiso con el cliente:<\/strong> Para nosotros, nada es m\u00e1s importante que superar las expectativas de nuestros clientes.<\/li><\/ul><p style=\"text-align: justify;\">Como parte de <strong>nuestra filosof\u00eda<\/strong>, trabajamos al lado de las empresas m\u00e1s respetadas en el sector de las bodas, que comparten con nosotros la misma pasi\u00f3n, el compromiso, el alto nivel de servicio, la excelencia y la atenci\u00f3n al detalle, para juntos, lograr bodas inolvidables.<\/p><p style=\"text-align: justify;\">\u00a0<\/p>","_et_gb_content_width":""},"_links":{"self":[{"href":"https:\/\/www.bcnweddingplanners.com\/ita\/wp-json\/wp\/v2\/pages\/24"}],"collection":[{"href":"https:\/\/www.bcnweddingplanners.com\/ita\/wp-json\/wp\/v2\/pages"}],"about":[{"href":"https:\/\/www.bcnweddingplanners.com\/ita\/wp-json\/wp\/v2\/types\/page"}],"author":[{"embeddable":true,"href":"https:\/\/www.bcnweddingplanners.com\/ita\/wp-json\/wp\/v2\/users\/1"}],"replies":[{"embeddable":true,"href":"https:\/\/www.bcnweddingplanners.com\/ita\/wp-json\/wp\/v2\/comments?post=24"}],"version-history":[{"count":29,"href":"https:\/\/www.bcnweddingplanners.com\/ita\/wp-json\/wp\/v2\/pages\/24\/revisions"}],"predecessor-version":[{"id":3764,"href":"https:\/\/www.bcnweddingplanners.com\/ita\/wp-json\/wp\/v2\/pages\/24\/revisions\/3764"}],"wp:attachment":[{"href":"https:\/\/www.bcnweddingplanners.com\/ita\/wp-json\/wp\/v2\/media?parent=24"}],"curies":[{"name":"wp","href":"https:\/\/api.w.org\/{rel}","templated":true}]}}