{"id":2219,"date":"2014-07-24T08:37:54","date_gmt":"2014-07-24T08:37:54","guid":{"rendered":"http:\/\/www.bcnweddingplanners.com\/ita\/?page_id=2219"},"modified":"2014-12-06T13:02:06","modified_gmt":"2014-12-06T13:02:06","slug":"wedding-expert-2","status":"publish","type":"page","link":"https:\/\/www.bcnweddingplanners.com\/ita\/wedding-expert-2\/","title":{"rendered":"Wedding Expert"},"content":{"rendered":"<p>[et_pb_section][et_pb_row][et_pb_column type=&#8221;4_4&#8243;][et_pb_text admin_label=&#8221;Text&#8221; background_layout=&#8221;light&#8221; text_orientation=&#8221;left&#8221;]<\/p>\n<p style=\"text-align: justify;\">Dopo essersi laureata in pubblicit\u00e0 presso l&#8217;universit\u00e0 degli studi Abad Oliva <strong>Marta Priu<\/strong> ha frequentato un Master di Marketing e Comunicazione nei settori moda e lusso organizzato dall'&#8221;<strong>Universidad Complutense<\/strong>&#8221; di Madrid e la<strong> rivista ELLE<\/strong>.<\/p>\n<p style=\"text-align: justify;\"><a href=\"http:\/\/www.bcnweddingplanners.com\/ita\/wp-content\/uploads\/sites\/8\/2014\/07\/wedding-expert_marta_priu.png\"><img decoding=\"async\" loading=\"lazy\" class=\"alignright wp-image-3528 size-full\" style=\"margin-left: 5px;\" src=\"http:\/\/www.bcnweddingplanners.com\/ita\/wp-content\/uploads\/sites\/8\/2014\/07\/wedding-expert_marta_priu.png\" alt=\"wedding-expert_marta_priu\" width=\"450\" height=\"320\" srcset=\"https:\/\/www.bcnweddingplanners.com\/ita\/wp-content\/uploads\/sites\/8\/2014\/07\/wedding-expert_marta_priu.png 450w, https:\/\/www.bcnweddingplanners.com\/ita\/wp-content\/uploads\/sites\/8\/2014\/07\/wedding-expert_marta_priu-400x284.png 400w\" sizes=\"(max-width: 450px) 100vw, 450px\" \/><\/a>Nel 2005 Marta Priu ha fondato<strong> Bcn Wedding Planners<\/strong>, ossia una delle prime agenzie a proporre in Spagna il concetto di wedding planner, quale professionista del design e dell&#8217;organizzazione di matrimoni. Attualmente, in Spagna <strong>Marta Priu<\/strong> \u00e8 una <strong>wedding planner e designer<\/strong> di grande prestigio.<\/p>\n<p style=\"text-align: justify;\">Nel 2007 ha fondato bcn event planners, agenzia che si occupa della progettazione e dell&#8217;organizzazione di eventi aziendali, tra i cui clienti spiccano aziende molto rinomate a livello nazionale e internazionale, come <strong>HP, Softonic, Swarovski, Prudential, Laboratorios Menarini, Privalia, Unicredit<\/strong>&#8230;<\/p>\n<p style=\"text-align: justify;\">Nel 2014, in collaborazione con altre wedding planner spagnole di prestigio, ha fondato <strong>l&#8217;Associazione Spagnola di Wedding Planner e Designer (AEWP)<\/strong>, di cui \u00e8 attualmente Presidente. Inoltre, \u00e8 membro dell&#8217;<strong>Associazione Indipendente di Giovani Imprenditori della Catalogna (AIJEC)<\/strong>, oltre a svolgere attivit\u00e0 di docenza in corsi di wedding planner (offerta formativa propria rivolta a oltre 100 alunne di diversi Paesi).<\/p>\n<p><strong>Marta Priu<\/strong> \u00e8 stata intervistata dai mass media pi\u00f9 prestigiosi del Paese, tra cui\u00a0\u201c<a title=\"El mundo\" href=\"http:\/\/www.bcnweddingplanners.com\/ita\/medios\/prensa\/\"><strong>El Mundo<\/strong><\/a>\u201d, \u201c<a title=\"La vanguardia\" href=\"http:\/\/www.bcnweddingplanners.com\/ita\/medios\/prensa\/\"><strong>La Vanguardia<\/strong><\/a>\u201d, \u201c<a title=\"El peri\u00f3dico\" href=\"http:\/\/www.bcnweddingplanners.com\/ita\/medios\/prensa\/\"><strong>El Peri\u00f3dico<\/strong><\/a>\u201d, \u201c<a title=\"TVE\" href=\"http:\/\/www.bcnweddingplanners.com\/ita\/medios\/radio-%C2%ADtv\/\"><strong>RTVE<\/strong><\/a>\u201d, \u201c<a title=\"TV3\" href=\"http:\/\/www.bcnweddingplanners.com\/ita\/medios\/radio-%C2%ADtv\/\"><strong>TV3<\/strong><\/a>\u201d\u2026, Inoltre, \u00e8 stata ospite di diversi talk show a titolo di esperta wedding planner e designer.<\/p>\n<p>Nel 2014 <strong>Marta Priu<\/strong> decide di lanciare tale progetto a livello nazionale: un servizio di <strong>prima classe<\/strong> per i clienti pi\u00f9 esclusivi ed esigenti.<\/p>\n<p>&nbsp;<\/p>\n<p>&nbsp;<\/p>\n<p>[\/et_pb_text][\/et_pb_column][\/et_pb_row][\/et_pb_section]<\/p>\n","protected":false},"excerpt":{"rendered":"<p><div class=\"et_pb_section et_pb_section_0 et_section_regular\" >\n\t\t\t\t\n\t\t\t\t\n\t\t\t\t\n\t\t\t\t\n\t\t\t\t\n\t\t\t\t\n\t\t\t\t\n\t\t\t\t\n\t\t\t\t\n\t\t\t<\/div><div class=\"et_pb_row et_pb_row_0 et_pb_row_empty\">\n\t\t\t\t\n\t\t\t\t\n\t\t\t\t\n\t\t\t\t\n\t\t\t\t\n\t\t\t<\/div> Dopo essersi laureata in pubblicit\u00e0 presso l&#8217;universit\u00e0 degli studi Abad Oliva Marta Priu ha frequentato un Master di Marketing e Comunicazione nei settori moda e lusso organizzato dall'&#8221;Universidad Complutense&#8221; di Madrid e la rivista ELLE. Nel 2005 Marta Priu ha fondato Bcn Wedding Planners, ossia una delle prime agenzie a proporre in Spagna il [&hellip;]<\/p>\n","protected":false},"author":1,"featured_media":0,"parent":0,"menu_order":0,"comment_status":"open","ping_status":"open","template":"","meta":{"_et_pb_use_builder":"on","_et_pb_old_content":"<p style=\"text-align: justify;\"><strong>Marta Priu<\/strong> es Publicista por la <strong>Universidad Abad Oliba<\/strong> con un M\u00e1ster\u00a0en M\u00e1rketing y Comunicaci\u00f3n del sector de la Moda y del Lujo impartido por la <strong>Universidad Complutense de Madrid<\/strong> y la <strong>revista ELLE<\/strong>.<\/p><p style=\"text-align: justify;\">Fund\u00f3<strong> Bcn Wedding Planners<\/strong> en 2005 siendo una de las agencias pioneras en introducir en Espa\u00f1a el concepto del wedding planner, como profesional del dise\u00f1o y de la organizaci\u00f3n de bodas. <strong>Marta Priu<\/strong> es, en la actualidad, una <strong>Wedding Planner & Designer<\/strong> de reconocido prestigio en Espa\u00f1a.<\/p><p style=\"text-align: justify;\">En el a\u00f1o 2007 fund\u00f3 <strong><a href=\"http:\/\/www.bcneventplanners.com\">Bcn Event Planners<\/a>, <\/strong>una\u00a0agencia de dise\u00f1o y de organizaci\u00f3n de eventos corporativos, entre cuyos clientes se encuentran empresas de gran renombre Nacional e Internacional como<strong> HP, Swarovski, Prudential, Unicredit, Laboratorios Menarini, Privalia, Softonic...<\/strong><\/p><p style=\"text-align: justify;\"><strong>Marta,\u00a0<\/strong>es miembro de la \"<em><strong>Associaci\u00f3 Independent de Joves Empresaris de Catalunya<\/strong><\/em>\" (AIJEC) y, profesora en activo de cursos de wedding planner (formaci\u00f3n propia, con ense\u00f1anza a m\u00e1s de 100 alumnas de diferentes pa\u00edses).<\/p><p><strong>Marta Priu<\/strong> ha sido entrevistada por los medios de comunicaci\u00f3n m\u00e1s prestigiosos de Espa\u00f1a, tales como \u201c<a title=\"El mundo\" href=\"http:\/\/www.bcnweddingplanners.com\/ita\/medios\/prensa\/\"><strong>El Mundo<\/strong><\/a>\u201d, \u201c<a title=\"La vanguardia\" href=\"http:\/\/www.bcnweddingplanners.com\/ita\/medios\/prensa\/\"><strong>La Vanguardia<\/strong><\/a>\u201d, \u201c<a title=\"El peri\u00f3dico\" href=\"http:\/\/www.bcnweddingplanners.com\/ita\/medios\/prensa\/\"><strong>El Peri\u00f3dico<\/strong><\/a>\u201d, \u201c<a title=\"TVE\" href=\"http:\/\/www.bcnweddingplanners.com\/ita\/medios\/radio-%C2%ADtv\/\"><strong>RTVE<\/strong><\/a>\u201d, \u201c<a title=\"TV3\" href=\"http:\/\/www.bcnweddingplanners.com\/ita\/medios\/radio-%C2%ADtv\/\"><strong>TV3<\/strong><\/a>\u201d\u2026, y ha participado en multitud de tertulias como experta Wedding Planner & Designer.<\/p><p><strong>Marta,\u00a0<\/strong>decide en 2010, empezar a gestar lo que en 2014 ha dado a luz, un proyecto a nivel Nacional, un servicio<em><strong> first class<\/strong><\/em> para los clientes m\u00e1s exclusivos y exigentes.<\/p><p>\u00a0<\/p>","_et_gb_content_width":""},"_links":{"self":[{"href":"https:\/\/www.bcnweddingplanners.com\/ita\/wp-json\/wp\/v2\/pages\/2219"}],"collection":[{"href":"https:\/\/www.bcnweddingplanners.com\/ita\/wp-json\/wp\/v2\/pages"}],"about":[{"href":"https:\/\/www.bcnweddingplanners.com\/ita\/wp-json\/wp\/v2\/types\/page"}],"author":[{"embeddable":true,"href":"https:\/\/www.bcnweddingplanners.com\/ita\/wp-json\/wp\/v2\/users\/1"}],"replies":[{"embeddable":true,"href":"https:\/\/www.bcnweddingplanners.com\/ita\/wp-json\/wp\/v2\/comments?post=2219"}],"version-history":[{"count":25,"href":"https:\/\/www.bcnweddingplanners.com\/ita\/wp-json\/wp\/v2\/pages\/2219\/revisions"}],"predecessor-version":[{"id":3766,"href":"https:\/\/www.bcnweddingplanners.com\/ita\/wp-json\/wp\/v2\/pages\/2219\/revisions\/3766"}],"wp:attachment":[{"href":"https:\/\/www.bcnweddingplanners.com\/ita\/wp-json\/wp\/v2\/media?parent=2219"}],"curies":[{"name":"wp","href":"https:\/\/api.w.org\/{rel}","templated":true}]}}