{"id":2047,"date":"2014-06-04T11:00:20","date_gmt":"2014-06-04T11:00:20","guid":{"rendered":"http:\/\/www.bcnweddingplanners.com\/ita\/?page_id=2047"},"modified":"2014-12-06T17:28:08","modified_gmt":"2014-12-06T17:28:08","slug":"uffici-wedding-planners","status":"publish","type":"page","link":"https:\/\/www.bcnweddingplanners.com\/ita\/uffici-wedding-planners\/","title":{"rendered":"Uffici"},"content":{"rendered":"<p>[et_pb_section fullwidth=&#8221;on&#8221; specialty=&#8221;off&#8221;][et_pb_fullwidth_slider admin_label=&#8221;Fullwidth Slider&#8221; show_arrows=&#8221;on&#8221; show_pagination=&#8221;on&#8221; auto=&#8221;on&#8221; parallax=&#8221;off&#8221; auto_speed=&#8221;5000&#8243; parallax_method=&#8221;off&#8221;][et_pb_slide background_image=&#8221;http:\/\/www.bcnweddingplanners.com\/ita\/wp-content\/uploads\/sites\/8\/2014\/06\/1.jpg&#8221; background_color=&#8221;#ffffff&#8221; alignment=&#8221;center&#8221; background_layout=&#8221;dark&#8221; \/][et_pb_slide background_image=&#8221;http:\/\/www.bcnweddingplanners.com\/ita\/wp-content\/uploads\/sites\/8\/2014\/06\/2.jpg&#8221; background_color=&#8221;#ffffff&#8221; alignment=&#8221;center&#8221; background_layout=&#8221;dark&#8221; \/][et_pb_slide background_image=&#8221;http:\/\/www.bcnweddingplanners.com\/ita\/wp-content\/uploads\/sites\/8\/2014\/06\/3.jpg&#8221; background_color=&#8221;#ffffff&#8221; alignment=&#8221;center&#8221; background_layout=&#8221;dark&#8221; \/][\/et_pb_fullwidth_slider][\/et_pb_section][et_pb_section fullwidth=&#8221;off&#8221; specialty=&#8221;off&#8221;][et_pb_row][et_pb_column type=&#8221;4_4&#8243;][et_pb_text admin_label=&#8221;Text&#8221; background_layout=&#8221;light&#8221; text_orientation=&#8221;left&#8221;]<\/p>\n<p style=\"text-align: justify;\"><strong>Bcn Wedding Planners by Marta Priu<\/strong>\u00a0cuando inici\u00f3 su carrera, se especializ\u00f3 en el dise\u00f1o y la organizaci\u00f3n de las\u00a0<strong>Bodas en Barcelona<\/strong>.<\/p>\n<p style=\"text-align: justify;\">A\u00a0lo largo de los a\u00f1os, nuestras parejas de novios, cada vez han ido ampliado las \u00e1reas geogr\u00e1ficas en d\u00f3nde han elegido casarse.<\/p>\n<p style=\"text-align: justify;\">Por proximidad, las <strong>Bodas en la Costa Brava<\/strong> han sido de las m\u00e1s solicitadas y,\u00a0<strong>Ita Bcn Wedding Planners by Marta Priu<\/strong>\u00a0decidi\u00f3\u00a0ampliar sus oficinas en la <strong>Costa Brava<\/strong>, precisamente para poder ofrecer el mejor\u00a0servicio a todas aquellas &#8220;<strong>Wedding Destination<\/strong>&#8221; que han elegido la <strong>Costa Brava<\/strong> para celebrar su boda.<\/p>\n<p style=\"text-align: justify;\"><strong>Marta Priu<\/strong>, tiene una especial predilecci\u00f3n por <strong>las Islas Baleares<\/strong>. Es uno de los parajes m\u00e1s paradis\u00edacos que conoce y, en cuanto ha tenido\u00a0la oportunidad, se ha desplazado a las <strong>Islas Baleares<\/strong> (<em>Mallorca, Ibiza, Menorca y Formentera<\/em>) para descubrir el mercado nupcial local.<\/p>\n<p style=\"text-align: justify;\">Desde ya hace algunos a\u00f1os, algunas de las &#8220;<strong>Wedding Destination<\/strong>&#8221; que hemos organizado, son precisamente en las <strong>Islas Baleares<\/strong>. Por este motivo y, por el anteriormente descrito, <strong>Marta Priu<\/strong>\u00a0decide\u00a0en el 2014 abrir oficina en <strong>Ibiza<\/strong>.<\/p>\n<p style=\"text-align: justify;\">Inicialmente,\u00a0dise\u00f1amos y organizamos\u00a0<strong>Bodas en Barcelona<\/strong>, seguidamente fueron las\u00a0<strong>Bodas en la Costa Brava<\/strong>\u00a0y ahora, son tambi\u00e9n, las\u00a0<strong>Bodas en las Islas Baleares<\/strong>.<\/p>\n<p style=\"text-align: justify;\">Aunque nuestra especializaci\u00f3n son estas tres \u00e1reas geogr\u00e1ficas, <strong>Ita Bcn Wedding Planners by Marta Priu,<\/strong> tambi\u00e9n ha dise\u00f1ado y ha organizado bodas en otras ciudades y lugares de\u00a0<strong>Espa\u00f1a<\/strong>.<\/p>\n<p>[\/et_pb_text][\/et_pb_column][\/et_pb_row][\/et_pb_section][et_pb_section fullwidth=&#8221;off&#8221; specialty=&#8221;off&#8221;][et_pb_row][et_pb_column type=&#8221;4_4&#8243;][et_pb_divider admin_label=&#8221;Divider&#8221; color=&#8221;#ffffff&#8221; show_divider=&#8221;on&#8221; height=&#8221;10&#8243; \/][\/et_pb_column][\/et_pb_row][\/et_pb_section][et_pb_section fullwidth=&#8221;off&#8221; specialty=&#8221;off&#8221;][et_pb_row][et_pb_column type=&#8221;1_3&#8243;][et_pb_blurb admin_label=&#8221;Blurb&#8221; title=&#8221;Matrimoni nella Costa Brava &#8221; url=&#8221;http:\/\/www.bcnweddingplanners.com\/ita\/costa-brava\/&#8221; url_new_window=&#8221;off&#8221; use_icon=&#8221;off&#8221; icon_color=&#8221;#e60a81&#8243; use_circle=&#8221;off&#8221; circle_color=&#8221;#e60a81&#8243; use_circle_border=&#8221;off&#8221; circle_border_color=&#8221;#e60a81&#8243; image=&#8221;http:\/\/www.bcnweddingplanners.com\/ita\/wp-content\/uploads\/sites\/8\/2014\/02\/costa_brava.png&#8221; icon_placement=&#8221;top&#8221; animation=&#8221;off&#8221; background_layout=&#8221;light&#8221; text_orientation=&#8221;center&#8221; \/][\/et_pb_column][et_pb_column type=&#8221;1_3&#8243;][et_pb_blurb admin_label=&#8221;Blurb&#8221; title=&#8221;Matrimoni a Barcelona&#8221; url=&#8221;http:\/\/www.bcnweddingplanners.com\/ita\/barcellona\/&#8221; url_new_window=&#8221;off&#8221; use_icon=&#8221;off&#8221; icon_color=&#8221;#e60a81&#8243; use_circle=&#8221;off&#8221; circle_color=&#8221;#e60a81&#8243; use_circle_border=&#8221;off&#8221; circle_border_color=&#8221;#e60a81&#8243; image=&#8221;http:\/\/www.bcnweddingplanners.com\/ita\/wp-content\/uploads\/sites\/8\/2014\/02\/barcelona1.png&#8221; icon_placement=&#8221;top&#8221; animation=&#8221;off&#8221; background_layout=&#8221;light&#8221; text_orientation=&#8221;center&#8221; \/][\/et_pb_column][et_pb_column type=&#8221;1_3&#8243;][et_pb_blurb admin_label=&#8221;Blurb&#8221; title=&#8221;Matrimoni nelle Isole Baleari&#8221; url=&#8221;http:\/\/www.bcnweddingplanners.com\/ita\/isole-baleari\/&#8221; url_new_window=&#8221;off&#8221; use_icon=&#8221;off&#8221; icon_color=&#8221;#e60a81&#8243; use_circle=&#8221;off&#8221; circle_color=&#8221;#e60a81&#8243; use_circle_border=&#8221;off&#8221; circle_border_color=&#8221;#e60a81&#8243; image=&#8221;http:\/\/www.bcnweddingplanners.com\/ita\/wp-content\/uploads\/sites\/8\/2014\/06\/ibiza_wedding_3.png&#8221; icon_placement=&#8221;top&#8221; animation=&#8221;off&#8221; background_layout=&#8221;light&#8221; text_orientation=&#8221;center&#8221; \/][\/et_pb_column][\/et_pb_row][\/et_pb_section]<\/p>\n","protected":false},"excerpt":{"rendered":"<p><div class=\"et_pb_row et_pb_row_0 et_pb_row_empty\">\n\t\t\t\t\n\t\t\t\t\n\t\t\t\t\n\t\t\t\t\n\t\t\t\t\n\t\t\t<\/div> Bcn Wedding Planners by Marta Priu\u00a0cuando inici\u00f3 su carrera, se especializ\u00f3 en el dise\u00f1o y la organizaci\u00f3n de las\u00a0Bodas en Barcelona. A\u00a0lo largo de los a\u00f1os, nuestras parejas de novios, cada vez han ido ampliado las \u00e1reas geogr\u00e1ficas en d\u00f3nde han elegido casarse. Por proximidad, las Bodas en la Costa Brava han sido de [&hellip;]<\/p>\n","protected":false},"author":1,"featured_media":0,"parent":0,"menu_order":0,"comment_status":"open","ping_status":"open","template":"","meta":{"_et_pb_use_builder":"on","_et_pb_old_content":"","_et_gb_content_width":""},"_links":{"self":[{"href":"https:\/\/www.bcnweddingplanners.com\/ita\/wp-json\/wp\/v2\/pages\/2047"}],"collection":[{"href":"https:\/\/www.bcnweddingplanners.com\/ita\/wp-json\/wp\/v2\/pages"}],"about":[{"href":"https:\/\/www.bcnweddingplanners.com\/ita\/wp-json\/wp\/v2\/types\/page"}],"author":[{"embeddable":true,"href":"https:\/\/www.bcnweddingplanners.com\/ita\/wp-json\/wp\/v2\/users\/1"}],"replies":[{"embeddable":true,"href":"https:\/\/www.bcnweddingplanners.com\/ita\/wp-json\/wp\/v2\/comments?post=2047"}],"version-history":[{"count":22,"href":"https:\/\/www.bcnweddingplanners.com\/ita\/wp-json\/wp\/v2\/pages\/2047\/revisions"}],"predecessor-version":[{"id":3835,"href":"https:\/\/www.bcnweddingplanners.com\/ita\/wp-json\/wp\/v2\/pages\/2047\/revisions\/3835"}],"wp:attachment":[{"href":"https:\/\/www.bcnweddingplanners.com\/ita\/wp-json\/wp\/v2\/media?parent=2047"}],"curies":[{"name":"wp","href":"https:\/\/api.w.org\/{rel}","templated":true}]}}