{"id":1971,"date":"2014-06-03T13:34:16","date_gmt":"2014-06-03T13:34:16","guid":{"rendered":"http:\/\/www.bcnweddingplanners.com\/ita\/?page_id=1971"},"modified":"2014-12-06T17:00:42","modified_gmt":"2014-12-06T17:00:42","slug":"privacy","status":"publish","type":"page","link":"https:\/\/www.bcnweddingplanners.com\/ita\/privacy\/","title":{"rendered":"Privacy"},"content":{"rendered":"<p style=\"text-align: justify;\"><strong>AVISO LEGAL<\/strong><\/p>\n<p style=\"text-align: justify;\"><strong>SPAIN PLANNERS PRIU SL<\/strong>, en su condici\u00f3n de titular y responsable de la presente p\u00e1gina web, en cumplimiento de lo establecido en el art\u00edculo 10 de la Ley 34\/2002, de 11 de julio, de Servicios de la Sociedad de la informaci\u00f3n y de Comercio Electr\u00f3nico, pone a disposici\u00f3n de los usuarios la siguiente informaci\u00f3n general:<\/p>\n<p style=\"text-align: justify;\"><strong>SPAIN PLANNERS PRIU SL<\/strong> tiene su domicilio social en calle Brusi, 39-41, local 59, 08006 Barcelona, Espa\u00f1a; con n\u00famero de identificaci\u00f3n fiscal o C.I.F. B-66172669<\/p>\n<p style=\"text-align: justify;\"><strong>PROTECCI\u00d3N DE DATOS<\/strong><\/p>\n<p style=\"text-align: justify;\"><strong>SPAIN PLANNERS PRIU SL<\/strong>, (en adelante SWP) ha adoptado las medidas y niveles de seguridad de protecci\u00f3n de los datos personales exigidos por la Ley Org\u00e1nica 15\/1999, de 13 de diciembre, de Protecci\u00f3n de Datos de Car\u00e1cter Personal y su normativa de desarrollo. Los datos personales recabados a trav\u00e9s de la web <a title=\"Bcn Wedding Planners\" href=\"http:\/\/www.bcnweddingplanners.com\"><strong>www.bcnweddingplanners.com<\/strong><\/a> son objeto de tratamiento automatizado y se incorporan a un fichero titularidad de SWP, que es asimismo la responsable del expresado fichero.<\/p>\n<p style=\"text-align: justify;\">La cumplimentaci\u00f3n de los formularios incluidos en el sitio o el env\u00edo de correos electr\u00f3nicos u otras comunicaciones a SWP implica su consentimiento expreso a la inclusi\u00f3n de sus datos de car\u00e1cter personal en el referido fichero automatizado, titularidad de SWP.<\/p>\n<p style=\"text-align: justify;\">Usted puede ejercitar sus derechos de acceso, rectificaci\u00f3n, cancelaci\u00f3n y oposici\u00f3n con arreglo a lo previsto en la Ley Org\u00e1nica 15\/1999, de 13 de diciembre, de Protecci\u00f3n de Datos de Car\u00e1cter Personal y dem\u00e1s normativa aplicable al efecto, mediante correo electr\u00f3nico a la direcci\u00f3n<a title=\"Mail bcn wedding planners\" href=\"mailto:info@bcnweddingplanners.com\" target=\"_blank\"><strong> info@bcnweddingplanners.com<\/strong> <\/a>o por correo ordinario al domicilio social de SWP en calle Brusi, 39-41, local 59, 08006 Barcelona, Espa\u00f1a; o por cualquier otro medio que permita reconocer su identidad para que ejercite cualquiera de los anteriores derechos.<\/p>\n<p style=\"text-align: justify;\"><strong>2. Recogida de datos<\/strong><br \/>\nLa recogida de datos de car\u00e1cter personal se realizar\u2022 \u00danica y exclusivamente a trav\u00e9s del formulario de Contacto.<\/p>\n<p style=\"text-align: justify;\"><strong>3. Secreto profesional.<\/strong><br \/>\nTodas las comunicaciones privadas entre SWP y usted ser\u00e1n consideradas como confidenciales. Adem\u00e1s, tambi\u00e9n tendr\u00e1 la condici\u00f3n de confidencial la informaci\u00f3n de cualquier tipo que intercambien ambas partes, la informaci\u00f3n que ambas partes acuerden que tiene tal naturaleza y la informaci\u00f3n sobre la informaci\u00f3n confidencial.<\/p>\n<p style=\"text-align: justify;\"><strong>4. Cesi\u00f3n de informaci\u00f3n personal a terceros.<\/strong><br \/>\nSWP no cede, ni transmite de modo alguno informaci\u00f3n o datos de car\u00e1cter personal de sus Clientes\/Proveedores\/Usuarios a terceros.<\/p>\n<p style=\"text-align: justify;\"><strong>5. Cambios en la Pol\u00edtica de Seguridad y Protecci\u00f3n de Datos.<\/strong><br \/>\nSWP se reserva el derecho de modificar su pol\u00edtica de seguridad y protecci\u00f3n de datos de forma discrecional, en cualquier momento y sin previo aviso, siempre con arreglo a la legislaci\u00f3n espa\u00f1ola vigente en materia de protecci\u00f3n de datos, con efectos de la fecha de publicaci\u00f3n de dicha modificaci\u00f3n en <a title=\"BCN wedding planners\" href=\"http:\/\/www.bcnweddingplanners.com\" target=\"_blank\"><strong>www.bcnweddingplanners.com<\/strong><\/a>.<\/p>\n<p style=\"text-align: justify;\">E-mail: <a href=\"mailto:info@bcnweddingplanners.com\" target=\"_blank\"><strong>info@bcnweddingplanners.com<\/strong><\/a><\/p>\n","protected":false},"excerpt":{"rendered":"<p>AVISO LEGAL SPAIN PLANNERS PRIU SL, en su condici\u00f3n de titular y responsable de la presente p\u00e1gina web, en cumplimiento de lo establecido en el art\u00edculo 10 de la Ley 34\/2002, de 11 de julio, de Servicios de la Sociedad de la informaci\u00f3n y de Comercio Electr\u00f3nico, pone a disposici\u00f3n de los usuarios la siguiente [&hellip;]<\/p>\n","protected":false},"author":1,"featured_media":0,"parent":0,"menu_order":0,"comment_status":"open","ping_status":"open","template":"","meta":{"_et_pb_use_builder":"","_et_pb_old_content":"","_et_gb_content_width":""},"_links":{"self":[{"href":"https:\/\/www.bcnweddingplanners.com\/ita\/wp-json\/wp\/v2\/pages\/1971"}],"collection":[{"href":"https:\/\/www.bcnweddingplanners.com\/ita\/wp-json\/wp\/v2\/pages"}],"about":[{"href":"https:\/\/www.bcnweddingplanners.com\/ita\/wp-json\/wp\/v2\/types\/page"}],"author":[{"embeddable":true,"href":"https:\/\/www.bcnweddingplanners.com\/ita\/wp-json\/wp\/v2\/users\/1"}],"replies":[{"embeddable":true,"href":"https:\/\/www.bcnweddingplanners.com\/ita\/wp-json\/wp\/v2\/comments?post=1971"}],"version-history":[{"count":10,"href":"https:\/\/www.bcnweddingplanners.com\/ita\/wp-json\/wp\/v2\/pages\/1971\/revisions"}],"predecessor-version":[{"id":3831,"href":"https:\/\/www.bcnweddingplanners.com\/ita\/wp-json\/wp\/v2\/pages\/1971\/revisions\/3831"}],"wp:attachment":[{"href":"https:\/\/www.bcnweddingplanners.com\/ita\/wp-json\/wp\/v2\/media?parent=1971"}],"curies":[{"name":"wp","href":"https:\/\/api.w.org\/{rel}","templated":true}]}}