{"id":1343,"date":"2014-10-19T09:58:50","date_gmt":"2014-10-19T09:58:50","guid":{"rendered":"http:\/\/www.bcnweddingplanners.com\/ita\/?page_id=1343"},"modified":"2016-11-05T10:23:35","modified_gmt":"2016-11-05T09:23:35","slug":"isole-baleari","status":"publish","type":"page","link":"https:\/\/www.bcnweddingplanners.com\/ita\/isole-baleari\/","title":{"rendered":"Isole Baleari"},"content":{"rendered":"<p>[et_pb_section admin_label=&#8221;section&#8221; fullwidth=&#8221;on&#8221; specialty=&#8221;off&#8221;][et_pb_fullwidth_slider admin_label=&#8221;Fullwidth Slider&#8221; show_arrows=&#8221;on&#8221; show_pagination=&#8221;on&#8221; auto=&#8221;off&#8221; parallax=&#8221;off&#8221;] [et_pb_slide background_image=&#8221;http:\/\/www.bcnweddingplanners.com\/ita\/wp-content\/uploads\/sites\/8\/2014\/05\/ibiza_wedding.jpg&#8221; background_color=&#8221;#ffffff&#8221; alignment=&#8221;center&#8221; background_layout=&#8221;dark&#8221; \/] [\/et_pb_fullwidth_slider][\/et_pb_section][et_pb_section admin_label=&#8221;section&#8221;][et_pb_row admin_label=&#8221;row&#8221;][et_pb_column type=&#8221;4_4&#8243;][et_pb_text admin_label=&#8221;Text&#8221; background_layout=&#8221;light&#8221; text_orientation=&#8221;left&#8221; use_border_color=&#8221;off&#8221; border_color=&#8221;#ffffff&#8221; border_style=&#8221;solid&#8221;]<\/p>\n<p style=\"text-align: justify;\"><strong>DESTINATION WEDDINGS IN BALEARIC ISLANDS, MATRIMONI NELLE ISOLE BALEARI<\/strong><\/p>\n<p style=\"text-align: justify;\">Le Isole Baleari sono una delle regioni spagnole in cui il Mar Mediterraneo regala i paesaggi pi\u00f9 belli. Si tratta di un arcipelago formato da diverse isole: Maiorca, Minorca, Ibiza e Formentera. Il clima \u00e8 mite e a Maiorca i giorni di sole all&#8217;anno sono oltre 300.<br \/>\nLe spiagge, la gastronomia, la gente e l&#8217;energia positiva fanno di queste isole un luogo ideale per festeggiare eventi importanti, come un matrimonio.<\/p>\n<p><strong>IBIZA<\/strong><br \/>\nEnergia, gastronomia, tradizioni, verdi montagne e ricco patrimonio storico-culturale: ecco alcuni dei regali offerti da quest&#8217;isola. Uno scenario perfetto per un matrimonio che come sfondo ha un magnifico tramonto. Il magico gioco di luci e paesaggi renderanno la data del matrimonio una giornata del tutto unica.\u00a0 Lo stile boh\u00e9mien e naturale dell&#8217;isola fanno s\u00ec che chiunque vi ponga piede voglia tornarci.<\/p>\n<p><strong>FORMENTERA<\/strong><br \/>\nUna delle isole pi\u00f9 vergini abitate del Mediterraneo. Conserva intatta la magia delle sue spiagge dalle acque cristalline, abbinate a un ambiente tranquillo e naturale. L&#8217;accesso limitato fa s\u00ec che tale location idillica sia perfetta per la celebrazione di matrimoni intimi e personali.<br \/>\nPossiede dei luoghi davvero unici per organizzare cerimonie e banchetti. Senza dubbio, \u00e8 lo scenario pi\u00f9 magico per un matrimonio all&#8217;aria aperta in compagnia di brezza marina e tramonto.<\/p>\n<p><strong>MAIORCA<\/strong><br \/>\nMaiorca \u00e8 la capitale delle Isole Baleari. \u00c8 un luogo di grande ricchezza paesaggistica caratterizzato da una netta influenza romana in ambito architettonico.<br \/>\nGrande variet\u00e0 di luoghi unici e pittoreschi dove celebrare delle nozze: hotel di lusso in riva al mare, case in campagna, giardini, castelli, ecc. L&#8217;eccellente gastronomia e la buona accessibilit\u00e0 di questa isola la rendono perfetta per organizzarvi matrimoni.<\/p>\n<p><strong>MINORCA<\/strong><br \/>\nUna delle isole con le migliori spiagge e cale di tutta la Spagna. Offre dei luoghi unici in riva al mare, ideali per matrimoni al tramonto, eleganti e al contempo casual.\u00a0 I paesaggi idilliaci, gli eremi bianchi, le acque cristalline e la gastronomia: questi i segni distintivi del matrimonio.&#8221;<\/p>\n<p><strong>baleares@bcnweddingplanners.com<\/strong><\/p>\n<p><iframe loading=\"lazy\" src=\"\/\/www.youtube.com\/embed\/k6J8Ev8zE_s\" width=\"560\" height=\"314\" allowfullscreen=\"allowfullscreen\"><\/iframe><\/p>\n<p>[\/et_pb_text][\/et_pb_column][\/et_pb_row][\/et_pb_section]<\/p>\n","protected":false},"excerpt":{"rendered":"<p>DESTINATION WEDDINGS IN BALEARIC ISLANDS, MATRIMONI NELLE ISOLE BALEARI Le Isole Baleari sono una delle regioni spagnole in cui il Mar Mediterraneo regala i paesaggi pi\u00f9 belli. Si tratta di un arcipelago formato da diverse isole: Maiorca, Minorca, Ibiza e Formentera. Il clima \u00e8 mite e a Maiorca i giorni di sole all&#8217;anno sono oltre [&hellip;]<\/p>\n","protected":false},"author":1,"featured_media":0,"parent":0,"menu_order":0,"comment_status":"open","ping_status":"open","template":"","meta":{"_et_pb_use_builder":"on","_et_pb_old_content":"<p>LAS ISLAS BALEARES <br \/><br \/>Las Islas Baleares son una de las comunidades aut\u00f3nomas de Espa\u00f1a donde el Mar Mediterr\u00e1neo deja sus mejores paisajes.<br \/><br \/>Es un archipi\u00e9lago formado por las islas de Mallorca, Menorca, Ibiza y Formentera.<br \/><br \/>El clima es suave y en Mallorca se goza de m\u00e1s de 300 d\u00edas de sol al a\u00f1o.<br \/><br \/>Sus playas, su gastronom\u00eda, sus gentes y su buena energ\u00eda hacen de estas islas un lugar perfecto para la celebraci\u00f3n de importantes celebraciones como las bodas.<br \/><br \/>IBIZA<br \/><br \/>Su energ\u00eda, su gastronom\u00eda, sus tradiciones, sus monta\u00f1as verdes y un rico patrimonio hist\u00f3rico y cultural son algunos de los regalos que esta isla nos ofrece.<br \/><br \/>Es el escenario perfecto para una boda al atardecer con la puesta de sol de fondo, donde la magia de su luz y sus paisajes har\u00e1n de el d\u00eda de su boda un d\u00eda \u00fanico. <br \/><br \/>Su estilo bohemio y natural hace que la gente que pisa la isla desee volver.<br \/><br \/>FORMENTERA<br \/><br \/>Una de las islas m\u00e1s v\u00edrgenes habitadas del Mediterr\u00e1neo. Conserva la magia de sus playas de aguas cristalinas\u00a0 y un ambiente tranquilo y natural.<br \/><br \/>Su acceso limitado, hace de este paraje un lugar id\u00edlico para la celebraci\u00f3n de bodas \u00edntimas y de aire personal. <br \/><br \/>Goza de lugares \u00fanicos para ceremonias y banquetes, sin duda el escenario m\u00e1s m\u00e1gico para una boda al aire libre acompa\u00f1ada por la brisa del mar y las puestas de sol.<br \/><br \/><br \/>MALLORCA<br \/><br \/>Mallorca es la capital de las Islas Baleares.<br \/><br \/>Un lugar con gran riqueza paisaj\u00edstica y una clara influencia de la \u00e9poca romana en sus arquitectura.<br \/><br \/>Gran variedad de lugares \u00fanicos y pintorescos para la celebraci\u00f3n de una boda; hoteles de lujo, a la orilla del mar, casas en el campo, jardines, castillos\u2026<br \/><br \/>Su gastronom\u00eda y su accesibilidad hacen de \u00e9sta isla un lugar perfecto para celebraciones de boda.<br \/><br \/>MENORCA<br \/><br \/>Una de las islas con las mejores playas y calas de Espa\u00f1a. <br \/><br \/>Goza de lugares \u00fanicos a la orilla del mar ideales para bodas al atardecer con aire elegante y desenfadadas. <br \/><br \/>Sus paisajes id\u00edlicos, sus ermitas en color blanco, sus aguas cristalinas junto a su gastronom\u00eda, ser\u00e1n caracter\u00edsticos de su boda. <br \/><br \/><\/p>","_et_gb_content_width":""},"_links":{"self":[{"href":"https:\/\/www.bcnweddingplanners.com\/ita\/wp-json\/wp\/v2\/pages\/1343"}],"collection":[{"href":"https:\/\/www.bcnweddingplanners.com\/ita\/wp-json\/wp\/v2\/pages"}],"about":[{"href":"https:\/\/www.bcnweddingplanners.com\/ita\/wp-json\/wp\/v2\/types\/page"}],"author":[{"embeddable":true,"href":"https:\/\/www.bcnweddingplanners.com\/ita\/wp-json\/wp\/v2\/users\/1"}],"replies":[{"embeddable":true,"href":"https:\/\/www.bcnweddingplanners.com\/ita\/wp-json\/wp\/v2\/comments?post=1343"}],"version-history":[{"count":14,"href":"https:\/\/www.bcnweddingplanners.com\/ita\/wp-json\/wp\/v2\/pages\/1343\/revisions"}],"predecessor-version":[{"id":3894,"href":"https:\/\/www.bcnweddingplanners.com\/ita\/wp-json\/wp\/v2\/pages\/1343\/revisions\/3894"}],"wp:attachment":[{"href":"https:\/\/www.bcnweddingplanners.com\/ita\/wp-json\/wp\/v2\/media?parent=1343"}],"curies":[{"name":"wp","href":"https:\/\/api.w.org\/{rel}","templated":true}]}}