{"id":24,"date":"2014-02-20T14:14:01","date_gmt":"2014-02-20T14:14:01","guid":{"rendered":"http:\/\/www.bcnweddingplanners.com\/eng\/?page_id=24"},"modified":"2014-12-03T17:06:06","modified_gmt":"2014-12-03T17:06:06","slug":"company","status":"publish","type":"page","link":"https:\/\/www.bcnweddingplanners.com\/eng\/company\/","title":{"rendered":"Company"},"content":{"rendered":"<p>[et_pb_section fullwidth=&#8221;on&#8221; specialty=&#8221;off&#8221;][et_pb_fullwidth_slider admin_label=&#8221;Fullwidth Slider&#8221; show_arrows=&#8221;on&#8221; show_pagination=&#8221;on&#8221; auto=&#8221;off&#8221; parallax=&#8221;off&#8221; parallax_method=&#8221;off&#8221;][et_pb_slide background_image=&#8221;http:\/\/www.bcnweddingplanners.com\/eng\/wp-content\/uploads\/sites\/7\/2014\/02\/superior-empresa.png&#8221; background_color=&#8221;#ffffff&#8221; alignment=&#8221;center&#8221; background_layout=&#8221;dark&#8221; \/][\/et_pb_fullwidth_slider][\/et_pb_section][et_pb_section][et_pb_row][et_pb_column type=&#8221;4_4&#8243;][et_pb_text admin_label=&#8221;Text&#8221; background_layout=&#8221;light&#8221; text_orientation=&#8221;left&#8221;]<\/p>\n<p style=\"text-align: justify;\"><span style=\"font-size: 24pt;\"><strong>Company<\/strong><\/span><\/p>\n<p style=\"text-align: justify;\"><strong>Bcn Wedding Planners<\/strong> \u00a0was set up by Marta Priu, the renowned Spanish wedding planner and designer, founder and director of bcn wedding planners and <strong>Bcn Event Planners<\/strong>.<\/p>\n<p style=\"text-align: justify;\">After a long career in the weddings sector, designing and organizing all kinds of different weddings and acquiring an in-depth knowledge of the Spanish weddings sector, Marta Priu decided to integrate the philosophy, design concepts and organization of weddings under a single brand, Wedding Planners and Designers, which today forms part of the\u00a0<strong>Bcn Wedding Planners by Marta Priu group<\/strong>.<\/p>\n<p style=\"text-align: justify;\">Each of our wedding planners and designers specialises in their own operational area within Spain where they all work with highly qualified suppliers. This is how\u00a0<strong>Bcn Wedding Planners<\/strong> is able to guarantee a<strong> premium service<\/strong>, professionalism and the success of the weddings they organize at any national or international location.<\/p>\n<p style=\"text-align: justify;\">Numerous brides and grooms have placed their trust in our experience when organizing their wedding. Our client list features many internationally-renowned sporting figures from the NBA and F.C. Barcelona, personalities from the world of high society, Spanish and international celebrities &#8230; amongst many others.<\/p>\n<p style=\"text-align: justify;\">Our aim is to fulfil the dreams and exceed the expectations of couples who put their faith in <strong>Bcn Wedding Planners<\/strong>, coming up with the much sought-after \u201cWow!\u201d factor with bespoke weddings that are personalized down to the very last detail, leaving nothing to chance.<\/p>\n<p style=\"text-align: justify;\"><strong>Our group values are as follows:<\/strong><\/p>\n<ul style=\"text-align: justify;\">\n<li><strong>Exclusivity<\/strong>: We organize unique, exquisite, elegant weddings for discerning couples.<\/li>\n<li style=\"text-align: justify;\"><strong>Experience<\/strong>: We rely on a team of wedding planners and designers with proven expertise in the organization of weddings on a national and international scale and our extensive experience is reflected in everything we do.<\/li>\n<li style=\"text-align: justify;\"><strong>Personalization<\/strong>: Our service is highly personalized, with every single detail carefully thought through to reflect the very essence of the bride and groom.<\/li>\n<li style=\"text-align: justify;\"><strong>Professionalism<\/strong>: We work with integrity, passion and quality, concentrating at all times on providing the best possible way to fulfil the needs of the couples who place their trust in us.<\/li>\n<li style=\"text-align: justify;\"><strong>Commitment to the client<\/strong>: Nothing is more important to us than exceeding our clients\u2019 expectations.<\/li>\n<\/ul>\n<p style=\"text-align: justify;\">Part of our philosophy is to work alongside the most respected firms in the weddings sector, those who share our passion, commitment, high level of service, excellence and attention to detail so that together we can achieve unforgettable weddings.<\/p>\n<p>[\/et_pb_text][\/et_pb_column][\/et_pb_row][\/et_pb_section]<\/p>\n","protected":false},"excerpt":{"rendered":"<p><div class=\"et_pb_section et_pb_section_0 et_section_regular\" >\n\t\t\t\t\n\t\t\t\t\n\t\t\t\t\n\t\t\t\t\n\t\t\t\t\n\t\t\t\t\n\t\t\t\t\n\t\t\t\t\n\t\t\t\t\n\t\t\t<\/div><div class=\"et_pb_row et_pb_row_0 et_pb_row_empty\">\n\t\t\t\t\n\t\t\t\t\n\t\t\t\t\n\t\t\t\t\n\t\t\t\t\n\t\t\t<\/div> Company Bcn Wedding Planners \u00a0was set up by Marta Priu, the renowned Spanish wedding planner and designer, founder and director of bcn wedding planners and Bcn Event Planners. After a long career in the weddings sector, designing and organizing all kinds of different weddings and acquiring an in-depth knowledge of the Spanish weddings sector, [&hellip;]<\/p>\n","protected":false},"author":1,"featured_media":0,"parent":0,"menu_order":1,"comment_status":"open","ping_status":"open","template":"","meta":{"_et_pb_use_builder":"on","_et_pb_old_content":"<p style=\"text-align: justify;\"><strong>Bcn Wedding Planners<\/strong> nace de la mano de <strong>Marta Priu<\/strong>, prestigiosa <strong>Wedding Planner & Designer espa\u00f1ola<\/strong>, fundadora y directora de <strong>Bcn Wedding Planners<\/strong> y <strong><a href=\"http:\/\/www.bcneventplanners.com\">Bcn Event Planners<\/a><\/strong>.<\/p><p style=\"text-align: justify;\">Despu\u00e9s de una larga trayectoria en el sector nupcial, de dise\u00f1ar y organizar un gran n\u00famero de bodas de diferentes estilos y de adquirir un alto conocimiento del mercado nupcial espa\u00f1ol, Marta Priu decide agrupar, bajo una misma marca, filosof\u00eda y entendimiento del dise\u00f1o y la organizaci\u00f3n de las bodas, al conjunto de Wedding Planners & Designers que hoy en d\u00eda forman parte del grupo<strong> Eng Bcn Wedding Planners by Marta Priu<\/strong>.<\/p><p style=\"text-align: justify;\">Cada una de nuestras Wedding Planners & Designers est\u00e1 especializada en su propia zona de actuaci\u00f3n dentro del territorio espa\u00f1ol, donde trabaja con proveedores altamente cualificados. Es as\u00ed, como <strong>Bcn Wedding Planners<\/strong>\u00a0<strong>by Marta Priu<\/strong> garantiza un servicio <strong><em>Premium<\/em><\/strong>\u00a0en cualquier punto de la geograf\u00eda Nacional e Internacional.<\/p><p style=\"text-align: justify;\">Son muchos los novios que han confiado en nuestra experiencia y profesionalidad a la hora de organizar su boda. Entre nuestros clientes figuran jugadores de gran prestigio y reconocimiento Internacional de la NBA, del F.C. Barcelona, personalidades del mundo social, celebridades espa\u00f1olas y extranjeras, entre muchos otros clientes.<\/p><p style=\"text-align: justify;\">Nuestro objetivo es cumplir los sue\u00f1os y superar las expectativas de las parejas que han confiado en <strong>Eng Bcn Wedding Planners by Marta Priu<\/strong>, ofreci\u00e9ndoles el factor \u201cWow!\u201d a trav\u00e9s de bodas trabajadas de manera particular y personalizadas hasta el m\u00e1s m\u00ednimo detalle, sin dejar nada al azar.<\/p><p style=\"text-align: justify;\"><strong>Nuestros valores como grupo son:<\/strong><\/p><ul style=\"text-align: justify;\"><li><strong>Exclusividad:<\/strong> Organizamos bodas \u00fanicas, bodas exquisitas y bodas elegantes para novios exigentes.<\/li><li><strong>Experiencia:<\/strong>\u00a0M\u00e1s de una d\u00e9cada nos avala como dise\u00f1adores y organizadores de bodas. Transmitimos esa experiencia en todo lo que hacemos.<\/li><li><strong>Personalizaci\u00f3n:<\/strong> Nuestro servicio tiene un enfoque personal, cada detalle de las bodas que organizamos est\u00e1 pensado cuidadosamente para reflejar la esencia de los novios.<\/li><li><strong>Profesionalidad:<\/strong> Trabajamos con integridad, pasi\u00f3n y calidad, siempre concentr\u00e1ndonos en atender de la mejor manera las necesidades de las parejas que conf\u00edan en nosotros.<\/li><li><strong>Compromiso con el cliente:<\/strong> Para nosotros, nada es m\u00e1s importante que superar las expectativas de nuestros clientes.<\/li><\/ul><p style=\"text-align: justify;\">Como parte de <strong>nuestra filosof\u00eda<\/strong>, trabajamos al lado de las empresas m\u00e1s respetadas en el sector de las bodas, que comparten con nosotros la misma pasi\u00f3n, el compromiso, el alto nivel de servicio, la excelencia y la atenci\u00f3n al detalle, para juntos, lograr bodas inolvidables.<\/p><p style=\"text-align: justify;\">\u00a0<\/p>","_et_gb_content_width":""},"_links":{"self":[{"href":"https:\/\/www.bcnweddingplanners.com\/eng\/wp-json\/wp\/v2\/pages\/24"}],"collection":[{"href":"https:\/\/www.bcnweddingplanners.com\/eng\/wp-json\/wp\/v2\/pages"}],"about":[{"href":"https:\/\/www.bcnweddingplanners.com\/eng\/wp-json\/wp\/v2\/types\/page"}],"author":[{"embeddable":true,"href":"https:\/\/www.bcnweddingplanners.com\/eng\/wp-json\/wp\/v2\/users\/1"}],"replies":[{"embeddable":true,"href":"https:\/\/www.bcnweddingplanners.com\/eng\/wp-json\/wp\/v2\/comments?post=24"}],"version-history":[{"count":27,"href":"https:\/\/www.bcnweddingplanners.com\/eng\/wp-json\/wp\/v2\/pages\/24\/revisions"}],"predecessor-version":[{"id":3813,"href":"https:\/\/www.bcnweddingplanners.com\/eng\/wp-json\/wp\/v2\/pages\/24\/revisions\/3813"}],"wp:attachment":[{"href":"https:\/\/www.bcnweddingplanners.com\/eng\/wp-json\/wp\/v2\/media?parent=24"}],"curies":[{"name":"wp","href":"https:\/\/api.w.org\/{rel}","templated":true}]}}