{"id":2219,"date":"2014-07-24T08:37:54","date_gmt":"2014-07-24T08:37:54","guid":{"rendered":"http:\/\/www.bcnweddingplanners.com\/eng\/?page_id=2219"},"modified":"2021-02-23T01:19:43","modified_gmt":"2021-02-23T00:19:43","slug":"wedding-expert-2","status":"publish","type":"page","link":"https:\/\/www.bcnweddingplanners.com\/eng\/wedding-expert-2\/","title":{"rendered":"Wedding Expert"},"content":{"rendered":"<p>[et_pb_section fb_built=&#8221;1&#8243; _builder_version=&#8221;3.22&#8243;][et_pb_row _builder_version=&#8221;3.25&#8243; background_size=&#8221;initial&#8221; background_position=&#8221;top_left&#8221; background_repeat=&#8221;repeat&#8221;][et_pb_column type=&#8221;4_4&#8243; _builder_version=&#8221;3.25&#8243; custom_padding=&#8221;|||&#8221; custom_padding__hover=&#8221;|||&#8221;][et_pb_text admin_label=&#8221;Text&#8221; _builder_version=&#8221;4.8.2&#8243; background_size=&#8221;initial&#8221; background_position=&#8221;top_left&#8221; background_repeat=&#8221;repeat&#8221; hover_enabled=&#8221;0&#8243; sticky_enabled=&#8221;0&#8243;]<\/p>\n<p style=\"text-align: justify;\"><strong>Marta Priu <\/strong>has a degree in Advertising from <strong>Abad Oliba University<\/strong> and a Master\u2019s degree in Marketing and Communications in fashion and luxury sectors from the <strong>Complutense University of Madrid<\/strong> and <strong>ELLE magazine<\/strong>.<\/p>\n<p style=\"text-align: justify;\">Marta Priu founded <strong>Bcn Wedding Planners<\/strong> in 2005 as one of the pioneering agencies in introducing the concept of the wedding planner as a professional designer and organizer of weddings. Today, <strong>Marta Priu<\/strong> is a renowned<strong> Wedding Planner and Designer<\/strong> in Spain.<\/p>\n<p style=\"text-align: justify;\"><img decoding=\"async\" loading=\"lazy\" src=\"https:\/\/www.bcnweddingplanners.com\/eng\/wp-content\/uploads\/sites\/7\/2021\/02\/IMG_1892-150x150.jpg\" width=\"233\" height=\"233\" alt=\"\" class=\"wp-image-4445 alignright size-thumbnail\" \/><\/p>\n<p style=\"text-align: justify;\">In 2007 she founded <a href=\"http:\/\/www.bcneventplanners.com\"><strong>Bcn Event Planners<\/strong><\/a>, an agency dedicated to provide professional\u00a0corporate event management\u00a0services, whose clients include firms of national and international renown such as <strong>HP, Swarovski, Prudential, Unicredit, Menarini Laboratories, Privalia, Softonic\u2026<\/strong><\/p>\n<p style=\"text-align: justify;\"><strong>Marta Priu<\/strong> is\u00a0a member of the <strong>Independent Association of Young Catalan Businesspeople (AIJEC)<\/strong> and an active lecturer on wedding planner courses (her own training scheme which has taught over 100 students from different countries).<\/p>\n<p><strong>Marta Priu<\/strong> has been interviewed by the country\u2019s leading media, such as newspapers\u00a0\u201c<a title=\"El mundo\" href=\"https:\/\/www.bcnweddingplanners.com\/eng\/medios\/prensa\/\"><strong>El Mundo<\/strong><\/a>\u201d, \u201c<a title=\"La vanguardia\" href=\"https:\/\/www.bcnweddingplanners.com\/eng\/medios\/prensa\/\"><strong>La Vanguardia<\/strong><\/a>\u201d, \u201c<a title=\"El peri\u00f3dico\" href=\"https:\/\/www.bcnweddingplanners.com\/eng\/medios\/prensa\/\"><strong>El Peri\u00f3dico<\/strong><\/a>\u201d, \u201c<a title=\"TVE\" href=\"https:\/\/www.bcnweddingplanners.com\/eng\/medios\/radio-%C2%ADtv\/\"><strong>RTVE<\/strong><\/a>\u201d, \u201c<a title=\"TV3\" href=\"https:\/\/www.bcnweddingplanners.com\/eng\/medios\/radio-%C2%ADtv\/\"><strong>TV3<\/strong><\/a>\u201d\u2026, and she has also participated in numerous forums as an expert wedding planner and designer.<\/p>\n<p>In 2014, <strong>Marta Priu<\/strong> decided to create a premium service on a national level for the most discerning and demanding of clients.<\/p>\n<p>&nbsp;<\/p>\n<p>&nbsp;<\/p>\n<p>[\/et_pb_text][\/et_pb_column][\/et_pb_row][\/et_pb_section]<\/p>\n","protected":false},"excerpt":{"rendered":"<p>Marta Priu has a degree in Advertising from Abad Oliba University and a Master\u2019s degree in Marketing and Communications in fashion and luxury sectors from the Complutense University of Madrid and ELLE magazine. Marta Priu founded Bcn Wedding Planners in 2005 as one of the pioneering agencies in introducing the concept of the wedding planner [&hellip;]<\/p>\n","protected":false},"author":1,"featured_media":0,"parent":0,"menu_order":0,"comment_status":"open","ping_status":"open","template":"","meta":{"_et_pb_use_builder":"on","_et_pb_old_content":"<p style=\"text-align: justify;\"><strong>Marta Priu<\/strong> es Publicista por la <strong>Universidad Abad Oliba<\/strong> con un M\u00e1ster\u00a0en M\u00e1rketing y Comunicaci\u00f3n del sector de la Moda y del Lujo impartido por la <strong>Universidad Complutense de Madrid<\/strong> y la <strong>revista ELLE<\/strong>.<\/p><p style=\"text-align: justify;\">Fund\u00f3<strong> Bcn Wedding Planners<\/strong> en 2005 siendo una de las agencias pioneras en introducir en Espa\u00f1a el concepto del wedding planner, como profesional del dise\u00f1o y de la organizaci\u00f3n de bodas. <strong>Marta Priu<\/strong> es, en la actualidad, una <strong>Wedding Planner & Designer<\/strong> de reconocido prestigio en Espa\u00f1a.<\/p><p style=\"text-align: justify;\">En el a\u00f1o 2007 fund\u00f3 <strong><a href=\"http:\/\/www.bcneventplanners.com\">Bcn Event Planners<\/a>, <\/strong>una\u00a0agencia de dise\u00f1o y de organizaci\u00f3n de eventos corporativos, entre cuyos clientes se encuentran empresas de gran renombre Nacional e Internacional como<strong> HP, Swarovski, Prudential, Unicredit, Laboratorios Menarini, Privalia, Softonic...<\/strong><\/p><p style=\"text-align: justify;\"><strong>Marta,\u00a0<\/strong>es miembro de la \"<em><strong>Associaci\u00f3 Independent de Joves Empresaris de Catalunya<\/strong><\/em>\" (AIJEC) y, profesora en activo de cursos de wedding planner (formaci\u00f3n propia, con ense\u00f1anza a m\u00e1s de 100 alumnas de diferentes pa\u00edses).<\/p><p><strong>Marta Priu<\/strong> ha sido entrevistada por los medios de comunicaci\u00f3n m\u00e1s prestigiosos de Espa\u00f1a, tales como \u201c<a title=\"El mundo\" href=\"http:\/\/www.bcnweddingplanners.com\/eng\/medios\/prensa\/\"><strong>El Mundo<\/strong><\/a>\u201d, \u201c<a title=\"La vanguardia\" href=\"http:\/\/www.bcnweddingplanners.com\/eng\/medios\/prensa\/\"><strong>La Vanguardia<\/strong><\/a>\u201d, \u201c<a title=\"El peri\u00f3dico\" href=\"http:\/\/www.bcnweddingplanners.com\/eng\/medios\/prensa\/\"><strong>El Peri\u00f3dico<\/strong><\/a>\u201d, \u201c<a title=\"TVE\" href=\"http:\/\/www.bcnweddingplanners.com\/eng\/medios\/radio-%C2%ADtv\/\"><strong>RTVE<\/strong><\/a>\u201d, \u201c<a title=\"TV3\" href=\"http:\/\/www.bcnweddingplanners.com\/eng\/medios\/radio-%C2%ADtv\/\"><strong>TV3<\/strong><\/a>\u201d\u2026, y ha participado en multitud de tertulias como experta Wedding Planner & Designer.<\/p><p><strong>Marta,\u00a0<\/strong>decide en 2010, empezar a gestar lo que en 2014 ha dado a luz, un proyecto a nivel Nacional, un servicio<em><strong> first class<\/strong><\/em> para los clientes m\u00e1s exclusivos y exigentes.<\/p><p>\u00a0<\/p>","_et_gb_content_width":""},"_links":{"self":[{"href":"https:\/\/www.bcnweddingplanners.com\/eng\/wp-json\/wp\/v2\/pages\/2219"}],"collection":[{"href":"https:\/\/www.bcnweddingplanners.com\/eng\/wp-json\/wp\/v2\/pages"}],"about":[{"href":"https:\/\/www.bcnweddingplanners.com\/eng\/wp-json\/wp\/v2\/types\/page"}],"author":[{"embeddable":true,"href":"https:\/\/www.bcnweddingplanners.com\/eng\/wp-json\/wp\/v2\/users\/1"}],"replies":[{"embeddable":true,"href":"https:\/\/www.bcnweddingplanners.com\/eng\/wp-json\/wp\/v2\/comments?post=2219"}],"version-history":[{"count":27,"href":"https:\/\/www.bcnweddingplanners.com\/eng\/wp-json\/wp\/v2\/pages\/2219\/revisions"}],"predecessor-version":[{"id":4447,"href":"https:\/\/www.bcnweddingplanners.com\/eng\/wp-json\/wp\/v2\/pages\/2219\/revisions\/4447"}],"wp:attachment":[{"href":"https:\/\/www.bcnweddingplanners.com\/eng\/wp-json\/wp\/v2\/media?parent=2219"}],"curies":[{"name":"wp","href":"https:\/\/api.w.org\/{rel}","templated":true}]}}