{"id":1343,"date":"2014-10-19T09:58:50","date_gmt":"2014-10-19T09:58:50","guid":{"rendered":"http:\/\/www.bcnweddingplanners.com\/eng\/?page_id=1343"},"modified":"2016-12-14T21:15:13","modified_gmt":"2016-12-14T20:15:13","slug":"the-balearic-islands","status":"publish","type":"page","link":"https:\/\/www.bcnweddingplanners.com\/eng\/the-balearic-islands\/","title":{"rendered":"The Balearic Islands"},"content":{"rendered":"<p>[et_pb_section admin_label=&#8221;section&#8221; fullwidth=&#8221;on&#8221; specialty=&#8221;off&#8221;][et_pb_fullwidth_slider admin_label=&#8221;Fullwidth Slider&#8221; show_arrows=&#8221;on&#8221; show_pagination=&#8221;on&#8221; auto=&#8221;off&#8221; parallax=&#8221;off&#8221;] [et_pb_slide background_image=&#8221;http:\/\/www.bcnweddingplanners.com\/eng\/wp-content\/uploads\/sites\/7\/2014\/05\/ibiza_wedding.jpg&#8221; background_color=&#8221;#ffffff&#8221; alignment=&#8221;center&#8221; background_layout=&#8221;dark&#8221; \/] [\/et_pb_fullwidth_slider][\/et_pb_section][et_pb_section admin_label=&#8221;section&#8221;][et_pb_row admin_label=&#8221;row&#8221;][et_pb_column type=&#8221;4_4&#8243;][et_pb_text admin_label=&#8221;Text&#8221; background_layout=&#8221;light&#8221; text_orientation=&#8221;left&#8221; use_border_color=&#8221;off&#8221; border_color=&#8221;#ffffff&#8221; border_style=&#8221;solid&#8221;]<\/p>\n<p style=\"text-align: justify;\"><strong>DESTINATION WEDDINGS IN BALEARIC ISLANDS<\/strong><\/p>\n<p style=\"text-align: justify;\"><strong>The Balearic Islands<\/strong> form one of Spain\u2019s autonomous communities in which the Mediterranean Sea provides its finest landscapes. It is an archipelago formed by the islands of <strong>Mallorca, Menorca, Ibiza and Formentera<\/strong>. The climate is pleasant and Mallorca enjoys over 300 days of sunshine per year.<br \/>\nTheir beaches, cuisine, people and positive energy make these islands the perfect place for holding important events such as weddings.<\/p>\n<p style=\"text-align: justify;\"><strong>Destination Weddings en Ibiza<\/strong><\/p>\n<p style=\"text-align: justify;\">Its energy, cuisine, traditions, green mountains and rich historical and cultural heritage are just some of this island\u2019s gifts to us. Ibiza is the perfect setting for a twilight wedding against the setting sun as a backdrop, where the magic of its light and landscapes will make your wedding day unique.\u00a0 Its natural bohemian style always ensures visitors will want to return.<\/p>\n<p style=\"text-align: justify;\"><strong>Destination Weddings en Formentera<br \/>\n<\/strong><\/p>\n<p style=\"text-align: justify;\">One of the Mediterranean\u2019s most unspoilt inhabited islands. It offers all the magic of its beaches and crystal clear waters in a tranquil natural setting. The limited access to the island makes it an idyllic place for celebrating intimate weddings with a personal touch.<br \/>\nIt boasts unique locations for ceremonies and banquets, without doubt a magical setting for an open-air wedding at sunset accompanied by a sea breeze.<\/p>\n<p style=\"text-align: justify;\"><strong>Destination Weddings en Mallorca<\/strong><\/p>\n<p style=\"text-align: justify;\">Mallorca is the capital of the Balearic Islands. It has a wealth of beautiful scenery and a clear Roman influence in its architecture.<br \/>\nThere is a great variety of unique and picturesque venues in which to celebrate a wedding: deluxe hotels on the sea shore, country houses, gardens, castles&#8230; Its cuisine and easy accessibility make this island the perfect place in which to celebrate a wedding.<\/p>\n<p style=\"text-align: justify;\"><strong>Destination Weddings en Menorca, Bodas en Menorca<\/strong><\/p>\n<p style=\"text-align: justify;\">Menorca has some of the best beaches and coves in Spain.\u00a0 It boasts unique seaside locations that are ideal for weddings at dusk with an elegantly casual atmosphere.\u00a0 Its idyllic landscapes, whitewashed chapels, crystal clear waters and cuisine will all form part of your wedding.<\/p>\n<p><a href=\"mailto:baleares@bcnweddingplanners.com\"><strong>\u00a0baleares@bcnweddingplanners.com<\/strong><\/a><\/p>\n<p><iframe loading=\"lazy\" src=\"\/\/www.youtube.com\/embed\/k6J8Ev8zE_s\" width=\"560\" height=\"314\" allowfullscreen=\"allowfullscreen\"><\/iframe><\/p>\n<p>[\/et_pb_text][\/et_pb_column][\/et_pb_row][\/et_pb_section]<\/p>\n","protected":false},"excerpt":{"rendered":"<p>DESTINATION WEDDINGS IN BALEARIC ISLANDS The Balearic Islands form one of Spain\u2019s autonomous communities in which the Mediterranean Sea provides its finest landscapes. It is an archipelago formed by the islands of Mallorca, Menorca, Ibiza and Formentera. The climate is pleasant and Mallorca enjoys over 300 days of sunshine per year. Their beaches, cuisine, people [&hellip;]<\/p>\n","protected":false},"author":1,"featured_media":0,"parent":0,"menu_order":0,"comment_status":"open","ping_status":"open","template":"","meta":{"_et_pb_use_builder":"on","_et_pb_old_content":"<p>LAS ISLAS BALEARES <br \/><br \/>Las Islas Baleares son una de las comunidades aut\u00f3nomas de Espa\u00f1a donde el Mar Mediterr\u00e1neo deja sus mejores paisajes.<br \/><br \/>Es un archipi\u00e9lago formado por las islas de Mallorca, Menorca, Ibiza y Formentera.<br \/><br \/>El clima es suave y en Mallorca se goza de m\u00e1s de 300 d\u00edas de sol al a\u00f1o.<br \/><br \/>Sus playas, su gastronom\u00eda, sus gentes y su buena energ\u00eda hacen de estas islas un lugar perfecto para la celebraci\u00f3n de importantes celebraciones como las bodas.<br \/><br \/>IBIZA<br \/><br \/>Su energ\u00eda, su gastronom\u00eda, sus tradiciones, sus monta\u00f1as verdes y un rico patrimonio hist\u00f3rico y cultural son algunos de los regalos que esta isla nos ofrece.<br \/><br \/>Es el escenario perfecto para una boda al atardecer con la puesta de sol de fondo, donde la magia de su luz y sus paisajes har\u00e1n de el d\u00eda de su boda un d\u00eda \u00fanico. <br \/><br \/>Su estilo bohemio y natural hace que la gente que pisa la isla desee volver.<br \/><br \/>FORMENTERA<br \/><br \/>Una de las islas m\u00e1s v\u00edrgenes habitadas del Mediterr\u00e1neo. Conserva la magia de sus playas de aguas cristalinas\u00a0 y un ambiente tranquilo y natural.<br \/><br \/>Su acceso limitado, hace de este paraje un lugar id\u00edlico para la celebraci\u00f3n de bodas \u00edntimas y de aire personal. <br \/><br \/>Goza de lugares \u00fanicos para ceremonias y banquetes, sin duda el escenario m\u00e1s m\u00e1gico para una boda al aire libre acompa\u00f1ada por la brisa del mar y las puestas de sol.<br \/><br \/><br \/>MALLORCA<br \/><br \/>Mallorca es la capital de las Islas Baleares.<br \/><br \/>Un lugar con gran riqueza paisaj\u00edstica y una clara influencia de la \u00e9poca romana en sus arquitectura.<br \/><br \/>Gran variedad de lugares \u00fanicos y pintorescos para la celebraci\u00f3n de una boda; hoteles de lujo, a la orilla del mar, casas en el campo, jardines, castillos\u2026<br \/><br \/>Su gastronom\u00eda y su accesibilidad hacen de \u00e9sta isla un lugar perfecto para celebraciones de boda.<br \/><br \/>MENORCA<br \/><br \/>Una de las islas con las mejores playas y calas de Espa\u00f1a. <br \/><br \/>Goza de lugares \u00fanicos a la orilla del mar ideales para bodas al atardecer con aire elegante y desenfadadas. <br \/><br \/>Sus paisajes id\u00edlicos, sus ermitas en color blanco, sus aguas cristalinas junto a su gastronom\u00eda, ser\u00e1n caracter\u00edsticos de su boda. <br \/><br \/><\/p>","_et_gb_content_width":""},"_links":{"self":[{"href":"https:\/\/www.bcnweddingplanners.com\/eng\/wp-json\/wp\/v2\/pages\/1343"}],"collection":[{"href":"https:\/\/www.bcnweddingplanners.com\/eng\/wp-json\/wp\/v2\/pages"}],"about":[{"href":"https:\/\/www.bcnweddingplanners.com\/eng\/wp-json\/wp\/v2\/types\/page"}],"author":[{"embeddable":true,"href":"https:\/\/www.bcnweddingplanners.com\/eng\/wp-json\/wp\/v2\/users\/1"}],"replies":[{"embeddable":true,"href":"https:\/\/www.bcnweddingplanners.com\/eng\/wp-json\/wp\/v2\/comments?post=1343"}],"version-history":[{"count":16,"href":"https:\/\/www.bcnweddingplanners.com\/eng\/wp-json\/wp\/v2\/pages\/1343\/revisions"}],"predecessor-version":[{"id":3983,"href":"https:\/\/www.bcnweddingplanners.com\/eng\/wp-json\/wp\/v2\/pages\/1343\/revisions\/3983"}],"wp:attachment":[{"href":"https:\/\/www.bcnweddingplanners.com\/eng\/wp-json\/wp\/v2\/media?parent=1343"}],"curies":[{"name":"wp","href":"https:\/\/api.w.org\/{rel}","templated":true}]}}