{"id":98,"date":"2014-10-21T14:43:43","date_gmt":"2014-10-21T14:43:43","guid":{"rendered":"http:\/\/www.bcnweddingplanners.com\/de\/?page_id=98"},"modified":"2015-02-16T09:34:17","modified_gmt":"2015-02-16T08:34:17","slug":"barcelona","status":"publish","type":"page","link":"https:\/\/www.bcnweddingplanners.com\/de\/barcelona\/","title":{"rendered":"Barcelona"},"content":{"rendered":"<p>[et_pb_section fullwidth=&#8220;on&#8220; specialty=&#8220;off&#8220;][et_pb_fullwidth_slider admin_label=&#8220;Fullwidth Slider&#8220; show_arrows=&#8220;on&#8220; show_pagination=&#8220;on&#8220; auto=&#8220;off&#8220; parallax=&#8220;off&#8220;][et_pb_slide background_color=&#8220;#ffffff&#8220; alignment=&#8220;center&#8220; background_layout=&#8220;dark&#8220; background_image=&#8220;http:\/\/www.bcnweddingplanners.com\/de\/wp-content\/uploads\/sites\/9\/2014\/02\/Barcelona_wedding_2.png&#8220; \/][\/et_pb_fullwidth_slider][\/et_pb_section][et_pb_section fullwidth=&#8220;off&#8220; specialty=&#8220;off&#8220;][et_pb_row][et_pb_column type=&#8220;4_4&#8243;][et_pb_text admin_label=&#8220;Text&#8220; background_layout=&#8220;light&#8220; text_orientation=&#8220;left&#8220;]<\/p>\n<p style=\"text-align: justify\"><strong>Barcelona<\/strong> ist eine, in einer herrlichen Gegend der Mittelmeerk\u00fcste gelegene, vom Meer und den Bergen umgebene kosmopolitische Stadt &#8211; Besonderheiten, die ihr das ganze Jahr \u00fcber ein mildes und angenehmes Klima bescheren. Barcelona ist auch eine multikulturelle, avantgardistische, aber auch geschichtstr\u00e4chtige Stadt, was sie zu einem beliebten Hochzeitsziel macht, unabh\u00e4ngig des jeweiligen Ursprungslandes, des Wohnortes oder der Nationalit\u00e4t der Brautpaare.<\/p>\n<p style=\"text-align: justify\">Die katalanische Stadt bietet hochwertige Servicequalit\u00e4t und ein reichhaltiges Gastronomieangebot, angefangen von der traditionellen katalanischen K\u00fcche bis hin zu kreativer Kochkunst und Fusionsk\u00fcche, die dank der mit Michelin-Sternen ausgezeichneten K\u00fcchenchefs wie Roca, Ferr\u00e1n Adri\u00e0, Jordi Cruz, Carme Ruscalleda und Nandu Jubany einen international ausgezeichneten Ruf hat.<\/p>\n<p><strong>Barcelon<\/strong>a nimmt heute eine f\u00fchrende Rolle im Denken, der Wissenschaft, der Technologie und Kunst ein. Die Stadt besitzt ein gro\u00dfes kulturelles Erbe, mit Elementen aus der r\u00f6mischen und gotischen Epoche und ist dank ihres ber\u00fchmten K\u00fcnstlers Antoni Gaud\u00ed stark modernistisch gepr\u00e4gt, dessen Werke an zahlreichen Geb\u00e4uden, Geh\u00f6ften, Burgen, Bodegas und Parkanlagen zu sehen sind;\u00a0 alle eignen sich als ideales Ambiente f\u00fcr eine Barcelona Destination Wedding.<\/p>\n<p style=\"text-align: justify\"><strong>Bcn Wedding Planners by Marta Priu<\/strong>, Pionierunternehmen in der Organisation von Luxushochzeiten in Barcelona und Spanien, tr\u00e4gt zum Wachstum der katalanischen Hauptstadt als Hochzeitsdestination bei. In der einmal als Hochzeitsort ausgew\u00e4hlten Stadt finden sich die ganze Familie und Freunde des Brautpaares ein, um hier die Verm\u00e4hlung zu feiern und gleichzeitig einen Kurzurlaub zu genie\u00dfen, was f\u00fcr das ganze Event mehr Organisation und Koordinierung erfordert. Und aus diesem Grund ist auch ein Wedding Planner erforderlich, der alle Details der Hochzeit in diesem Zusammenhang organisiert und koordiniert.<\/p>\n<p style=\"text-align: justify\"><a href=\"mailto:barcelona@bcnweddingplanners.com\"><strong>barcelona@bcnweddingplanners.com<\/strong><\/a><\/p>\n<p style=\"text-align: justify\">\n<p>[\/et_pb_text][\/et_pb_column][\/et_pb_row][\/et_pb_section]<\/p>\n","protected":false},"excerpt":{"rendered":"<p><div class=\"et_pb_row et_pb_row_0 et_pb_row_empty\">\n\t\t\t\t\n\t\t\t\t\n\t\t\t\t\n\t\t\t\t\n\t\t\t\t\n\t\t\t<\/div> Barcelona ist eine, in einer herrlichen Gegend der Mittelmeerk\u00fcste gelegene, vom Meer und den Bergen umgebene kosmopolitische Stadt &#8211; Besonderheiten, die ihr das ganze Jahr \u00fcber ein mildes und angenehmes Klima bescheren. Barcelona ist auch eine multikulturelle, avantgardistische, aber auch geschichtstr\u00e4chtige Stadt, was sie zu einem beliebten Hochzeitsziel macht, unabh\u00e4ngig des jeweiligen Ursprungslandes, des [&hellip;]<\/p>\n","protected":false},"author":1,"featured_media":0,"parent":0,"menu_order":1,"comment_status":"open","ping_status":"open","template":"","meta":{"_et_pb_use_builder":"on","_et_pb_old_content":"","_et_gb_content_width":""},"_links":{"self":[{"href":"https:\/\/www.bcnweddingplanners.com\/de\/wp-json\/wp\/v2\/pages\/98"}],"collection":[{"href":"https:\/\/www.bcnweddingplanners.com\/de\/wp-json\/wp\/v2\/pages"}],"about":[{"href":"https:\/\/www.bcnweddingplanners.com\/de\/wp-json\/wp\/v2\/types\/page"}],"author":[{"embeddable":true,"href":"https:\/\/www.bcnweddingplanners.com\/de\/wp-json\/wp\/v2\/users\/1"}],"replies":[{"embeddable":true,"href":"https:\/\/www.bcnweddingplanners.com\/de\/wp-json\/wp\/v2\/comments?post=98"}],"version-history":[{"count":22,"href":"https:\/\/www.bcnweddingplanners.com\/de\/wp-json\/wp\/v2\/pages\/98\/revisions"}],"predecessor-version":[{"id":3994,"href":"https:\/\/www.bcnweddingplanners.com\/de\/wp-json\/wp\/v2\/pages\/98\/revisions\/3994"}],"wp:attachment":[{"href":"https:\/\/www.bcnweddingplanners.com\/de\/wp-json\/wp\/v2\/media?parent=98"}],"curies":[{"name":"wp","href":"https:\/\/api.w.org\/{rel}","templated":true}]}}