{"id":92,"date":"2014-02-20T14:41:44","date_gmt":"2014-02-20T14:41:44","guid":{"rendered":"http:\/\/www.bcnweddingplanners.com\/de\/?page_id=92"},"modified":"2015-01-30T12:20:54","modified_gmt":"2015-01-30T11:20:54","slug":"offline","status":"publish","type":"page","link":"https:\/\/www.bcnweddingplanners.com\/de\/offline\/","title":{"rendered":"Offline"},"content":{"rendered":"<p>[et_pb_section fullwidth=&#8220;on&#8220; specialty=&#8220;off&#8220;][et_pb_fullwidth_slider admin_label=&#8220;Fullwidth Slider&#8220; show_arrows=&#8220;on&#8220; show_pagination=&#8220;on&#8220; auto=&#8220;on&#8220; parallax=&#8220;off&#8220; parallax_method=&#8220;off&#8220; auto_speed=&#8220;3000&#8243;][et_pb_slide background_image=&#8220;http:\/\/www.bcnweddingplanners.com\/de\/wp-content\/uploads\/sites\/9\/2014\/02\/cursos_wedding_planners_01.png&#8220; background_color=&#8220;#ffffff&#8220; alignment=&#8220;center&#8220; background_layout=&#8220;dark&#8220; \/][et_pb_slide background_image=&#8220;http:\/\/www.bcnweddingplanners.com\/de\/wp-content\/uploads\/sites\/9\/2014\/02\/cursos_wedding_planners_02.png&#8220; background_color=&#8220;#ffffff&#8220; alignment=&#8220;center&#8220; background_layout=&#8220;dark&#8220; \/][\/et_pb_fullwidth_slider][\/et_pb_section][et_pb_section][et_pb_row][et_pb_column type=&#8220;4_4&#8243;][et_pb_text admin_label=&#8220;Text&#8220; background_layout=&#8220;light&#8220; text_orientation=&#8220;left&#8220;]<\/p>\n<p style=\"text-align: justify;\"><span style=\"font-size: 18pt;\"><strong>Vor-Ort Kurse<\/strong><\/span><\/p>\n<p>Unsere Erfahrung wird auch \u00fcber die von <strong>Marta Priu<\/strong> erteilten Kurse in Hochzeitsplanung vermittelt, wo die Sch\u00fcler und Sch\u00fclerinnen sich das erforderlichen Wissen aneignen, um das Konzept eines <strong>Wedding Planners &amp; Designers professionell<\/strong> umsetzen zu k\u00f6nnen.<\/p>\n<p>Im Unterricht werden die Sch\u00fcler und Sch\u00fclerinnen in die spanische und internationale Hochzeitsbranche eingef\u00fchrt, es werden ihnen neue Trends gezeigt und ihnen die Meister dieser Berufssparte au\u00dferhalb der spanischen Grenzen vorgestellt. Zudem wird ihnen detailliert erkl\u00e4rt, wie man eine Hochzeit plant, organisiert und ausrichtet.<\/p>\n<p><span style=\"text-decoration: underline;\"><strong>Unter anderem werden bei den Kursen in Hochzeitsplanung folgende Fragen beantwortet:<\/strong><\/span><\/p>\n<p>Wie wird ein Kostenvoranschlag erstellt? Wie wird eine Hochzeit geplant? Wie wird Schritt f\u00fcr Schritt eine Hochzeit organisiert? Wie wird w\u00e4hrend der Organisation jede einzelne Phase angegangen? Wie sollte das Verh\u00e4ltnis mit den Lieferanten sein? Was muss alles ber\u00fccksichtigt werden? Wie organisiert man sich am besten? Was ist zu tun, wenn\u2026?<\/p>\n<p>Anhand von Beispielen und realen Praxisf\u00e4llen, von einer einfach ausgerichteten bis hin zu einer aufw\u00e4ndigen und anspruchsvollen Hochzeit, lernen die Sch\u00fcler und Sch\u00fclerinnen die Schwierigkeiten kennen, denen sich ein Hochzeitsplaner stellen muss und die mit der Gestaltung und Organisation einer Hochzeit einhergehenden Probleme.<\/p>\n<p>In unseren Kursen lernt man genau das, was wir uns bei bcn wedding planners viele Jahre lang durch Erfahrung und Einsatz angeeignet haben.<\/p>\n<p>Setzen Sie sich mit uns in Verbindung, um mehr Einzelheiten \u00fcber die Themenliste, die Planung sowie die Tarife der Kurse in Hochzeitsplanung zu erfahren.<\/p>\n<p style=\"text-align: justify;\"><a href=\"mailto:cursos@bcnweddingplanners.com\" target=\"_blank\"><strong>cursos@bcnweddingplanners.com<\/strong><\/a><\/p>\n<p>[\/et_pb_text][\/et_pb_column][\/et_pb_row][\/et_pb_section]<\/p>\n","protected":false},"excerpt":{"rendered":"<p><div class=\"et_pb_section et_pb_section_0 et_section_regular\" >\n\t\t\t\t\n\t\t\t\t\n\t\t\t\t\n\t\t\t\t\n\t\t\t\t\n\t\t\t\t\n\t\t\t\t\n\t\t\t\t\n\t\t\t\t\n\t\t\t<\/div><div class=\"et_pb_row et_pb_row_0 et_pb_row_empty\">\n\t\t\t\t\n\t\t\t\t\n\t\t\t\t\n\t\t\t\t\n\t\t\t\t\n\t\t\t<\/div> Vor-Ort Kurse Unsere Erfahrung wird auch \u00fcber die von Marta Priu erteilten Kurse in Hochzeitsplanung vermittelt, wo die Sch\u00fcler und Sch\u00fclerinnen sich das erforderlichen Wissen aneignen, um das Konzept eines Wedding Planners &amp; Designers professionell umsetzen zu k\u00f6nnen. Im Unterricht werden die Sch\u00fcler und Sch\u00fclerinnen in die spanische und internationale Hochzeitsbranche eingef\u00fchrt, es werden [&hellip;]<\/p>\n","protected":false},"author":1,"featured_media":0,"parent":0,"menu_order":2,"comment_status":"open","ping_status":"open","template":"","meta":{"_et_pb_use_builder":"on","_et_pb_old_content":"<p style=\"text-align: justify;\">Nuestra experiencia tambi\u00e9n es transmitida a trav\u00e9s de<strong> los cursos de Wedding Planner impartidos por Marta Priu<\/strong>, nuestra Wedding Expert, donde los participantes adquieren los conocimientos necesarios para entender la figura del Wedding Planner & Designer profesional.<\/p><p>En tres d\u00edas de formaci\u00f3n, se contextualiza al participante en el sector nupcial espa\u00f1ol e internacional, en las nuevas tendencias y en los gur\u00fas de esta profesi\u00f3n fuera de nuestras fronteras. Adem\u00e1s, se explica al detalle c\u00f3mo organizar y producir una boda.<\/p><p>Algunas de las preguntas que resolveremos en los cursos de Wedding Planner son:<\/p><p style=\"text-align: justify;\">\u00bfC\u00f3mo captar a los clientes? \u00bfC\u00f3mo desarrollar un presupuesto? \u00bfC\u00f3mo dise\u00f1ar la boda? \u00bfQu\u00e9 pasos se deben seguir a la hora de organizar una boda? \u00bfC\u00f3mo enfocar cada fase en la organizaci\u00f3n? \u00bfQu\u00e9 relaci\u00f3n establecer con los proveedores? \u00bfQu\u00e9 se debe tener en cuenta? \u00bfC\u00f3mo organizarse? \u00bfQu\u00e9 hacer si...?<\/p><p style=\"text-align: justify;\"><strong>A trav\u00e9s de ejemplos y casos pr\u00e1cticos reales<\/strong>, desde una boda muy sencilla a una boda mucho m\u00e1s compleja se ver\u00e1n las dificultades a las que nos hemos enfrentado y las dificultades que conlleva dise\u00f1ar y organizar una boda.<\/p><p style=\"text-align: justify;\">En nuestros cursos aprender\u00e1s, en un fin de semana intensivo, lo que en <strong>Spain Wedding Planners<\/strong> hemos aprendido a lo largo de muchos a\u00f1os de trabajo y experiencia.<\/p><p style=\"text-align: justify;\">Contacta con nosotros para obtener mayor detalle sobre el temario, programaci\u00f3n y precios de los <strong>cursos de Wedding Planner.<\/strong><\/p><p style=\"text-align: justify;\">\u00a0<\/p>","_et_gb_content_width":""},"_links":{"self":[{"href":"https:\/\/www.bcnweddingplanners.com\/de\/wp-json\/wp\/v2\/pages\/92"}],"collection":[{"href":"https:\/\/www.bcnweddingplanners.com\/de\/wp-json\/wp\/v2\/pages"}],"about":[{"href":"https:\/\/www.bcnweddingplanners.com\/de\/wp-json\/wp\/v2\/types\/page"}],"author":[{"embeddable":true,"href":"https:\/\/www.bcnweddingplanners.com\/de\/wp-json\/wp\/v2\/users\/1"}],"replies":[{"embeddable":true,"href":"https:\/\/www.bcnweddingplanners.com\/de\/wp-json\/wp\/v2\/comments?post=92"}],"version-history":[{"count":22,"href":"https:\/\/www.bcnweddingplanners.com\/de\/wp-json\/wp\/v2\/pages\/92\/revisions"}],"predecessor-version":[{"id":3927,"href":"https:\/\/www.bcnweddingplanners.com\/de\/wp-json\/wp\/v2\/pages\/92\/revisions\/3927"}],"wp:attachment":[{"href":"https:\/\/www.bcnweddingplanners.com\/de\/wp-json\/wp\/v2\/media?parent=92"}],"curies":[{"name":"wp","href":"https:\/\/api.w.org\/{rel}","templated":true}]}}