{"id":55,"date":"2014-02-20T14:29:17","date_gmt":"2014-02-20T14:29:17","guid":{"rendered":"http:\/\/www.bcnweddingplanners.com\/de\/?page_id=55"},"modified":"2015-01-30T12:56:43","modified_gmt":"2015-01-30T11:56:43","slug":"wedding-coaching-beratung","status":"publish","type":"page","link":"https:\/\/www.bcnweddingplanners.com\/de\/wedding-coaching-beratung\/","title":{"rendered":"Wedding Coaching \u2010 Beratung"},"content":{"rendered":"<p>[et_pb_section][et_pb_row][et_pb_column type=&#8220;4_4&#8243;][et_pb_text admin_label=&#8220;Text&#8220; background_layout=&#8220;light&#8220; text_orientation=&#8220;left&#8220;]<\/p>\n<p style=\"text-align: justify;\"><span style=\"font-size: 24pt;\"><strong>Wedding Coaching \u2010 Beratung<img decoding=\"async\" loading=\"lazy\" class=\"alignright wp-image-3665\" style=\"margin-top: 20px; margin-left: 20px;\" src=\"http:\/\/www.bcnweddingplanners.com\/de\/wp-content\/uploads\/sites\/9\/2014\/02\/Weeding_coaching_marta_priu.png\" alt=\"Weeding_coaching_marta_priu\" width=\"286\" height=\"269\" \/><\/strong><\/span><\/p>\n<p>Hierbei handelt es sich um einen Beratungsservice f\u00fcr eine anstehende Hochzeit, ein Punkt-f\u00fcr-Punkt Gespr\u00e4ch mit <strong>Marta Priu.<\/strong> Er wendet sich an diejenigen Paare, die f\u00fcr ihre Hochzeit keine vollst\u00e4ndige Planung und Organisation in Anspruch nehmen, sondern beraten werden m\u00f6chten, sei es \u00fcber generelle Abl\u00e4ufe oder \u00fcber bestimmte Themen.<\/p>\n<p>Diese Beratung oder <strong>Wedding Planner Coaching<\/strong> dient dazu, das Brautpaar bei der Organisation ihrer Hochzeit hinsichtlich Dekoration, Durchf\u00fchrbarkeit, Budget, notwendiger Aspekte oder allgemein der Koordination zu beraten und L\u00f6sungen anzubieten.<\/p>\n<p>Dieser Service richtet sich sowohl an Brautpaare, die keine weiteren Dienstleistungen in Anspruch nehmen, als auch an diejenigen, die ihre Hochzeit schon geplant haben, dazu aber gerne noch die Meinung eines Experten h\u00e4tten.<\/p>\n<p>&nbsp;<\/p>\n<p>&nbsp;<\/p>\n<p>&nbsp;<\/p>\n<p>[\/et_pb_text][\/et_pb_column][\/et_pb_row][\/et_pb_section]<\/p>\n","protected":false},"excerpt":{"rendered":"<p><div class=\"et_pb_section et_pb_section_0 et_section_regular\" >\n\t\t\t\t\n\t\t\t\t\n\t\t\t\t\n\t\t\t\t\n\t\t\t\t\n\t\t\t\t\n\t\t\t\t\n\t\t\t\t\n\t\t\t\t\n\t\t\t<\/div><div class=\"et_pb_row et_pb_row_0 et_pb_row_empty\">\n\t\t\t\t\n\t\t\t\t\n\t\t\t\t\n\t\t\t\t\n\t\t\t\t\n\t\t\t<\/div> Wedding Coaching \u2010 Beratung Hierbei handelt es sich um einen Beratungsservice f\u00fcr eine anstehende Hochzeit, ein Punkt-f\u00fcr-Punkt Gespr\u00e4ch mit Marta Priu. Er wendet sich an diejenigen Paare, die f\u00fcr ihre Hochzeit keine vollst\u00e4ndige Planung und Organisation in Anspruch nehmen, sondern beraten werden m\u00f6chten, sei es \u00fcber generelle Abl\u00e4ufe oder \u00fcber bestimmte Themen. Diese Beratung [&hellip;]<\/p>\n","protected":false},"author":1,"featured_media":0,"parent":0,"menu_order":4,"comment_status":"open","ping_status":"open","template":"","meta":{"_et_pb_use_builder":"on","_et_pb_old_content":"<p style=\"text-align: justify;\">Este es un <strong>servicio de consultas de boda, un \u201cuno-a-uno\u201d con Marta Priu<\/strong>. Va dirigido a aquellas parejas que no est\u00e1n buscando un servicio de dise\u00f1o y organizaci\u00f3n de la boda completa sino que buscan la asesor\u00eda ya sea desde una perspectiva general o, en uno o varios temas en concreto.<\/p><p>Esta <strong>consultor\u00eda o Wedding Planner Coaching<\/strong> tiene como fin <strong>asesorar y guiar a las parejas en la organizaci\u00f3n de su boda<\/strong> en cuestiones como de decoraci\u00f3n, de viabilidad, de presupuesto, de necesidades o de coordinaci\u00f3n general. Es un servicio tanto para aquellas parejas que no tienen nada, como a las que ya han planificado su boda, pero que les gustar\u00eda contar con la opini\u00f3n de un profesional.<\/p>","_et_gb_content_width":""},"_links":{"self":[{"href":"https:\/\/www.bcnweddingplanners.com\/de\/wp-json\/wp\/v2\/pages\/55"}],"collection":[{"href":"https:\/\/www.bcnweddingplanners.com\/de\/wp-json\/wp\/v2\/pages"}],"about":[{"href":"https:\/\/www.bcnweddingplanners.com\/de\/wp-json\/wp\/v2\/types\/page"}],"author":[{"embeddable":true,"href":"https:\/\/www.bcnweddingplanners.com\/de\/wp-json\/wp\/v2\/users\/1"}],"replies":[{"embeddable":true,"href":"https:\/\/www.bcnweddingplanners.com\/de\/wp-json\/wp\/v2\/comments?post=55"}],"version-history":[{"count":26,"href":"https:\/\/www.bcnweddingplanners.com\/de\/wp-json\/wp\/v2\/pages\/55\/revisions"}],"predecessor-version":[{"id":3942,"href":"https:\/\/www.bcnweddingplanners.com\/de\/wp-json\/wp\/v2\/pages\/55\/revisions\/3942"}],"wp:attachment":[{"href":"https:\/\/www.bcnweddingplanners.com\/de\/wp-json\/wp\/v2\/media?parent=55"}],"curies":[{"name":"wp","href":"https:\/\/api.w.org\/{rel}","templated":true}]}}