{"id":51,"date":"2014-02-20T14:28:28","date_gmt":"2014-02-20T14:28:28","guid":{"rendered":"http:\/\/www.bcnweddingplanners.com\/de\/?page_id=51"},"modified":"2015-01-30T12:54:21","modified_gmt":"2015-01-30T11:54:21","slug":"wedding-planner-last-minute-management","status":"publish","type":"page","link":"https:\/\/www.bcnweddingplanners.com\/de\/wedding-planner-last-minute-management\/","title":{"rendered":"Wedding Planner Last Minute Management"},"content":{"rendered":"<p>[et_pb_section fullwidth=&#8220;on&#8220; specialty=&#8220;off&#8220;][et_pb_fullwidth_slider admin_label=&#8220;Fullwidth Slider&#8220; show_arrows=&#8220;on&#8220; show_pagination=&#8220;on&#8220; auto=&#8220;on&#8220; parallax=&#8220;off&#8220; parallax_method=&#8220;off&#8220; auto_speed=&#8220;5000&#8243;][et_pb_slide background_image=&#8220;http:\/\/www.bcnweddingplanners.com\/de\/wp-content\/uploads\/sites\/9\/2014\/02\/13.png&#8220; background_color=&#8220;#ffffff&#8220; alignment=&#8220;center&#8220; background_layout=&#8220;dark&#8220; \/][et_pb_slide background_image=&#8220;http:\/\/www.bcnweddingplanners.com\/de\/wp-content\/uploads\/sites\/9\/2014\/02\/22.png&#8220; background_color=&#8220;#ffffff&#8220; alignment=&#8220;center&#8220; background_layout=&#8220;dark&#8220; \/][et_pb_slide background_image=&#8220;http:\/\/www.bcnweddingplanners.com\/de\/wp-content\/uploads\/sites\/9\/2014\/02\/32.png&#8220; background_color=&#8220;#ffffff&#8220; alignment=&#8220;center&#8220; background_layout=&#8220;dark&#8220; \/][et_pb_slide background_image=&#8220;http:\/\/www.bcnweddingplanners.com\/de\/wp-content\/uploads\/sites\/9\/2014\/02\/42.png&#8220; background_color=&#8220;#ffffff&#8220; alignment=&#8220;center&#8220; background_layout=&#8220;dark&#8220; \/][et_pb_slide background_image=&#8220;http:\/\/www.bcnweddingplanners.com\/de\/wp-content\/uploads\/sites\/9\/2014\/02\/52.png&#8220; background_color=&#8220;#ffffff&#8220; alignment=&#8220;center&#8220; background_layout=&#8220;dark&#8220; \/][et_pb_slide background_image=&#8220;http:\/\/www.bcnweddingplanners.com\/de\/wp-content\/uploads\/sites\/9\/2014\/02\/62.png&#8220; background_color=&#8220;#ffffff&#8220; alignment=&#8220;center&#8220; background_layout=&#8220;dark&#8220; \/][et_pb_slide background_image=&#8220;http:\/\/www.bcnweddingplanners.com\/de\/wp-content\/uploads\/sites\/9\/2014\/02\/72.png&#8220; background_color=&#8220;#ffffff&#8220; alignment=&#8220;center&#8220; background_layout=&#8220;dark&#8220; \/][et_pb_slide background_image=&#8220;http:\/\/www.bcnweddingplanners.com\/de\/wp-content\/uploads\/sites\/9\/2014\/02\/82.png&#8220; background_color=&#8220;#ffffff&#8220; alignment=&#8220;center&#8220; background_layout=&#8220;dark&#8220; \/][et_pb_slide background_image=&#8220;http:\/\/www.bcnweddingplanners.com\/de\/wp-content\/uploads\/sites\/9\/2014\/02\/92.png&#8220; background_color=&#8220;#ffffff&#8220; alignment=&#8220;center&#8220; background_layout=&#8220;dark&#8220; \/][et_pb_slide background_image=&#8220;http:\/\/www.bcnweddingplanners.com\/de\/wp-content\/uploads\/sites\/9\/2014\/02\/10.png&#8220; background_color=&#8220;#ffffff&#8220; alignment=&#8220;center&#8220; background_layout=&#8220;dark&#8220; \/][et_pb_slide background_image=&#8220;http:\/\/www.bcnweddingplanners.com\/de\/wp-content\/uploads\/sites\/9\/2014\/02\/112.png&#8220; background_color=&#8220;#ffffff&#8220; alignment=&#8220;center&#8220; background_layout=&#8220;dark&#8220; \/][et_pb_slide background_image=&#8220;http:\/\/www.bcnweddingplanners.com\/de\/wp-content\/uploads\/sites\/9\/2014\/02\/122.png&#8220; background_color=&#8220;#ffffff&#8220; alignment=&#8220;center&#8220; background_layout=&#8220;dark&#8220; \/][\/et_pb_fullwidth_slider][\/et_pb_section][et_pb_section][et_pb_row][et_pb_column type=&#8220;4_4&#8243;][et_pb_text admin_label=&#8220;Text&#8220; background_layout=&#8220;light&#8220; text_orientation=&#8220;left&#8220;]<\/p>\n<p style=\"text-align: justify;\"><strong><span style=\"font-size: 24pt;\">Wedding Planner Last Minute Management<\/span><\/strong><\/p>\n<p style=\"text-align: justify;\">Dieser Service richtet sich an diejenigen Brautpaare, die bereits alles geplant haben, im letzten Moment jedoch noch zus\u00e4tzlich Hilfe ben\u00f6tigen, damit an ihrem Hochzeitstag auch wirklich alles perfekt abl\u00e4uft. Wir bieten dabei unsere Hilfe einen Monat vor sowie auch am Tag der Hochzeit an.<\/p>\n<p>Nachdem uns das Brautpaar alle Informationen zur Verf\u00fcgung gestellt hat, nehmen wir die Z\u00fcgel in die Hand und garantieren, dass alles perfekt koordiniert abl\u00e4uft. <strong>Dazu bieten wir f\u00fcr m\u00f6glich auftretende Probleme eine ausf\u00fchrliche Beratung und die richtigen L\u00f6sungen an.<\/strong><\/p>\n<p>Am gro\u00dfen Tag sind wir von Beginn an vor Ort, um alle Aspekte bez\u00fcglich der Organisation der Hochzeit zu koordinieren und zu \u00fcberwachen, damit Brautpaar und Familienangeh\u00f6rige jeden einzelnen Moment genie\u00dfen k\u00f6nnen und die Sicherheit haben, dass eine professionelle Hochzeitsplanerin unseres Teams sich um alles k\u00fcmmert.<\/p>\n<p>&nbsp;<\/p>\n<p>[\/et_pb_text][\/et_pb_column][\/et_pb_row][\/et_pb_section]<\/p>\n","protected":false},"excerpt":{"rendered":"<p><div class=\"et_pb_section et_pb_section_0 et_section_regular\" >\n\t\t\t\t\n\t\t\t\t\n\t\t\t\t\n\t\t\t\t\n\t\t\t\t\n\t\t\t\t\n\t\t\t\t\n\t\t\t\t\n\t\t\t\t\n\t\t\t<\/div><div class=\"et_pb_row et_pb_row_0 et_pb_row_empty\">\n\t\t\t\t\n\t\t\t\t\n\t\t\t\t\n\t\t\t\t\n\t\t\t\t\n\t\t\t<\/div> Wedding Planner Last Minute Management Dieser Service richtet sich an diejenigen Brautpaare, die bereits alles geplant haben, im letzten Moment jedoch noch zus\u00e4tzlich Hilfe ben\u00f6tigen, damit an ihrem Hochzeitstag auch wirklich alles perfekt abl\u00e4uft. Wir bieten dabei unsere Hilfe einen Monat vor sowie auch am Tag der Hochzeit an. Nachdem uns das Brautpaar alle [&hellip;]<\/p>\n","protected":false},"author":1,"featured_media":0,"parent":0,"menu_order":2,"comment_status":"open","ping_status":"open","template":"","meta":{"_et_pb_use_builder":"on","_et_pb_old_content":"<p style=\"text-align: justify;\">Este servicio va dirigido a aquellas <strong>parejas que tienen ya todo planeado pero necesitan ayuda extra de \u00faltimo momento<\/strong> para que todo salga perfecto el d\u00eda de la boda. Ofrecemos apoyo durante las tres semanas previas y asistencia el d\u00eda de la boda.<\/p><p style=\"text-align: justify;\">Una vez los novios nos traspasan la informaci\u00f3n, tomamos las riendas de la boda y nos <strong>aseguramos de que todo se coordine a la perfecci\u00f3n<\/strong>. Adem\u00e1s, ofrecemos asesoramiento y soluciones para los problemas que pudieran surgir.<\/p><p style=\"text-align: justify;\">Llegado el gran d\u00eda, estamos presentes desde primera hora para <strong>coordinar y supervisar todos los aspectos de la organizaci\u00f3n de la boda<\/strong> para que los novios y familiares puedan disfrutar de cada instante con la tranquilidad de saber que una Wedding Planner experta de nuestro equipo se est\u00e1 ocupando de todo.<\/p>","_et_gb_content_width":""},"_links":{"self":[{"href":"https:\/\/www.bcnweddingplanners.com\/de\/wp-json\/wp\/v2\/pages\/51"}],"collection":[{"href":"https:\/\/www.bcnweddingplanners.com\/de\/wp-json\/wp\/v2\/pages"}],"about":[{"href":"https:\/\/www.bcnweddingplanners.com\/de\/wp-json\/wp\/v2\/types\/page"}],"author":[{"embeddable":true,"href":"https:\/\/www.bcnweddingplanners.com\/de\/wp-json\/wp\/v2\/users\/1"}],"replies":[{"embeddable":true,"href":"https:\/\/www.bcnweddingplanners.com\/de\/wp-json\/wp\/v2\/comments?post=51"}],"version-history":[{"count":12,"href":"https:\/\/www.bcnweddingplanners.com\/de\/wp-json\/wp\/v2\/pages\/51\/revisions"}],"predecessor-version":[{"id":3941,"href":"https:\/\/www.bcnweddingplanners.com\/de\/wp-json\/wp\/v2\/pages\/51\/revisions\/3941"}],"wp:attachment":[{"href":"https:\/\/www.bcnweddingplanners.com\/de\/wp-json\/wp\/v2\/media?parent=51"}],"curies":[{"name":"wp","href":"https:\/\/api.w.org\/{rel}","templated":true}]}}