{"id":45,"date":"2014-02-20T14:26:34","date_gmt":"2014-02-20T14:26:34","guid":{"rendered":"http:\/\/www.bcnweddingplanners.com\/de\/?page_id=45"},"modified":"2015-01-30T12:46:40","modified_gmt":"2015-01-30T11:46:40","slug":"bcn-weddings","status":"publish","type":"page","link":"https:\/\/www.bcnweddingplanners.com\/de\/bcn-weddings\/","title":{"rendered":"Bcn Weddings"},"content":{"rendered":"<p>[et_pb_section fullwidth=&#8220;on&#8220; specialty=&#8220;off&#8220;][et_pb_fullwidth_slider admin_label=&#8220;Fullwidth Slider&#8220; show_arrows=&#8220;on&#8220; show_pagination=&#8220;on&#8220; auto=&#8220;on&#8220; parallax=&#8220;off&#8220; auto_speed=&#8220;5000&#8243; parallax_method=&#8220;off&#8220;][et_pb_slide background_image=&#8220;http:\/\/www.bcnweddingplanners.com\/de\/wp-content\/uploads\/sites\/9\/2014\/02\/spain_wedding.png&#8220; background_color=&#8220;#ffffff&#8220; alignment=&#8220;center&#8220; background_layout=&#8220;dark&#8220; \/][et_pb_slide background_image=&#8220;http:\/\/www.bcnweddingplanners.com\/de\/wp-content\/uploads\/sites\/9\/2014\/02\/Spain_Wedding_02.png&#8220; background_color=&#8220;#ffffff&#8220; alignment=&#8220;center&#8220; background_layout=&#8220;dark&#8220; \/][et_pb_slide background_image=&#8220;http:\/\/www.bcnweddingplanners.com\/de\/wp-content\/uploads\/sites\/9\/2014\/02\/Spain_Wedding_03.png&#8220; background_color=&#8220;#ffffff&#8220; alignment=&#8220;center&#8220; background_layout=&#8220;dark&#8220; \/][et_pb_slide background_image=&#8220;http:\/\/www.bcnweddingplanners.com\/de\/wp-content\/uploads\/sites\/9\/2014\/02\/Spain_Wedding_04.png&#8220; background_color=&#8220;#ffffff&#8220; alignment=&#8220;center&#8220; background_layout=&#8220;dark&#8220; \/][et_pb_slide background_image=&#8220;http:\/\/www.bcnweddingplanners.com\/de\/wp-content\/uploads\/sites\/9\/2014\/02\/Spain_Wedding_05.png&#8220; background_color=&#8220;#ffffff&#8220; alignment=&#8220;center&#8220; background_layout=&#8220;dark&#8220; \/][et_pb_slide background_image=&#8220;http:\/\/www.bcnweddingplanners.com\/de\/wp-content\/uploads\/sites\/9\/2014\/02\/Spain_Wedding_06.png&#8220; background_color=&#8220;#ffffff&#8220; alignment=&#8220;center&#8220; background_layout=&#8220;dark&#8220; \/][et_pb_slide background_image=&#8220;http:\/\/www.bcnweddingplanners.com\/de\/wp-content\/uploads\/sites\/9\/2014\/02\/Spain_Wedding_07.png&#8220; background_color=&#8220;#ffffff&#8220; alignment=&#8220;center&#8220; background_layout=&#8220;dark&#8220; \/][et_pb_slide background_image=&#8220;http:\/\/www.bcnweddingplanners.com\/de\/wp-content\/uploads\/sites\/9\/2014\/02\/Spain_Wedding_08.png&#8220; background_color=&#8220;#ffffff&#8220; alignment=&#8220;center&#8220; background_layout=&#8220;dark&#8220; \/][et_pb_slide background_image=&#8220;http:\/\/www.bcnweddingplanners.com\/de\/wp-content\/uploads\/sites\/9\/2014\/02\/Spain_Wedding_09.png&#8220; background_color=&#8220;#ffffff&#8220; alignment=&#8220;center&#8220; background_layout=&#8220;dark&#8220; \/][et_pb_slide background_image=&#8220;http:\/\/www.bcnweddingplanners.com\/de\/wp-content\/uploads\/sites\/9\/2014\/02\/Spain_Wedding_10.png&#8220; background_color=&#8220;#ffffff&#8220; alignment=&#8220;center&#8220; background_layout=&#8220;dark&#8220; \/][et_pb_slide background_image=&#8220;http:\/\/www.bcnweddingplanners.com\/de\/wp-content\/uploads\/sites\/9\/2014\/02\/Spain_Wedding_11.png&#8220; background_color=&#8220;#ffffff&#8220; alignment=&#8220;center&#8220; background_layout=&#8220;dark&#8220; \/][\/et_pb_fullwidth_slider][\/et_pb_section][et_pb_section][et_pb_row][et_pb_column type=&#8220;4_4&#8243;][et_pb_text admin_label=&#8220;Text&#8220; background_layout=&#8220;light&#8220; text_orientation=&#8220;left&#8220;]<\/p>\n<p style=\"text-align: justify;\"><span style=\"font-size: 24pt;\"><strong>Bcn Weddings<\/strong><\/span><\/p>\n<p style=\"text-align: justify;\">Wir von <strong>Bcn Wedding Planners by Marta Priu<\/strong> haben das Privileg, in einem Umfeld zu arbeiten, das uns begeistert. Wir setzen viel <strong>Kreativit\u00e4t und Engagement<\/strong> ein, damit jede von uns organisierte Hochzeit ein einzigartiges Erlebnis wird und die Pers\u00f6nlichkeit des jeweiligen Brautpaares widerspiegelt: angefangen vom Ort der Feierlichkeit, \u00fcber die grafische Gestaltung, den Stil und die Dekoration, die Kleidung, den Darbietungen und der Musik, bis hin zu den Blumenarrangements und sonstigen Details, die f\u00fcr eine Hochzeit erforderlich sind.<\/p>\n<p>Die <strong>Bcn Weddings werden in Spanien organisiert und ausgerichtet<\/strong>, eine f\u00fcr Hochzeiten in vielseitiger Hinsicht interessante Alternative f\u00fcr Paare aus anderen L\u00e4ndern. Wir von bcn wedding planners sind uns dessen bewusst und deshalb werden die in Barcelona, der Costa Brava und den Balearen ausgerichteten Hochzeiten von unserem Team auch immer mit der Philosophie und den Qualit\u00e4tsma\u00dfst\u00e4ben der <strong>Marke Bcn Wedding planners by Marta Priu<\/strong> durchgef\u00fchrt.<\/p>\n<p>Bei den <strong>Bcn Weddings<\/strong> arbeiten wir mit den besten Dienstleistern der jeweiligen Region zusammen, in der die Hochzeit stattfindet, um die an uns gestellten Erwartungen voll und ganz zu erf\u00fcllen.<\/p>\n<p>Bei jeder Hochzeit k\u00fcmmert sich das Team von <strong>Bcn Wedding Planners<\/strong> um alle erdenklichen Aspekte, damit das Brautpaar diesen besonderen Tag ganz unbeschwert genie\u00dfen kann und die Sicherheit hat, dass alles perfekt abl\u00e4uft.<\/p>\n<p>&nbsp;<\/p>\n<p>[\/et_pb_text][\/et_pb_column][\/et_pb_row][et_pb_row][et_pb_column type=&#8220;1_3&#8243;][et_pb_blurb admin_label=&#8220;Blurb&#8220; title=&#8220;Hochzeiten in Costa Brava&#8220; url=&#8220;http:\/\/www.bcnweddingplanners.com\/de\/costa-brava\/&#8220; url_new_window=&#8220;off&#8220; use_icon=&#8220;off&#8220; font_icon=&#8220;\ue081&#8220; icon_color=&#8220;#e30f8e&#8220; use_circle=&#8220;off&#8220; circle_color=&#8220;#e30f8e&#8220; use_circle_border=&#8220;off&#8220; circle_border_color=&#8220;#e30f8e&#8220; icon_placement=&#8220;top&#8220; animation=&#8220;top&#8220; background_layout=&#8220;light&#8220; text_orientation=&#8220;center&#8220; image=&#8220;http:\/\/www.bcnweddingplanners.com\/de\/wp-content\/uploads\/sites\/9\/2014\/02\/costa_brava1.png&#8220; \/][\/et_pb_column][et_pb_column type=&#8220;1_3&#8243;][et_pb_blurb admin_label=&#8220;Blurb&#8220; title=&#8220;Hochzeiten in Barcelona&#8220; url=&#8220;http:\/\/www.bcnweddingplanners.com\/de\/barcelona\/&#8220; url_new_window=&#8220;off&#8220; use_icon=&#8220;off&#8220; font_icon=&#8220;\ue081&#8220; icon_color=&#8220;#e30f8e&#8220; use_circle=&#8220;off&#8220; circle_color=&#8220;#e30f8e&#8220; use_circle_border=&#8220;off&#8220; circle_border_color=&#8220;#e30f8e&#8220; icon_placement=&#8220;top&#8220; animation=&#8220;top&#8220; background_layout=&#8220;light&#8220; text_orientation=&#8220;center&#8220; image=&#8220;http:\/\/www.bcnweddingplanners.com\/de\/wp-content\/uploads\/sites\/9\/2014\/02\/barcelona1.png&#8220; \/][\/et_pb_column][et_pb_column type=&#8220;1_3&#8243;][et_pb_blurb admin_label=&#8220;Blurb&#8220; title=&#8220;Hochzeiten in Baleares&#8220; url=&#8220;http:\/\/www.bcnweddingplanners.com\/de\/baleares\/&#8220; url_new_window=&#8220;off&#8220; use_icon=&#8220;off&#8220; font_icon=&#8220;\ue081&#8220; icon_color=&#8220;#e30f8e&#8220; use_circle=&#8220;off&#8220; circle_color=&#8220;#e30f8e&#8220; use_circle_border=&#8220;off&#8220; circle_border_color=&#8220;#e30f8e&#8220; icon_placement=&#8220;top&#8220; animation=&#8220;top&#8220; background_layout=&#8220;light&#8220; text_orientation=&#8220;center&#8220; image=&#8220;http:\/\/www.bcnweddingplanners.com\/de\/wp-content\/uploads\/sites\/9\/2014\/02\/ibida_circulo.png&#8220; \/][\/et_pb_column][\/et_pb_row][\/et_pb_section]<\/p>\n","protected":false},"excerpt":{"rendered":"<p><div class=\"et_pb_section et_pb_section_0 et_section_regular\" >\n\t\t\t\t\n\t\t\t\t\n\t\t\t\t\n\t\t\t\t\n\t\t\t\t\n\t\t\t\t\n\t\t\t\t\n\t\t\t\t\n\t\t\t\t\n\t\t\t<\/div><div class=\"et_pb_row et_pb_row_0 et_pb_row_empty\">\n\t\t\t\t\n\t\t\t\t\n\t\t\t\t\n\t\t\t\t\n\t\t\t\t\n\t\t\t<\/div> Bcn Weddings Wir von Bcn Wedding Planners by Marta Priu haben das Privileg, in einem Umfeld zu arbeiten, das uns begeistert. Wir setzen viel Kreativit\u00e4t und Engagement ein, damit jede von uns organisierte Hochzeit ein einzigartiges Erlebnis wird und die Pers\u00f6nlichkeit des jeweiligen Brautpaares widerspiegelt: angefangen vom Ort der Feierlichkeit, \u00fcber die grafische Gestaltung, [&hellip;]<\/p>\n","protected":false},"author":1,"featured_media":0,"parent":0,"menu_order":0,"comment_status":"open","ping_status":"open","template":"","meta":{"_et_pb_use_builder":"on","_et_pb_old_content":"<p style=\"text-align: justify;\">En <strong>Spain Wedding Planners<\/strong> tenemos el privilegio de trabajar en un mundo que nos apasiona. Ponemos grandes dosis de <strong>creatividad y dedicaci\u00f3n<\/strong> para que cada boda que organizamos sea \u00fanica y refleje la esencia de cada pareja: desde el lugar de la <strong>celebraci\u00f3n<\/strong>, el <strong>dise\u00f1o gr\u00e1fico<\/strong>, el <strong>estilo<\/strong> y la <strong>decoraci\u00f3n<\/strong>, el <strong>vestuario<\/strong>, los <strong>espect\u00e1culos y m\u00fasica<\/strong>, hasta las <strong>flores<\/strong> y todos los dem\u00e1s elementos que rodean el enlace.<\/p><p>Las <strong>Spain Weddings<\/strong> se organizan desde y para Espa\u00f1a, un pa\u00eds muy vers\u00e1til e interesante para casarse. En <strong>Spain Wedding Planners<\/strong> somos conscientes de ello y por eso nuestro equipo de Wedding Planners & Designers trabaja <strong>Bodas en Barcelona, Bodas en Madrid y Bodas en las Baleares<\/strong>, siempre bajo la filosof\u00eda y est\u00e1ndares de calidad del grupo Spain Wedding Planners by Marta Priu.<\/p><p>En las <strong>Spain Weddings<\/strong>, nos aseguramos de trabajar con los mejores proveedores de cada zona en la que se va a celebrar la boda para conseguir excelentes resultados siempre dentro de los l\u00edmites del presupuesto fijado por los novios.<\/p><p>En cada boda el equipo especializado de Spain Wedding Planners estar\u00e1 pendiente de todo lo que concierne a ella, de manera que los novios se ocupen de disfrutar y relajarse en ese d\u00eda tan especial, ya que tendr\u00e1n la tranquilidad de que <strong>todo saldr\u00e1 a la perfecci\u00f3n<\/strong>.<\/p>","_et_gb_content_width":""},"_links":{"self":[{"href":"https:\/\/www.bcnweddingplanners.com\/de\/wp-json\/wp\/v2\/pages\/45"}],"collection":[{"href":"https:\/\/www.bcnweddingplanners.com\/de\/wp-json\/wp\/v2\/pages"}],"about":[{"href":"https:\/\/www.bcnweddingplanners.com\/de\/wp-json\/wp\/v2\/types\/page"}],"author":[{"embeddable":true,"href":"https:\/\/www.bcnweddingplanners.com\/de\/wp-json\/wp\/v2\/users\/1"}],"replies":[{"embeddable":true,"href":"https:\/\/www.bcnweddingplanners.com\/de\/wp-json\/wp\/v2\/comments?post=45"}],"version-history":[{"count":35,"href":"https:\/\/www.bcnweddingplanners.com\/de\/wp-json\/wp\/v2\/pages\/45\/revisions"}],"predecessor-version":[{"id":3937,"href":"https:\/\/www.bcnweddingplanners.com\/de\/wp-json\/wp\/v2\/pages\/45\/revisions\/3937"}],"wp:attachment":[{"href":"https:\/\/www.bcnweddingplanners.com\/de\/wp-json\/wp\/v2\/media?parent=45"}],"curies":[{"name":"wp","href":"https:\/\/api.w.org\/{rel}","templated":true}]}}