{"id":43,"date":"2014-02-20T14:26:12","date_gmt":"2014-02-20T14:26:12","guid":{"rendered":"http:\/\/www.bcnweddingplanners.com\/de\/?page_id=43"},"modified":"2020-02-02T15:43:25","modified_gmt":"2020-02-02T14:43:25","slug":"luxury-weddings","status":"publish","type":"page","link":"https:\/\/www.bcnweddingplanners.com\/de\/luxury-weddings\/","title":{"rendered":"Luxury Weddings"},"content":{"rendered":"<p>[et_pb_section fb_built=&#8220;1&#8243; fullwidth=&#8220;on&#8220; admin_label=&#8220;section&#8220; _builder_version=&#8220;3.22&#8243; background_color=&#8220;#ffffff&#8220; parallax=&#8220;on&#8220; parallax_method=&#8220;jquery&#8220;][et_pb_fullwidth_slider admin_label=&#8220;Fullwidth Slider&#8220; _builder_version=&#8220;3.16&#8243; custom_padding=&#8220;|||&#8220; custom_padding_tablet=&#8220;|||&#8220; custom_padding_phone=&#8220;|||&#8220; auto=&#8220;on&#8220; auto_speed=&#8220;5000&#8243; box_shadow_style=&#8220;preset6&#8243; box_shadow_blur=&#8220;10px&#8220; box_shadow_color=&#8220;rgba(0,0,0,0.1)&#8220; show_inner_shadow=&#8220;on&#8220; button_text_size__hover_enabled=&#8220;off&#8220; button_one_text_size__hover_enabled=&#8220;off&#8220; button_two_text_size__hover_enabled=&#8220;off&#8220; button_text_color__hover_enabled=&#8220;off&#8220; button_one_text_color__hover_enabled=&#8220;off&#8220; button_two_text_color__hover_enabled=&#8220;off&#8220; button_border_width__hover_enabled=&#8220;off&#8220; button_one_border_width__hover_enabled=&#8220;off&#8220; button_two_border_width__hover_enabled=&#8220;off&#8220; button_border_color__hover_enabled=&#8220;off&#8220; button_one_border_color__hover_enabled=&#8220;off&#8220; button_two_border_color__hover_enabled=&#8220;off&#8220; button_border_radius__hover_enabled=&#8220;off&#8220; button_one_border_radius__hover_enabled=&#8220;off&#8220; button_two_border_radius__hover_enabled=&#8220;off&#8220; button_letter_spacing__hover_enabled=&#8220;off&#8220; button_one_letter_spacing__hover_enabled=&#8220;off&#8220; button_two_letter_spacing__hover_enabled=&#8220;off&#8220; button_bg_color__hover_enabled=&#8220;off&#8220; button_one_bg_color__hover_enabled=&#8220;off&#8220; button_two_bg_color__hover_enabled=&#8220;off&#8220;][et_pb_slide _builder_version=&#8220;3.16&#8243; background_color=&#8220;#ffffff&#8220; background_image=&#8220;http:\/\/www.bcnweddingplanners.com\/de\/wp-content\/uploads\/sites\/9\/2014\/02\/1.png&#8220; button_text_size__hover_enabled=&#8220;off&#8220; button_one_text_size__hover_enabled=&#8220;off&#8220; button_two_text_size__hover_enabled=&#8220;off&#8220; button_text_color__hover_enabled=&#8220;off&#8220; button_one_text_color__hover_enabled=&#8220;off&#8220; button_two_text_color__hover_enabled=&#8220;off&#8220; button_border_width__hover_enabled=&#8220;off&#8220; button_one_border_width__hover_enabled=&#8220;off&#8220; button_two_border_width__hover_enabled=&#8220;off&#8220; button_border_color__hover_enabled=&#8220;off&#8220; button_one_border_color__hover_enabled=&#8220;off&#8220; button_two_border_color__hover_enabled=&#8220;off&#8220; button_border_radius__hover_enabled=&#8220;off&#8220; button_one_border_radius__hover_enabled=&#8220;off&#8220; button_two_border_radius__hover_enabled=&#8220;off&#8220; button_letter_spacing__hover_enabled=&#8220;off&#8220; button_one_letter_spacing__hover_enabled=&#8220;off&#8220; button_two_letter_spacing__hover_enabled=&#8220;off&#8220; button_bg_color__hover_enabled=&#8220;off&#8220; button_one_bg_color__hover_enabled=&#8220;off&#8220; button_two_bg_color__hover_enabled=&#8220;off&#8220;][\/et_pb_slide][et_pb_slide _builder_version=&#8220;3.16&#8243; background_color=&#8220;#ffffff&#8220; background_image=&#8220;http:\/\/www.bcnweddingplanners.com\/de\/wp-content\/uploads\/sites\/9\/2014\/02\/2.png&#8220; button_text_size__hover_enabled=&#8220;off&#8220; button_one_text_size__hover_enabled=&#8220;off&#8220; button_two_text_size__hover_enabled=&#8220;off&#8220; button_text_color__hover_enabled=&#8220;off&#8220; button_one_text_color__hover_enabled=&#8220;off&#8220; button_two_text_color__hover_enabled=&#8220;off&#8220; button_border_width__hover_enabled=&#8220;off&#8220; button_one_border_width__hover_enabled=&#8220;off&#8220; button_two_border_width__hover_enabled=&#8220;off&#8220; button_border_color__hover_enabled=&#8220;off&#8220; button_one_border_color__hover_enabled=&#8220;off&#8220; button_two_border_color__hover_enabled=&#8220;off&#8220; button_border_radius__hover_enabled=&#8220;off&#8220; button_one_border_radius__hover_enabled=&#8220;off&#8220; button_two_border_radius__hover_enabled=&#8220;off&#8220; button_letter_spacing__hover_enabled=&#8220;off&#8220; button_one_letter_spacing__hover_enabled=&#8220;off&#8220; button_two_letter_spacing__hover_enabled=&#8220;off&#8220; button_bg_color__hover_enabled=&#8220;off&#8220; button_one_bg_color__hover_enabled=&#8220;off&#8220; button_two_bg_color__hover_enabled=&#8220;off&#8220;][\/et_pb_slide][et_pb_slide _builder_version=&#8220;3.16&#8243; background_color=&#8220;#ffffff&#8220; background_image=&#8220;http:\/\/www.bcnweddingplanners.com\/de\/wp-content\/uploads\/sites\/9\/2014\/02\/3.png&#8220; button_text_size__hover_enabled=&#8220;off&#8220; button_one_text_size__hover_enabled=&#8220;off&#8220; button_two_text_size__hover_enabled=&#8220;off&#8220; button_text_color__hover_enabled=&#8220;off&#8220; button_one_text_color__hover_enabled=&#8220;off&#8220; button_two_text_color__hover_enabled=&#8220;off&#8220; button_border_width__hover_enabled=&#8220;off&#8220; button_one_border_width__hover_enabled=&#8220;off&#8220; button_two_border_width__hover_enabled=&#8220;off&#8220; button_border_color__hover_enabled=&#8220;off&#8220; button_one_border_color__hover_enabled=&#8220;off&#8220; button_two_border_color__hover_enabled=&#8220;off&#8220; button_border_radius__hover_enabled=&#8220;off&#8220; button_one_border_radius__hover_enabled=&#8220;off&#8220; button_two_border_radius__hover_enabled=&#8220;off&#8220; button_letter_spacing__hover_enabled=&#8220;off&#8220; button_one_letter_spacing__hover_enabled=&#8220;off&#8220; button_two_letter_spacing__hover_enabled=&#8220;off&#8220; button_bg_color__hover_enabled=&#8220;off&#8220; button_one_bg_color__hover_enabled=&#8220;off&#8220; button_two_bg_color__hover_enabled=&#8220;off&#8220;][\/et_pb_slide][et_pb_slide _builder_version=&#8220;3.16&#8243; background_color=&#8220;#ffffff&#8220; background_image=&#8220;http:\/\/www.bcnweddingplanners.com\/de\/wp-content\/uploads\/sites\/9\/2014\/02\/4.png&#8220; button_text_size__hover_enabled=&#8220;off&#8220; button_one_text_size__hover_enabled=&#8220;off&#8220; button_two_text_size__hover_enabled=&#8220;off&#8220; button_text_color__hover_enabled=&#8220;off&#8220; button_one_text_color__hover_enabled=&#8220;off&#8220; button_two_text_color__hover_enabled=&#8220;off&#8220; button_border_width__hover_enabled=&#8220;off&#8220; button_one_border_width__hover_enabled=&#8220;off&#8220; button_two_border_width__hover_enabled=&#8220;off&#8220; button_border_color__hover_enabled=&#8220;off&#8220; button_one_border_color__hover_enabled=&#8220;off&#8220; button_two_border_color__hover_enabled=&#8220;off&#8220; button_border_radius__hover_enabled=&#8220;off&#8220; button_one_border_radius__hover_enabled=&#8220;off&#8220; button_two_border_radius__hover_enabled=&#8220;off&#8220; button_letter_spacing__hover_enabled=&#8220;off&#8220; button_one_letter_spacing__hover_enabled=&#8220;off&#8220; button_two_letter_spacing__hover_enabled=&#8220;off&#8220; button_bg_color__hover_enabled=&#8220;off&#8220; button_one_bg_color__hover_enabled=&#8220;off&#8220; button_two_bg_color__hover_enabled=&#8220;off&#8220;][\/et_pb_slide][et_pb_slide _builder_version=&#8220;3.16&#8243; background_color=&#8220;#ffffff&#8220; background_image=&#8220;http:\/\/www.bcnweddingplanners.com\/de\/wp-content\/uploads\/sites\/9\/2014\/02\/5.png&#8220; button_text_size__hover_enabled=&#8220;off&#8220; button_one_text_size__hover_enabled=&#8220;off&#8220; button_two_text_size__hover_enabled=&#8220;off&#8220; button_text_color__hover_enabled=&#8220;off&#8220; button_one_text_color__hover_enabled=&#8220;off&#8220; button_two_text_color__hover_enabled=&#8220;off&#8220; button_border_width__hover_enabled=&#8220;off&#8220; button_one_border_width__hover_enabled=&#8220;off&#8220; button_two_border_width__hover_enabled=&#8220;off&#8220; button_border_color__hover_enabled=&#8220;off&#8220; button_one_border_color__hover_enabled=&#8220;off&#8220; button_two_border_color__hover_enabled=&#8220;off&#8220; button_border_radius__hover_enabled=&#8220;off&#8220; button_one_border_radius__hover_enabled=&#8220;off&#8220; button_two_border_radius__hover_enabled=&#8220;off&#8220; button_letter_spacing__hover_enabled=&#8220;off&#8220; button_one_letter_spacing__hover_enabled=&#8220;off&#8220; button_two_letter_spacing__hover_enabled=&#8220;off&#8220; button_bg_color__hover_enabled=&#8220;off&#8220; button_one_bg_color__hover_enabled=&#8220;off&#8220; button_two_bg_color__hover_enabled=&#8220;off&#8220;][\/et_pb_slide][et_pb_slide _builder_version=&#8220;3.16&#8243; background_color=&#8220;#ffffff&#8220; background_image=&#8220;http:\/\/www.bcnweddingplanners.com\/de\/wp-content\/uploads\/sites\/9\/2014\/02\/6.png&#8220; button_text_size__hover_enabled=&#8220;off&#8220; button_one_text_size__hover_enabled=&#8220;off&#8220; button_two_text_size__hover_enabled=&#8220;off&#8220; button_text_color__hover_enabled=&#8220;off&#8220; button_one_text_color__hover_enabled=&#8220;off&#8220; button_two_text_color__hover_enabled=&#8220;off&#8220; button_border_width__hover_enabled=&#8220;off&#8220; button_one_border_width__hover_enabled=&#8220;off&#8220; button_two_border_width__hover_enabled=&#8220;off&#8220; button_border_color__hover_enabled=&#8220;off&#8220; button_one_border_color__hover_enabled=&#8220;off&#8220; button_two_border_color__hover_enabled=&#8220;off&#8220; button_border_radius__hover_enabled=&#8220;off&#8220; button_one_border_radius__hover_enabled=&#8220;off&#8220; button_two_border_radius__hover_enabled=&#8220;off&#8220; button_letter_spacing__hover_enabled=&#8220;off&#8220; button_one_letter_spacing__hover_enabled=&#8220;off&#8220; button_two_letter_spacing__hover_enabled=&#8220;off&#8220; button_bg_color__hover_enabled=&#8220;off&#8220; button_one_bg_color__hover_enabled=&#8220;off&#8220; button_two_bg_color__hover_enabled=&#8220;off&#8220;][\/et_pb_slide][et_pb_slide _builder_version=&#8220;3.16&#8243; background_color=&#8220;#ffffff&#8220; background_image=&#8220;http:\/\/www.bcnweddingplanners.com\/de\/wp-content\/uploads\/sites\/9\/2014\/02\/7.png&#8220; button_text_size__hover_enabled=&#8220;off&#8220; button_one_text_size__hover_enabled=&#8220;off&#8220; button_two_text_size__hover_enabled=&#8220;off&#8220; button_text_color__hover_enabled=&#8220;off&#8220; button_one_text_color__hover_enabled=&#8220;off&#8220; button_two_text_color__hover_enabled=&#8220;off&#8220; button_border_width__hover_enabled=&#8220;off&#8220; button_one_border_width__hover_enabled=&#8220;off&#8220; button_two_border_width__hover_enabled=&#8220;off&#8220; button_border_color__hover_enabled=&#8220;off&#8220; button_one_border_color__hover_enabled=&#8220;off&#8220; button_two_border_color__hover_enabled=&#8220;off&#8220; button_border_radius__hover_enabled=&#8220;off&#8220; button_one_border_radius__hover_enabled=&#8220;off&#8220; button_two_border_radius__hover_enabled=&#8220;off&#8220; button_letter_spacing__hover_enabled=&#8220;off&#8220; button_one_letter_spacing__hover_enabled=&#8220;off&#8220; button_two_letter_spacing__hover_enabled=&#8220;off&#8220; button_bg_color__hover_enabled=&#8220;off&#8220; button_one_bg_color__hover_enabled=&#8220;off&#8220; button_two_bg_color__hover_enabled=&#8220;off&#8220;][\/et_pb_slide][et_pb_slide _builder_version=&#8220;3.16&#8243; background_color=&#8220;#ffffff&#8220; background_image=&#8220;http:\/\/www.bcnweddingplanners.com\/de\/wp-content\/uploads\/sites\/9\/2014\/02\/8.png&#8220; button_text_size__hover_enabled=&#8220;off&#8220; button_one_text_size__hover_enabled=&#8220;off&#8220; button_two_text_size__hover_enabled=&#8220;off&#8220; button_text_color__hover_enabled=&#8220;off&#8220; button_one_text_color__hover_enabled=&#8220;off&#8220; button_two_text_color__hover_enabled=&#8220;off&#8220; button_border_width__hover_enabled=&#8220;off&#8220; button_one_border_width__hover_enabled=&#8220;off&#8220; button_two_border_width__hover_enabled=&#8220;off&#8220; button_border_color__hover_enabled=&#8220;off&#8220; button_one_border_color__hover_enabled=&#8220;off&#8220; button_two_border_color__hover_enabled=&#8220;off&#8220; button_border_radius__hover_enabled=&#8220;off&#8220; button_one_border_radius__hover_enabled=&#8220;off&#8220; button_two_border_radius__hover_enabled=&#8220;off&#8220; button_letter_spacing__hover_enabled=&#8220;off&#8220; button_one_letter_spacing__hover_enabled=&#8220;off&#8220; button_two_letter_spacing__hover_enabled=&#8220;off&#8220; button_bg_color__hover_enabled=&#8220;off&#8220; button_one_bg_color__hover_enabled=&#8220;off&#8220; button_two_bg_color__hover_enabled=&#8220;off&#8220;][\/et_pb_slide][et_pb_slide _builder_version=&#8220;3.16&#8243; background_color=&#8220;#ffffff&#8220; background_image=&#8220;http:\/\/www.bcnweddingplanners.com\/de\/wp-content\/uploads\/sites\/9\/2014\/02\/9.png&#8220; button_text_size__hover_enabled=&#8220;off&#8220; button_one_text_size__hover_enabled=&#8220;off&#8220; button_two_text_size__hover_enabled=&#8220;off&#8220; button_text_color__hover_enabled=&#8220;off&#8220; button_one_text_color__hover_enabled=&#8220;off&#8220; button_two_text_color__hover_enabled=&#8220;off&#8220; button_border_width__hover_enabled=&#8220;off&#8220; button_one_border_width__hover_enabled=&#8220;off&#8220; button_two_border_width__hover_enabled=&#8220;off&#8220; button_border_color__hover_enabled=&#8220;off&#8220; button_one_border_color__hover_enabled=&#8220;off&#8220; button_two_border_color__hover_enabled=&#8220;off&#8220; button_border_radius__hover_enabled=&#8220;off&#8220; button_one_border_radius__hover_enabled=&#8220;off&#8220; button_two_border_radius__hover_enabled=&#8220;off&#8220; button_letter_spacing__hover_enabled=&#8220;off&#8220; button_one_letter_spacing__hover_enabled=&#8220;off&#8220; button_two_letter_spacing__hover_enabled=&#8220;off&#8220; button_bg_color__hover_enabled=&#8220;off&#8220; button_one_bg_color__hover_enabled=&#8220;off&#8220; button_two_bg_color__hover_enabled=&#8220;off&#8220;][\/et_pb_slide][et_pb_slide _builder_version=&#8220;3.16&#8243; background_color=&#8220;#ffffff&#8220; background_image=&#8220;http:\/\/www.bcnweddingplanners.com\/de\/wp-content\/uploads\/sites\/9\/2014\/02\/11.png&#8220; button_text_size__hover_enabled=&#8220;off&#8220; button_one_text_size__hover_enabled=&#8220;off&#8220; button_two_text_size__hover_enabled=&#8220;off&#8220; button_text_color__hover_enabled=&#8220;off&#8220; button_one_text_color__hover_enabled=&#8220;off&#8220; button_two_text_color__hover_enabled=&#8220;off&#8220; button_border_width__hover_enabled=&#8220;off&#8220; button_one_border_width__hover_enabled=&#8220;off&#8220; button_two_border_width__hover_enabled=&#8220;off&#8220; button_border_color__hover_enabled=&#8220;off&#8220; button_one_border_color__hover_enabled=&#8220;off&#8220; button_two_border_color__hover_enabled=&#8220;off&#8220; button_border_radius__hover_enabled=&#8220;off&#8220; button_one_border_radius__hover_enabled=&#8220;off&#8220; button_two_border_radius__hover_enabled=&#8220;off&#8220; button_letter_spacing__hover_enabled=&#8220;off&#8220; button_one_letter_spacing__hover_enabled=&#8220;off&#8220; button_two_letter_spacing__hover_enabled=&#8220;off&#8220; button_bg_color__hover_enabled=&#8220;off&#8220; button_one_bg_color__hover_enabled=&#8220;off&#8220; button_two_bg_color__hover_enabled=&#8220;off&#8220;][\/et_pb_slide][\/et_pb_fullwidth_slider][\/et_pb_section][et_pb_section fb_built=&#8220;1&#8243; admin_label=&#8220;section&#8220; _builder_version=&#8220;3.22&#8243;][et_pb_row admin_label=&#8220;row&#8220; _builder_version=&#8220;3.25&#8243; background_size=&#8220;initial&#8220; background_position=&#8220;top_left&#8220; background_repeat=&#8220;repeat&#8220;][et_pb_column type=&#8220;4_4&#8243; _builder_version=&#8220;3.25&#8243; custom_padding=&#8220;|||&#8220; custom_padding__hover=&#8220;|||&#8220;][et_pb_text admin_label=&#8220;Text&#8220; _builder_version=&#8220;3.27.4&#8243; background_size=&#8220;initial&#8220; background_position=&#8220;top_left&#8220; background_repeat=&#8220;repeat&#8220; use_border_color=&#8220;off&#8220; border_color=&#8220;#ffffff&#8220; border_style=&#8220;solid&#8220;]<\/p>\n<p style=\"text-align: justify;\"><span style=\"font-size: 24pt;\"><strong>Luxury Weddings<\/strong><\/span><\/p>\n<p style=\"text-align: justify;\">Wichtigstes Ziel der <strong>Luxury Weddings<\/strong> ist die Gestaltung und Organisation von luxuri\u00f6sen und anspruchsvollen Hochzeiten, welche die Pers\u00f6nlichkeit jedes einzelnen Brautpaares genau widerspiegeln. <strong>Unsere Luxury Weddings sind exklusive, kreative und elegante Hochzeiten f\u00fcr anspruchsvolle Kunden<\/strong>, die einen erstklassigen <strong>First-Class-Service erwarten<\/strong>.<\/p>\n<p>Unser langer Werdegang in der Gestaltung und Organisation von Hochzeiten f\u00fcr international ber\u00fchmte Pers\u00f6nlichkeiten hat uns einen umfassenden Erfahrungsschatz f\u00fcr diese Art von Hochzeiten vermittelt, bei denen es vor allem auf penible Genauigkeit und viel Wissen ankommt, sowohl in der Planung als auch der Ausf\u00fchrung, und wo zahlreiche Faktoren zusammenflie\u00dfen, denen besondere Beachtung geschenkt werden muss.<\/p>\n<p><strong>Marta Priu<\/strong> ist gegenw\u00e4rtig eine der angesehensten Eventveranstalterinnen f\u00fcr luxuri\u00f6se und anspruchsvolle Hochzeiten in ganz Spanien, deren Name in der Branche einen ausgezeichneten Ruf hat. Sie selbst gestaltet, organisiert und veranstaltet die <strong>Luxury Weddings und Luxury Destination Weddings<\/strong>, setzt sich pers\u00f6nlich und professionell ein, um bei ihren Hochzeiten die besten Ergebnisse, Erfolg und Excellence zu erzielen. Bei Marta Priu steht bei allen von ihr geplanten und organisierten Luxushochzeiten Vertraulichkeit und Diskretion an erster Stelle. Zahlreiche Medien unseres Landes haben bereits ihre Hilfe als Expertin f\u00fcr Luxushochzeiten in Anspruch genommen.<\/p>\n<p><strong>Marta Priu<\/strong> kann dabei auf die Unterst\u00fctzung und das Wissen sachkundiger Experten z\u00e4hlen, die Teil von bcn wedding planners in <strong>Barcelona<\/strong>, der <strong>Costa Brava<\/strong> und der <strong>Balearen sind<\/strong>.<br \/>\n[\/et_pb_text][et_pb_code admin_label=&#8220;Code&#8220;]<iframe loading=\"lazy\" width=\"560\" height=\"315\" src=\"https:\/\/www.youtube.com\/embed\/g4l3FgvCmtA\" frameborder=\"0\" allowfullscreen><\/iframe>[\/et_pb_code][et_pb_video src=&#8220;http:\/\/www.youtube.com\/watch?v=OrOogxBob2c&#8220; _builder_version=&#8220;4.2.2&#8243; hover_enabled=&#8220;0&#8243;][\/et_pb_video][et_pb_text admin_label=&#8220;Text&#8220; _builder_version=&#8220;3.27.4&#8243; background_size=&#8220;initial&#8220; background_position=&#8220;top_left&#8220; background_repeat=&#8220;repeat&#8220; use_border_color=&#8220;off&#8220; border_color=&#8220;#ffffff&#8220; border_style=&#8220;solid&#8220;]<\/p>\n<p style=\"text-align: justify;\"><span style=\"font-size: 18pt;\"><strong>Luxury Destination Weddings<\/strong><\/span><\/p>\n<p style=\"text-align: justify;\"><strong>Luxury Destination Weddings<\/strong>\u00a0sind Hochzeiten an besonders luxuri\u00f6sen Pl\u00e4tzen, die von bcn wedding planners by Marta Priu in anderen L\u00e4ndern und St\u00e4dten geplant, gestaltet und ausgerichtet werden, wobei die gleiche Philosophie Anwendung findet wie bei den Luxury Weddings. Es handelt sich hier um einen Service f\u00fcr diejenigen Paare, die ihren Familienangeh\u00f6rigen und Freunden an ihrem Hochzeitstag ein einmaliges Erlebnis in einem luxuri\u00f6sen Ambiente bieten m\u00f6chten.<\/p>\n<p>Die Luxury\u00a0<strong>Destination Weddings<\/strong>\u00a0werden von Spanien aus organisiert, aber im jeweiligen Land, an ganz besonderen, exquisiten, charakteristischen und emblematischen Orten ausgerichtet.<\/p>\n<p>Dank unseres umfassenden Netzes an internationalen Partnerunternehmen sind unsere\u00a0<strong>Luxury Destination Weddings der Garant f\u00fcr Professionalit\u00e4t und Erfolg<\/strong>.<br \/>\n[\/et_pb_text][\/et_pb_column][\/et_pb_row][\/et_pb_section]<\/p>\n","protected":false},"excerpt":{"rendered":"<p>Luxury Weddings Wichtigstes Ziel der Luxury Weddings ist die Gestaltung und Organisation von luxuri\u00f6sen und anspruchsvollen Hochzeiten, welche die Pers\u00f6nlichkeit jedes einzelnen Brautpaares genau widerspiegeln. Unsere Luxury Weddings sind exklusive, kreative und elegante Hochzeiten f\u00fcr anspruchsvolle Kunden, die einen erstklassigen First-Class-Service erwarten. Unser langer Werdegang in der Gestaltung und Organisation von Hochzeiten f\u00fcr international ber\u00fchmte [&hellip;]<\/p>\n","protected":false},"author":1,"featured_media":0,"parent":0,"menu_order":0,"comment_status":"open","ping_status":"open","template":"","meta":{"_et_pb_use_builder":"on","_et_pb_old_content":"<p style=\"text-align: justify;\">El objetivo principal de las <strong>Luxury Weddings<\/strong> es el dise\u00f1o y la organizaci\u00f3n de bodas de lujo que reflejen al m\u00e1ximo la personalidad de cada pareja. <strong>Las Luxury Weddings son bodas exclusivas<\/strong>, creativas, elegantes y muy sofisticadas para clientes que exigen un servicio de primera clase o <strong>\u201cFirst Class\u201d<\/strong>.<\/p><p style=\"text-align: justify;\">Nuestra larga trayectoria dise\u00f1ando y organizando bodas para personalidades de gran renombre Internacional, nos ha proporcionado una experiencia en este tipo de bodas, que requieren de alta rigurosidad y grandes conocimientos tanto de dise\u00f1o como de producci\u00f3n y donde confluyen muchos factores que merecen una especial atenci\u00f3n.<\/p><p style=\"text-align: justify;\"><strong>Marta Priu<\/strong>, <strong>Wedding Planner & Designer<\/strong>, reconocida en el sector nupcial espa\u00f1ol, dise\u00f1a y produce las <strong>Luxury Weddings y las Luxury Destination Weddings<\/strong>, se implica profesional y personalmente para obtener el mejor resultado, el \u00e9xito asegurado y la excelencia en las bodas que dise\u00f1a y organiza. Numerosos medios de comunicaci\u00f3n de nuestro pa\u00eds han contado con su presencia en calidad de experta en bodas de lujo.<\/p><p style=\"text-align: justify;\">Marta cuenta con la ayuda y el conocimiento de las grandes profesionales que forman parte de Spain Wedding Planners en <a title=\"Barcelona\" href=\"http:\/\/www.bcnweddingplanners.com\/de\/oficinas\/barcelona\/\"><strong>Barcelona<\/strong><\/a>, <a title=\"Madrid\" href=\"http:\/\/www.bcnweddingplanners.com\/de\/oficinas\/madrid\/\"><strong>Madrid<\/strong><\/a> y las <a title=\"Baleares\" href=\"http:\/\/www.bcnweddingplanners.com\/de\/oficinas\/baleares\/\"><strong>Islas Baleares<\/strong><\/a>.<\/p><p style=\"text-align: justify;\"><span style=\"font-size: 14pt;\"><strong>Luxury Destination Weddings<\/strong> <\/span><\/p><p style=\"text-align: justify;\">Las <strong>Luxury Destination Weddings<\/strong> son bodas en destinos de lujo que el grupo Spain Wedding Planners dise\u00f1a, produce y planifica en otros pa\u00edses y ciudades siguiendo la misma filosof\u00eda que en las Luxury Weddings. Es un servicio para aquellas parejas que desean ofrecer a sus familiares y amigos una experiencia \u00fanica y de lujo a prop\u00f3sito de su boda.<\/p><p style=\"text-align: justify;\">Las <strong>Luxury Destination Wedding<\/strong> se organizan desde Espa\u00f1a pero <strong>se celebran en el exterior, en espacios muy exquisitos y emblem\u00e1ticos<\/strong>.<\/p><p style=\"text-align: justify;\">Las Luxury Destination Weddings\u00a0 ofrecen las garant\u00edas de profesionalidad y \u00e9xito gracias a la gran red de partners internacionales con que trabajamos. Para este tipo de bodas, Spain Wedding Planners ofrece asesor\u00eda legal para casarse en el extranjero y as\u00ed garantizar el cumplimiento y la validez del matrimonio.<\/p><p style=\"text-align: center;\">[rev_slider Luxury_Weddings]<\/p>","_et_gb_content_width":""},"_links":{"self":[{"href":"https:\/\/www.bcnweddingplanners.com\/de\/wp-json\/wp\/v2\/pages\/43"}],"collection":[{"href":"https:\/\/www.bcnweddingplanners.com\/de\/wp-json\/wp\/v2\/pages"}],"about":[{"href":"https:\/\/www.bcnweddingplanners.com\/de\/wp-json\/wp\/v2\/types\/page"}],"author":[{"embeddable":true,"href":"https:\/\/www.bcnweddingplanners.com\/de\/wp-json\/wp\/v2\/users\/1"}],"replies":[{"embeddable":true,"href":"https:\/\/www.bcnweddingplanners.com\/de\/wp-json\/wp\/v2\/comments?post=43"}],"version-history":[{"count":66,"href":"https:\/\/www.bcnweddingplanners.com\/de\/wp-json\/wp\/v2\/pages\/43\/revisions"}],"predecessor-version":[{"id":4309,"href":"https:\/\/www.bcnweddingplanners.com\/de\/wp-json\/wp\/v2\/pages\/43\/revisions\/4309"}],"wp:attachment":[{"href":"https:\/\/www.bcnweddingplanners.com\/de\/wp-json\/wp\/v2\/media?parent=43"}],"curies":[{"name":"wp","href":"https:\/\/api.w.org\/{rel}","templated":true}]}}