{"id":4047,"date":"2015-03-06T18:05:51","date_gmt":"2015-03-06T17:05:51","guid":{"rendered":"http:\/\/www.bcnweddingplanners.com\/de\/?page_id=4047"},"modified":"2015-03-10T11:22:45","modified_gmt":"2015-03-10T10:22:45","slug":"rechtliche-hinweise","status":"publish","type":"page","link":"https:\/\/www.bcnweddingplanners.com\/de\/rechtliche-hinweise\/","title":{"rendered":"Rechtliche Hinweise"},"content":{"rendered":"<p style=\"text-align: justify\"><strong>SPAIN PLANNERS PRIU SL<\/strong>, in seiner Funktion als Besitzer und Verantwortlicher dieser Website, in \u00dcbereinstimmung mit den Bestimmungen des Paragraphen 10 des Gesetzes 34\/2002, des 11. Juli, Services Information Society und Trade mail, bietet seinen Nutzern die folgende allgemeine Information:<\/p>\n<p style=\"text-align: justify\"><strong>SPAIN PLANNERS PRIU SL<\/strong> hat seine registrierte Gesch\u00e4ftsstelle in der Stra\u00dfe Brusi, 39-41, Local 59, 08006 Barcelona, Spanien; Steuernummer CIF B-66172669<\/p>\n<p style=\"text-align: justify\">1.<strong> Datenschutz\u00a0 <\/strong><\/p>\n<p style=\"text-align: justify\"><strong>SPAIN PLANNERS PRIU SL<\/strong>, (Kurzform SWP) gew\u00e4hrleistet Ma\u00dfnahmen und Sicherheitsstandards f\u00fcr die Sicherheit pers\u00f6nlicher Daten nach dem Gesetz 15\/1999, des 13. Dezember, Sicherung pers\u00f6nlicher Daten und ihrer Durchf\u00fchrungsbestimmungen. Pers\u00f6nliche Daten, die \u00fcber <a href=\"http:\/\/www.bcnweddingplanners.com\"><strong>www.bcnweddingplanners.com<\/strong><\/a> vermittelt werden, werden automatisch bearbeitet und in die Computerdateien der SWP eingebunden, die somit auch f\u00fcr besagte Dateien verantwortlich ist.<\/p>\n<p style=\"text-align: justify\">Das Ausf\u00fcllen von Formularen auf der Website und das Senden von Emails oder Informationen auf anderem Wege, bedeutet die ausdr\u00fcckliche Einbeziehung dieser pers\u00f6nlichen Daten in die Computerdateien von SWP.<\/p>\n<p style=\"text-align: justify\">Sie k\u00f6nnen jederzeit auf ihr Recht auf Zugang, Berichtigung, Stornierung und Widerspruch zur\u00fcckgreifen, unter der Bestimmung des GG 15\/1999 des 13. Dezember, Sicherung pers\u00f6nlicher Daten und anderer geltenden Vorschriften, \u00fcber Email zu <a href=\"mailto:info@bcnweddingplanners.com\"><strong>info@bcnweddingplanners.com<\/strong><\/a> oder \u00fcber den Postweg mit der Adresse der SWP in der Carrer de Brusi, 39-41, Local 59, 08006 Barcelona, Spanien; oder auf beliebige andere Weise, die Ihre Identit\u00e4t best\u00e4tigt, um auf die genannten Rechte zugreifen zu k\u00f6nnen.<\/p>\n<ol style=\"text-align: justify\" start=\"2\">\n<li><strong> Erfassung<\/strong><\/li>\n<\/ol>\n<p style=\"text-align: justify\">Die Erfassung pers\u00f6nlicher Daten wird ausschlie\u00dflich in vertraglicher Form aufgef\u00fchrt.<\/p>\n<ol style=\"text-align: justify\" start=\"3\">\n<li><strong> Schweigepflicht <\/strong><\/li>\n<\/ol>\n<p style=\"text-align: justify\">Alle privaten Kommunikationen zwischen SWP und Ihnen werden vertraulich gehandhabt. Zus\u00e4tzlich haben Sie das Recht auf vertrauliche Information jeglicher Art, die zwischen beiden beteiligten Parteien ausgetauscht wurde, Informationen die von beiden Parteien als vertraulich anerkannt wurden.<\/p>\n<ol style=\"text-align: justify\" start=\"4\">\n<li><strong> Transfer pers\u00f6nlicher Daten an dritte Parteien.<\/strong><\/li>\n<\/ol>\n<p style=\"text-align: justify\">SWP darf keine Information oder pers\u00f6nlichen Daten seiner Kunden \/ Lieferanten \/ Nutzer an dritte Parteien weiterleiten.<\/p>\n<ol style=\"text-align: justify\" start=\"5\">\n<li><strong> \u00c4nderungen in Sicherheitspolitik und Datenschutz <\/strong><\/li>\n<\/ol>\n<p style=\"text-align: justify\">SWP besitzt das Recht, seine Sicherheitspolitik und den Datenschutz nach eigenem Ermessen jederzeit und ohne vorherige Benachrichtigung zu \u00e4ndern, nach dem geltenden spanischen Datenschutzrecht, mit sofortiger Wirkung vom Tage der Bekanntgabe \u00fcber <a href=\"http:\/\/www.bcnweddingplanners.com\/de\"><strong>www.bcnweddingplanners.com\/de<\/strong><\/a>.<\/p>\n<p style=\"text-align: justify\">E-mail: <a href=\"mailto:info@bcnweddingplanners.com\"><strong>info@bcnweddingplanners.com<\/strong><\/a><\/p>\n","protected":false},"excerpt":{"rendered":"<p>SPAIN PLANNERS PRIU SL, in seiner Funktion als Besitzer und Verantwortlicher dieser Website, in \u00dcbereinstimmung mit den Bestimmungen des Paragraphen 10 des Gesetzes 34\/2002, des 11. Juli, Services Information Society und Trade mail, bietet seinen Nutzern die folgende allgemeine Information: SPAIN PLANNERS PRIU SL hat seine registrierte Gesch\u00e4ftsstelle in der Stra\u00dfe Brusi, 39-41, Local 59, [&hellip;]<\/p>\n","protected":false},"author":1,"featured_media":0,"parent":0,"menu_order":0,"comment_status":"open","ping_status":"open","template":"","meta":{"_et_pb_use_builder":"","_et_pb_old_content":"","_et_gb_content_width":""},"_links":{"self":[{"href":"https:\/\/www.bcnweddingplanners.com\/de\/wp-json\/wp\/v2\/pages\/4047"}],"collection":[{"href":"https:\/\/www.bcnweddingplanners.com\/de\/wp-json\/wp\/v2\/pages"}],"about":[{"href":"https:\/\/www.bcnweddingplanners.com\/de\/wp-json\/wp\/v2\/types\/page"}],"author":[{"embeddable":true,"href":"https:\/\/www.bcnweddingplanners.com\/de\/wp-json\/wp\/v2\/users\/1"}],"replies":[{"embeddable":true,"href":"https:\/\/www.bcnweddingplanners.com\/de\/wp-json\/wp\/v2\/comments?post=4047"}],"version-history":[{"count":3,"href":"https:\/\/www.bcnweddingplanners.com\/de\/wp-json\/wp\/v2\/pages\/4047\/revisions"}],"predecessor-version":[{"id":4050,"href":"https:\/\/www.bcnweddingplanners.com\/de\/wp-json\/wp\/v2\/pages\/4047\/revisions\/4050"}],"wp:attachment":[{"href":"https:\/\/www.bcnweddingplanners.com\/de\/wp-json\/wp\/v2\/media?parent=4047"}],"curies":[{"name":"wp","href":"https:\/\/api.w.org\/{rel}","templated":true}]}}