{"id":35,"date":"2014-02-20T14:19:54","date_gmt":"2014-02-20T14:19:54","guid":{"rendered":"http:\/\/www.bcnweddingplanners.com\/de\/?page_id=35"},"modified":"2015-02-13T12:58:15","modified_gmt":"2015-02-13T11:58:15","slug":"unsere-partnerunternehmen","status":"publish","type":"page","link":"https:\/\/www.bcnweddingplanners.com\/de\/unsere-partnerunternehmen\/","title":{"rendered":"Unsere Partnerunternehmen"},"content":{"rendered":"<p>[et_pb_section fullwidth=&#8220;on&#8220; specialty=&#8220;off&#8220; background_image=&#8220;http:\/\/www.bcnweddingplanners.com\/de\/wp-content\/uploads\/sites\/9\/2014\/02\/fondo_wedding.jpg&#8220; transparent_background=&#8220;off&#8220; background_color=&#8220;#ffffff&#8220; inner_shadow=&#8220;off&#8220; parallax=&#8220;off&#8220; parallax_method=&#8220;off&#8220;][et_pb_fullwidth_header admin_label=&#8220;Fullwidth Header&#8220; title=&#8220;Unsere Partnerunternehmen&#8220; subhead=&#8220;Lernen Sie die Partner von Bcn Wedding Planners kennen! &#8220; background_layout=&#8220;light&#8220; text_orientation=&#8220;left&#8220; \/][\/et_pb_section][et_pb_section][et_pb_row][et_pb_column type=&#8220;1_3&#8243;][et_pb_blurb admin_label=&#8220;Blurb&#8220; url_new_window=&#8220;on&#8220; use_icon=&#8220;off&#8220; icon_color=&#8220;#e60a81&#8243; use_circle=&#8220;off&#8220; circle_color=&#8220;#e60a81&#8243; use_circle_border=&#8220;off&#8220; circle_border_color=&#8220;#e60a81&#8243; image=&#8220;http:\/\/www.bcnweddingplanners.com\/de\/wp-content\/uploads\/sites\/9\/2014\/02\/logo_aijec_ok.png&#8220; icon_placement=&#8220;top&#8220; animation=&#8220;off&#8220; background_layout=&#8220;light&#8220; text_orientation=&#8220;center&#8220; url=&#8220;http:\/\/www.aijec.es&#8220;]<\/p>\n<p style=\"text-align: center\">Vor 25 Jahren wurde die \u201eUnabh\u00e4ngige Vereinigung der Jungunternehmer von Katalonien\u201c ins Leben gerufen, um die spezifischen Interessen der jungen Unternehmer, sowohl f\u00fcr die Gesellschaft als auch f\u00fcr die \u00f6ffentliche Verwaltung, zu vertreten. AIJEC repr\u00e4sentiert derzeit 600 Unternehmer und Unternehmerinnen mit ihren eigenen Unternehmen.<\/p>\n<p>[\/et_pb_blurb][\/et_pb_column][et_pb_column type=&#8220;1_3&#8243;][et_pb_blurb admin_label=&#8220;Blurb&#8220; url_new_window=&#8220;on&#8220; use_icon=&#8220;off&#8220; icon_color=&#8220;#e60a81&#8243; use_circle=&#8220;off&#8220; circle_color=&#8220;#e60a81&#8243; use_circle_border=&#8220;off&#8220; circle_border_color=&#8220;#e60a81&#8243; image=&#8220;http:\/\/www.bcnweddingplanners.com\/de\/wp-content\/uploads\/sites\/9\/2014\/02\/logo_101_startup.png&#8220; icon_placement=&#8220;top&#8220; animation=&#8220;off&#8220; background_layout=&#8220;light&#8220; text_orientation=&#8220;center&#8220; url=&#8220;http:\/\/www.101startups.com\/&#8220;]<\/p>\n<p style=\"text-align: center\">\u201c101 Startups\u201d ist ein Investmentfond, der von Masterstudenten des Studiengangs Internet-Business initiiert wurde. Das Ziel ihrer Arbeit ist das Investieren von Basis-Kapital in internettechnische Unternehmen. \u201e101 Startups\u201c ist die Stra\u00dfe, die San Francisco mit dem Silicon Valley verbindet. Dort befinden sich die wichtigsten technologischen Unternehmen.<\/p>\n<p>[\/et_pb_blurb][\/et_pb_column][et_pb_column type=&#8220;1_3&#8243;][et_pb_blurb admin_label=&#8220;Blurb&#8220; url_new_window=&#8220;on&#8220; use_icon=&#8220;off&#8220; icon_color=&#8220;#e60a81&#8243; use_circle=&#8220;off&#8220; circle_color=&#8220;#e60a81&#8243; use_circle_border=&#8220;off&#8220; circle_border_color=&#8220;#e60a81&#8243; image=&#8220;http:\/\/www.bcnweddingplanners.com\/de\/wp-content\/uploads\/sites\/9\/2014\/02\/teambox_01.png&#8220; icon_placement=&#8220;top&#8220; animation=&#8220;off&#8220; background_layout=&#8220;light&#8220; text_orientation=&#8220;center&#8220; url=&#8220;http:\/\/www.teambox.com&#8220;]<\/p>\n<p style=\"text-align: center\">\u00a0\u201eTeambox\u201c sind Vorreiter bei der Entwicklung von neuen Tools f\u00fcr den t\u00e4glichen Bedarf im Projektmanagement.<br \/>\nDabei bringen die durch Teamarbeit erworbenen Arbeitsvorg\u00e4nge einige wichtige\u00a0 Vorteile, wie Einfachheit, Produktivit\u00e4t und Spa\u00df.<\/p>\n<p style=\"text-align: center\">\n<p>[\/et_pb_blurb][\/et_pb_column][\/et_pb_row][\/et_pb_section]<\/p>\n","protected":false},"excerpt":{"rendered":"<p><div class=\"et_pb_section et_pb_section_0 et_section_regular\" >\n\t\t\t\t\n\t\t\t\t\n\t\t\t\t\n\t\t\t\t\n\t\t\t\t\n\t\t\t\t\n\t\t\t\t\n\t\t\t\t\n\t\t\t\t\n\t\t\t<\/div><div class=\"et_pb_row et_pb_row_0 et_pb_row_empty\">\n\t\t\t\t\n\t\t\t\t\n\t\t\t\t\n\t\t\t\t\n\t\t\t\t\n\t\t\t<\/div> Vor 25 Jahren wurde die \u201eUnabh\u00e4ngige Vereinigung der Jungunternehmer von Katalonien\u201c ins Leben gerufen, um die spezifischen Interessen der jungen Unternehmer, sowohl f\u00fcr die Gesellschaft als auch f\u00fcr die \u00f6ffentliche Verwaltung, zu vertreten. AIJEC repr\u00e4sentiert derzeit 600 Unternehmer und Unternehmerinnen mit ihren eigenen Unternehmen. \u201c101 Startups\u201d ist ein Investmentfond, der von Masterstudenten des Studiengangs [&hellip;]<\/p>\n","protected":false},"author":1,"featured_media":0,"parent":0,"menu_order":0,"comment_status":"open","ping_status":"open","template":"","meta":{"_et_pb_use_builder":"on","_et_pb_old_content":"","_et_gb_content_width":""},"_links":{"self":[{"href":"https:\/\/www.bcnweddingplanners.com\/de\/wp-json\/wp\/v2\/pages\/35"}],"collection":[{"href":"https:\/\/www.bcnweddingplanners.com\/de\/wp-json\/wp\/v2\/pages"}],"about":[{"href":"https:\/\/www.bcnweddingplanners.com\/de\/wp-json\/wp\/v2\/types\/page"}],"author":[{"embeddable":true,"href":"https:\/\/www.bcnweddingplanners.com\/de\/wp-json\/wp\/v2\/users\/1"}],"replies":[{"embeddable":true,"href":"https:\/\/www.bcnweddingplanners.com\/de\/wp-json\/wp\/v2\/comments?post=35"}],"version-history":[{"count":25,"href":"https:\/\/www.bcnweddingplanners.com\/de\/wp-json\/wp\/v2\/pages\/35\/revisions"}],"predecessor-version":[{"id":3991,"href":"https:\/\/www.bcnweddingplanners.com\/de\/wp-json\/wp\/v2\/pages\/35\/revisions\/3991"}],"wp:attachment":[{"href":"https:\/\/www.bcnweddingplanners.com\/de\/wp-json\/wp\/v2\/media?parent=35"}],"curies":[{"name":"wp","href":"https:\/\/api.w.org\/{rel}","templated":true}]}}