{"id":3410,"date":"2014-11-04T14:35:00","date_gmt":"2014-11-04T14:35:00","guid":{"rendered":"http:\/\/www.bcnweddingplanners.com\/de\/?page_id=3410"},"modified":"2015-01-30T12:34:54","modified_gmt":"2015-01-30T11:34:54","slug":"dienstleistungen","status":"publish","type":"page","link":"https:\/\/www.bcnweddingplanners.com\/de\/dienstleistungen\/","title":{"rendered":"Dienstleistungen"},"content":{"rendered":"<p>[et_pb_section fullwidth=&#8220;on&#8220; specialty=&#8220;off&#8220; background_image=&#8220;http:\/\/www.bcnweddingplanners.com\/de\/wp-content\/uploads\/sites\/9\/2014\/02\/fondo_wedding.jpg&#8220; transparent_background=&#8220;off&#8220; background_color=&#8220;#ffffff&#8220; inner_shadow=&#8220;off&#8220; parallax=&#8220;off&#8220; parallax_method=&#8220;off&#8220;][et_pb_fullwidth_header admin_label=&#8220;Fullwidth Header&#8220; title=&#8220;Dienstleistungen&#8220; background_layout=&#8220;light&#8220; text_orientation=&#8220;left&#8220; subhead=&#8220;M\u00f6chten Sie N\u00e4heres \u00fcber die von uns angebotenen Dienstleistungen erfahren?&#8220; \/][\/et_pb_section][et_pb_section][et_pb_row][et_pb_column type=&#8220;1_2&#8243;][et_pb_blurb admin_label=&#8220;Blurb&#8220; title=&#8220;Hochzeitsarten&#8220; url_new_window=&#8220;off&#8220; use_icon=&#8220;off&#8220; icon_color=&#8220;#e60a81&#8243; use_circle=&#8220;off&#8220; circle_color=&#8220;#e60a81&#8243; use_circle_border=&#8220;off&#8220; circle_border_color=&#8220;#e60a81&#8243; icon_placement=&#8220;top&#8220; animation=&#8220;off&#8220; background_layout=&#8220;light&#8220; text_orientation=&#8220;center&#8220; image=&#8220;http:\/\/www.bcnweddingplanners.com\/de\/wp-content\/uploads\/sites\/9\/2014\/11\/tipos-de-bodas1.png&#8220; url=&#8220;http:\/\/www.bcnweddingplanners.com\/de\/servicios\/tipos-de-bodas\/&#8220; \/][\/et_pb_column][et_pb_column type=&#8220;1_2&#8243;][et_pb_blurb admin_label=&#8220;Blurb&#8220; title=&#8220;Serviceleistungen&#8220; url_new_window=&#8220;off&#8220; use_icon=&#8220;off&#8220; icon_color=&#8220;#e60a81&#8243; use_circle=&#8220;off&#8220; circle_color=&#8220;#e60a81&#8243; use_circle_border=&#8220;off&#8220; circle_border_color=&#8220;#e60a81&#8243; icon_placement=&#8220;top&#8220; animation=&#8220;off&#8220; background_layout=&#8220;light&#8220; text_orientation=&#8220;center&#8220; image=&#8220;http:\/\/www.bcnweddingplanners.com\/de\/wp-content\/uploads\/sites\/9\/2014\/11\/tipo-de-servicios.png&#8220; url=&#8220;http:\/\/www.bcnweddingplanners.com\/de\/servicios\/tipo-de-servicios\/&#8220; \/][\/et_pb_column][\/et_pb_row][\/et_pb_section][et_pb_section fullwidth=&#8220;on&#8220; specialty=&#8220;off&#8220;][et_pb_fullwidth_slider admin_label=&#8220;Fullwidth Slider&#8220; show_arrows=&#8220;on&#8220; show_pagination=&#8220;on&#8220; auto=&#8220;off&#8220; parallax=&#8220;on&#8220; parallax_method=&#8220;off&#8220;][et_pb_slide background_image=&#8220;http:\/\/www.bcnweddingplanners.com\/de\/wp-content\/uploads\/sites\/9\/2014\/02\/vistas-boda_home01.png&#8220; background_color=&#8220;#ffffff&#8220; alignment=&#8220;center&#8220; background_layout=&#8220;dark&#8220; \/][\/et_pb_fullwidth_slider][\/et_pb_section]<\/p>\n","protected":false},"excerpt":{"rendered":"<p><div class=\"et_pb_section et_pb_section_0 et_section_regular\" >\n\t\t\t\t\n\t\t\t\t\n\t\t\t\t\n\t\t\t\t\n\t\t\t\t\n\t\t\t\t\n\t\t\t\t\n\t\t\t\t\n\t\t\t\t\n\t\t\t<\/div><div class=\"et_pb_row et_pb_row_0 et_pb_row_empty\">\n\t\t\t\t\n\t\t\t\t\n\t\t\t\t\n\t\t\t\t\n\t\t\t\t\n\t\t\t<\/div><\/p>\n","protected":false},"author":1,"featured_media":0,"parent":0,"menu_order":0,"comment_status":"open","ping_status":"open","template":"","meta":{"_et_pb_use_builder":"on","_et_pb_old_content":"","_et_gb_content_width":""},"_links":{"self":[{"href":"https:\/\/www.bcnweddingplanners.com\/de\/wp-json\/wp\/v2\/pages\/3410"}],"collection":[{"href":"https:\/\/www.bcnweddingplanners.com\/de\/wp-json\/wp\/v2\/pages"}],"about":[{"href":"https:\/\/www.bcnweddingplanners.com\/de\/wp-json\/wp\/v2\/types\/page"}],"author":[{"embeddable":true,"href":"https:\/\/www.bcnweddingplanners.com\/de\/wp-json\/wp\/v2\/users\/1"}],"replies":[{"embeddable":true,"href":"https:\/\/www.bcnweddingplanners.com\/de\/wp-json\/wp\/v2\/comments?post=3410"}],"version-history":[{"count":31,"href":"https:\/\/www.bcnweddingplanners.com\/de\/wp-json\/wp\/v2\/pages\/3410\/revisions"}],"predecessor-version":[{"id":3934,"href":"https:\/\/www.bcnweddingplanners.com\/de\/wp-json\/wp\/v2\/pages\/3410\/revisions\/3934"}],"wp:attachment":[{"href":"https:\/\/www.bcnweddingplanners.com\/de\/wp-json\/wp\/v2\/media?parent=3410"}],"curies":[{"name":"wp","href":"https:\/\/api.w.org\/{rel}","templated":true}]}}