{"id":2668,"date":"2014-10-20T12:25:22","date_gmt":"2014-10-20T12:25:22","guid":{"rendered":"http:\/\/www.bcnweddingplanners.com\/de\/?page_id=2668"},"modified":"2015-01-30T13:36:45","modified_gmt":"2015-01-30T12:36:45","slug":"costa-brava","status":"publish","type":"page","link":"https:\/\/www.bcnweddingplanners.com\/de\/costa-brava\/","title":{"rendered":"Costa Brava"},"content":{"rendered":"<p>[et_pb_section fullwidth=&#8220;on&#8220; specialty=&#8220;off&#8220;][et_pb_fullwidth_slider admin_label=&#8220;Fullwidth Slider&#8220; show_arrows=&#8220;on&#8220; show_pagination=&#8220;on&#8220; auto=&#8220;off&#8220; parallax=&#8220;off&#8220; parallax_method=&#8220;off&#8220;][et_pb_slide background_image=&#8220;http:\/\/www.bcnweddingplanners.com\/de\/wp-content\/uploads\/sites\/9\/2014\/10\/costa_brava_01.png&#8220; background_color=&#8220;#ffffff&#8220; alignment=&#8220;center&#8220; background_layout=&#8220;dark&#8220; \/][\/et_pb_fullwidth_slider][\/et_pb_section][et_pb_section][et_pb_row][et_pb_column type=&#8220;4_4&#8243;][et_pb_text admin_label=&#8220;Text&#8220; background_layout=&#8220;light&#8220; text_orientation=&#8220;left&#8220;]<\/p>\n<p style=\"text-align: justify;\"><span style=\"font-size: 14pt;\"><strong>Costa Brava<\/strong><\/span><br \/>\n<strong>Katalonien<\/strong> ist die westlichste Autonome Region Spaniens, strategisch gelegen zwischen dem Mittelmeer und den Pyren\u00e4en, einer nat\u00fcrlichen Umgebung, die in allen St\u00e4dten, D\u00f6rfern und T\u00e4lern einmalige Panoramablicke bietet.<\/p>\n<p style=\"text-align: justify;\">Eine der sch\u00f6nsten und beliebtesten Gegenden Kataloniens f\u00fcr Destination Weddings ist die Costa Brava, die fr\u00fcher von zahlreichen kleinen Fischerd\u00f6rfern besiedelt war und heute eine bevorzugte Destination mit unz\u00e4hligen Orten in den Bergen oder am Strand ist, die von der Sonne und einer milden Meeresbrise verw\u00f6hnt werden.<\/p>\n<p style=\"text-align: justify;\"><a href=\"mailto:costabrava@bcnweddingplanners.com\"><strong>costabrava@bcnweddingplanners.com<\/strong><\/a><\/p>\n<p>[\/et_pb_text][\/et_pb_column][\/et_pb_row][\/et_pb_section]<\/p>\n","protected":false},"excerpt":{"rendered":"<p><div class=\"et_pb_section et_pb_section_0 et_section_regular\" >\n\t\t\t\t\n\t\t\t\t\n\t\t\t\t\n\t\t\t\t\n\t\t\t\t\n\t\t\t\t\n\t\t\t\t\n\t\t\t\t\n\t\t\t\t\n\t\t\t<\/div><div class=\"et_pb_row et_pb_row_0 et_pb_row_empty\">\n\t\t\t\t\n\t\t\t\t\n\t\t\t\t\n\t\t\t\t\n\t\t\t\t\n\t\t\t<\/div> Costa Brava Katalonien ist die westlichste Autonome Region Spaniens, strategisch gelegen zwischen dem Mittelmeer und den Pyren\u00e4en, einer nat\u00fcrlichen Umgebung, die in allen St\u00e4dten, D\u00f6rfern und T\u00e4lern einmalige Panoramablicke bietet. Eine der sch\u00f6nsten und beliebtesten Gegenden Kataloniens f\u00fcr Destination Weddings ist die Costa Brava, die fr\u00fcher von zahlreichen kleinen Fischerd\u00f6rfern besiedelt war und heute [&hellip;]<\/p>\n","protected":false},"author":1,"featured_media":0,"parent":0,"menu_order":0,"comment_status":"open","ping_status":"open","template":"","meta":{"_et_pb_use_builder":"on","_et_pb_old_content":"","_et_gb_content_width":""},"_links":{"self":[{"href":"https:\/\/www.bcnweddingplanners.com\/de\/wp-json\/wp\/v2\/pages\/2668"}],"collection":[{"href":"https:\/\/www.bcnweddingplanners.com\/de\/wp-json\/wp\/v2\/pages"}],"about":[{"href":"https:\/\/www.bcnweddingplanners.com\/de\/wp-json\/wp\/v2\/types\/page"}],"author":[{"embeddable":true,"href":"https:\/\/www.bcnweddingplanners.com\/de\/wp-json\/wp\/v2\/users\/1"}],"replies":[{"embeddable":true,"href":"https:\/\/www.bcnweddingplanners.com\/de\/wp-json\/wp\/v2\/comments?post=2668"}],"version-history":[{"count":9,"href":"https:\/\/www.bcnweddingplanners.com\/de\/wp-json\/wp\/v2\/pages\/2668\/revisions"}],"predecessor-version":[{"id":3965,"href":"https:\/\/www.bcnweddingplanners.com\/de\/wp-json\/wp\/v2\/pages\/2668\/revisions\/3965"}],"wp:attachment":[{"href":"https:\/\/www.bcnweddingplanners.com\/de\/wp-json\/wp\/v2\/media?parent=2668"}],"curies":[{"name":"wp","href":"https:\/\/api.w.org\/{rel}","templated":true}]}}