{"id":24,"date":"2014-02-20T14:14:01","date_gmt":"2014-02-20T14:14:01","guid":{"rendered":"http:\/\/www.bcnweddingplanners.com\/de\/?page_id=24"},"modified":"2015-02-13T12:45:49","modified_gmt":"2015-02-13T11:45:49","slug":"das-unternehmen","status":"publish","type":"page","link":"https:\/\/www.bcnweddingplanners.com\/de\/das-unternehmen\/","title":{"rendered":"Das Unternehmen"},"content":{"rendered":"<p>[et_pb_section fullwidth=&#8220;on&#8220; specialty=&#8220;off&#8220;][et_pb_fullwidth_slider admin_label=&#8220;Fullwidth Slider&#8220; show_arrows=&#8220;on&#8220; show_pagination=&#8220;on&#8220; auto=&#8220;off&#8220; parallax=&#8220;off&#8220; parallax_method=&#8220;off&#8220;][et_pb_slide background_image=&#8220;http:\/\/www.bcnweddingplanners.com\/de\/wp-content\/uploads\/sites\/9\/2014\/02\/superior-empresa.png&#8220; background_color=&#8220;#ffffff&#8220; alignment=&#8220;center&#8220; background_layout=&#8220;dark&#8220; \/][\/et_pb_fullwidth_slider][\/et_pb_section][et_pb_section][et_pb_row][et_pb_column type=&#8220;4_4&#8243;][et_pb_text admin_label=&#8220;Text&#8220; background_layout=&#8220;light&#8220; text_orientation=&#8220;left&#8220;]<\/p>\n<p style=\"text-align: justify\"><span style=\"font-size: 24pt\"><strong>Das Unternehmen<\/strong><\/span><\/p>\n<p style=\"text-align: justify\">Bcn Wedding Planners wurde von<strong> Marta Priu<\/strong> gegr\u00fcndet, einer renommierten <strong>Hochzeitsplanerin und -designerin<\/strong> und Gesch\u00e4ftsf\u00fchrerin der beiden Unternehmen Bcn Wedding Planners und Bcn Event Planners.<\/p>\n<p>Nach einem langen Werdegang in der Hochzeitsbranche, in der sie sich der Gestaltung und Organisation einer Vielzahl von Hochzeiten unterschiedlicher Art widmete, und dem daraus resultierenden umfangreichen Wissen des spanischen Marktes, entschied sich Marta Priu dazu, unter einer einzigen Marke, Philosophie und Verst\u00e4ndnis das komplette Team der Wedding Planners &amp; Designers zusammenzufassen, das heute Teil der Gruppe\u00a0<strong>Bcn Wedding Planners by Marta Priu<\/strong> ist.<\/p>\n<p>Jede unserer Hochzeitsplanerinnen und -designerinnen hat sich innerhalb ihres T\u00e4tigkeitsbereiches spezialisiert und arbeitet mit hochqualifizierten Unternehmen und Dienstleistern zusammen. Deshalb garantiert Bcn Wedding Planners f\u00fcr alle ausgerichteten Hochzeiten erstklassigen Service, Professionalit\u00e4t und Erfolg \u00fcberall in ganz Spanien und im Ausland.<\/p>\n<p>Viele Brautpaare haben zur Organisation ihrer Hochzeit bereits ihr Vertrauen in unsere Erfahrung und Professionalit\u00e4t gesetzt. Unter unseren Kunden finden sich u. a. auch renommierte und weltbekannte Spieler der NBA, des F.C. Barcelona, Pers\u00f6nlichkeiten der sozialen und politischen Gesellschaft sowie spanische und internationale Celebrities.<\/p>\n<p>Unser Ziel ist es, die Tr\u00e4ume der Paare wahr werden zu lassen und ihre Erwartungen zu \u00fcbertreffen, die ihr Vertrauen in Bcn Wedding Planners gesetzt haben, indem wir ihnen durch pers\u00f6nlich gestaltete und bis ins kleinste Detail ausgearbeitete Events, bei denen nichts dem Zufall \u00fcberlassen wird, ein einmaliges &#8222;Wow&#8220;-Erlebnis anbieten.<\/p>\n<p><strong>Unsere Unternehmenswerte sind:<\/strong><\/p>\n<p><strong>&#8211; Exklusivit\u00e4t:<\/strong> Wir organisieren einzigartige, elegante und unvergessliche Hochzeiten f\u00fcr anspruchsvolle Brautpaare.<\/p>\n<p style=\"text-align: justify\"><strong>&#8211; Erfahrung:<\/strong> Wir k\u00f6nnen auf ein Team von Hochzeitsplanern und -designern zur\u00fcckgreifen, die auf die Organisation sowohl nationaler als auch internationaler Hochzeiten spezialisiert sind. Und diese Erfahrung spiegelt sich in all dem wider, was wir tun.<br \/>\n<strong>&#8211; Personalisierung:<\/strong> Unsere Serviceleistungen sind ganz pers\u00f6nlich ausgerichtet; jedes Detail einer Hochzeit wird sorgf\u00e4ltig ausgew\u00e4hlt, um den Wesensz\u00fcgen des jeweiligen Brautpaares voll und ganz zu entsprechen.<br \/>\n<strong>&#8211; Professionalit\u00e4t:<\/strong> Wir arbeiten mit Redlichkeit, Hingabe und Qualit\u00e4t und versuchen dabei immer, ganz auf die Bed\u00fcrfnisse der Paare einzugehen, die ihr Vertrauen in uns setzen.<br \/>\n<strong>&#8211; Verpflichtung gegen\u00fcber dem Kunden:<\/strong> F\u00fcr uns gibt es nichts wichtigeres, als die Erwartungen unserer Kunden zu \u00fcbertreffen.<\/p>\n<p>Als Teil <strong>unserer Philosophie<\/strong> arbeiten wir mit renommierten Firmen der Hochzeitsbranche zusammen, die gemeinsam mit uns Leidenschaft, Verpflichtung, hohe Servicequalit\u00e4t, Kompetenz und Kundenservice teilen, was uns in die Lage versetzt, einzigartige und unvergessliche Hochzeiten anbieten zu k\u00f6nnen.<\/p>\n<p>[\/et_pb_text][\/et_pb_column][\/et_pb_row][\/et_pb_section]<\/p>\n","protected":false},"excerpt":{"rendered":"<p><div class=\"et_pb_section et_pb_section_0 et_section_regular\" >\n\t\t\t\t\n\t\t\t\t\n\t\t\t\t\n\t\t\t\t\n\t\t\t\t\n\t\t\t\t\n\t\t\t\t\n\t\t\t\t\n\t\t\t\t\n\t\t\t<\/div><div class=\"et_pb_row et_pb_row_0 et_pb_row_empty\">\n\t\t\t\t\n\t\t\t\t\n\t\t\t\t\n\t\t\t\t\n\t\t\t\t\n\t\t\t<\/div> Das Unternehmen Bcn Wedding Planners wurde von Marta Priu gegr\u00fcndet, einer renommierten Hochzeitsplanerin und -designerin und Gesch\u00e4ftsf\u00fchrerin der beiden Unternehmen Bcn Wedding Planners und Bcn Event Planners. Nach einem langen Werdegang in der Hochzeitsbranche, in der sie sich der Gestaltung und Organisation einer Vielzahl von Hochzeiten unterschiedlicher Art widmete, und dem daraus resultierenden umfangreichen [&hellip;]<\/p>\n","protected":false},"author":1,"featured_media":0,"parent":0,"menu_order":1,"comment_status":"open","ping_status":"open","template":"","meta":{"_et_pb_use_builder":"on","_et_pb_old_content":"<p style=\"text-align: justify;\"><strong>Bcn Wedding Planners<\/strong> nace de la mano de <strong>Marta Priu<\/strong>, prestigiosa <strong>Wedding Planner & Designer espa\u00f1ola<\/strong>, fundadora y directora de <strong>Bcn Wedding Planners<\/strong> y <strong><a href=\"http:\/\/www.bcneventplanners.com\">Bcn Event Planners<\/a><\/strong>.<\/p><p style=\"text-align: justify;\">Despu\u00e9s de una larga trayectoria en el sector nupcial, de dise\u00f1ar y organizar un gran n\u00famero de bodas de diferentes estilos y de adquirir un alto conocimiento del mercado nupcial espa\u00f1ol, Marta Priu decide agrupar, bajo una misma marca, filosof\u00eda y entendimiento del dise\u00f1o y la organizaci\u00f3n de las bodas, al conjunto de Wedding Planners & Designers que hoy en d\u00eda forman parte del grupo<strong> De Bcn Wedding Planners by Marta Priu<\/strong>.<\/p><p style=\"text-align: justify;\">Cada una de nuestras Wedding Planners & Designers est\u00e1 especializada en su propia zona de actuaci\u00f3n dentro del territorio espa\u00f1ol, donde trabaja con proveedores altamente cualificados. Es as\u00ed, como <strong>Bcn Wedding Planners<\/strong>\u00a0<strong>by Marta Priu<\/strong> garantiza un servicio <strong><em>Premium<\/em><\/strong>\u00a0en cualquier punto de la geograf\u00eda Nacional e Internacional.<\/p><p style=\"text-align: justify;\">Son muchos los novios que han confiado en nuestra experiencia y profesionalidad a la hora de organizar su boda. Entre nuestros clientes figuran jugadores de gran prestigio y reconocimiento Internacional de la NBA, del F.C. Barcelona, personalidades del mundo social, celebridades espa\u00f1olas y extranjeras, entre muchos otros clientes.<\/p><p style=\"text-align: justify;\">Nuestro objetivo es cumplir los sue\u00f1os y superar las expectativas de las parejas que han confiado en <strong>De Bcn Wedding Planners by Marta Priu<\/strong>, ofreci\u00e9ndoles el factor \u201cWow!\u201d a trav\u00e9s de bodas trabajadas de manera particular y personalizadas hasta el m\u00e1s m\u00ednimo detalle, sin dejar nada al azar.<\/p><p style=\"text-align: justify;\"><strong>Nuestros valores como grupo son:<\/strong><\/p><ul style=\"text-align: justify;\"><li><strong>Exclusividad:<\/strong> Organizamos bodas \u00fanicas, bodas exquisitas y bodas elegantes para novios exigentes.<\/li><li><strong>Experiencia:<\/strong>\u00a0M\u00e1s de una d\u00e9cada nos avala como dise\u00f1adores y organizadores de bodas. Transmitimos esa experiencia en todo lo que hacemos.<\/li><li><strong>Personalizaci\u00f3n:<\/strong> Nuestro servicio tiene un enfoque personal, cada detalle de las bodas que organizamos est\u00e1 pensado cuidadosamente para reflejar la esencia de los novios.<\/li><li><strong>Profesionalidad:<\/strong> Trabajamos con integridad, pasi\u00f3n y calidad, siempre concentr\u00e1ndonos en atender de la mejor manera las necesidades de las parejas que conf\u00edan en nosotros.<\/li><li><strong>Compromiso con el cliente:<\/strong> Para nosotros, nada es m\u00e1s importante que superar las expectativas de nuestros clientes.<\/li><\/ul><p style=\"text-align: justify;\">Como parte de <strong>nuestra filosof\u00eda<\/strong>, trabajamos al lado de las empresas m\u00e1s respetadas en el sector de las bodas, que comparten con nosotros la misma pasi\u00f3n, el compromiso, el alto nivel de servicio, la excelencia y la atenci\u00f3n al detalle, para juntos, lograr bodas inolvidables.<\/p><p style=\"text-align: justify;\">\u00a0<\/p>","_et_gb_content_width":""},"_links":{"self":[{"href":"https:\/\/www.bcnweddingplanners.com\/de\/wp-json\/wp\/v2\/pages\/24"}],"collection":[{"href":"https:\/\/www.bcnweddingplanners.com\/de\/wp-json\/wp\/v2\/pages"}],"about":[{"href":"https:\/\/www.bcnweddingplanners.com\/de\/wp-json\/wp\/v2\/types\/page"}],"author":[{"embeddable":true,"href":"https:\/\/www.bcnweddingplanners.com\/de\/wp-json\/wp\/v2\/users\/1"}],"replies":[{"embeddable":true,"href":"https:\/\/www.bcnweddingplanners.com\/de\/wp-json\/wp\/v2\/comments?post=24"}],"version-history":[{"count":30,"href":"https:\/\/www.bcnweddingplanners.com\/de\/wp-json\/wp\/v2\/pages\/24\/revisions"}],"predecessor-version":[{"id":3990,"href":"https:\/\/www.bcnweddingplanners.com\/de\/wp-json\/wp\/v2\/pages\/24\/revisions\/3990"}],"wp:attachment":[{"href":"https:\/\/www.bcnweddingplanners.com\/de\/wp-json\/wp\/v2\/media?parent=24"}],"curies":[{"name":"wp","href":"https:\/\/api.w.org\/{rel}","templated":true}]}}