{"id":2047,"date":"2014-06-04T11:00:20","date_gmt":"2014-06-04T11:00:20","guid":{"rendered":"http:\/\/www.bcnweddingplanners.com\/de\/?page_id=2047"},"modified":"2015-03-05T12:27:38","modified_gmt":"2015-03-05T11:27:38","slug":"oficinas-wedding-planners","status":"publish","type":"page","link":"https:\/\/www.bcnweddingplanners.com\/de\/oficinas-wedding-planners\/","title":{"rendered":"Gesch\u00e4ftsstellen"},"content":{"rendered":"<p>[et_pb_section fullwidth=&#8220;on&#8220; specialty=&#8220;off&#8220;][et_pb_fullwidth_slider admin_label=&#8220;Fullwidth Slider&#8220; show_arrows=&#8220;on&#8220; show_pagination=&#8220;on&#8220; auto=&#8220;on&#8220; parallax=&#8220;off&#8220; auto_speed=&#8220;5000&#8243; parallax_method=&#8220;off&#8220;][et_pb_slide background_image=&#8220;http:\/\/www.bcnweddingplanners.com\/de\/wp-content\/uploads\/sites\/9\/2014\/06\/1.jpg&#8220; background_color=&#8220;#ffffff&#8220; alignment=&#8220;center&#8220; background_layout=&#8220;dark&#8220; \/][et_pb_slide background_image=&#8220;http:\/\/www.bcnweddingplanners.com\/de\/wp-content\/uploads\/sites\/9\/2014\/06\/2.jpg&#8220; background_color=&#8220;#ffffff&#8220; alignment=&#8220;center&#8220; background_layout=&#8220;dark&#8220; \/][et_pb_slide background_image=&#8220;http:\/\/www.bcnweddingplanners.com\/de\/wp-content\/uploads\/sites\/9\/2014\/06\/3.jpg&#8220; background_color=&#8220;#ffffff&#8220; alignment=&#8220;center&#8220; background_layout=&#8220;dark&#8220; \/][\/et_pb_fullwidth_slider][\/et_pb_section][et_pb_section fullwidth=&#8220;off&#8220; specialty=&#8220;off&#8220;][et_pb_row][et_pb_column type=&#8220;4_4&#8243;][et_pb_text admin_label=&#8220;Text&#8220; background_layout=&#8220;light&#8220; text_orientation=&#8220;left&#8220;]<\/p>\n<p>In den Anf\u00e4ngen von Bcn Wedding Planners by Marta Priu spezialisierten wir uns auf die Organisation und das Design von Hochzeiten in Barcelona. Mit den Jahren halfen uns unsere Hochzeitspaare damit, unser geografisches Gebiet zu erweitern, indem sie uns neue Orte zum Heiraten zeigten.<\/p>\n<p>Es stellte sich heraus, dass Hochzeiten an der Costa Brava am gefragtesten waren und so beschlossen Barcelona Wedding Planners, an die Costa Brava zu expandieren, um somit den besten Service f\u00fcr die Paare zu bieten, die sich f\u00fcr ihre \u201eDestination Wedding\u201c diese Region ausgesucht hatten.<\/p>\n<p>Marta Priu f\u00fchlt sich besonders wohl auf den Balearen. Es ist einer der idyllischsten Orte und immer, wenn sich ihr die Gelegenheit auftat, besuchte Marta die Balearen (Mallorca, Ibiza, Menorca und Formentera) um den Hochzeitsmarkt vor Ort zu erkunden.<\/p>\n<p>Seit ein paar Jahren, wurden einige dieser \u201eDestination Weddings\u201c auf den Balearen organisiert. Aus diesem Grund, wie bereits erw\u00e4hnt, beschloss sich Marta Priu im Jahr 2014 dazu, eine Gesch\u00e4ftsstelle auf Ibiza zu er\u00f6ffnen.<\/p>\n<p>Anfangs designten und organisierten wir nur Hochzeiten in Barcelona, dann nahmen wir Hochzeiten an der Costa Brava mit in unser Programm und nun auch Hochzeiten auf den Balearen.<\/p>\n<p>Obwohl wir uns auf diese drei Regionen spezialisiert haben, organisierten und designten wir bei Barcelona Wedding Planners by Marta Priu auch schon Hochzeiten in anderen St\u00e4dten und an anderen Orten in Spanien.<\/p>\n<p>&nbsp;<\/p>\n<p>[\/et_pb_text][\/et_pb_column][\/et_pb_row][\/et_pb_section][et_pb_section fullwidth=&#8220;off&#8220; specialty=&#8220;off&#8220;][et_pb_row][et_pb_column type=&#8220;1_3&#8243;][et_pb_blurb admin_label=&#8220;Blurb&#8220; title=&#8220;Hochzeiten in Costa Brava&#8220; url=&#8220;http:\/\/www.bcnweddingplanners.com\/de\/costa-brava\/&#8220; url_new_window=&#8220;off&#8220; use_icon=&#8220;off&#8220; icon_color=&#8220;#e60a81&#8243; use_circle=&#8220;off&#8220; circle_color=&#8220;#e60a81&#8243; use_circle_border=&#8220;off&#8220; circle_border_color=&#8220;#e60a81&#8243; image=&#8220;http:\/\/www.bcnweddingplanners.com\/de\/wp-content\/uploads\/sites\/9\/2014\/02\/costa_brava.png&#8220; icon_placement=&#8220;top&#8220; animation=&#8220;off&#8220; background_layout=&#8220;light&#8220; text_orientation=&#8220;center&#8220;]<\/p>\n<p><a href=\"mailto:costabrava@bcnweddingplanners.com\"><strong>costabrava@bcnweddingplanners.com<\/strong><\/a><\/p>\n<p>[\/et_pb_blurb][\/et_pb_column][et_pb_column type=&#8220;1_3&#8243;][et_pb_blurb admin_label=&#8220;Blurb&#8220; title=&#8220;Hochzeiten in Barcelona&#8220; url=&#8220;http:\/\/www.bcnweddingplanners.com\/de\/barcelona\/&#8220; url_new_window=&#8220;off&#8220; use_icon=&#8220;off&#8220; icon_color=&#8220;#e60a81&#8243; use_circle=&#8220;off&#8220; circle_color=&#8220;#e60a81&#8243; use_circle_border=&#8220;off&#8220; circle_border_color=&#8220;#e60a81&#8243; image=&#8220;http:\/\/www.bcnweddingplanners.com\/de\/wp-content\/uploads\/sites\/9\/2014\/02\/barcelona1.png&#8220; icon_placement=&#8220;top&#8220; animation=&#8220;off&#8220; background_layout=&#8220;light&#8220; text_orientation=&#8220;center&#8220;]<\/p>\n<p><a href=\"mailto:barcelona@bcnweddingplanners.com\"><strong>barcelona@bcnweddingplanners.com<\/strong><\/a><\/p>\n<p>[\/et_pb_blurb][\/et_pb_column][et_pb_column type=&#8220;1_3&#8243;][et_pb_blurb admin_label=&#8220;Blurb&#8220; title=&#8220;Hochzeiten in Baleares&#8220; url=&#8220;http:\/\/www.bcnweddingplanners.com\/de\/die-balearen\/&#8220; url_new_window=&#8220;off&#8220; use_icon=&#8220;off&#8220; icon_color=&#8220;#e60a81&#8243; use_circle=&#8220;off&#8220; circle_color=&#8220;#e60a81&#8243; use_circle_border=&#8220;off&#8220; circle_border_color=&#8220;#e60a81&#8243; image=&#8220;http:\/\/www.bcnweddingplanners.com\/de\/wp-content\/uploads\/sites\/9\/2014\/06\/ibiza_wedding.png&#8220; icon_placement=&#8220;top&#8220; animation=&#8220;off&#8220; background_layout=&#8220;light&#8220; text_orientation=&#8220;center&#8220;]<a href=\"mailto:baleares@bcnweddingplanners.com\"><strong>baleares@bcnweddingplanners.com<\/strong><\/a>[\/et_pb_blurb][\/et_pb_column][\/et_pb_row][\/et_pb_section]<\/p>\n","protected":false},"excerpt":{"rendered":"<p><div class=\"et_pb_row et_pb_row_0 et_pb_row_empty\">\n\t\t\t\t\n\t\t\t\t\n\t\t\t\t\n\t\t\t\t\n\t\t\t\t\n\t\t\t<\/div> In den Anf\u00e4ngen von Bcn Wedding Planners by Marta Priu spezialisierten wir uns auf die Organisation und das Design von Hochzeiten in Barcelona. Mit den Jahren halfen uns unsere Hochzeitspaare damit, unser geografisches Gebiet zu erweitern, indem sie uns neue Orte zum Heiraten zeigten. Es stellte sich heraus, dass Hochzeiten an der Costa Brava [&hellip;]<\/p>\n","protected":false},"author":1,"featured_media":0,"parent":0,"menu_order":0,"comment_status":"open","ping_status":"open","template":"","meta":{"_et_pb_use_builder":"on","_et_pb_old_content":"","_et_gb_content_width":""},"_links":{"self":[{"href":"https:\/\/www.bcnweddingplanners.com\/de\/wp-json\/wp\/v2\/pages\/2047"}],"collection":[{"href":"https:\/\/www.bcnweddingplanners.com\/de\/wp-json\/wp\/v2\/pages"}],"about":[{"href":"https:\/\/www.bcnweddingplanners.com\/de\/wp-json\/wp\/v2\/types\/page"}],"author":[{"embeddable":true,"href":"https:\/\/www.bcnweddingplanners.com\/de\/wp-json\/wp\/v2\/users\/1"}],"replies":[{"embeddable":true,"href":"https:\/\/www.bcnweddingplanners.com\/de\/wp-json\/wp\/v2\/comments?post=2047"}],"version-history":[{"count":27,"href":"https:\/\/www.bcnweddingplanners.com\/de\/wp-json\/wp\/v2\/pages\/2047\/revisions"}],"predecessor-version":[{"id":4038,"href":"https:\/\/www.bcnweddingplanners.com\/de\/wp-json\/wp\/v2\/pages\/2047\/revisions\/4038"}],"wp:attachment":[{"href":"https:\/\/www.bcnweddingplanners.com\/de\/wp-json\/wp\/v2\/media?parent=2047"}],"curies":[{"name":"wp","href":"https:\/\/api.w.org\/{rel}","templated":true}]}}