{"id":92,"date":"2014-02-20T14:41:44","date_gmt":"2014-02-20T14:41:44","guid":{"rendered":"http:\/\/www.bcnweddingplanners.com\/cat\/?page_id=92"},"modified":"2018-09-21T19:20:54","modified_gmt":"2018-09-21T17:20:54","slug":"presencial","status":"publish","type":"page","link":"https:\/\/www.bcnweddingplanners.com\/cat\/presencial\/","title":{"rendered":"Presencial"},"content":{"rendered":"<p>[et_pb_section fb_built=&#8221;1&#8243; fullwidth=&#8221;on&#8221; admin_label=&#8221;section&#8221; _builder_version=&#8221;3.0.47&#8243;][et_pb_fullwidth_slider admin_label=&#8221;Fullwidth Slider&#8221; _builder_version=&#8221;3.0.99&#8243; box_shadow_style=&#8221;preset6&#8243; box_shadow_blur=&#8221;10px&#8221; box_shadow_color=&#8221;rgba(0,0,0,0.1)&#8221; custom_padding=&#8221;|||&#8221; custom_padding_tablet=&#8221;|||&#8221; custom_padding_phone=&#8221;|||&#8221; auto=&#8221;on&#8221; auto_speed=&#8221;3000&#8243; show_inner_shadow=&#8221;on&#8221;][et_pb_slide _builder_version=&#8221;3.0.47&#8243; background_color=&#8221;#ffffff&#8221; background_image=&#8221;http:\/\/www.bcnweddingplanners.com\/cat\/wp-content\/uploads\/sites\/5\/2014\/02\/cursos_wedding_planners_01.png&#8221;][\/et_pb_slide][et_pb_slide _builder_version=&#8221;3.0.47&#8243; background_color=&#8221;#ffffff&#8221; background_image=&#8221;http:\/\/www.bcnweddingplanners.com\/cat\/wp-content\/uploads\/sites\/5\/2014\/02\/cursos_wedding_planners_02.png&#8221;][\/et_pb_slide][\/et_pb_fullwidth_slider][\/et_pb_section][et_pb_section fb_built=&#8221;1&#8243; admin_label=&#8221;section&#8221; _builder_version=&#8221;3.0.47&#8243;][et_pb_row admin_label=&#8221;row&#8221; _builder_version=&#8221;3.0.48&#8243; background_size=&#8221;initial&#8221; background_position=&#8221;top_left&#8221; background_repeat=&#8221;repeat&#8221;][et_pb_column type=&#8221;4_4&#8243; _builder_version=&#8221;3.0.47&#8243; parallax=&#8221;off&#8221; parallax_method=&#8221;on&#8221;][et_pb_text admin_label=&#8221;Text&#8221; _builder_version=&#8221;3.0.74&#8243; background_size=&#8221;initial&#8221; background_position=&#8221;top_left&#8221; background_repeat=&#8221;repeat&#8221;]<\/p>\n<p style=\"text-align: justify;\"><span style=\"font-size: 18pt;\"><strong>Cursos Presencials<\/strong><\/span><\/p>\n<p style=\"text-align: justify;\">La nostra experi\u00e8ncia \u00e9s transmesa a trav\u00e9s dels cursos de <strong>Wedding Planner<\/strong> impartits per la <strong>Marta Priu<\/strong>, on els alumnes adquireixen els coneixements necessaris per a entendre la figura del <strong>Wedding Planner &amp; Designer professional.<\/strong><\/p>\n<p style=\"text-align: justify;\">A les classes es contextualitza i s&#8217;introdueix a l&#8217;alumne en el sector nupcial Espanyol i Internacional, a les noves tend\u00e8ncies i en els G<em>ur\u00fas<\/em>\u00a0existents d&#8217;aquesta professi\u00f3 f\u00f3ra de les nostres fronteres. A m\u00e9s, s&#8217;explica en detall com dissenyar, organitzar i produir un casament.<\/p>\n<p style=\"text-align: justify;\"><span style=\"text-decoration: underline;\">Algunes de les preguntes que es resolen en els cursos de <strong>Wedding Planner<\/strong> s\u00f3n:<\/span><\/p>\n<p style=\"text-align: justify;\">Com desenvolupar un pressupost? Com dissenyar el casament? Quins passos s&#8217;han de seguir a l&#8217;hora d&#8217;organitzar un casament? Com enfocar cada fase durant l&#8217;organitzaci\u00f3? Quina relaci\u00f3 establir amb els prove\u00efdors? Qu\u00e8 s&#8217;ha de tenir en compte? Com organitzar-se? Qu\u00e8 fer si &#8230;?<\/p>\n<p style=\"text-align: justify;\">A trav\u00e9s d&#8217;exemples i casos pr\u00e0ctics reals, des d&#8217;una boda m\u00e9s senzilla a un casament molt m\u00e9s complex, s&#8217;aprendr\u00e0 i s&#8217;apreciar\u00e0 les dificultats per les\u00a0quals una <strong>wedding planner<\/strong> ha de fer front aix\u00ed com, les dificultats que comporta dissenyar i organitzar un casament.<\/p>\n<p style=\"text-align: justify;\">En els nostres cursos s&#8217;apr\u00e8n el que\u00a0<strong>Bcn Wedding Planners<\/strong> ha apr\u00e8s al llarg de molts anys de treball i d&#8217;experi\u00e8ncia.<\/p>\n<p style=\"text-align: justify;\">Contacti amb nosaltres per obtenir m\u00e9s detall sobre el temari, programaci\u00f3 i preus dels cursos de <strong>Wedding Planner<\/strong>.<\/p>\n<p style=\"text-align: justify;\"><strong><a href=\"mailto:cursos@bcnweddingplanners.com\">cursos@bcnweddingplanners.com<\/a><\/strong><\/p>\n<p>[\/et_pb_text][et_pb_code admin_label=&#8221;Code&#8221; _builder_version=&#8221;3.0.47&#8243;]&lt;iframe width=&quot;560&quot; height=&quot;315&quot; src=&quot;https:\/\/www.youtube.com\/embed\/bELBwXXsA-Q&quot; frameborder=&quot;0&quot; gesture=&quot;media&quot; allowfullscreen&gt;&lt;\/iframe&gt;[\/et_pb_code][\/et_pb_column][\/et_pb_row][\/et_pb_section]<\/p>\n","protected":false},"excerpt":{"rendered":"<p>Cursos Presencials La nostra experi\u00e8ncia \u00e9s transmesa a trav\u00e9s dels cursos de Wedding Planner impartits per la Marta Priu, on els alumnes adquireixen els coneixements necessaris per a entendre la figura del Wedding Planner &amp; Designer professional. A les classes es contextualitza i s&#8217;introdueix a l&#8217;alumne en el sector nupcial Espanyol i Internacional, a les [&hellip;]<\/p>\n","protected":false},"author":1,"featured_media":0,"parent":0,"menu_order":2,"comment_status":"open","ping_status":"open","template":"","meta":{"_et_pb_use_builder":"on","_et_pb_old_content":"<p style=\"text-align: justify;\">Nuestra experiencia tambi\u00e9n es transmitida a trav\u00e9s de<strong> los cursos de Wedding Planner impartidos por Marta Priu<\/strong>, nuestra Wedding Expert, donde los participantes adquieren los conocimientos necesarios para entender la figura del Wedding Planner & Designer profesional.<\/p><p>En tres d\u00edas de formaci\u00f3n, se contextualiza al participante en el sector nupcial espa\u00f1ol e internacional, en las nuevas tendencias y en los gur\u00fas de esta profesi\u00f3n fuera de nuestras fronteras. Adem\u00e1s, se explica al detalle c\u00f3mo organizar y producir una boda.<\/p><p>Algunas de las preguntas que resolveremos en los cursos de Wedding Planner son:<\/p><p style=\"text-align: justify;\">\u00bfC\u00f3mo captar a los clientes? \u00bfC\u00f3mo desarrollar un presupuesto? \u00bfC\u00f3mo dise\u00f1ar la boda? \u00bfQu\u00e9 pasos se deben seguir a la hora de organizar una boda? \u00bfC\u00f3mo enfocar cada fase en la organizaci\u00f3n? \u00bfQu\u00e9 relaci\u00f3n establecer con los proveedores? \u00bfQu\u00e9 se debe tener en cuenta? \u00bfC\u00f3mo organizarse? \u00bfQu\u00e9 hacer si...?<\/p><p style=\"text-align: justify;\"><strong>A trav\u00e9s de ejemplos y casos pr\u00e1cticos reales<\/strong>, desde una boda muy sencilla a una boda mucho m\u00e1s compleja se ver\u00e1n las dificultades a las que nos hemos enfrentado y las dificultades que conlleva dise\u00f1ar y organizar una boda.<\/p><p style=\"text-align: justify;\">En nuestros cursos aprender\u00e1s, en un fin de semana intensivo, lo que en <strong>Spain Wedding Planners<\/strong> hemos aprendido a lo largo de muchos a\u00f1os de trabajo y experiencia.<\/p><p style=\"text-align: justify;\">Contacta con nosotros para obtener mayor detalle sobre el temario, programaci\u00f3n y precios de los <strong>cursos de Wedding Planner.<\/strong><\/p><p style=\"text-align: justify;\">\u00a0<\/p>","_et_gb_content_width":""},"_links":{"self":[{"href":"https:\/\/www.bcnweddingplanners.com\/cat\/wp-json\/wp\/v2\/pages\/92"}],"collection":[{"href":"https:\/\/www.bcnweddingplanners.com\/cat\/wp-json\/wp\/v2\/pages"}],"about":[{"href":"https:\/\/www.bcnweddingplanners.com\/cat\/wp-json\/wp\/v2\/types\/page"}],"author":[{"embeddable":true,"href":"https:\/\/www.bcnweddingplanners.com\/cat\/wp-json\/wp\/v2\/users\/1"}],"replies":[{"embeddable":true,"href":"https:\/\/www.bcnweddingplanners.com\/cat\/wp-json\/wp\/v2\/comments?post=92"}],"version-history":[{"count":27,"href":"https:\/\/www.bcnweddingplanners.com\/cat\/wp-json\/wp\/v2\/pages\/92\/revisions"}],"predecessor-version":[{"id":4130,"href":"https:\/\/www.bcnweddingplanners.com\/cat\/wp-json\/wp\/v2\/pages\/92\/revisions\/4130"}],"wp:attachment":[{"href":"https:\/\/www.bcnweddingplanners.com\/cat\/wp-json\/wp\/v2\/media?parent=92"}],"curies":[{"name":"wp","href":"https:\/\/api.w.org\/{rel}","templated":true}]}}