{"id":55,"date":"2014-02-20T14:29:17","date_gmt":"2014-02-20T14:29:17","guid":{"rendered":"http:\/\/www.bcnweddingplanners.com\/cat\/?page_id=55"},"modified":"2014-11-24T17:38:15","modified_gmt":"2014-11-24T16:38:15","slug":"wedding-coaching-%c2%ad%e2%80%90-consultoria","status":"publish","type":"page","link":"https:\/\/www.bcnweddingplanners.com\/cat\/wedding-coaching-%c2%ad%e2%80%90-consultoria\/","title":{"rendered":"Wedding Coaching \u2010 Consultor\u00eda"},"content":{"rendered":"<p>[et_pb_section][et_pb_row][et_pb_column type=&#8221;4_4&#8243;][et_pb_text admin_label=&#8221;Text&#8221; background_layout=&#8221;light&#8221; text_orientation=&#8221;left&#8221;]<\/p>\n<p style=\"text-align: justify;\"><span style=\"font-size: 24pt;\"><strong>Wedding Coaching \u2010 Consultor\u00eda<img decoding=\"async\" loading=\"lazy\" class=\"alignright wp-image-3665\" style=\"margin-left: 5px; margin-top: 50px; margin-bottom: 50px;\" src=\"http:\/\/www.bcnweddingplanners.com\/cat\/wp-content\/uploads\/sites\/5\/2014\/02\/Weeding_coaching_marta_priu.png\" alt=\"Weeding_coaching_marta_priu\" width=\"286\" height=\"269\" \/><\/strong><\/span><\/p>\n<p>&nbsp;<\/p>\n<p>Aquest \u00e9s un <strong>servei de consultes de casament amb la Marta Priu<\/strong>. Va dirigit a aquelles parelles que no estan buscant un servei de disseny i organitzaci\u00f3 del casament complet sin\u00f3 que busquen l&#8217;assessoria ja sigui des d&#8217;una perspectiva general o en un, o diversos temes en concret.<\/p>\n<p>Aquesta <strong>consultoria o Wedding Planner Coaching<\/strong> t\u00e9 com a finalitat <strong>assessorar i guiar a les parelles en l&#8217;organitzaci\u00f3 del seu casament<\/strong> en q\u00fcestions de viabilitat, de decoraci\u00f3, de pressupost, de necessitats o de coordinaci\u00f3 en general.<\/p>\n<p>\u00c9s un servei tant per a aquelles parelles que no tenen contractat res com, per a les que ja han planificat el seu casament per\u00f2 els agradaria comptar amb l&#8217;opini\u00f3 d&#8217;una professional.<\/p>\n<p>&nbsp;<\/p>\n<p>&nbsp;<\/p>\n<p>&nbsp;<\/p>\n<p>[\/et_pb_text][\/et_pb_column][\/et_pb_row][\/et_pb_section]<\/p>\n","protected":false},"excerpt":{"rendered":"<p><div class=\"et_pb_section et_pb_section_0 et_section_regular\" >\n\t\t\t\t\n\t\t\t\t\n\t\t\t\t\n\t\t\t\t\n\t\t\t\t\n\t\t\t\t\n\t\t\t\t\n\t\t\t\t\n\t\t\t\t\n\t\t\t<\/div><div class=\"et_pb_row et_pb_row_0 et_pb_row_empty\">\n\t\t\t\t\n\t\t\t\t\n\t\t\t\t\n\t\t\t\t\n\t\t\t\t\n\t\t\t<\/div> Wedding Coaching \u2010 Consultor\u00eda &nbsp; Aquest \u00e9s un servei de consultes de casament amb la Marta Priu. Va dirigit a aquelles parelles que no estan buscant un servei de disseny i organitzaci\u00f3 del casament complet sin\u00f3 que busquen l&#8217;assessoria ja sigui des d&#8217;una perspectiva general o en un, o diversos temes en concret. Aquesta [&hellip;]<\/p>\n","protected":false},"author":1,"featured_media":0,"parent":0,"menu_order":4,"comment_status":"open","ping_status":"open","template":"","meta":{"_et_pb_use_builder":"on","_et_pb_old_content":"<p style=\"text-align: justify;\">Este es un <strong>servicio de consultas de boda, un \u201cuno-a-uno\u201d con Marta Priu<\/strong>. Va dirigido a aquellas parejas que no est\u00e1n buscando un servicio de dise\u00f1o y organizaci\u00f3n de la boda completa sino que buscan la asesor\u00eda ya sea desde una perspectiva general o, en uno o varios temas en concreto.<\/p><p>Esta <strong>consultor\u00eda o Wedding Planner Coaching<\/strong> tiene como fin <strong>asesorar y guiar a las parejas en la organizaci\u00f3n de su boda<\/strong> en cuestiones como de decoraci\u00f3n, de viabilidad, de presupuesto, de necesidades o de coordinaci\u00f3n general. Es un servicio tanto para aquellas parejas que no tienen nada, como a las que ya han planificado su boda, pero que les gustar\u00eda contar con la opini\u00f3n de un profesional.<\/p>","_et_gb_content_width":""},"_links":{"self":[{"href":"https:\/\/www.bcnweddingplanners.com\/cat\/wp-json\/wp\/v2\/pages\/55"}],"collection":[{"href":"https:\/\/www.bcnweddingplanners.com\/cat\/wp-json\/wp\/v2\/pages"}],"about":[{"href":"https:\/\/www.bcnweddingplanners.com\/cat\/wp-json\/wp\/v2\/types\/page"}],"author":[{"embeddable":true,"href":"https:\/\/www.bcnweddingplanners.com\/cat\/wp-json\/wp\/v2\/users\/1"}],"replies":[{"embeddable":true,"href":"https:\/\/www.bcnweddingplanners.com\/cat\/wp-json\/wp\/v2\/comments?post=55"}],"version-history":[{"count":30,"href":"https:\/\/www.bcnweddingplanners.com\/cat\/wp-json\/wp\/v2\/pages\/55\/revisions"}],"predecessor-version":[{"id":3889,"href":"https:\/\/www.bcnweddingplanners.com\/cat\/wp-json\/wp\/v2\/pages\/55\/revisions\/3889"}],"wp:attachment":[{"href":"https:\/\/www.bcnweddingplanners.com\/cat\/wp-json\/wp\/v2\/media?parent=55"}],"curies":[{"name":"wp","href":"https:\/\/api.w.org\/{rel}","templated":true}]}}