{"id":43,"date":"2014-02-20T14:26:12","date_gmt":"2014-02-20T14:26:12","guid":{"rendered":"http:\/\/www.bcnweddingplanners.com\/cat\/?page_id=43"},"modified":"2020-04-08T14:18:17","modified_gmt":"2020-04-08T12:18:17","slug":"luxury-weddings","status":"publish","type":"page","link":"https:\/\/www.bcnweddingplanners.com\/cat\/luxury-weddings\/","title":{"rendered":"Luxury Weddings"},"content":{"rendered":"<p>[et_pb_section fb_built=&#8221;1&#8243; fullwidth=&#8221;on&#8221; admin_label=&#8221;section&#8221; _builder_version=&#8221;3.22&#8243; background_color=&#8221;#ffffff&#8221; parallax=&#8221;on&#8221; parallax_method=&#8221;jquery&#8221;][et_pb_fullwidth_slider admin_label=&#8221;Fullwidth Slider&#8221; _builder_version=&#8221;3.16&#8243; custom_padding=&#8221;55px|||||&#8221; custom_padding_tablet=&#8221;|||&#8221; custom_padding_phone=&#8221;|||&#8221; auto=&#8221;on&#8221; auto_speed=&#8221;5000&#8243; box_shadow_style=&#8221;preset6&#8243; box_shadow_blur=&#8221;10px&#8221; box_shadow_color=&#8221;rgba(0,0,0,0.1)&#8221; show_inner_shadow=&#8221;on&#8221; button_text_size__hover_enabled=&#8221;off&#8221; button_one_text_size__hover_enabled=&#8221;off&#8221; button_two_text_size__hover_enabled=&#8221;off&#8221; button_text_color__hover_enabled=&#8221;off&#8221; button_one_text_color__hover_enabled=&#8221;off&#8221; button_two_text_color__hover_enabled=&#8221;off&#8221; button_border_width__hover_enabled=&#8221;off&#8221; button_one_border_width__hover_enabled=&#8221;off&#8221; button_two_border_width__hover_enabled=&#8221;off&#8221; button_border_color__hover_enabled=&#8221;off&#8221; button_one_border_color__hover_enabled=&#8221;off&#8221; button_two_border_color__hover_enabled=&#8221;off&#8221; button_border_radius__hover_enabled=&#8221;off&#8221; button_one_border_radius__hover_enabled=&#8221;off&#8221; button_two_border_radius__hover_enabled=&#8221;off&#8221; button_letter_spacing__hover_enabled=&#8221;off&#8221; button_one_letter_spacing__hover_enabled=&#8221;off&#8221; button_two_letter_spacing__hover_enabled=&#8221;off&#8221; button_bg_color__hover_enabled=&#8221;off&#8221; button_one_bg_color__hover_enabled=&#8221;off&#8221; button_two_bg_color__hover_enabled=&#8221;off&#8221; min_height=&#8221;344px&#8221;][et_pb_slide _builder_version=&#8221;3.16&#8243; background_color=&#8221;#ffffff&#8221; background_image=&#8221;http:\/\/www.bcnweddingplanners.com\/cat\/wp-content\/uploads\/sites\/5\/2014\/02\/1.png&#8221; button_text_size__hover_enabled=&#8221;off&#8221; button_one_text_size__hover_enabled=&#8221;off&#8221; button_two_text_size__hover_enabled=&#8221;off&#8221; button_text_color__hover_enabled=&#8221;off&#8221; button_one_text_color__hover_enabled=&#8221;off&#8221; button_two_text_color__hover_enabled=&#8221;off&#8221; button_border_width__hover_enabled=&#8221;off&#8221; button_one_border_width__hover_enabled=&#8221;off&#8221; button_two_border_width__hover_enabled=&#8221;off&#8221; button_border_color__hover_enabled=&#8221;off&#8221; button_one_border_color__hover_enabled=&#8221;off&#8221; button_two_border_color__hover_enabled=&#8221;off&#8221; button_border_radius__hover_enabled=&#8221;off&#8221; button_one_border_radius__hover_enabled=&#8221;off&#8221; button_two_border_radius__hover_enabled=&#8221;off&#8221; button_letter_spacing__hover_enabled=&#8221;off&#8221; button_one_letter_spacing__hover_enabled=&#8221;off&#8221; button_two_letter_spacing__hover_enabled=&#8221;off&#8221; button_bg_color__hover_enabled=&#8221;off&#8221; button_one_bg_color__hover_enabled=&#8221;off&#8221; button_two_bg_color__hover_enabled=&#8221;off&#8221;][\/et_pb_slide][et_pb_slide _builder_version=&#8221;3.16&#8243; background_color=&#8221;#ffffff&#8221; background_image=&#8221;http:\/\/www.bcnweddingplanners.com\/cat\/wp-content\/uploads\/sites\/5\/2014\/02\/2.png&#8221; button_text_size__hover_enabled=&#8221;off&#8221; button_one_text_size__hover_enabled=&#8221;off&#8221; button_two_text_size__hover_enabled=&#8221;off&#8221; button_text_color__hover_enabled=&#8221;off&#8221; button_one_text_color__hover_enabled=&#8221;off&#8221; button_two_text_color__hover_enabled=&#8221;off&#8221; button_border_width__hover_enabled=&#8221;off&#8221; button_one_border_width__hover_enabled=&#8221;off&#8221; button_two_border_width__hover_enabled=&#8221;off&#8221; button_border_color__hover_enabled=&#8221;off&#8221; button_one_border_color__hover_enabled=&#8221;off&#8221; button_two_border_color__hover_enabled=&#8221;off&#8221; button_border_radius__hover_enabled=&#8221;off&#8221; button_one_border_radius__hover_enabled=&#8221;off&#8221; button_two_border_radius__hover_enabled=&#8221;off&#8221; button_letter_spacing__hover_enabled=&#8221;off&#8221; button_one_letter_spacing__hover_enabled=&#8221;off&#8221; button_two_letter_spacing__hover_enabled=&#8221;off&#8221; button_bg_color__hover_enabled=&#8221;off&#8221; button_one_bg_color__hover_enabled=&#8221;off&#8221; button_two_bg_color__hover_enabled=&#8221;off&#8221;][\/et_pb_slide][et_pb_slide _builder_version=&#8221;3.16&#8243; background_color=&#8221;#ffffff&#8221; background_image=&#8221;http:\/\/www.bcnweddingplanners.com\/cat\/wp-content\/uploads\/sites\/5\/2014\/02\/3.png&#8221; button_text_size__hover_enabled=&#8221;off&#8221; button_one_text_size__hover_enabled=&#8221;off&#8221; button_two_text_size__hover_enabled=&#8221;off&#8221; button_text_color__hover_enabled=&#8221;off&#8221; button_one_text_color__hover_enabled=&#8221;off&#8221; button_two_text_color__hover_enabled=&#8221;off&#8221; button_border_width__hover_enabled=&#8221;off&#8221; button_one_border_width__hover_enabled=&#8221;off&#8221; button_two_border_width__hover_enabled=&#8221;off&#8221; button_border_color__hover_enabled=&#8221;off&#8221; button_one_border_color__hover_enabled=&#8221;off&#8221; button_two_border_color__hover_enabled=&#8221;off&#8221; button_border_radius__hover_enabled=&#8221;off&#8221; button_one_border_radius__hover_enabled=&#8221;off&#8221; button_two_border_radius__hover_enabled=&#8221;off&#8221; button_letter_spacing__hover_enabled=&#8221;off&#8221; button_one_letter_spacing__hover_enabled=&#8221;off&#8221; button_two_letter_spacing__hover_enabled=&#8221;off&#8221; button_bg_color__hover_enabled=&#8221;off&#8221; button_one_bg_color__hover_enabled=&#8221;off&#8221; button_two_bg_color__hover_enabled=&#8221;off&#8221;][\/et_pb_slide][et_pb_slide _builder_version=&#8221;3.16&#8243; background_color=&#8221;#ffffff&#8221; background_image=&#8221;http:\/\/www.bcnweddingplanners.com\/cat\/wp-content\/uploads\/sites\/5\/2014\/02\/4.png&#8221; button_text_size__hover_enabled=&#8221;off&#8221; button_one_text_size__hover_enabled=&#8221;off&#8221; button_two_text_size__hover_enabled=&#8221;off&#8221; button_text_color__hover_enabled=&#8221;off&#8221; button_one_text_color__hover_enabled=&#8221;off&#8221; button_two_text_color__hover_enabled=&#8221;off&#8221; button_border_width__hover_enabled=&#8221;off&#8221; button_one_border_width__hover_enabled=&#8221;off&#8221; button_two_border_width__hover_enabled=&#8221;off&#8221; button_border_color__hover_enabled=&#8221;off&#8221; button_one_border_color__hover_enabled=&#8221;off&#8221; button_two_border_color__hover_enabled=&#8221;off&#8221; button_border_radius__hover_enabled=&#8221;off&#8221; button_one_border_radius__hover_enabled=&#8221;off&#8221; button_two_border_radius__hover_enabled=&#8221;off&#8221; button_letter_spacing__hover_enabled=&#8221;off&#8221; button_one_letter_spacing__hover_enabled=&#8221;off&#8221; button_two_letter_spacing__hover_enabled=&#8221;off&#8221; button_bg_color__hover_enabled=&#8221;off&#8221; button_one_bg_color__hover_enabled=&#8221;off&#8221; button_two_bg_color__hover_enabled=&#8221;off&#8221;][\/et_pb_slide][et_pb_slide _builder_version=&#8221;3.16&#8243; background_color=&#8221;#ffffff&#8221; background_image=&#8221;http:\/\/www.bcnweddingplanners.com\/cat\/wp-content\/uploads\/sites\/5\/2014\/02\/5.png&#8221; button_text_size__hover_enabled=&#8221;off&#8221; button_one_text_size__hover_enabled=&#8221;off&#8221; button_two_text_size__hover_enabled=&#8221;off&#8221; button_text_color__hover_enabled=&#8221;off&#8221; button_one_text_color__hover_enabled=&#8221;off&#8221; button_two_text_color__hover_enabled=&#8221;off&#8221; button_border_width__hover_enabled=&#8221;off&#8221; button_one_border_width__hover_enabled=&#8221;off&#8221; button_two_border_width__hover_enabled=&#8221;off&#8221; button_border_color__hover_enabled=&#8221;off&#8221; button_one_border_color__hover_enabled=&#8221;off&#8221; button_two_border_color__hover_enabled=&#8221;off&#8221; button_border_radius__hover_enabled=&#8221;off&#8221; button_one_border_radius__hover_enabled=&#8221;off&#8221; button_two_border_radius__hover_enabled=&#8221;off&#8221; button_letter_spacing__hover_enabled=&#8221;off&#8221; button_one_letter_spacing__hover_enabled=&#8221;off&#8221; button_two_letter_spacing__hover_enabled=&#8221;off&#8221; button_bg_color__hover_enabled=&#8221;off&#8221; button_one_bg_color__hover_enabled=&#8221;off&#8221; button_two_bg_color__hover_enabled=&#8221;off&#8221;][\/et_pb_slide][et_pb_slide _builder_version=&#8221;3.16&#8243; background_color=&#8221;#ffffff&#8221; background_image=&#8221;http:\/\/www.bcnweddingplanners.com\/cat\/wp-content\/uploads\/sites\/5\/2014\/02\/6.png&#8221; button_text_size__hover_enabled=&#8221;off&#8221; button_one_text_size__hover_enabled=&#8221;off&#8221; button_two_text_size__hover_enabled=&#8221;off&#8221; button_text_color__hover_enabled=&#8221;off&#8221; button_one_text_color__hover_enabled=&#8221;off&#8221; button_two_text_color__hover_enabled=&#8221;off&#8221; button_border_width__hover_enabled=&#8221;off&#8221; button_one_border_width__hover_enabled=&#8221;off&#8221; button_two_border_width__hover_enabled=&#8221;off&#8221; button_border_color__hover_enabled=&#8221;off&#8221; button_one_border_color__hover_enabled=&#8221;off&#8221; button_two_border_color__hover_enabled=&#8221;off&#8221; button_border_radius__hover_enabled=&#8221;off&#8221; button_one_border_radius__hover_enabled=&#8221;off&#8221; button_two_border_radius__hover_enabled=&#8221;off&#8221; button_letter_spacing__hover_enabled=&#8221;off&#8221; button_one_letter_spacing__hover_enabled=&#8221;off&#8221; button_two_letter_spacing__hover_enabled=&#8221;off&#8221; button_bg_color__hover_enabled=&#8221;off&#8221; button_one_bg_color__hover_enabled=&#8221;off&#8221; button_two_bg_color__hover_enabled=&#8221;off&#8221;][\/et_pb_slide][et_pb_slide _builder_version=&#8221;3.16&#8243; background_color=&#8221;#ffffff&#8221; background_image=&#8221;http:\/\/www.bcnweddingplanners.com\/cat\/wp-content\/uploads\/sites\/5\/2014\/02\/7.png&#8221; button_text_size__hover_enabled=&#8221;off&#8221; button_one_text_size__hover_enabled=&#8221;off&#8221; button_two_text_size__hover_enabled=&#8221;off&#8221; button_text_color__hover_enabled=&#8221;off&#8221; button_one_text_color__hover_enabled=&#8221;off&#8221; button_two_text_color__hover_enabled=&#8221;off&#8221; button_border_width__hover_enabled=&#8221;off&#8221; button_one_border_width__hover_enabled=&#8221;off&#8221; button_two_border_width__hover_enabled=&#8221;off&#8221; button_border_color__hover_enabled=&#8221;off&#8221; button_one_border_color__hover_enabled=&#8221;off&#8221; button_two_border_color__hover_enabled=&#8221;off&#8221; button_border_radius__hover_enabled=&#8221;off&#8221; button_one_border_radius__hover_enabled=&#8221;off&#8221; button_two_border_radius__hover_enabled=&#8221;off&#8221; button_letter_spacing__hover_enabled=&#8221;off&#8221; button_one_letter_spacing__hover_enabled=&#8221;off&#8221; button_two_letter_spacing__hover_enabled=&#8221;off&#8221; button_bg_color__hover_enabled=&#8221;off&#8221; button_one_bg_color__hover_enabled=&#8221;off&#8221; button_two_bg_color__hover_enabled=&#8221;off&#8221;][\/et_pb_slide][et_pb_slide _builder_version=&#8221;3.16&#8243; background_color=&#8221;#ffffff&#8221; background_image=&#8221;http:\/\/www.bcnweddingplanners.com\/cat\/wp-content\/uploads\/sites\/5\/2014\/02\/8.png&#8221; button_text_size__hover_enabled=&#8221;off&#8221; button_one_text_size__hover_enabled=&#8221;off&#8221; button_two_text_size__hover_enabled=&#8221;off&#8221; button_text_color__hover_enabled=&#8221;off&#8221; button_one_text_color__hover_enabled=&#8221;off&#8221; button_two_text_color__hover_enabled=&#8221;off&#8221; button_border_width__hover_enabled=&#8221;off&#8221; button_one_border_width__hover_enabled=&#8221;off&#8221; button_two_border_width__hover_enabled=&#8221;off&#8221; button_border_color__hover_enabled=&#8221;off&#8221; button_one_border_color__hover_enabled=&#8221;off&#8221; button_two_border_color__hover_enabled=&#8221;off&#8221; button_border_radius__hover_enabled=&#8221;off&#8221; button_one_border_radius__hover_enabled=&#8221;off&#8221; button_two_border_radius__hover_enabled=&#8221;off&#8221; button_letter_spacing__hover_enabled=&#8221;off&#8221; button_one_letter_spacing__hover_enabled=&#8221;off&#8221; button_two_letter_spacing__hover_enabled=&#8221;off&#8221; button_bg_color__hover_enabled=&#8221;off&#8221; button_one_bg_color__hover_enabled=&#8221;off&#8221; button_two_bg_color__hover_enabled=&#8221;off&#8221;][\/et_pb_slide][et_pb_slide _builder_version=&#8221;3.16&#8243; background_color=&#8221;#ffffff&#8221; background_image=&#8221;http:\/\/www.bcnweddingplanners.com\/cat\/wp-content\/uploads\/sites\/5\/2014\/02\/9.png&#8221; button_text_size__hover_enabled=&#8221;off&#8221; button_one_text_size__hover_enabled=&#8221;off&#8221; button_two_text_size__hover_enabled=&#8221;off&#8221; button_text_color__hover_enabled=&#8221;off&#8221; button_one_text_color__hover_enabled=&#8221;off&#8221; button_two_text_color__hover_enabled=&#8221;off&#8221; button_border_width__hover_enabled=&#8221;off&#8221; button_one_border_width__hover_enabled=&#8221;off&#8221; button_two_border_width__hover_enabled=&#8221;off&#8221; button_border_color__hover_enabled=&#8221;off&#8221; button_one_border_color__hover_enabled=&#8221;off&#8221; button_two_border_color__hover_enabled=&#8221;off&#8221; button_border_radius__hover_enabled=&#8221;off&#8221; button_one_border_radius__hover_enabled=&#8221;off&#8221; button_two_border_radius__hover_enabled=&#8221;off&#8221; button_letter_spacing__hover_enabled=&#8221;off&#8221; button_one_letter_spacing__hover_enabled=&#8221;off&#8221; button_two_letter_spacing__hover_enabled=&#8221;off&#8221; button_bg_color__hover_enabled=&#8221;off&#8221; button_one_bg_color__hover_enabled=&#8221;off&#8221; button_two_bg_color__hover_enabled=&#8221;off&#8221;][\/et_pb_slide][et_pb_slide _builder_version=&#8221;3.16&#8243; background_color=&#8221;#ffffff&#8221; background_image=&#8221;http:\/\/www.bcnweddingplanners.com\/cat\/wp-content\/uploads\/sites\/5\/2014\/02\/11.png&#8221; button_text_size__hover_enabled=&#8221;off&#8221; button_one_text_size__hover_enabled=&#8221;off&#8221; button_two_text_size__hover_enabled=&#8221;off&#8221; button_text_color__hover_enabled=&#8221;off&#8221; button_one_text_color__hover_enabled=&#8221;off&#8221; button_two_text_color__hover_enabled=&#8221;off&#8221; button_border_width__hover_enabled=&#8221;off&#8221; button_one_border_width__hover_enabled=&#8221;off&#8221; button_two_border_width__hover_enabled=&#8221;off&#8221; button_border_color__hover_enabled=&#8221;off&#8221; button_one_border_color__hover_enabled=&#8221;off&#8221; button_two_border_color__hover_enabled=&#8221;off&#8221; button_border_radius__hover_enabled=&#8221;off&#8221; button_one_border_radius__hover_enabled=&#8221;off&#8221; button_two_border_radius__hover_enabled=&#8221;off&#8221; button_letter_spacing__hover_enabled=&#8221;off&#8221; button_one_letter_spacing__hover_enabled=&#8221;off&#8221; button_two_letter_spacing__hover_enabled=&#8221;off&#8221; button_bg_color__hover_enabled=&#8221;off&#8221; button_one_bg_color__hover_enabled=&#8221;off&#8221; button_two_bg_color__hover_enabled=&#8221;off&#8221;][\/et_pb_slide][\/et_pb_fullwidth_slider][\/et_pb_section][et_pb_section fb_built=&#8221;1&#8243; admin_label=&#8221;section&#8221; _builder_version=&#8221;3.22&#8243;][et_pb_row admin_label=&#8221;row&#8221; _builder_version=&#8221;3.25&#8243; background_size=&#8221;initial&#8221; background_position=&#8221;top_left&#8221; background_repeat=&#8221;repeat&#8221;][et_pb_column type=&#8221;4_4&#8243; _builder_version=&#8221;3.25&#8243; custom_padding=&#8221;|||&#8221; custom_padding__hover=&#8221;|||&#8221;][et_pb_text admin_label=&#8221;Text&#8221; _builder_version=&#8221;3.27.4&#8243; background_size=&#8221;initial&#8221; background_position=&#8221;top_left&#8221; background_repeat=&#8221;repeat&#8221; use_border_color=&#8221;off&#8221; border_color=&#8221;#ffffff&#8221; border_style=&#8221;solid&#8221;]<\/p>\n<p style=\"text-align: justify;\"><span style=\"font-size: 24pt;\"><strong>Luxury Weddings<\/strong><\/span><\/p>\n<p style=\"text-align: justify;\">L&#8217;objectiu principal de les <strong>Luxury Weddings<\/strong> \u00e9s el disseny i l&#8217;organitzaci\u00f3 de casaments de luxe que reflecteixin al m\u00e0xim la personalitat de cada parella. <strong>Les Luxury Weddings s\u00f3n casaments exclusius, creatius, elegants i molt sofisticats<\/strong> per a clients que exigeixen <strong>un servei de primera classe o &#8220;<em>First Class<\/em>&#8220;<\/strong>.<\/p>\n<p style=\"text-align: justify;\">La nostra llarga traject\u00f2ria dissenyant i organitzant casaments per a personalitats de gran renom Internacional ens ha proporcionat una experi\u00e8ncia en aquest tipus de casaments, que requereixen d&#8217;una alta rigorositat, d&#8217;un gran coneixement tant de disseny com de producci\u00f3 i on conflueixen molts factors que mereixen una especial atenci\u00f3.<\/p>\n<p style=\"text-align: justify;\">La <strong>Marta Priu<\/strong> \u00e9s, en l&#8217;actualitat, una de les organitzadores de casaments de m\u00e9s prestigi del pa\u00eds, molt reconeguda en el sector nupcial. Ella mateixa dissenya i organitza les<strong> Luxury Weddings<\/strong> i les <strong>Luxury Destination Weddings<\/strong>, s&#8217;implica professionalment i personalment per tal d&#8217;obtenir el millor resultat, l&#8217;\u00e8xit assegurat i l&#8217;excel\u00b7l\u00e8ncia en els casaments.<\/p>\n<p style=\"text-align: justify;\">La <strong>Marta Priu<\/strong> sempre treballa amb <strong>la m\u00e0xima confidencialitat i discreci\u00f3<\/strong> en cadascun dels casaments de luxe que organitza.<\/p>\n<p style=\"text-align: justify;\">La <strong>Marta Priu<\/strong>, sempre compta amb l&#8217;ajut i el coneixement de les professionals que formen part de <strong>Bcn Wedding Planners<\/strong> a <strong>Barcelona<\/strong>, a la <strong>Costa Brava<\/strong> i a les<strong> Illes Balears<\/strong>.<\/p>\n<p style=\"text-align: justify;\">Poden veure, a continuaci\u00f3n, l&#8217;aparici\u00f3 de la <strong>Marta Priu<\/strong> al programa especial de <span style=\"color: #e35bac;\"><a style=\"color: #e35bac;\" href=\"http:\/\/www.cuatro.com\/conexion-samanta\/programastemporada-08\/t08xc03-bodas-de-lujo\/boda-nadie-atareado-wedding-planner_2_2124180019.htm\"><strong>&#8220;Bodes de Luxe&#8221;<\/strong><\/a> <\/span>de la Samanta Villar <span style=\"color: #e35bac;\"><strong><a style=\"color: #e35bac;\" href=\"http:\/\/www.cuatro.com\/conexion-samanta\/programastemporada-08\/t08xc03-bodas-de-lujo\/boda-nadie-atareado-wedding-planner_2_2124180019.htm\">&#8220;Conexi\u00f3n Samanta&#8221;<\/a> de Cuatro TV.<\/strong><\/span><\/p>\n<p style=\"text-align: justify;\"><span style=\"color: #e35bac;\"><strong><a style=\"color: #e35bac;\" href=\"http:\/\/www.cuatro.com\/conexion-samanta\/programastemporada-08\/t08xc03-bodas-de-lujo\/boda-nadie-atareado-wedding-planner_2_2124180019.htm\">http:\/\/www.cuatro.com\/conexion-samanta\/programastemporada-08\/t08xc03-bodas-de-lujo\/boda-nadie-atareado-wedding-planner_2_2124180019.htm<\/a><\/strong><\/span><\/p>\n<p>[\/et_pb_text][et_pb_code admin_label=&#8221;Code&#8221;]<iframe loading=\"lazy\" width=\"560\" height=\"315\" src=\"https:\/\/www.youtube.com\/embed\/g4l3FgvCmtA\" frameborder=\"0\" allowfullscreen><\/iframe>[\/et_pb_code][et_pb_video src=&#8221;http:\/\/www.youtube.com\/watch?v=OrOogxBob2c&#8221; _builder_version=&#8221;4.2.2&#8243;][\/et_pb_video][et_pb_text admin_label=&#8221;Text&#8221; _builder_version=&#8221;3.27.4&#8243; background_size=&#8221;initial&#8221; background_position=&#8221;top_left&#8221; background_repeat=&#8221;repeat&#8221; use_border_color=&#8221;off&#8221; border_color=&#8221;#ffffff&#8221; border_style=&#8221;solid&#8221;]<\/p>\n<p style=\"text-align: justify;\"><span style=\"font-size: 18pt;\"><strong>Luxury Destination Weddings<\/strong><\/span><\/p>\n<p style=\"text-align: justify;\">Les<strong>\u00a0Luxury Destination Weddings<\/strong>\u00a0s\u00f3n casaments a destins de luxe que\u00a0<strong>Bcn Wedding Planners by Marta Priu<\/strong>\u00a0dissenya, planifica i produeix a altres pa\u00efsos i ciutats, seguint la mateixa filosofia que a les Luxury Weddings. \u00c9s un servei per a aquelles parelles que\u00a0<strong>desitgen oferir als seus familiars i amics una experi\u00e8ncia \u00fanica i de luxe a prop\u00f2sit del seu casament.<\/strong><\/p>\n<p style=\"text-align: justify;\">Les\u00a0<strong>Luxury Destination Wedding<\/strong>\u00a0s&#8217;organitzen des d&#8217;Espanya per\u00f2\u00a0<strong>se celebren a l&#8217;exterior, en espais molt exquisits, caracter\u00edstics i emblem\u00e0tics.<\/strong><\/p>\n<p style=\"text-align: justify;\">Les\u00a0<strong>Luxury Destination Weddings<\/strong>\u00a0ofereixen les garanties de professionalitat i d&#8217;\u00e8xit gr\u00e0cies a la gran xarxa de partners Internacionals amb els que treballem.<\/p>\n<p>[\/et_pb_text][\/et_pb_column][\/et_pb_row][\/et_pb_section]<\/p>\n","protected":false},"excerpt":{"rendered":"<p>Luxury Weddings L&#8217;objectiu principal de les Luxury Weddings \u00e9s el disseny i l&#8217;organitzaci\u00f3 de casaments de luxe que reflecteixin al m\u00e0xim la personalitat de cada parella. Les Luxury Weddings s\u00f3n casaments exclusius, creatius, elegants i molt sofisticats per a clients que exigeixen un servei de primera classe o &#8220;First Class&#8221;. La nostra llarga traject\u00f2ria dissenyant [&hellip;]<\/p>\n","protected":false},"author":1,"featured_media":0,"parent":0,"menu_order":0,"comment_status":"open","ping_status":"open","template":"","meta":{"_et_pb_use_builder":"on","_et_pb_old_content":"<p style=\"text-align: justify;\">El objetivo principal de las <strong>Luxury Weddings<\/strong> es el dise\u00f1o y la organizaci\u00f3n de bodas de lujo que reflejen al m\u00e1ximo la personalidad de cada pareja. <strong>Las Luxury Weddings son bodas exclusivas<\/strong>, creativas, elegantes y muy sofisticadas para clientes que exigen un servicio de primera clase o <strong>\u201cFirst Class\u201d<\/strong>.<\/p><p style=\"text-align: justify;\">Nuestra larga trayectoria dise\u00f1ando y organizando bodas para personalidades de gran renombre Internacional, nos ha proporcionado una experiencia en este tipo de bodas, que requieren de alta rigurosidad y grandes conocimientos tanto de dise\u00f1o como de producci\u00f3n y donde confluyen muchos factores que merecen una especial atenci\u00f3n.<\/p><p style=\"text-align: justify;\"><strong>Marta Priu<\/strong>, <strong>Wedding Planner & Designer<\/strong>, reconocida en el sector nupcial espa\u00f1ol, dise\u00f1a y produce las <strong>Luxury Weddings y las Luxury Destination Weddings<\/strong>, se implica profesional y personalmente para obtener el mejor resultado, el \u00e9xito asegurado y la excelencia en las bodas que dise\u00f1a y organiza. Numerosos medios de comunicaci\u00f3n de nuestro pa\u00eds han contado con su presencia en calidad de experta en bodas de lujo.<\/p><p style=\"text-align: justify;\">Marta cuenta con la ayuda y el conocimiento de las grandes profesionales que forman parte de Spain Wedding Planners en <a title=\"Barcelona\" href=\"http:\/\/www.bcnweddingplanners.com\/cat\/oficinas\/barcelona\/\"><strong>Barcelona<\/strong><\/a>, <a title=\"Madrid\" href=\"http:\/\/www.bcnweddingplanners.com\/cat\/oficinas\/madrid\/\"><strong>Madrid<\/strong><\/a> y las <a title=\"Baleares\" href=\"http:\/\/www.bcnweddingplanners.com\/cat\/oficinas\/baleares\/\"><strong>Islas Baleares<\/strong><\/a>.<\/p><p style=\"text-align: justify;\"><span style=\"font-size: 14pt;\"><strong>Luxury Destination Weddings<\/strong> <\/span><\/p><p style=\"text-align: justify;\">Las <strong>Luxury Destination Weddings<\/strong> son bodas en destinos de lujo que el grupo Spain Wedding Planners dise\u00f1a, produce y planifica en otros pa\u00edses y ciudades siguiendo la misma filosof\u00eda que en las Luxury Weddings. Es un servicio para aquellas parejas que desean ofrecer a sus familiares y amigos una experiencia \u00fanica y de lujo a prop\u00f3sito de su boda.<\/p><p style=\"text-align: justify;\">Las <strong>Luxury Destination Wedding<\/strong> se organizan desde Espa\u00f1a pero <strong>se celebran en el exterior, en espacios muy exquisitos y emblem\u00e1ticos<\/strong>.<\/p><p style=\"text-align: justify;\">Las Luxury Destination Weddings\u00a0 ofrecen las garant\u00edas de profesionalidad y \u00e9xito gracias a la gran red de partners internacionales con que trabajamos. Para este tipo de bodas, Spain Wedding Planners ofrece asesor\u00eda legal para casarse en el extranjero y as\u00ed garantizar el cumplimiento y la validez del matrimonio.<\/p><p style=\"text-align: center;\">[rev_slider Luxury_Weddings]<\/p>","_et_gb_content_width":""},"_links":{"self":[{"href":"https:\/\/www.bcnweddingplanners.com\/cat\/wp-json\/wp\/v2\/pages\/43"}],"collection":[{"href":"https:\/\/www.bcnweddingplanners.com\/cat\/wp-json\/wp\/v2\/pages"}],"about":[{"href":"https:\/\/www.bcnweddingplanners.com\/cat\/wp-json\/wp\/v2\/types\/page"}],"author":[{"embeddable":true,"href":"https:\/\/www.bcnweddingplanners.com\/cat\/wp-json\/wp\/v2\/users\/1"}],"replies":[{"embeddable":true,"href":"https:\/\/www.bcnweddingplanners.com\/cat\/wp-json\/wp\/v2\/comments?post=43"}],"version-history":[{"count":75,"href":"https:\/\/www.bcnweddingplanners.com\/cat\/wp-json\/wp\/v2\/pages\/43\/revisions"}],"predecessor-version":[{"id":4386,"href":"https:\/\/www.bcnweddingplanners.com\/cat\/wp-json\/wp\/v2\/pages\/43\/revisions\/4386"}],"wp:attachment":[{"href":"https:\/\/www.bcnweddingplanners.com\/cat\/wp-json\/wp\/v2\/media?parent=43"}],"curies":[{"name":"wp","href":"https:\/\/api.w.org\/{rel}","templated":true}]}}