{"id":35,"date":"2014-02-20T14:19:54","date_gmt":"2014-02-20T14:19:54","guid":{"rendered":"http:\/\/www.bcnweddingplanners.com\/cat\/?page_id=35"},"modified":"2014-11-20T15:19:24","modified_gmt":"2014-11-20T15:19:24","slug":"col-laboradors","status":"publish","type":"page","link":"https:\/\/www.bcnweddingplanners.com\/cat\/col-laboradors\/","title":{"rendered":"Col.laboradors"},"content":{"rendered":"<p>[et_pb_section fullwidth=&#8221;on&#8221; specialty=&#8221;off&#8221; background_image=&#8221;http:\/\/www.bcnweddingplanners.com\/cat\/wp-content\/uploads\/sites\/5\/2014\/02\/fondo_wedding.jpg&#8221; transparent_background=&#8221;off&#8221; background_color=&#8221;#ffffff&#8221; inner_shadow=&#8221;off&#8221; parallax=&#8221;off&#8221; parallax_method=&#8221;off&#8221;][et_pb_fullwidth_header admin_label=&#8221;Fullwidth Header&#8221; title=&#8221;Col.laboradors&#8221; subhead=&#8221;Conegui als col.laboradors de Bcn Wedding Planners&#8221; background_layout=&#8221;light&#8221; text_orientation=&#8221;left&#8221; \/][\/et_pb_section][et_pb_section][et_pb_row][et_pb_column type=&#8221;1_3&#8243;][et_pb_blurb admin_label=&#8221;Blurb&#8221; url_new_window=&#8221;on&#8221; use_icon=&#8221;off&#8221; icon_color=&#8221;#e60a81&#8243; use_circle=&#8221;off&#8221; circle_color=&#8221;#e60a81&#8243; use_circle_border=&#8221;off&#8221; circle_border_color=&#8221;#e60a81&#8243; image=&#8221;http:\/\/www.bcnweddingplanners.com\/cat\/wp-content\/uploads\/sites\/5\/2014\/02\/logo_aijec_ok.png&#8221; icon_placement=&#8221;top&#8221; animation=&#8221;off&#8221; background_layout=&#8221;light&#8221; text_orientation=&#8221;center&#8221; url=&#8221;http:\/\/www.aijec.es&#8221;]<\/p>\n<p style=\"text-align: center;\">L&#8217;Associaci\u00f3 Independent de Joves Empresaris de Catalunya va n\u00e9ixer fa 25 anys per a defensar els interessos espec\u00edfics dels empresaris joves, tant davant la societat com a l\u2019administraci\u00f3 p\u00fablica.<br \/>\nActualment l\u2019AIJEC representa 600 emprenedors i emprenedores amb empresa pr\u00f2pia, tots ells associats i vinculats al moviment jove empresari.<\/p>\n<p>[\/et_pb_blurb][\/et_pb_column][et_pb_column type=&#8221;1_3&#8243;][et_pb_blurb admin_label=&#8221;Blurb&#8221; url_new_window=&#8221;on&#8221; use_icon=&#8221;off&#8221; icon_color=&#8221;#e60a81&#8243; use_circle=&#8221;off&#8221; circle_color=&#8221;#e60a81&#8243; use_circle_border=&#8221;off&#8221; circle_border_color=&#8221;#e60a81&#8243; image=&#8221;http:\/\/www.bcnweddingplanners.com\/cat\/wp-content\/uploads\/sites\/5\/2014\/02\/logo_101_startup.png&#8221; icon_placement=&#8221;top&#8221; animation=&#8221;off&#8221; background_layout=&#8221;light&#8221; text_orientation=&#8221;center&#8221; url=&#8221;http:\/\/www.101startups.com\/&#8221;]<\/p>\n<p style=\"text-align: center;\">101 Startups \u00e9s un fons d&#8217;inversi\u00f3, iniciat per estudiants del M\u00e0ster Internet Business, que t\u00e9 com a objectiu invertir en empreses tecnol\u00f2giques d&#8217;Internet en una fase de llavor i\u00a0 inicial. 101 \u00e9s la carretera que connecta San Francisco amb Silicon Valley, on estan instal\u00b7lades les empreses tecnol\u00f2giques m\u00e9s importants.<\/p>\n<p>[\/et_pb_blurb][\/et_pb_column][et_pb_column type=&#8221;1_3&#8243;][et_pb_blurb admin_label=&#8221;Blurb&#8221; url_new_window=&#8221;on&#8221; use_icon=&#8221;off&#8221; icon_color=&#8221;#e60a81&#8243; use_circle=&#8221;off&#8221; circle_color=&#8221;#e60a81&#8243; use_circle_border=&#8221;off&#8221; circle_border_color=&#8221;#e60a81&#8243; image=&#8221;http:\/\/www.bcnweddingplanners.com\/cat\/wp-content\/uploads\/sites\/5\/2014\/02\/teambox_01.png&#8221; icon_placement=&#8221;top&#8221; animation=&#8221;off&#8221; background_layout=&#8221;light&#8221; text_orientation=&#8221;center&#8221; url=&#8221;http:\/\/www.teambox.com&#8221;]<\/p>\n<p style=\"text-align: center;\">A Teambox s\u00f3n pioners en la creaci\u00f3 d&#8217;eines que solucionen les necessitats di\u00e0ries en la gesti\u00f3 de projectes i a m\u00e9s, obtinguin els beneficis que aporten avui en dia les eines col\u00b7laboratives de treball en equip.<br \/>\nEl seu objectiu \u00e9s millorar la forma en qu\u00e8 treballen els seus usuaris, potenciant la senzillesa, la productivitat i la diversi\u00f3.<\/p>\n<p>[\/et_pb_blurb][\/et_pb_column][\/et_pb_row][\/et_pb_section]<\/p>\n","protected":false},"excerpt":{"rendered":"<p><div class=\"et_pb_section et_pb_section_0 et_section_regular\" >\n\t\t\t\t\n\t\t\t\t\n\t\t\t\t\n\t\t\t\t\n\t\t\t\t\n\t\t\t\t\n\t\t\t\t\n\t\t\t\t\n\t\t\t\t\n\t\t\t<\/div><div class=\"et_pb_row et_pb_row_0 et_pb_row_empty\">\n\t\t\t\t\n\t\t\t\t\n\t\t\t\t\n\t\t\t\t\n\t\t\t\t\n\t\t\t<\/div> L&#8217;Associaci\u00f3 Independent de Joves Empresaris de Catalunya va n\u00e9ixer fa 25 anys per a defensar els interessos espec\u00edfics dels empresaris joves, tant davant la societat com a l\u2019administraci\u00f3 p\u00fablica. Actualment l\u2019AIJEC representa 600 emprenedors i emprenedores amb empresa pr\u00f2pia, tots ells associats i vinculats al moviment jove empresari. 101 Startups \u00e9s un fons d&#8217;inversi\u00f3, [&hellip;]<\/p>\n","protected":false},"author":1,"featured_media":0,"parent":0,"menu_order":0,"comment_status":"open","ping_status":"open","template":"","meta":{"_et_pb_use_builder":"on","_et_pb_old_content":"","_et_gb_content_width":""},"_links":{"self":[{"href":"https:\/\/www.bcnweddingplanners.com\/cat\/wp-json\/wp\/v2\/pages\/35"}],"collection":[{"href":"https:\/\/www.bcnweddingplanners.com\/cat\/wp-json\/wp\/v2\/pages"}],"about":[{"href":"https:\/\/www.bcnweddingplanners.com\/cat\/wp-json\/wp\/v2\/types\/page"}],"author":[{"embeddable":true,"href":"https:\/\/www.bcnweddingplanners.com\/cat\/wp-json\/wp\/v2\/users\/1"}],"replies":[{"embeddable":true,"href":"https:\/\/www.bcnweddingplanners.com\/cat\/wp-json\/wp\/v2\/comments?post=35"}],"version-history":[{"count":26,"href":"https:\/\/www.bcnweddingplanners.com\/cat\/wp-json\/wp\/v2\/pages\/35\/revisions"}],"predecessor-version":[{"id":3812,"href":"https:\/\/www.bcnweddingplanners.com\/cat\/wp-json\/wp\/v2\/pages\/35\/revisions\/3812"}],"wp:attachment":[{"href":"https:\/\/www.bcnweddingplanners.com\/cat\/wp-json\/wp\/v2\/media?parent=35"}],"curies":[{"name":"wp","href":"https:\/\/api.w.org\/{rel}","templated":true}]}}