{"id":29,"date":"2014-02-20T14:16:04","date_gmt":"2014-02-20T14:16:04","guid":{"rendered":"http:\/\/www.bcnweddingplanners.com\/cat\/?page_id=29"},"modified":"2016-11-05T09:56:42","modified_gmt":"2016-11-05T08:56:42","slug":"equip","status":"publish","type":"page","link":"https:\/\/www.bcnweddingplanners.com\/cat\/equip\/","title":{"rendered":"Equip"},"content":{"rendered":"<p>[et_pb_section admin_label=&#8221;section&#8221;][et_pb_row admin_label=&#8221;row&#8221;][et_pb_column type=&#8221;4_4&#8243;][et_pb_text admin_label=&#8221;Text&#8221; background_layout=&#8221;light&#8221; text_orientation=&#8221;left&#8221;]<\/p>\n<h1 style=\"text-align: justify;\">El Nostre Equip<\/h1>\n<p style=\"text-align: justify;\"><strong>Bcn Wedding Planners<\/strong> <strong>by Marta Priu<\/strong> est\u00e0 integrat per a professionals <strong>Wedding Planners &amp; Designers<\/strong> que han sigut formats directament per la <strong>Marta Priu<\/strong>.<\/p>\n<p>A trav\u00e9s d&#8217;aquesta formaci\u00f3, el seu know how i la seva experi\u00e8ncia, les <strong>Wedding Planners &amp; Designers<\/strong> ofereixen els serveis <strong><em>Premium<\/em><\/strong> de Bcn Wedding Planners especialitzats segons la seva \u00e0rea d&#8217;actuaci\u00f3 dintre d&#8217;Espanya.<\/p>\n<p>La <strong>Marta Priu<\/strong> ha transm\u00e8s les pr\u00e0ctiques del seu treball i de la seva filosofia a cadascuna de les <strong>Wedding Planners &amp; Designers<\/strong> que formen part del grup de <strong>Bcn Wedding Planners<\/strong> <strong>by Marta Priu<\/strong>, d&#8217;aquesta manera, ofereixen un <strong>servei global, professional, exquisit, excel.lent i \u00fanic en tot el territori<\/strong>.<\/p>\n<p>[\/et_pb_text][\/et_pb_column][\/et_pb_row][et_pb_row admin_label=&#8221;row&#8221;][et_pb_column type=&#8221;1_4&#8243;][et_pb_circle_counter admin_label=&#8221;Circle Counter&#8221; title=&#8221;Exclusivitat&#8221; number=&#8221;100&#8243; percent_sign=&#8221;on&#8221; background_layout=&#8221;light&#8221; bar_bg_color=&#8221;#dc1d5d&#8221;] [\/et_pb_circle_counter][\/et_pb_column][et_pb_column type=&#8221;1_4&#8243;][et_pb_circle_counter admin_label=&#8221;Circle Counter&#8221; title=&#8221;Professionalitat&#8221; number=&#8221;100&#8243; percent_sign=&#8221;on&#8221; background_layout=&#8221;light&#8221; bar_bg_color=&#8221;#dc1d5d&#8221;] [\/et_pb_circle_counter][\/et_pb_column][et_pb_column type=&#8221;1_4&#8243;][et_pb_circle_counter admin_label=&#8221;Circle Counter&#8221; title=&#8221;Experi\u00e8ncia&#8221; number=&#8221;100&#8243; percent_sign=&#8221;on&#8221; background_layout=&#8221;light&#8221; bar_bg_color=&#8221;#dc1d5d&#8221;] [\/et_pb_circle_counter][\/et_pb_column][et_pb_column type=&#8221;1_4&#8243;][et_pb_circle_counter admin_label=&#8221;Circle Counter&#8221; title=&#8221;Comprom\u00eds&#8221; number=&#8221;100&#8243; percent_sign=&#8221;on&#8221; background_layout=&#8221;light&#8221; bar_bg_color=&#8221;#dc1d5d&#8221;] [\/et_pb_circle_counter][\/et_pb_column][\/et_pb_row][et_pb_row admin_label=&#8221;row&#8221;][et_pb_column type=&#8221;4_4&#8243;][et_pb_code admin_label=&#8221;C\u00f3digo&#8221; src=&#8221;%22https:\/\/www.youtube.com\/embed\/_DQbIQ8ICCs%22&#8243; width=&#8221;%22560%22&#8243; height=&#8221;%22315%22&#8243; frameborder=&#8221;%220%22&#8243;]&lt;iframe width=&#8221;560&#8243; height=&#8221;315&#8243; src=&#8221;https:\/\/www.youtube.com\/embed\/SG812Z4IhiY&#8221; frameborder=&#8221;0&#8243; allowfullscreen&gt;&lt;\/iframe&gt;[\/et_pb_code][et_pb_text admin_label=&#8221;Texto&#8221; background_layout=&#8221;light&#8221; text_orientation=&#8221;center&#8221; use_border_color=&#8221;off&#8221; border_color=&#8221;#ffffff&#8221; border_style=&#8221;solid&#8221;]<\/p>\n<p>L&#8217;equip de producci\u00f3n de <strong>Bcn Wedding Planners by Marta Priu<\/strong><\/p>\n<p>[\/et_pb_text][et_pb_code admin_label=&#8221;C\u00f3digo&#8221;]&lt;iframe src=&#8221;https:\/\/www.youtube.com\/embed\/-6mJGjQDSns&#8221; width=&#8221;560&#8243; height=&#8221;315&#8243; frameborder=&#8221;0&#8243; allowfullscreen=&#8221;allowfullscreen&#8221;&gt;&lt;\/iframe&gt;[\/et_pb_code][et_pb_text admin_label=&#8221;Texto&#8221; background_layout=&#8221;light&#8221; text_orientation=&#8221;left&#8221; use_border_color=&#8221;off&#8221; border_color=&#8221;#ffffff&#8221; border_style=&#8221;solid&#8221;]<\/p>\n<p style=\"text-align: center;\"><strong>Disseny i Creativitat de Bcn Wedding Planners by Marta Priu<\/strong><\/p>\n<p>[\/et_pb_text][\/et_pb_column][\/et_pb_row][\/et_pb_section]<\/p>\n","protected":false},"excerpt":{"rendered":"<p>El Nostre Equip Bcn Wedding Planners by Marta Priu est\u00e0 integrat per a professionals Wedding Planners &amp; Designers que han sigut formats directament per la Marta Priu. A trav\u00e9s d&#8217;aquesta formaci\u00f3, el seu know how i la seva experi\u00e8ncia, les Wedding Planners &amp; Designers ofereixen els serveis Premium de Bcn Wedding Planners especialitzats segons la [&hellip;]<\/p>\n","protected":false},"author":1,"featured_media":0,"parent":0,"menu_order":3,"comment_status":"open","ping_status":"open","template":"","meta":{"_et_pb_use_builder":"on","_et_pb_old_content":"","_et_gb_content_width":""},"_links":{"self":[{"href":"https:\/\/www.bcnweddingplanners.com\/cat\/wp-json\/wp\/v2\/pages\/29"}],"collection":[{"href":"https:\/\/www.bcnweddingplanners.com\/cat\/wp-json\/wp\/v2\/pages"}],"about":[{"href":"https:\/\/www.bcnweddingplanners.com\/cat\/wp-json\/wp\/v2\/types\/page"}],"author":[{"embeddable":true,"href":"https:\/\/www.bcnweddingplanners.com\/cat\/wp-json\/wp\/v2\/users\/1"}],"replies":[{"embeddable":true,"href":"https:\/\/www.bcnweddingplanners.com\/cat\/wp-json\/wp\/v2\/comments?post=29"}],"version-history":[{"count":102,"href":"https:\/\/www.bcnweddingplanners.com\/cat\/wp-json\/wp\/v2\/pages\/29\/revisions"}],"predecessor-version":[{"id":4035,"href":"https:\/\/www.bcnweddingplanners.com\/cat\/wp-json\/wp\/v2\/pages\/29\/revisions\/4035"}],"wp:attachment":[{"href":"https:\/\/www.bcnweddingplanners.com\/cat\/wp-json\/wp\/v2\/media?parent=29"}],"curies":[{"name":"wp","href":"https:\/\/api.w.org\/{rel}","templated":true}]}}