{"id":2668,"date":"2014-10-20T12:25:22","date_gmt":"2014-10-20T12:25:22","guid":{"rendered":"http:\/\/www.bcnweddingplanners.com\/cat\/?page_id=2668"},"modified":"2018-09-21T19:17:31","modified_gmt":"2018-09-21T17:17:31","slug":"costa-brava","status":"publish","type":"page","link":"https:\/\/www.bcnweddingplanners.com\/cat\/costa-brava\/","title":{"rendered":"Costa Brava"},"content":{"rendered":"<p>[et_pb_section fb_built=&#8221;1&#8243; fullwidth=&#8221;on&#8221; _builder_version=&#8221;3.0.47&#8243;][et_pb_fullwidth_slider admin_label=&#8221;Fullwidth Slider&#8221; _builder_version=&#8221;3.0.99&#8243; box_shadow_style=&#8221;preset6&#8243; box_shadow_blur=&#8221;10px&#8221; box_shadow_color=&#8221;rgba(0,0,0,0.1)&#8221; custom_padding=&#8221;|||&#8221; custom_padding_tablet=&#8221;|||&#8221; custom_padding_phone=&#8221;|||&#8221; show_inner_shadow=&#8221;on&#8221;][et_pb_slide _builder_version=&#8221;3.0.47&#8243; background_color=&#8221;#ffffff&#8221; background_image=&#8221;http:\/\/www.bcnweddingplanners.com\/cat\/wp-content\/uploads\/sites\/5\/2014\/10\/costa_brava_01.png&#8221;][\/et_pb_slide][\/et_pb_fullwidth_slider][\/et_pb_section][et_pb_section fb_built=&#8221;1&#8243; _builder_version=&#8221;3.0.47&#8243;][et_pb_row _builder_version=&#8221;3.0.48&#8243; background_size=&#8221;initial&#8221; background_position=&#8221;top_left&#8221; background_repeat=&#8221;repeat&#8221;][et_pb_column type=&#8221;4_4&#8243; _builder_version=&#8221;3.0.47&#8243; parallax=&#8221;off&#8221; parallax_method=&#8221;on&#8221;][et_pb_text admin_label=&#8221;Text&#8221; _builder_version=&#8221;3.0.74&#8243; background_size=&#8221;initial&#8221; background_position=&#8221;top_left&#8221; background_repeat=&#8221;repeat&#8221;]<\/p>\n<p style=\"text-align: justify;\"><strong>DESTINATION WEDDINGS A LA COSTA BRAVA,\u00a0 CASAMENTS A LA COSTA BRAVA<\/strong><\/p>\n<p style=\"text-align: justify;\"><strong>Catalunya<\/strong>, \u00e9s la comunitat aut\u00f2noma m\u00e9s a l&#8217;est d&#8217;Espanya, situada estrat\u00e8gicament entre la Mar Mediterr\u00e0nia i els Pirineus, elements naturals que doten d&#8217;unes vistes espectaculars a totes les seves ciutats, pobles i valls.<\/p>\n<p style=\"text-align: justify;\">Una de les zones de m\u00e9s bellesa i m\u00e9s apreciada per a dur a terme les <strong>Destination Weddings<\/strong> \u00e9s la <strong>Costa Brava<\/strong>, antigament poblada per nombrosos pobles de pescadors i actualment, una zona privilegiada amb molt\u00edssimes localitzacions tant de muntanya com a peu de platja i sempre\u00a0 banyades per l&#8217;energia del sol i de la mar.<\/p>\n<p style=\"text-align: justify;\"><a href=\"mailto:costabrava@bcnweddingplanners.com\"><strong>costabrava@bcnweddingplanners.com<\/strong><\/a><\/p>\n<p>[\/et_pb_text][\/et_pb_column][\/et_pb_row][\/et_pb_section]<\/p>\n","protected":false},"excerpt":{"rendered":"<p>DESTINATION WEDDINGS A LA COSTA BRAVA,\u00a0 CASAMENTS A LA COSTA BRAVA Catalunya, \u00e9s la comunitat aut\u00f2noma m\u00e9s a l&#8217;est d&#8217;Espanya, situada estrat\u00e8gicament entre la Mar Mediterr\u00e0nia i els Pirineus, elements naturals que doten d&#8217;unes vistes espectaculars a totes les seves ciutats, pobles i valls. Una de les zones de m\u00e9s bellesa i m\u00e9s apreciada per [&hellip;]<\/p>\n","protected":false},"author":1,"featured_media":0,"parent":0,"menu_order":0,"comment_status":"open","ping_status":"open","template":"","meta":{"_et_pb_use_builder":"on","_et_pb_old_content":"","_et_gb_content_width":""},"_links":{"self":[{"href":"https:\/\/www.bcnweddingplanners.com\/cat\/wp-json\/wp\/v2\/pages\/2668"}],"collection":[{"href":"https:\/\/www.bcnweddingplanners.com\/cat\/wp-json\/wp\/v2\/pages"}],"about":[{"href":"https:\/\/www.bcnweddingplanners.com\/cat\/wp-json\/wp\/v2\/types\/page"}],"author":[{"embeddable":true,"href":"https:\/\/www.bcnweddingplanners.com\/cat\/wp-json\/wp\/v2\/users\/1"}],"replies":[{"embeddable":true,"href":"https:\/\/www.bcnweddingplanners.com\/cat\/wp-json\/wp\/v2\/comments?post=2668"}],"version-history":[{"count":11,"href":"https:\/\/www.bcnweddingplanners.com\/cat\/wp-json\/wp\/v2\/pages\/2668\/revisions"}],"predecessor-version":[{"id":4128,"href":"https:\/\/www.bcnweddingplanners.com\/cat\/wp-json\/wp\/v2\/pages\/2668\/revisions\/4128"}],"wp:attachment":[{"href":"https:\/\/www.bcnweddingplanners.com\/cat\/wp-json\/wp\/v2\/media?parent=2668"}],"curies":[{"name":"wp","href":"https:\/\/api.w.org\/{rel}","templated":true}]}}